{"id":11131,"date":"2023-07-28T13:40:49","date_gmt":"2023-07-28T13:40:49","guid":{"rendered":"https:\/\/teterete.com\/mx\/?post_type=product&#038;p=11131"},"modified":"2025-01-18T16:28:46","modified_gmt":"2025-01-18T16:28:46","slug":"tapetes-artesanal-ritmo","status":"publish","type":"product","link":"https:\/\/teterete.com\/mx\/producto\/tapetes-artesanal-ritmo\/","title":{"rendered":"Tapete Ritmo II"},"content":{"rendered":"<p>Estos tapetes son piezas de gran calidad artesanal y materiales de la mejorar calidad, son un gran elemento decorativo para el espacio donde de<\/p>\n<p>Tapete tejido en telar de pedal. Hecho por manos expertas de artesanos mexicanos.<\/p>\n<p>Material: 100% lana.<br \/>\nTintes: 100% colorantes naturales.<br \/>\nColores: Crudo, gris claro, azul, mostaza y beige.<br \/>\nMedida est\u00e1ndar a elegir<br \/>\nDebido a la naturaleza del trabajo hecho a mano, cada tapete puede variar ligeramente en color.<\/p>\n<p>Todos los tapetes son sobre pedido.<br \/>\nTiempo de entrega: var\u00eda de acuerdo al tama\u00f1o. (4-8 semanas).<\/p>\n<p>Cuidados:<\/p>\n<p>Evitar contacto con cloro o detergentes fuertes.<br \/>\nNO lavar en casa, LAVADO EN SECO.<br \/>\nNO barrer ni cepillar.<br \/>\nAspirar con regularidad.<br \/>\nEvitar exposici\u00f3n directa y continua al sol.<\/p>\n","protected":false},"excerpt":{"rendered":"<p>Colecci\u00f3n de tapetes y cojines que consta de la repetici\u00f3n de formas que van creando un ritmo en la composici\u00f3n. Hay una mezcla de texturas visuales y t\u00e1ctiles.\u00a0Verifica el tama\u00f1o para confirmar precio y tiempo de entrega. 4 A 6 SEMANAS.<\/p>\n","protected":false},"featured_media":11138,"comment_status":"open","ping_status":"closed","template":"","meta":{"sfsi_plus_gutenberg_text_before_share":"","sfsi_plus_gutenberg_show_text_before_share":"","sfsi_plus_gutenberg_icon_type":"","sfsi_plus_gutenberg_icon_alignemt":"","sfsi_plus_gutenburg_max_per_row":""},"product_cat":[1842,1516,209,1048,68],"product_tag":[232,399,21,767,330,764,768,223],"acf":[],"yoast_head":"<!-- This site is optimized with the Yoast SEO plugin v23.5 - https:\/\/yoast.com\/wordpress\/plugins\/seo\/ -->\n<title>Tapete Ritmo II -<\/title>\n<meta name=\"description\" content=\"Tapetes artesanales elaborado por artesanos oaxaque\u00f1os y tejidos en telar de pedal.\u00a0El entintado de los hilos se elabora con hojas, frutos, plantas e insectos que les brinda la Madre Tierra\" \/>\n<meta name=\"robots\" content=\"index, follow, max-snippet:-1, max-image-preview:large, max-video-preview:-1\" \/>\n<link rel=\"canonical\" href=\"https:\/\/teterete.com\/mx\/producto\/tapetes-artesanal-ritmo\/\" \/>\n<meta property=\"og:locale\" content=\"es_ES\" \/>\n<meta property=\"og:type\" content=\"article\" \/>\n<meta property=\"og:title\" content=\"Tapete Ritmo II -\" \/>\n<meta property=\"og:description\" content=\"Tapetes artesanales elaborado por artesanos oaxaque\u00f1os y tejidos en telar de pedal.\u00a0El entintado de los hilos se elabora con hojas, frutos, plantas e insectos que les brinda la Madre Tierra\" \/>\n<meta property=\"og:url\" content=\"https:\/\/teterete.com\/mx\/producto\/tapetes-artesanal-ritmo\/\" \/>\n<meta property=\"article:publisher\" content=\"https:\/\/www.facebook.com\/TetereteHome\/\" \/>\n<meta property=\"article:modified_time\" content=\"2025-01-18T16:28:46+00:00\" \/>\n<meta property=\"og:image\" content=\"https:\/\/teterete.com\/mx\/wp-content\/uploads\/2023\/07\/tapete-ritmo.jpeg\" \/>\n\t<meta property=\"og:image:width\" content=\"800\" \/>\n\t<meta property=\"og:image:height\" content=\"800\" \/>\n\t<meta property=\"og:image:type\" content=\"image\/jpeg\" \/>\n<meta name=\"twitter:card\" content=\"summary_large_image\" \/>\n<meta name=\"twitter:site\" content=\"@Teterete_Home\" \/>\n<meta name=\"twitter:label1\" content=\"Tiempo de lectura\" \/>\n\t<meta name=\"twitter:data1\" content=\"1 minuto\" \/>\n<script type=\"application\/ld+json\" class=\"yoast-schema-graph\">{\"@context\":\"https:\/\/schema.org\",\"@graph\":[{\"@type\":\"WebPage\",\"@id\":\"https:\/\/teterete.com\/mx\/producto\/tapetes-artesanal-ritmo\/\",\"url\":\"https:\/\/teterete.com\/mx\/producto\/tapetes-artesanal-ritmo\/\",\"name\":\"Tapete Ritmo II -\",\"isPartOf\":{\"@id\":\"https:\/\/teterete.com\/mx\/#website\"},\"primaryImageOfPage\":{\"@id\":\"https:\/\/teterete.com\/mx\/producto\/tapetes-artesanal-ritmo\/#primaryimage\"},\"image\":{\"@id\":\"https:\/\/teterete.com\/mx\/producto\/tapetes-artesanal-ritmo\/#primaryimage\"},\"thumbnailUrl\":\"https:\/\/teterete.com\/mx\/wp-content\/uploads\/2023\/07\/tapete-ritmo.jpeg\",\"datePublished\":\"2023-07-28T13:40:49+00:00\",\"dateModified\":\"2025-01-18T16:28:46+00:00\",\"description\":\"Tapetes artesanales elaborado por artesanos oaxaque\u00f1os y tejidos en telar de pedal.\u00a0El entintado de los hilos se elabora con hojas, frutos, plantas e insectos que les brinda la Madre Tierra\",\"breadcrumb\":{\"@id\":\"https:\/\/teterete.com\/mx\/producto\/tapetes-artesanal-ritmo\/#breadcrumb\"},\"inLanguage\":\"es\",\"potentialAction\":[{\"@type\":\"ReadAction\",\"target\":[\"https:\/\/teterete.com\/mx\/producto\/tapetes-artesanal-ritmo\/\"]}]},{\"@type\":\"ImageObject\",\"inLanguage\":\"es\",\"@id\":\"https:\/\/teterete.com\/mx\/producto\/tapetes-artesanal-ritmo\/#primaryimage\",\"url\":\"https:\/\/teterete.com\/mx\/wp-content\/uploads\/2023\/07\/tapete-ritmo.jpeg\",\"contentUrl\":\"https:\/\/teterete.com\/mx\/wp-content\/uploads\/2023\/07\/tapete-ritmo.jpeg\",\"width\":\"800\",\"height\":\"800\",\"caption\":\"Tapete Artesanal Ritmo\"},{\"@type\":\"BreadcrumbList\",\"@id\":\"https:\/\/teterete.com\/mx\/producto\/tapetes-artesanal-ritmo\/#breadcrumb\",\"itemListElement\":[{\"@type\":\"ListItem\",\"position\":1,\"name\":\"Home\",\"item\":\"https:\/\/teterete.com\/mx\/\"},{\"@type\":\"ListItem\",\"position\":2,\"name\":\"Productos\",\"item\":\"https:\/\/teterete.com\/mx\/shop\/\"},{\"@type\":\"ListItem\",\"position\":3,\"name\":\"Tapete Ritmo II\"}]},{\"@type\":\"WebSite\",\"@id\":\"https:\/\/teterete.com\/mx\/#website\",\"url\":\"https:\/\/teterete.com\/mx\/\",\"name\":\"\",\"description\":\"Tienda en L\u00ednea de Fina Artesanias y Dise\u00f1o Mexicano. Bellas piezas elaboradas a mano por los mejores artesanos del pa\u00eds as\u00ed como piezas de dise\u00f1o y decoraci\u00f3n con inspiraci\u00f3n artesanal.\",\"potentialAction\":[{\"@type\":\"SearchAction\",\"target\":{\"@type\":\"EntryPoint\",\"urlTemplate\":\"https:\/\/teterete.com\/mx\/?s={search_term_string}\"},\"query-input\":{\"@type\":\"PropertyValueSpecification\",\"valueRequired\":true,\"valueName\":\"search_term_string\"}}],\"inLanguage\":\"es\"}]}<\/script>\n<!-- \/ Yoast SEO plugin. -->","yoast_head_json":{"title":"Tapete Ritmo II -","description":"Tapetes artesanales elaborado por artesanos oaxaque\u00f1os y tejidos en telar de pedal.\u00a0El entintado de los hilos se elabora con hojas, frutos, plantas e insectos que les brinda la Madre Tierra","robots":{"index":"index","follow":"follow","max-snippet":"max-snippet:-1","max-image-preview":"max-image-preview:large","max-video-preview":"max-video-preview:-1"},"canonical":"https:\/\/teterete.com\/mx\/producto\/tapetes-artesanal-ritmo\/","og_locale":"es_ES","og_type":"article","og_title":"Tapete Ritmo II -","og_description":"Tapetes artesanales elaborado por artesanos oaxaque\u00f1os y tejidos en telar de pedal.\u00a0El entintado de los hilos se elabora con hojas, frutos, plantas e insectos que les brinda la Madre Tierra","og_url":"https:\/\/teterete.com\/mx\/producto\/tapetes-artesanal-ritmo\/","article_publisher":"https:\/\/www.facebook.com\/TetereteHome\/","article_modified_time":"2025-01-18T16:28:46+00:00","og_image":[{"width":800,"height":800,"url":"https:\/\/teterete.com\/mx\/wp-content\/uploads\/2023\/07\/tapete-ritmo.jpeg","type":"image\/jpeg"}],"twitter_card":"summary_large_image","twitter_site":"@Teterete_Home","twitter_misc":{"Tiempo de lectura":"1 minuto"},"schema":{"@context":"https:\/\/schema.org","@graph":[{"@type":"WebPage","@id":"https:\/\/teterete.com\/mx\/producto\/tapetes-artesanal-ritmo\/","url":"https:\/\/teterete.com\/mx\/producto\/tapetes-artesanal-ritmo\/","name":"Tapete Ritmo II -","isPartOf":{"@id":"https:\/\/teterete.com\/mx\/#website"},"primaryImageOfPage":{"@id":"https:\/\/teterete.com\/mx\/producto\/tapetes-artesanal-ritmo\/#primaryimage"},"image":{"@id":"https:\/\/teterete.com\/mx\/producto\/tapetes-artesanal-ritmo\/#primaryimage"},"thumbnailUrl":"https:\/\/teterete.com\/mx\/wp-content\/uploads\/2023\/07\/tapete-ritmo.jpeg","datePublished":"2023-07-28T13:40:49+00:00","dateModified":"2025-01-18T16:28:46+00:00","description":"Tapetes artesanales elaborado por artesanos oaxaque\u00f1os y tejidos en telar de pedal.\u00a0El entintado de los hilos se elabora con hojas, frutos, plantas e insectos que les brinda la Madre Tierra","breadcrumb":{"@id":"https:\/\/teterete.com\/mx\/producto\/tapetes-artesanal-ritmo\/#breadcrumb"},"inLanguage":"es","potentialAction":[{"@type":"ReadAction","target":["https:\/\/teterete.com\/mx\/producto\/tapetes-artesanal-ritmo\/"]}]},{"@type":"ImageObject","inLanguage":"es","@id":"https:\/\/teterete.com\/mx\/producto\/tapetes-artesanal-ritmo\/#primaryimage","url":"https:\/\/teterete.com\/mx\/wp-content\/uploads\/2023\/07\/tapete-ritmo.jpeg","contentUrl":"https:\/\/teterete.com\/mx\/wp-content\/uploads\/2023\/07\/tapete-ritmo.jpeg","width":"800","height":"800","caption":"Tapete Artesanal Ritmo"},{"@type":"BreadcrumbList","@id":"https:\/\/teterete.com\/mx\/producto\/tapetes-artesanal-ritmo\/#breadcrumb","itemListElement":[{"@type":"ListItem","position":1,"name":"Home","item":"https:\/\/teterete.com\/mx\/"},{"@type":"ListItem","position":2,"name":"Productos","item":"https:\/\/teterete.com\/mx\/shop\/"},{"@type":"ListItem","position":3,"name":"Tapete Ritmo II"}]},{"@type":"WebSite","@id":"https:\/\/teterete.com\/mx\/#website","url":"https:\/\/teterete.com\/mx\/","name":"","description":"Tienda en L\u00ednea de Fina Artesanias y Dise\u00f1o Mexicano. Bellas piezas elaboradas a mano por los mejores artesanos del pa\u00eds as\u00ed como piezas de dise\u00f1o y decoraci\u00f3n con inspiraci\u00f3n artesanal.","potentialAction":[{"@type":"SearchAction","target":{"@type":"EntryPoint","urlTemplate":"https:\/\/teterete.com\/mx\/?s={search_term_string}"},"query-input":{"@type":"PropertyValueSpecification","valueRequired":true,"valueName":"search_term_string"}}],"inLanguage":"es"}]}},"_links":{"self":[{"href":"https:\/\/teterete.com\/mx\/wp-json\/wp\/v2\/product\/11131"}],"collection":[{"href":"https:\/\/teterete.com\/mx\/wp-json\/wp\/v2\/product"}],"about":[{"href":"https:\/\/teterete.com\/mx\/wp-json\/wp\/v2\/types\/product"}],"replies":[{"embeddable":true,"href":"https:\/\/teterete.com\/mx\/wp-json\/wp\/v2\/comments?post=11131"}],"wp:featuredmedia":[{"embeddable":true,"href":"https:\/\/teterete.com\/mx\/wp-json\/wp\/v2\/media\/11138"}],"wp:attachment":[{"href":"https:\/\/teterete.com\/mx\/wp-json\/wp\/v2\/media?parent=11131"}],"wp:term":[{"taxonomy":"product_cat","embeddable":true,"href":"https:\/\/teterete.com\/mx\/wp-json\/wp\/v2\/product_cat?post=11131"},{"taxonomy":"product_tag","embeddable":true,"href":"https:\/\/teterete.com\/mx\/wp-json\/wp\/v2\/product_tag?post=11131"}],"curies":[{"name":"wp","href":"https:\/\/api.w.org\/{rel}","templated":true}]}}