{"id":11174,"date":"2023-07-29T01:11:51","date_gmt":"2023-07-29T01:11:51","guid":{"rendered":"https:\/\/teterete.com\/mx\/?post_type=product&#038;p=11174"},"modified":"2023-07-29T01:11:52","modified_gmt":"2023-07-29T01:11:52","slug":"tapete-circular-barragan","status":"publish","type":"product","link":"https:\/\/teterete.com\/mx\/producto\/tapete-circular-barragan\/","title":{"rendered":"Tapete Circular Barrag\u00e1n"},"content":{"rendered":"<p>Es el resultado de un proyecto de investigaci\u00f3n de varios a\u00f1os de colaboraci\u00f3n con la Casa Luis Barrag\u00e1n, los \u201cTapetes Barrag\u00e1n\u201d recuperan una t\u00e9cnica perdida, el tapete anudado a mano mexicano<\/p>\n","protected":false},"excerpt":{"rendered":"<p>Colecci\u00f3n Barrag\u00e1n de tapetes anudados a mano<\/p>\n","protected":false},"featured_media":11189,"comment_status":"open","ping_status":"closed","template":"","meta":{"_acf_changed":false,"sfsi_plus_gutenberg_text_before_share":"","sfsi_plus_gutenberg_show_text_before_share":"","sfsi_plus_gutenberg_icon_type":"","sfsi_plus_gutenberg_icon_alignemt":"","sfsi_plus_gutenburg_max_per_row":""},"product_brand":[],"product_cat":[763,350,1516,209],"product_tag":[232,767,2372,330,764],"class_list":{"0":"post-11174","1":"product","2":"type-product","3":"status-publish","4":"has-post-thumbnail","6":"product_cat-colleccion_barragan","7":"product_cat-piezas-unicas","8":"product_cat-tapetes-decoracion","9":"product_cat-tapetes","10":"product_tag-decoracion-mexicana","11":"product_tag-tapetes-artesanales","12":"product_tag-tapetes-con-diseno-textiles-mexicanos","13":"product_tag-tapetes-hechos-a-mano","14":"product_tag-tapetes-mexicano","15":"product_shipping_class-big-size","17":"first","18":"instock","19":"taxable","20":"shipping-taxable","21":"purchasable","22":"product-type-simple"},"acf":[],"yoast_head":"<!-- This site is optimized with the Yoast SEO plugin v27.6 - https:\/\/yoast.com\/product\/yoast-seo-wordpress\/ -->\n<title>Tapete Circular Barrag\u00e1n -<\/title>\n<meta name=\"description\" content=\"Bella colecci\u00f3n de tapetes Barrag\u00e1n elaborados bajo la t\u00e9cnica de anudado a mano que fue rescatada por Casa Luis Barrag\u00e1n y Tx.ture\" \/>\n<meta name=\"robots\" content=\"index, follow, max-snippet:-1, max-image-preview:large, max-video-preview:-1\" \/>\n<link rel=\"canonical\" href=\"https:\/\/teterete.com\/mx\/producto\/tapete-circular-barragan\/\" \/>\n<meta property=\"og:locale\" content=\"es_ES\" \/>\n<meta property=\"og:type\" content=\"article\" \/>\n<meta property=\"og:title\" content=\"Tapete Circular Barrag\u00e1n -\" \/>\n<meta property=\"og:description\" content=\"Bella colecci\u00f3n de tapetes Barrag\u00e1n elaborados bajo la t\u00e9cnica de anudado a mano que fue rescatada por Casa Luis Barrag\u00e1n y Tx.ture\" \/>\n<meta property=\"og:url\" content=\"https:\/\/teterete.com\/mx\/producto\/tapete-circular-barragan\/\" \/>\n<meta property=\"article:publisher\" content=\"https:\/\/www.facebook.com\/TetereteHome\/\" \/>\n<meta property=\"article:modified_time\" content=\"2023-07-29T01:11:52+00:00\" \/>\n<meta property=\"og:image\" content=\"https:\/\/teterete.com\/mx\/wp-content\/uploads\/2023\/07\/tapete-circular-barragan.jpg\" \/>\n\t<meta property=\"og:image:width\" content=\"800\" \/>\n\t<meta property=\"og:image:height\" content=\"800\" \/>\n\t<meta property=\"og:image:type\" content=\"image\/jpeg\" \/>\n<meta name=\"twitter:card\" content=\"summary_large_image\" \/>\n<meta name=\"twitter:site\" content=\"@Teterete_Home\" \/>\n<meta name=\"twitter:label1\" content=\"Tiempo de lectura\" \/>\n\t<meta name=\"twitter:data1\" content=\"1 minuto\" \/>\n<script type=\"application\/ld+json\" class=\"yoast-schema-graph\">{\"@context\":\"https:\\\/\\\/schema.org\",\"@graph\":[{\"@type\":\"WebPage\",\"@id\":\"https:\\\/\\\/teterete.com\\\/mx\\\/producto\\\/tapete-circular-barragan\\\/\",\"url\":\"https:\\\/\\\/teterete.com\\\/mx\\\/producto\\\/tapete-circular-barragan\\\/\",\"name\":\"Tapete Circular Barrag\u00e1n -\",\"isPartOf\":{\"@id\":\"https:\\\/\\\/teterete.com\\\/mx\\\/#website\"},\"primaryImageOfPage\":{\"@id\":\"https:\\\/\\\/teterete.com\\\/mx\\\/producto\\\/tapete-circular-barragan\\\/#primaryimage\"},\"image\":{\"@id\":\"https:\\\/\\\/teterete.com\\\/mx\\\/producto\\\/tapete-circular-barragan\\\/#primaryimage\"},\"thumbnailUrl\":\"https:\\\/\\\/teterete.com\\\/mx\\\/wp-content\\\/uploads\\\/2023\\\/07\\\/tapete-circular-barragan.jpg\",\"datePublished\":\"2023-07-29T01:11:51+00:00\",\"dateModified\":\"2023-07-29T01:11:52+00:00\",\"description\":\"Bella colecci\u00f3n de tapetes Barrag\u00e1n elaborados bajo la t\u00e9cnica de anudado a mano que fue rescatada por Casa Luis Barrag\u00e1n y Tx.ture\",\"breadcrumb\":{\"@id\":\"https:\\\/\\\/teterete.com\\\/mx\\\/producto\\\/tapete-circular-barragan\\\/#breadcrumb\"},\"inLanguage\":\"es\",\"potentialAction\":[{\"@type\":\"ReadAction\",\"target\":[\"https:\\\/\\\/teterete.com\\\/mx\\\/producto\\\/tapete-circular-barragan\\\/\"]}]},{\"@type\":\"ImageObject\",\"inLanguage\":\"es\",\"@id\":\"https:\\\/\\\/teterete.com\\\/mx\\\/producto\\\/tapete-circular-barragan\\\/#primaryimage\",\"url\":\"https:\\\/\\\/teterete.com\\\/mx\\\/wp-content\\\/uploads\\\/2023\\\/07\\\/tapete-circular-barragan.jpg\",\"contentUrl\":\"https:\\\/\\\/teterete.com\\\/mx\\\/wp-content\\\/uploads\\\/2023\\\/07\\\/tapete-circular-barragan.jpg\",\"width\":800,\"height\":800,\"caption\":\"Tapete Circular Barrag\u00e1n\"},{\"@type\":\"BreadcrumbList\",\"@id\":\"https:\\\/\\\/teterete.com\\\/mx\\\/producto\\\/tapete-circular-barragan\\\/#breadcrumb\",\"itemListElement\":[{\"@type\":\"ListItem\",\"position\":1,\"name\":\"Home\",\"item\":\"https:\\\/\\\/teterete.com\\\/mx\\\/\"},{\"@type\":\"ListItem\",\"position\":2,\"name\":\"Productos\",\"item\":\"https:\\\/\\\/teterete.com\\\/mx\\\/shop\\\/\"},{\"@type\":\"ListItem\",\"position\":3,\"name\":\"Tapete Circular Barrag\u00e1n\"}]},{\"@type\":\"WebSite\",\"@id\":\"https:\\\/\\\/teterete.com\\\/mx\\\/#website\",\"url\":\"https:\\\/\\\/teterete.com\\\/mx\\\/\",\"name\":\"\",\"description\":\"Tienda en L\u00ednea de Fina Artesanias y Dise\u00f1o Mexicano. Bellas piezas elaboradas a mano por los mejores artesanos del pa\u00eds as\u00ed como piezas de dise\u00f1o y decoraci\u00f3n con inspiraci\u00f3n artesanal.\",\"potentialAction\":[{\"@type\":\"SearchAction\",\"target\":{\"@type\":\"EntryPoint\",\"urlTemplate\":\"https:\\\/\\\/teterete.com\\\/mx\\\/?s={search_term_string}\"},\"query-input\":{\"@type\":\"PropertyValueSpecification\",\"valueRequired\":true,\"valueName\":\"search_term_string\"}}],\"inLanguage\":\"es\"}]}<\/script>\n<!-- \/ Yoast SEO plugin. -->","yoast_head_json":{"title":"Tapete Circular Barrag\u00e1n -","description":"Bella colecci\u00f3n de tapetes Barrag\u00e1n elaborados bajo la t\u00e9cnica de anudado a mano que fue rescatada por Casa Luis Barrag\u00e1n y Tx.ture","robots":{"index":"index","follow":"follow","max-snippet":"max-snippet:-1","max-image-preview":"max-image-preview:large","max-video-preview":"max-video-preview:-1"},"canonical":"https:\/\/teterete.com\/mx\/producto\/tapete-circular-barragan\/","og_locale":"es_ES","og_type":"article","og_title":"Tapete Circular Barrag\u00e1n -","og_description":"Bella colecci\u00f3n de tapetes Barrag\u00e1n elaborados bajo la t\u00e9cnica de anudado a mano que fue rescatada por Casa Luis Barrag\u00e1n y Tx.ture","og_url":"https:\/\/teterete.com\/mx\/producto\/tapete-circular-barragan\/","article_publisher":"https:\/\/www.facebook.com\/TetereteHome\/","article_modified_time":"2023-07-29T01:11:52+00:00","og_image":[{"width":800,"height":800,"url":"https:\/\/teterete.com\/mx\/wp-content\/uploads\/2023\/07\/tapete-circular-barragan.jpg","type":"image\/jpeg"}],"twitter_card":"summary_large_image","twitter_site":"@Teterete_Home","twitter_misc":{"Tiempo de lectura":"1 minuto"},"schema":{"@context":"https:\/\/schema.org","@graph":[{"@type":"WebPage","@id":"https:\/\/teterete.com\/mx\/producto\/tapete-circular-barragan\/","url":"https:\/\/teterete.com\/mx\/producto\/tapete-circular-barragan\/","name":"Tapete Circular Barrag\u00e1n -","isPartOf":{"@id":"https:\/\/teterete.com\/mx\/#website"},"primaryImageOfPage":{"@id":"https:\/\/teterete.com\/mx\/producto\/tapete-circular-barragan\/#primaryimage"},"image":{"@id":"https:\/\/teterete.com\/mx\/producto\/tapete-circular-barragan\/#primaryimage"},"thumbnailUrl":"https:\/\/teterete.com\/mx\/wp-content\/uploads\/2023\/07\/tapete-circular-barragan.jpg","datePublished":"2023-07-29T01:11:51+00:00","dateModified":"2023-07-29T01:11:52+00:00","description":"Bella colecci\u00f3n de tapetes Barrag\u00e1n elaborados bajo la t\u00e9cnica de anudado a mano que fue rescatada por Casa Luis Barrag\u00e1n y Tx.ture","breadcrumb":{"@id":"https:\/\/teterete.com\/mx\/producto\/tapete-circular-barragan\/#breadcrumb"},"inLanguage":"es","potentialAction":[{"@type":"ReadAction","target":["https:\/\/teterete.com\/mx\/producto\/tapete-circular-barragan\/"]}]},{"@type":"ImageObject","inLanguage":"es","@id":"https:\/\/teterete.com\/mx\/producto\/tapete-circular-barragan\/#primaryimage","url":"https:\/\/teterete.com\/mx\/wp-content\/uploads\/2023\/07\/tapete-circular-barragan.jpg","contentUrl":"https:\/\/teterete.com\/mx\/wp-content\/uploads\/2023\/07\/tapete-circular-barragan.jpg","width":800,"height":800,"caption":"Tapete Circular Barrag\u00e1n"},{"@type":"BreadcrumbList","@id":"https:\/\/teterete.com\/mx\/producto\/tapete-circular-barragan\/#breadcrumb","itemListElement":[{"@type":"ListItem","position":1,"name":"Home","item":"https:\/\/teterete.com\/mx\/"},{"@type":"ListItem","position":2,"name":"Productos","item":"https:\/\/teterete.com\/mx\/shop\/"},{"@type":"ListItem","position":3,"name":"Tapete Circular Barrag\u00e1n"}]},{"@type":"WebSite","@id":"https:\/\/teterete.com\/mx\/#website","url":"https:\/\/teterete.com\/mx\/","name":"","description":"Tienda en L\u00ednea de Fina Artesanias y Dise\u00f1o Mexicano. Bellas piezas elaboradas a mano por los mejores artesanos del pa\u00eds as\u00ed como piezas de dise\u00f1o y decoraci\u00f3n con inspiraci\u00f3n artesanal.","potentialAction":[{"@type":"SearchAction","target":{"@type":"EntryPoint","urlTemplate":"https:\/\/teterete.com\/mx\/?s={search_term_string}"},"query-input":{"@type":"PropertyValueSpecification","valueRequired":true,"valueName":"search_term_string"}}],"inLanguage":"es"}]}},"_links":{"self":[{"href":"https:\/\/teterete.com\/mx\/wp-json\/wp\/v2\/product\/11174","targetHints":{"allow":["GET"]}}],"collection":[{"href":"https:\/\/teterete.com\/mx\/wp-json\/wp\/v2\/product"}],"about":[{"href":"https:\/\/teterete.com\/mx\/wp-json\/wp\/v2\/types\/product"}],"replies":[{"embeddable":true,"href":"https:\/\/teterete.com\/mx\/wp-json\/wp\/v2\/comments?post=11174"}],"wp:featuredmedia":[{"embeddable":true,"href":"https:\/\/teterete.com\/mx\/wp-json\/wp\/v2\/media\/11189"}],"wp:attachment":[{"href":"https:\/\/teterete.com\/mx\/wp-json\/wp\/v2\/media?parent=11174"}],"wp:term":[{"taxonomy":"product_brand","embeddable":true,"href":"https:\/\/teterete.com\/mx\/wp-json\/wp\/v2\/product_brand?post=11174"},{"taxonomy":"product_cat","embeddable":true,"href":"https:\/\/teterete.com\/mx\/wp-json\/wp\/v2\/product_cat?post=11174"},{"taxonomy":"product_tag","embeddable":true,"href":"https:\/\/teterete.com\/mx\/wp-json\/wp\/v2\/product_tag?post=11174"}],"curies":[{"name":"wp","href":"https:\/\/api.w.org\/{rel}","templated":true}]}}