{"id":11349,"date":"2024-02-01T23:44:32","date_gmt":"2024-02-01T23:44:32","guid":{"rendered":"https:\/\/teterete.com\/mx\/?post_type=product&#038;p=11349"},"modified":"2024-02-01T23:55:57","modified_gmt":"2024-02-01T23:55:57","slug":"pantalon-y-top","status":"publish","type":"product","link":"https:\/\/teterete.com\/mx\/producto\/pantalon-y-top\/","title":{"rendered":"Pantal\u00f3n y Top Celina"},"content":{"rendered":"<p>ENTRELAZADO es el resultado de una colaboraci\u00f3n donde se unen diferentes visiones para crear algo \u00fanico. La sinergia de la mujeres artesanas y la dise\u00f1adora Denisse Kuri donde se preserva su tradici\u00f3n al mismo tiempo que, se potencializa el alcance que tiene su trabajo.<\/p>\n<p>Talla: Blusa Unitalla, Pantal\u00f3n Tallas: XS, S y M<\/p>\n<p>Material: Algod\u00f3n tejido en telar de cintura<\/p>\n<p>&nbsp;<\/p>\n","protected":false},"excerpt":{"rendered":"<p>Pantal\u00f3n y Top confeccionado con un elegante lienzo tejido en telar maya,\u00a0este look juega con el degradado de color de los hilos para\u00a0formar espectros vibrantes. El corte cl\u00e1sico del top lo hace\u00a0vers\u00e1til para combinarse con otras prendas casuales, mientras que el pantal\u00f3n, con un corte a la cintura y holgado,\u00a0permite fluir de forma natural la silueta del cuerpo.<\/p>\n<p>&nbsp;<\/p>\n","protected":false},"featured_media":11334,"comment_status":"open","ping_status":"closed","template":"","meta":{"sfsi_plus_gutenberg_text_before_share":"","sfsi_plus_gutenberg_show_text_before_share":"","sfsi_plus_gutenberg_icon_type":"","sfsi_plus_gutenberg_icon_alignemt":"","sfsi_plus_gutenburg_max_per_row":""},"product_cat":[1263,2057,1434,61,55],"product_tag":[1030,2404,2403,2395,1946,2400],"acf":[],"yoast_head":"<!-- This site is optimized with the Yoast SEO plugin v23.5 - https:\/\/yoast.com\/wordpress\/plugins\/seo\/ -->\n<title>Pantal\u00f3n y Top Celina -<\/title>\n<meta name=\"description\" content=\"Confeccionado con un elegante lienzo tejido en telar maya,\u00a0este look juega con el degradado de color de los hilos para\u00a0formar espectros vibrantes.\" \/>\n<meta name=\"robots\" content=\"index, follow, max-snippet:-1, max-image-preview:large, max-video-preview:-1\" \/>\n<link rel=\"canonical\" href=\"https:\/\/teterete.com\/mx\/producto\/pantalon-y-top\/\" \/>\n<meta property=\"og:locale\" content=\"es_ES\" \/>\n<meta property=\"og:type\" content=\"article\" \/>\n<meta property=\"og:title\" content=\"Pantal\u00f3n y Top Celina -\" \/>\n<meta property=\"og:description\" content=\"Confeccionado con un elegante lienzo tejido en telar maya,\u00a0este look juega con el degradado de color de los hilos para\u00a0formar espectros vibrantes.\" \/>\n<meta property=\"og:url\" content=\"https:\/\/teterete.com\/mx\/producto\/pantalon-y-top\/\" \/>\n<meta property=\"article:publisher\" content=\"https:\/\/www.facebook.com\/TetereteHome\/\" \/>\n<meta property=\"article:modified_time\" content=\"2024-02-01T23:55:57+00:00\" \/>\n<meta property=\"og:image\" content=\"https:\/\/teterete.com\/mx\/wp-content\/uploads\/2024\/02\/Top-telar-Maya.jpg\" \/>\n\t<meta property=\"og:image:width\" content=\"800\" \/>\n\t<meta property=\"og:image:height\" content=\"800\" \/>\n\t<meta property=\"og:image:type\" content=\"image\/jpeg\" \/>\n<meta name=\"twitter:card\" content=\"summary_large_image\" \/>\n<meta name=\"twitter:site\" content=\"@Teterete_Home\" \/>\n<meta name=\"twitter:label1\" content=\"Tiempo de lectura\" \/>\n\t<meta name=\"twitter:data1\" content=\"1 minuto\" \/>\n<script type=\"application\/ld+json\" class=\"yoast-schema-graph\">{\"@context\":\"https:\/\/schema.org\",\"@graph\":[{\"@type\":\"WebPage\",\"@id\":\"https:\/\/teterete.com\/mx\/producto\/pantalon-y-top\/\",\"url\":\"https:\/\/teterete.com\/mx\/producto\/pantalon-y-top\/\",\"name\":\"Pantal\u00f3n y Top Celina -\",\"isPartOf\":{\"@id\":\"https:\/\/teterete.com\/mx\/#website\"},\"primaryImageOfPage\":{\"@id\":\"https:\/\/teterete.com\/mx\/producto\/pantalon-y-top\/#primaryimage\"},\"image\":{\"@id\":\"https:\/\/teterete.com\/mx\/producto\/pantalon-y-top\/#primaryimage\"},\"thumbnailUrl\":\"https:\/\/teterete.com\/mx\/wp-content\/uploads\/2024\/02\/Top-telar-Maya.jpg\",\"datePublished\":\"2024-02-01T23:44:32+00:00\",\"dateModified\":\"2024-02-01T23:55:57+00:00\",\"description\":\"Confeccionado con un elegante lienzo tejido en telar maya,\u00a0este look juega con el degradado de color de los hilos para\u00a0formar espectros vibrantes.\",\"breadcrumb\":{\"@id\":\"https:\/\/teterete.com\/mx\/producto\/pantalon-y-top\/#breadcrumb\"},\"inLanguage\":\"es\",\"potentialAction\":[{\"@type\":\"ReadAction\",\"target\":[\"https:\/\/teterete.com\/mx\/producto\/pantalon-y-top\/\"]}]},{\"@type\":\"ImageObject\",\"inLanguage\":\"es\",\"@id\":\"https:\/\/teterete.com\/mx\/producto\/pantalon-y-top\/#primaryimage\",\"url\":\"https:\/\/teterete.com\/mx\/wp-content\/uploads\/2024\/02\/Top-telar-Maya.jpg\",\"contentUrl\":\"https:\/\/teterete.com\/mx\/wp-content\/uploads\/2024\/02\/Top-telar-Maya.jpg\",\"width\":800,\"height\":800},{\"@type\":\"BreadcrumbList\",\"@id\":\"https:\/\/teterete.com\/mx\/producto\/pantalon-y-top\/#breadcrumb\",\"itemListElement\":[{\"@type\":\"ListItem\",\"position\":1,\"name\":\"Home\",\"item\":\"https:\/\/teterete.com\/mx\/\"},{\"@type\":\"ListItem\",\"position\":2,\"name\":\"Productos\",\"item\":\"https:\/\/teterete.com\/mx\/shop\/\"},{\"@type\":\"ListItem\",\"position\":3,\"name\":\"Pantal\u00f3n y Top Celina\"}]},{\"@type\":\"WebSite\",\"@id\":\"https:\/\/teterete.com\/mx\/#website\",\"url\":\"https:\/\/teterete.com\/mx\/\",\"name\":\"\",\"description\":\"Tienda en L\u00ednea de Fina Artesanias y Dise\u00f1o Mexicano. Bellas piezas elaboradas a mano por los mejores artesanos del pa\u00eds as\u00ed como piezas de dise\u00f1o y decoraci\u00f3n con inspiraci\u00f3n artesanal.\",\"potentialAction\":[{\"@type\":\"SearchAction\",\"target\":{\"@type\":\"EntryPoint\",\"urlTemplate\":\"https:\/\/teterete.com\/mx\/?s={search_term_string}\"},\"query-input\":{\"@type\":\"PropertyValueSpecification\",\"valueRequired\":true,\"valueName\":\"search_term_string\"}}],\"inLanguage\":\"es\"}]}<\/script>\n<!-- \/ Yoast SEO plugin. -->","yoast_head_json":{"title":"Pantal\u00f3n y Top Celina -","description":"Confeccionado con un elegante lienzo tejido en telar maya,\u00a0este look juega con el degradado de color de los hilos para\u00a0formar espectros vibrantes.","robots":{"index":"index","follow":"follow","max-snippet":"max-snippet:-1","max-image-preview":"max-image-preview:large","max-video-preview":"max-video-preview:-1"},"canonical":"https:\/\/teterete.com\/mx\/producto\/pantalon-y-top\/","og_locale":"es_ES","og_type":"article","og_title":"Pantal\u00f3n y Top Celina -","og_description":"Confeccionado con un elegante lienzo tejido en telar maya,\u00a0este look juega con el degradado de color de los hilos para\u00a0formar espectros vibrantes.","og_url":"https:\/\/teterete.com\/mx\/producto\/pantalon-y-top\/","article_publisher":"https:\/\/www.facebook.com\/TetereteHome\/","article_modified_time":"2024-02-01T23:55:57+00:00","og_image":[{"width":800,"height":800,"url":"https:\/\/teterete.com\/mx\/wp-content\/uploads\/2024\/02\/Top-telar-Maya.jpg","type":"image\/jpeg"}],"twitter_card":"summary_large_image","twitter_site":"@Teterete_Home","twitter_misc":{"Tiempo de lectura":"1 minuto"},"schema":{"@context":"https:\/\/schema.org","@graph":[{"@type":"WebPage","@id":"https:\/\/teterete.com\/mx\/producto\/pantalon-y-top\/","url":"https:\/\/teterete.com\/mx\/producto\/pantalon-y-top\/","name":"Pantal\u00f3n y Top Celina -","isPartOf":{"@id":"https:\/\/teterete.com\/mx\/#website"},"primaryImageOfPage":{"@id":"https:\/\/teterete.com\/mx\/producto\/pantalon-y-top\/#primaryimage"},"image":{"@id":"https:\/\/teterete.com\/mx\/producto\/pantalon-y-top\/#primaryimage"},"thumbnailUrl":"https:\/\/teterete.com\/mx\/wp-content\/uploads\/2024\/02\/Top-telar-Maya.jpg","datePublished":"2024-02-01T23:44:32+00:00","dateModified":"2024-02-01T23:55:57+00:00","description":"Confeccionado con un elegante lienzo tejido en telar maya,\u00a0este look juega con el degradado de color de los hilos para\u00a0formar espectros vibrantes.","breadcrumb":{"@id":"https:\/\/teterete.com\/mx\/producto\/pantalon-y-top\/#breadcrumb"},"inLanguage":"es","potentialAction":[{"@type":"ReadAction","target":["https:\/\/teterete.com\/mx\/producto\/pantalon-y-top\/"]}]},{"@type":"ImageObject","inLanguage":"es","@id":"https:\/\/teterete.com\/mx\/producto\/pantalon-y-top\/#primaryimage","url":"https:\/\/teterete.com\/mx\/wp-content\/uploads\/2024\/02\/Top-telar-Maya.jpg","contentUrl":"https:\/\/teterete.com\/mx\/wp-content\/uploads\/2024\/02\/Top-telar-Maya.jpg","width":800,"height":800},{"@type":"BreadcrumbList","@id":"https:\/\/teterete.com\/mx\/producto\/pantalon-y-top\/#breadcrumb","itemListElement":[{"@type":"ListItem","position":1,"name":"Home","item":"https:\/\/teterete.com\/mx\/"},{"@type":"ListItem","position":2,"name":"Productos","item":"https:\/\/teterete.com\/mx\/shop\/"},{"@type":"ListItem","position":3,"name":"Pantal\u00f3n y Top Celina"}]},{"@type":"WebSite","@id":"https:\/\/teterete.com\/mx\/#website","url":"https:\/\/teterete.com\/mx\/","name":"","description":"Tienda en L\u00ednea de Fina Artesanias y Dise\u00f1o Mexicano. Bellas piezas elaboradas a mano por los mejores artesanos del pa\u00eds as\u00ed como piezas de dise\u00f1o y decoraci\u00f3n con inspiraci\u00f3n artesanal.","potentialAction":[{"@type":"SearchAction","target":{"@type":"EntryPoint","urlTemplate":"https:\/\/teterete.com\/mx\/?s={search_term_string}"},"query-input":{"@type":"PropertyValueSpecification","valueRequired":true,"valueName":"search_term_string"}}],"inLanguage":"es"}]}},"_links":{"self":[{"href":"https:\/\/teterete.com\/mx\/wp-json\/wp\/v2\/product\/11349"}],"collection":[{"href":"https:\/\/teterete.com\/mx\/wp-json\/wp\/v2\/product"}],"about":[{"href":"https:\/\/teterete.com\/mx\/wp-json\/wp\/v2\/types\/product"}],"replies":[{"embeddable":true,"href":"https:\/\/teterete.com\/mx\/wp-json\/wp\/v2\/comments?post=11349"}],"wp:featuredmedia":[{"embeddable":true,"href":"https:\/\/teterete.com\/mx\/wp-json\/wp\/v2\/media\/11334"}],"wp:attachment":[{"href":"https:\/\/teterete.com\/mx\/wp-json\/wp\/v2\/media?parent=11349"}],"wp:term":[{"taxonomy":"product_cat","embeddable":true,"href":"https:\/\/teterete.com\/mx\/wp-json\/wp\/v2\/product_cat?post=11349"},{"taxonomy":"product_tag","embeddable":true,"href":"https:\/\/teterete.com\/mx\/wp-json\/wp\/v2\/product_tag?post=11349"}],"curies":[{"name":"wp","href":"https:\/\/api.w.org\/{rel}","templated":true}]}}