{"id":11362,"date":"2024-02-02T14:46:00","date_gmt":"2024-02-02T14:46:00","guid":{"rendered":"https:\/\/teterete.com\/mx\/?post_type=product&#038;p=11362"},"modified":"2025-06-16T16:27:16","modified_gmt":"2025-06-16T16:27:16","slug":"lampara-arbotante","status":"publish","type":"product","link":"https:\/\/teterete.com\/mx\/producto\/lampara-arbotante\/","title":{"rendered":"L\u00e1mpara Arbotante Tanku"},"content":{"rendered":"<p>Una colecci\u00f3n compuesta de dos l\u00e1mparas, Tamu y Tanku, que\u00a0intervienen el espacio interior con rasgos tradicionales caracter\u00edsticos de\u00a0las comunidades yucatecas donde fueron creadas, evocando las\u00a0t\u00e9cnicas ancestrales del tallado de piedra y el tejido de jipijapa. S\u00f3lidas y\u00a0elegantes, Tamo y Tanku transforman el espacio interior con una danza\u00a0de claroscuros que se corporiza en piedra \u201cCrema Maya\u201d, y se derrama\u00a0desde las pantallas finamente tejidas en jipijapa.<\/p>\n<p>Localidad: Temoz\u00f3n, Yucat\u00e1n; Tankuch\u00e9, Campeche.<br \/>\nMaterial: Piedra crema maya y tejido en jipijapa.<br \/>\nBase: \u00d8 30 cm x P 1.5 cm.<br \/>\nPantalla: \u00d8 20 cm x A 13 cm.<br \/>\nFoco: Luz Led G9 2700K atenuable.<\/p>\n","protected":false},"excerpt":{"rendered":"<p>Una l\u00e1mpara arbotante que puede brillar discretamente desde\u00a0una altura considerable, estirando el espacio que la rodea.<\/p>\n","protected":false},"featured_media":11365,"comment_status":"open","ping_status":"closed","template":"","meta":{"sfsi_plus_gutenberg_text_before_share":"","sfsi_plus_gutenberg_show_text_before_share":"","sfsi_plus_gutenberg_icon_type":"","sfsi_plus_gutenberg_icon_alignemt":"","sfsi_plus_gutenburg_max_per_row":""},"product_cat":[1200,2577,1434,351],"product_tag":[2419,1681,974,2416,2418,2417],"acf":[],"yoast_head":"<!-- This site is optimized with the Yoast SEO plugin v23.5 - https:\/\/yoast.com\/wordpress\/plugins\/seo\/ -->\n<title>L\u00e1mpara Arbotante Tanku -<\/title>\n<meta name=\"description\" content=\"L\u00e1mpara arbotante elaborada en t\u00e9cnicas de tallado en piedra maya y tejido jipijapa tradicional de la pen\u00ednsula de Yucat\u00e1n.\" \/>\n<meta name=\"robots\" content=\"index, follow, max-snippet:-1, max-image-preview:large, max-video-preview:-1\" \/>\n<link rel=\"canonical\" href=\"https:\/\/teterete.com\/mx\/producto\/lampara-arbotante\/\" \/>\n<meta property=\"og:locale\" content=\"es_ES\" \/>\n<meta property=\"og:type\" content=\"article\" \/>\n<meta property=\"og:title\" content=\"L\u00e1mpara Arbotante Tanku -\" \/>\n<meta property=\"og:description\" content=\"L\u00e1mpara arbotante elaborada en t\u00e9cnicas de tallado en piedra maya y tejido jipijapa tradicional de la pen\u00ednsula de Yucat\u00e1n.\" \/>\n<meta property=\"og:url\" content=\"https:\/\/teterete.com\/mx\/producto\/lampara-arbotante\/\" \/>\n<meta property=\"article:publisher\" content=\"https:\/\/www.facebook.com\/TetereteHome\/\" \/>\n<meta property=\"article:modified_time\" content=\"2025-06-16T16:27:16+00:00\" \/>\n<meta property=\"og:image\" content=\"https:\/\/teterete.com\/mx\/wp-content\/uploads\/2024\/02\/lampara-arbotante.jpg\" \/>\n\t<meta property=\"og:image:width\" content=\"1080\" \/>\n\t<meta property=\"og:image:height\" content=\"1080\" \/>\n\t<meta property=\"og:image:type\" content=\"image\/jpeg\" \/>\n<meta name=\"twitter:card\" content=\"summary_large_image\" \/>\n<meta name=\"twitter:site\" content=\"@Teterete_Home\" \/>\n<meta name=\"twitter:label1\" content=\"Tiempo de lectura\" \/>\n\t<meta name=\"twitter:data1\" content=\"1 minuto\" \/>\n<script type=\"application\/ld+json\" class=\"yoast-schema-graph\">{\"@context\":\"https:\/\/schema.org\",\"@graph\":[{\"@type\":\"WebPage\",\"@id\":\"https:\/\/teterete.com\/mx\/producto\/lampara-arbotante\/\",\"url\":\"https:\/\/teterete.com\/mx\/producto\/lampara-arbotante\/\",\"name\":\"L\u00e1mpara Arbotante Tanku -\",\"isPartOf\":{\"@id\":\"https:\/\/teterete.com\/mx\/#website\"},\"primaryImageOfPage\":{\"@id\":\"https:\/\/teterete.com\/mx\/producto\/lampara-arbotante\/#primaryimage\"},\"image\":{\"@id\":\"https:\/\/teterete.com\/mx\/producto\/lampara-arbotante\/#primaryimage\"},\"thumbnailUrl\":\"https:\/\/teterete.com\/mx\/wp-content\/uploads\/2024\/02\/lampara-arbotante.jpg\",\"datePublished\":\"2024-02-02T14:46:00+00:00\",\"dateModified\":\"2025-06-16T16:27:16+00:00\",\"description\":\"L\u00e1mpara arbotante elaborada en t\u00e9cnicas de tallado en piedra maya y tejido jipijapa tradicional de la pen\u00ednsula de Yucat\u00e1n.\",\"breadcrumb\":{\"@id\":\"https:\/\/teterete.com\/mx\/producto\/lampara-arbotante\/#breadcrumb\"},\"inLanguage\":\"es\",\"potentialAction\":[{\"@type\":\"ReadAction\",\"target\":[\"https:\/\/teterete.com\/mx\/producto\/lampara-arbotante\/\"]}]},{\"@type\":\"ImageObject\",\"inLanguage\":\"es\",\"@id\":\"https:\/\/teterete.com\/mx\/producto\/lampara-arbotante\/#primaryimage\",\"url\":\"https:\/\/teterete.com\/mx\/wp-content\/uploads\/2024\/02\/lampara-arbotante.jpg\",\"contentUrl\":\"https:\/\/teterete.com\/mx\/wp-content\/uploads\/2024\/02\/lampara-arbotante.jpg\",\"width\":1080,\"height\":1080},{\"@type\":\"BreadcrumbList\",\"@id\":\"https:\/\/teterete.com\/mx\/producto\/lampara-arbotante\/#breadcrumb\",\"itemListElement\":[{\"@type\":\"ListItem\",\"position\":1,\"name\":\"Home\",\"item\":\"https:\/\/teterete.com\/mx\/\"},{\"@type\":\"ListItem\",\"position\":2,\"name\":\"Productos\",\"item\":\"https:\/\/teterete.com\/mx\/shop\/\"},{\"@type\":\"ListItem\",\"position\":3,\"name\":\"L\u00e1mpara Arbotante Tanku\"}]},{\"@type\":\"WebSite\",\"@id\":\"https:\/\/teterete.com\/mx\/#website\",\"url\":\"https:\/\/teterete.com\/mx\/\",\"name\":\"\",\"description\":\"Tienda en L\u00ednea de Fina Artesanias y Dise\u00f1o Mexicano. Bellas piezas elaboradas a mano por los mejores artesanos del pa\u00eds as\u00ed como piezas de dise\u00f1o y decoraci\u00f3n con inspiraci\u00f3n artesanal.\",\"potentialAction\":[{\"@type\":\"SearchAction\",\"target\":{\"@type\":\"EntryPoint\",\"urlTemplate\":\"https:\/\/teterete.com\/mx\/?s={search_term_string}\"},\"query-input\":{\"@type\":\"PropertyValueSpecification\",\"valueRequired\":true,\"valueName\":\"search_term_string\"}}],\"inLanguage\":\"es\"}]}<\/script>\n<!-- \/ Yoast SEO plugin. -->","yoast_head_json":{"title":"L\u00e1mpara Arbotante Tanku -","description":"L\u00e1mpara arbotante elaborada en t\u00e9cnicas de tallado en piedra maya y tejido jipijapa tradicional de la pen\u00ednsula de Yucat\u00e1n.","robots":{"index":"index","follow":"follow","max-snippet":"max-snippet:-1","max-image-preview":"max-image-preview:large","max-video-preview":"max-video-preview:-1"},"canonical":"https:\/\/teterete.com\/mx\/producto\/lampara-arbotante\/","og_locale":"es_ES","og_type":"article","og_title":"L\u00e1mpara Arbotante Tanku -","og_description":"L\u00e1mpara arbotante elaborada en t\u00e9cnicas de tallado en piedra maya y tejido jipijapa tradicional de la pen\u00ednsula de Yucat\u00e1n.","og_url":"https:\/\/teterete.com\/mx\/producto\/lampara-arbotante\/","article_publisher":"https:\/\/www.facebook.com\/TetereteHome\/","article_modified_time":"2025-06-16T16:27:16+00:00","og_image":[{"width":1080,"height":1080,"url":"https:\/\/teterete.com\/mx\/wp-content\/uploads\/2024\/02\/lampara-arbotante.jpg","type":"image\/jpeg"}],"twitter_card":"summary_large_image","twitter_site":"@Teterete_Home","twitter_misc":{"Tiempo de lectura":"1 minuto"},"schema":{"@context":"https:\/\/schema.org","@graph":[{"@type":"WebPage","@id":"https:\/\/teterete.com\/mx\/producto\/lampara-arbotante\/","url":"https:\/\/teterete.com\/mx\/producto\/lampara-arbotante\/","name":"L\u00e1mpara Arbotante Tanku -","isPartOf":{"@id":"https:\/\/teterete.com\/mx\/#website"},"primaryImageOfPage":{"@id":"https:\/\/teterete.com\/mx\/producto\/lampara-arbotante\/#primaryimage"},"image":{"@id":"https:\/\/teterete.com\/mx\/producto\/lampara-arbotante\/#primaryimage"},"thumbnailUrl":"https:\/\/teterete.com\/mx\/wp-content\/uploads\/2024\/02\/lampara-arbotante.jpg","datePublished":"2024-02-02T14:46:00+00:00","dateModified":"2025-06-16T16:27:16+00:00","description":"L\u00e1mpara arbotante elaborada en t\u00e9cnicas de tallado en piedra maya y tejido jipijapa tradicional de la pen\u00ednsula de Yucat\u00e1n.","breadcrumb":{"@id":"https:\/\/teterete.com\/mx\/producto\/lampara-arbotante\/#breadcrumb"},"inLanguage":"es","potentialAction":[{"@type":"ReadAction","target":["https:\/\/teterete.com\/mx\/producto\/lampara-arbotante\/"]}]},{"@type":"ImageObject","inLanguage":"es","@id":"https:\/\/teterete.com\/mx\/producto\/lampara-arbotante\/#primaryimage","url":"https:\/\/teterete.com\/mx\/wp-content\/uploads\/2024\/02\/lampara-arbotante.jpg","contentUrl":"https:\/\/teterete.com\/mx\/wp-content\/uploads\/2024\/02\/lampara-arbotante.jpg","width":1080,"height":1080},{"@type":"BreadcrumbList","@id":"https:\/\/teterete.com\/mx\/producto\/lampara-arbotante\/#breadcrumb","itemListElement":[{"@type":"ListItem","position":1,"name":"Home","item":"https:\/\/teterete.com\/mx\/"},{"@type":"ListItem","position":2,"name":"Productos","item":"https:\/\/teterete.com\/mx\/shop\/"},{"@type":"ListItem","position":3,"name":"L\u00e1mpara Arbotante Tanku"}]},{"@type":"WebSite","@id":"https:\/\/teterete.com\/mx\/#website","url":"https:\/\/teterete.com\/mx\/","name":"","description":"Tienda en L\u00ednea de Fina Artesanias y Dise\u00f1o Mexicano. Bellas piezas elaboradas a mano por los mejores artesanos del pa\u00eds as\u00ed como piezas de dise\u00f1o y decoraci\u00f3n con inspiraci\u00f3n artesanal.","potentialAction":[{"@type":"SearchAction","target":{"@type":"EntryPoint","urlTemplate":"https:\/\/teterete.com\/mx\/?s={search_term_string}"},"query-input":{"@type":"PropertyValueSpecification","valueRequired":true,"valueName":"search_term_string"}}],"inLanguage":"es"}]}},"_links":{"self":[{"href":"https:\/\/teterete.com\/mx\/wp-json\/wp\/v2\/product\/11362"}],"collection":[{"href":"https:\/\/teterete.com\/mx\/wp-json\/wp\/v2\/product"}],"about":[{"href":"https:\/\/teterete.com\/mx\/wp-json\/wp\/v2\/types\/product"}],"replies":[{"embeddable":true,"href":"https:\/\/teterete.com\/mx\/wp-json\/wp\/v2\/comments?post=11362"}],"wp:featuredmedia":[{"embeddable":true,"href":"https:\/\/teterete.com\/mx\/wp-json\/wp\/v2\/media\/11365"}],"wp:attachment":[{"href":"https:\/\/teterete.com\/mx\/wp-json\/wp\/v2\/media?parent=11362"}],"wp:term":[{"taxonomy":"product_cat","embeddable":true,"href":"https:\/\/teterete.com\/mx\/wp-json\/wp\/v2\/product_cat?post=11362"},{"taxonomy":"product_tag","embeddable":true,"href":"https:\/\/teterete.com\/mx\/wp-json\/wp\/v2\/product_tag?post=11362"}],"curies":[{"name":"wp","href":"https:\/\/api.w.org\/{rel}","templated":true}]}}