{"id":11372,"date":"2024-02-04T15:14:04","date_gmt":"2024-02-04T15:14:04","guid":{"rendered":"https:\/\/teterete.com\/mx\/?post_type=product&#038;p=11372"},"modified":"2025-06-16T16:27:16","modified_gmt":"2025-06-16T16:27:16","slug":"luminaria-oxx-artesanal","status":"publish","type":"product","link":"https:\/\/teterete.com\/mx\/producto\/luminaria-oxx-artesanal\/","title":{"rendered":"Luminaria Oxx Artesanal"},"content":{"rendered":"<p>El tejido de jipijapa, una planta nativa de las zonas tropicales del continente Americano, comienza a aparecer en Campeche alrededor del a\u00f1o 1800. Los artesanos recogen el jipi para preparar sus fibras hasta obtener diferentes grosores. Esta fibra teje en un ambiente h\u00famedo y el proceso depende de la finura del tejido que puede tardar desde una semana hasta un mes. El tallado de piedra, desde piezas miniaturas hasta monumentales, fue una de las mayores expresiones art\u00edsticas de los antiguos mayas<\/p>\n<p>Material: Piedra Maya y JipiJapa<\/p>\n<p>Medidas: Chica, Mediana y Grande<\/p>\n","protected":false},"excerpt":{"rendered":"<p>La luminaria de mesa est\u00e1 inspirada en las celos\u00edas de la pen\u00ednsula de Yucat\u00e1n y rinde homenaje al tejido de Jipijapa y al tallado de piedra, t\u00e9cnicas ancestrales de la regi\u00f3n maya<\/p>\n","protected":false},"featured_media":11377,"comment_status":"open","ping_status":"closed","template":"","meta":{"_acf_changed":false,"sfsi_plus_gutenberg_text_before_share":"","sfsi_plus_gutenberg_show_text_before_share":"","sfsi_plus_gutenberg_icon_type":"","sfsi_plus_gutenberg_icon_alignemt":"","sfsi_plus_gutenburg_max_per_row":""},"product_brand":[],"product_cat":[1200,351,2577,1434],"product_tag":[2416,2339,1178],"class_list":{"0":"post-11372","1":"product","2":"type-product","3":"status-publish","4":"has-post-thumbnail","6":"product_cat-iluminacion","7":"product_cat-lamparas","8":"product_cat-coleccion-monocromatico","9":"product_cat-taller_maya","10":"product_tag-luminaria-artesanal","11":"product_tag-luminaria-de-mesa","12":"product_tag-luminaria-decorativa","13":"product_shipping_class-big-size","15":"first","16":"instock","17":"taxable","18":"shipping-taxable","19":"purchasable","20":"product-type-variable"},"acf":[],"yoast_head":"<!-- This site is optimized with the Yoast SEO plugin v27.5 - https:\/\/yoast.com\/product\/yoast-seo-wordpress\/ -->\n<title>Luminaria Oxx Artesanal -<\/title>\n<meta name=\"description\" content=\"La luminaria de mesa artesanal rinde homenaje al tejido de Jipijapa y al tallado de piedra, t\u00e9cnicas ancestrales de la regi\u00f3n maya\" \/>\n<meta name=\"robots\" content=\"index, follow, max-snippet:-1, max-image-preview:large, max-video-preview:-1\" \/>\n<link rel=\"canonical\" href=\"https:\/\/teterete.com\/mx\/producto\/luminaria-oxx-artesanal\/\" \/>\n<meta property=\"og:locale\" content=\"es_ES\" \/>\n<meta property=\"og:type\" content=\"article\" \/>\n<meta property=\"og:title\" content=\"Luminaria Oxx Artesanal -\" \/>\n<meta property=\"og:description\" content=\"La luminaria de mesa artesanal rinde homenaje al tejido de Jipijapa y al tallado de piedra, t\u00e9cnicas ancestrales de la regi\u00f3n maya\" \/>\n<meta property=\"og:url\" content=\"https:\/\/teterete.com\/mx\/producto\/luminaria-oxx-artesanal\/\" \/>\n<meta property=\"article:publisher\" content=\"https:\/\/www.facebook.com\/TetereteHome\/\" \/>\n<meta property=\"article:modified_time\" content=\"2025-06-16T16:27:16+00:00\" \/>\n<meta property=\"og:image\" content=\"https:\/\/teterete.com\/mx\/wp-content\/uploads\/2024\/02\/luminaria-oxx.jpg\" \/>\n\t<meta property=\"og:image:width\" content=\"1080\" \/>\n\t<meta property=\"og:image:height\" content=\"1080\" \/>\n\t<meta property=\"og:image:type\" content=\"image\/jpeg\" \/>\n<meta name=\"twitter:card\" content=\"summary_large_image\" \/>\n<meta name=\"twitter:site\" content=\"@Teterete_Home\" \/>\n<meta name=\"twitter:label1\" content=\"Tiempo de lectura\" \/>\n\t<meta name=\"twitter:data1\" content=\"1 minuto\" \/>\n<script type=\"application\/ld+json\" class=\"yoast-schema-graph\">{\"@context\":\"https:\\\/\\\/schema.org\",\"@graph\":[{\"@type\":\"WebPage\",\"@id\":\"https:\\\/\\\/teterete.com\\\/mx\\\/producto\\\/luminaria-oxx-artesanal\\\/\",\"url\":\"https:\\\/\\\/teterete.com\\\/mx\\\/producto\\\/luminaria-oxx-artesanal\\\/\",\"name\":\"Luminaria Oxx Artesanal -\",\"isPartOf\":{\"@id\":\"https:\\\/\\\/teterete.com\\\/mx\\\/#website\"},\"primaryImageOfPage\":{\"@id\":\"https:\\\/\\\/teterete.com\\\/mx\\\/producto\\\/luminaria-oxx-artesanal\\\/#primaryimage\"},\"image\":{\"@id\":\"https:\\\/\\\/teterete.com\\\/mx\\\/producto\\\/luminaria-oxx-artesanal\\\/#primaryimage\"},\"thumbnailUrl\":\"https:\\\/\\\/teterete.com\\\/mx\\\/wp-content\\\/uploads\\\/2024\\\/02\\\/luminaria-oxx.jpg\",\"datePublished\":\"2024-02-04T15:14:04+00:00\",\"dateModified\":\"2025-06-16T16:27:16+00:00\",\"description\":\"La luminaria de mesa artesanal rinde homenaje al tejido de Jipijapa y al tallado de piedra, t\u00e9cnicas ancestrales de la regi\u00f3n maya\",\"breadcrumb\":{\"@id\":\"https:\\\/\\\/teterete.com\\\/mx\\\/producto\\\/luminaria-oxx-artesanal\\\/#breadcrumb\"},\"inLanguage\":\"es\",\"potentialAction\":[{\"@type\":\"ReadAction\",\"target\":[\"https:\\\/\\\/teterete.com\\\/mx\\\/producto\\\/luminaria-oxx-artesanal\\\/\"]}]},{\"@type\":\"ImageObject\",\"inLanguage\":\"es\",\"@id\":\"https:\\\/\\\/teterete.com\\\/mx\\\/producto\\\/luminaria-oxx-artesanal\\\/#primaryimage\",\"url\":\"https:\\\/\\\/teterete.com\\\/mx\\\/wp-content\\\/uploads\\\/2024\\\/02\\\/luminaria-oxx.jpg\",\"contentUrl\":\"https:\\\/\\\/teterete.com\\\/mx\\\/wp-content\\\/uploads\\\/2024\\\/02\\\/luminaria-oxx.jpg\",\"width\":1080,\"height\":1080},{\"@type\":\"BreadcrumbList\",\"@id\":\"https:\\\/\\\/teterete.com\\\/mx\\\/producto\\\/luminaria-oxx-artesanal\\\/#breadcrumb\",\"itemListElement\":[{\"@type\":\"ListItem\",\"position\":1,\"name\":\"Home\",\"item\":\"https:\\\/\\\/teterete.com\\\/mx\\\/\"},{\"@type\":\"ListItem\",\"position\":2,\"name\":\"Productos\",\"item\":\"https:\\\/\\\/teterete.com\\\/mx\\\/shop\\\/\"},{\"@type\":\"ListItem\",\"position\":3,\"name\":\"Luminaria Oxx Artesanal\"}]},{\"@type\":\"WebSite\",\"@id\":\"https:\\\/\\\/teterete.com\\\/mx\\\/#website\",\"url\":\"https:\\\/\\\/teterete.com\\\/mx\\\/\",\"name\":\"\",\"description\":\"Tienda en L\u00ednea de Fina Artesanias y Dise\u00f1o Mexicano. Bellas piezas elaboradas a mano por los mejores artesanos del pa\u00eds as\u00ed como piezas de dise\u00f1o y decoraci\u00f3n con inspiraci\u00f3n artesanal.\",\"potentialAction\":[{\"@type\":\"SearchAction\",\"target\":{\"@type\":\"EntryPoint\",\"urlTemplate\":\"https:\\\/\\\/teterete.com\\\/mx\\\/?s={search_term_string}\"},\"query-input\":{\"@type\":\"PropertyValueSpecification\",\"valueRequired\":true,\"valueName\":\"search_term_string\"}}],\"inLanguage\":\"es\"}]}<\/script>\n<!-- \/ Yoast SEO plugin. -->","yoast_head_json":{"title":"Luminaria Oxx Artesanal -","description":"La luminaria de mesa artesanal rinde homenaje al tejido de Jipijapa y al tallado de piedra, t\u00e9cnicas ancestrales de la regi\u00f3n maya","robots":{"index":"index","follow":"follow","max-snippet":"max-snippet:-1","max-image-preview":"max-image-preview:large","max-video-preview":"max-video-preview:-1"},"canonical":"https:\/\/teterete.com\/mx\/producto\/luminaria-oxx-artesanal\/","og_locale":"es_ES","og_type":"article","og_title":"Luminaria Oxx Artesanal -","og_description":"La luminaria de mesa artesanal rinde homenaje al tejido de Jipijapa y al tallado de piedra, t\u00e9cnicas ancestrales de la regi\u00f3n maya","og_url":"https:\/\/teterete.com\/mx\/producto\/luminaria-oxx-artesanal\/","article_publisher":"https:\/\/www.facebook.com\/TetereteHome\/","article_modified_time":"2025-06-16T16:27:16+00:00","og_image":[{"width":1080,"height":1080,"url":"https:\/\/teterete.com\/mx\/wp-content\/uploads\/2024\/02\/luminaria-oxx.jpg","type":"image\/jpeg"}],"twitter_card":"summary_large_image","twitter_site":"@Teterete_Home","twitter_misc":{"Tiempo de lectura":"1 minuto"},"schema":{"@context":"https:\/\/schema.org","@graph":[{"@type":"WebPage","@id":"https:\/\/teterete.com\/mx\/producto\/luminaria-oxx-artesanal\/","url":"https:\/\/teterete.com\/mx\/producto\/luminaria-oxx-artesanal\/","name":"Luminaria Oxx Artesanal -","isPartOf":{"@id":"https:\/\/teterete.com\/mx\/#website"},"primaryImageOfPage":{"@id":"https:\/\/teterete.com\/mx\/producto\/luminaria-oxx-artesanal\/#primaryimage"},"image":{"@id":"https:\/\/teterete.com\/mx\/producto\/luminaria-oxx-artesanal\/#primaryimage"},"thumbnailUrl":"https:\/\/teterete.com\/mx\/wp-content\/uploads\/2024\/02\/luminaria-oxx.jpg","datePublished":"2024-02-04T15:14:04+00:00","dateModified":"2025-06-16T16:27:16+00:00","description":"La luminaria de mesa artesanal rinde homenaje al tejido de Jipijapa y al tallado de piedra, t\u00e9cnicas ancestrales de la regi\u00f3n maya","breadcrumb":{"@id":"https:\/\/teterete.com\/mx\/producto\/luminaria-oxx-artesanal\/#breadcrumb"},"inLanguage":"es","potentialAction":[{"@type":"ReadAction","target":["https:\/\/teterete.com\/mx\/producto\/luminaria-oxx-artesanal\/"]}]},{"@type":"ImageObject","inLanguage":"es","@id":"https:\/\/teterete.com\/mx\/producto\/luminaria-oxx-artesanal\/#primaryimage","url":"https:\/\/teterete.com\/mx\/wp-content\/uploads\/2024\/02\/luminaria-oxx.jpg","contentUrl":"https:\/\/teterete.com\/mx\/wp-content\/uploads\/2024\/02\/luminaria-oxx.jpg","width":1080,"height":1080},{"@type":"BreadcrumbList","@id":"https:\/\/teterete.com\/mx\/producto\/luminaria-oxx-artesanal\/#breadcrumb","itemListElement":[{"@type":"ListItem","position":1,"name":"Home","item":"https:\/\/teterete.com\/mx\/"},{"@type":"ListItem","position":2,"name":"Productos","item":"https:\/\/teterete.com\/mx\/shop\/"},{"@type":"ListItem","position":3,"name":"Luminaria Oxx Artesanal"}]},{"@type":"WebSite","@id":"https:\/\/teterete.com\/mx\/#website","url":"https:\/\/teterete.com\/mx\/","name":"","description":"Tienda en L\u00ednea de Fina Artesanias y Dise\u00f1o Mexicano. Bellas piezas elaboradas a mano por los mejores artesanos del pa\u00eds as\u00ed como piezas de dise\u00f1o y decoraci\u00f3n con inspiraci\u00f3n artesanal.","potentialAction":[{"@type":"SearchAction","target":{"@type":"EntryPoint","urlTemplate":"https:\/\/teterete.com\/mx\/?s={search_term_string}"},"query-input":{"@type":"PropertyValueSpecification","valueRequired":true,"valueName":"search_term_string"}}],"inLanguage":"es"}]}},"_links":{"self":[{"href":"https:\/\/teterete.com\/mx\/wp-json\/wp\/v2\/product\/11372","targetHints":{"allow":["GET"]}}],"collection":[{"href":"https:\/\/teterete.com\/mx\/wp-json\/wp\/v2\/product"}],"about":[{"href":"https:\/\/teterete.com\/mx\/wp-json\/wp\/v2\/types\/product"}],"replies":[{"embeddable":true,"href":"https:\/\/teterete.com\/mx\/wp-json\/wp\/v2\/comments?post=11372"}],"wp:featuredmedia":[{"embeddable":true,"href":"https:\/\/teterete.com\/mx\/wp-json\/wp\/v2\/media\/11377"}],"wp:attachment":[{"href":"https:\/\/teterete.com\/mx\/wp-json\/wp\/v2\/media?parent=11372"}],"wp:term":[{"taxonomy":"product_brand","embeddable":true,"href":"https:\/\/teterete.com\/mx\/wp-json\/wp\/v2\/product_brand?post=11372"},{"taxonomy":"product_cat","embeddable":true,"href":"https:\/\/teterete.com\/mx\/wp-json\/wp\/v2\/product_cat?post=11372"},{"taxonomy":"product_tag","embeddable":true,"href":"https:\/\/teterete.com\/mx\/wp-json\/wp\/v2\/product_tag?post=11372"}],"curies":[{"name":"wp","href":"https:\/\/api.w.org\/{rel}","templated":true}]}}