{"id":11420,"date":"2024-02-08T20:04:08","date_gmt":"2024-02-08T20:04:08","guid":{"rendered":"https:\/\/teterete.com\/mx\/?post_type=product&#038;p=11420"},"modified":"2024-02-08T20:07:24","modified_gmt":"2024-02-08T20:07:24","slug":"bolso-de-mano-maya","status":"publish","type":"product","link":"https:\/\/teterete.com\/mx\/producto\/bolso-de-mano-maya\/","title":{"rendered":"Bolso de Mano Maya"},"content":{"rendered":"<p>El tallado de cuerno se introdujo en el Virreinato en M\u00e9xico y ha sido perfeccionado a trav\u00e9s del tiempo por los mayas. Hoy es una t\u00e9cnica reconocida mundialmente, propia de Yucat\u00e1n, que utiliza \u00fanicamente material recuperado. La t\u00e9cnica de telar de cintura maya se desarroll\u00f3 en las monta\u00f1as occidentales de Guatemala antes de la llegada de los espa\u00f1oles<\/p>\n<p>Material: Henequ\u00e9n y Bot\u00f3n de Cuerno<\/p>\n<p>T\u00e9cnica: Elaborado en telar de cintura<\/p>\n","protected":false},"excerpt":{"rendered":"<p>Peque\u00f1a bolsa tejida de Henequ\u00e9n, fibra del agave nativo de la pen\u00ednsula de Yucat\u00e1n, en telar de cintura. Tiene un gran bot\u00f3n de cuerno tallado que acent\u00faa el color de las fibras. La bolsa en una aplicaci\u00f3n contempor\u00e1nea de siglos de historia y conocimiento.<\/p>\n","protected":false},"featured_media":11422,"comment_status":"open","ping_status":"closed","template":"","meta":{"_acf_changed":false,"sfsi_plus_gutenberg_text_before_share":"","sfsi_plus_gutenberg_show_text_before_share":"","sfsi_plus_gutenberg_icon_type":"","sfsi_plus_gutenberg_icon_alignemt":"","sfsi_plus_gutenburg_max_per_row":""},"product_brand":[],"product_cat":[57,1263,61,2057,1434],"product_tag":[1425,236,222,1422,1423,1424,1421,1030],"class_list":{"0":"post-11420","1":"product","2":"type-product","3":"status-publish","4":"has-post-thumbnail","6":"product_cat-bolsos_y_morrales","7":"product_cat-moda-mexicana","8":"product_cat-para_ella","9":"product_cat-regalos-mama","10":"product_cat-taller_maya","11":"product_tag-accesorios-artesanales","12":"product_tag-arte-mexicano","13":"product_tag-artesania-mexicana","14":"product_tag-bolso-artesanal","15":"product_tag-bolso-boho-chic","16":"product_tag-bolso-maya","17":"product_tag-clutch","18":"product_tag-moda-mexicana","19":"product_shipping_class-fast-delivery","21":"first","22":"instock","23":"taxable","24":"shipping-taxable","25":"purchasable","26":"product-type-simple"},"acf":[],"yoast_head":"<!-- This site is optimized with the Yoast SEO plugin v27.5 - https:\/\/yoast.com\/product\/yoast-seo-wordpress\/ -->\n<title>Bolso de Mano Maya -<\/title>\n<meta name=\"description\" content=\"Bolso de mano Maya artesanal con bot\u00f3n de cuerno tallado tejido a mano por artesanas de la Pen\u00ednsula de Yucat\u00e1n\" \/>\n<meta name=\"robots\" content=\"index, follow, max-snippet:-1, max-image-preview:large, max-video-preview:-1\" \/>\n<link rel=\"canonical\" href=\"https:\/\/teterete.com\/mx\/producto\/bolso-de-mano-maya\/\" \/>\n<meta property=\"og:locale\" content=\"es_ES\" \/>\n<meta property=\"og:type\" content=\"article\" \/>\n<meta property=\"og:title\" content=\"Bolso de Mano Maya -\" \/>\n<meta property=\"og:description\" content=\"Bolso de mano Maya artesanal con bot\u00f3n de cuerno tallado tejido a mano por artesanas de la Pen\u00ednsula de Yucat\u00e1n\" \/>\n<meta property=\"og:url\" content=\"https:\/\/teterete.com\/mx\/producto\/bolso-de-mano-maya\/\" \/>\n<meta property=\"article:publisher\" content=\"https:\/\/www.facebook.com\/TetereteHome\/\" \/>\n<meta property=\"article:modified_time\" content=\"2024-02-08T20:07:24+00:00\" \/>\n<meta property=\"og:image\" content=\"https:\/\/teterete.com\/mx\/wp-content\/uploads\/2024\/02\/bolso-de-mano-maya.jpg\" \/>\n\t<meta property=\"og:image:width\" content=\"1080\" \/>\n\t<meta property=\"og:image:height\" content=\"1080\" \/>\n\t<meta property=\"og:image:type\" content=\"image\/jpeg\" \/>\n<meta name=\"twitter:card\" content=\"summary_large_image\" \/>\n<meta name=\"twitter:site\" content=\"@Teterete_Home\" \/>\n<meta name=\"twitter:label1\" content=\"Tiempo de lectura\" \/>\n\t<meta name=\"twitter:data1\" content=\"1 minuto\" \/>\n<script type=\"application\/ld+json\" class=\"yoast-schema-graph\">{\"@context\":\"https:\\\/\\\/schema.org\",\"@graph\":[{\"@type\":\"WebPage\",\"@id\":\"https:\\\/\\\/teterete.com\\\/mx\\\/producto\\\/bolso-de-mano-maya\\\/\",\"url\":\"https:\\\/\\\/teterete.com\\\/mx\\\/producto\\\/bolso-de-mano-maya\\\/\",\"name\":\"Bolso de Mano Maya -\",\"isPartOf\":{\"@id\":\"https:\\\/\\\/teterete.com\\\/mx\\\/#website\"},\"primaryImageOfPage\":{\"@id\":\"https:\\\/\\\/teterete.com\\\/mx\\\/producto\\\/bolso-de-mano-maya\\\/#primaryimage\"},\"image\":{\"@id\":\"https:\\\/\\\/teterete.com\\\/mx\\\/producto\\\/bolso-de-mano-maya\\\/#primaryimage\"},\"thumbnailUrl\":\"https:\\\/\\\/teterete.com\\\/mx\\\/wp-content\\\/uploads\\\/2024\\\/02\\\/bolso-de-mano-maya.jpg\",\"datePublished\":\"2024-02-08T20:04:08+00:00\",\"dateModified\":\"2024-02-08T20:07:24+00:00\",\"description\":\"Bolso de mano Maya artesanal con bot\u00f3n de cuerno tallado tejido a mano por artesanas de la Pen\u00ednsula de Yucat\u00e1n\",\"breadcrumb\":{\"@id\":\"https:\\\/\\\/teterete.com\\\/mx\\\/producto\\\/bolso-de-mano-maya\\\/#breadcrumb\"},\"inLanguage\":\"es\",\"potentialAction\":[{\"@type\":\"ReadAction\",\"target\":[\"https:\\\/\\\/teterete.com\\\/mx\\\/producto\\\/bolso-de-mano-maya\\\/\"]}]},{\"@type\":\"ImageObject\",\"inLanguage\":\"es\",\"@id\":\"https:\\\/\\\/teterete.com\\\/mx\\\/producto\\\/bolso-de-mano-maya\\\/#primaryimage\",\"url\":\"https:\\\/\\\/teterete.com\\\/mx\\\/wp-content\\\/uploads\\\/2024\\\/02\\\/bolso-de-mano-maya.jpg\",\"contentUrl\":\"https:\\\/\\\/teterete.com\\\/mx\\\/wp-content\\\/uploads\\\/2024\\\/02\\\/bolso-de-mano-maya.jpg\",\"width\":1080,\"height\":1080,\"caption\":\"Bolso de Mano Maya\"},{\"@type\":\"BreadcrumbList\",\"@id\":\"https:\\\/\\\/teterete.com\\\/mx\\\/producto\\\/bolso-de-mano-maya\\\/#breadcrumb\",\"itemListElement\":[{\"@type\":\"ListItem\",\"position\":1,\"name\":\"Home\",\"item\":\"https:\\\/\\\/teterete.com\\\/mx\\\/\"},{\"@type\":\"ListItem\",\"position\":2,\"name\":\"Productos\",\"item\":\"https:\\\/\\\/teterete.com\\\/mx\\\/shop\\\/\"},{\"@type\":\"ListItem\",\"position\":3,\"name\":\"Bolso de Mano Maya\"}]},{\"@type\":\"WebSite\",\"@id\":\"https:\\\/\\\/teterete.com\\\/mx\\\/#website\",\"url\":\"https:\\\/\\\/teterete.com\\\/mx\\\/\",\"name\":\"\",\"description\":\"Tienda en L\u00ednea de Fina Artesanias y Dise\u00f1o Mexicano. Bellas piezas elaboradas a mano por los mejores artesanos del pa\u00eds as\u00ed como piezas de dise\u00f1o y decoraci\u00f3n con inspiraci\u00f3n artesanal.\",\"potentialAction\":[{\"@type\":\"SearchAction\",\"target\":{\"@type\":\"EntryPoint\",\"urlTemplate\":\"https:\\\/\\\/teterete.com\\\/mx\\\/?s={search_term_string}\"},\"query-input\":{\"@type\":\"PropertyValueSpecification\",\"valueRequired\":true,\"valueName\":\"search_term_string\"}}],\"inLanguage\":\"es\"}]}<\/script>\n<!-- \/ Yoast SEO plugin. -->","yoast_head_json":{"title":"Bolso de Mano Maya -","description":"Bolso de mano Maya artesanal con bot\u00f3n de cuerno tallado tejido a mano por artesanas de la Pen\u00ednsula de Yucat\u00e1n","robots":{"index":"index","follow":"follow","max-snippet":"max-snippet:-1","max-image-preview":"max-image-preview:large","max-video-preview":"max-video-preview:-1"},"canonical":"https:\/\/teterete.com\/mx\/producto\/bolso-de-mano-maya\/","og_locale":"es_ES","og_type":"article","og_title":"Bolso de Mano Maya -","og_description":"Bolso de mano Maya artesanal con bot\u00f3n de cuerno tallado tejido a mano por artesanas de la Pen\u00ednsula de Yucat\u00e1n","og_url":"https:\/\/teterete.com\/mx\/producto\/bolso-de-mano-maya\/","article_publisher":"https:\/\/www.facebook.com\/TetereteHome\/","article_modified_time":"2024-02-08T20:07:24+00:00","og_image":[{"width":1080,"height":1080,"url":"https:\/\/teterete.com\/mx\/wp-content\/uploads\/2024\/02\/bolso-de-mano-maya.jpg","type":"image\/jpeg"}],"twitter_card":"summary_large_image","twitter_site":"@Teterete_Home","twitter_misc":{"Tiempo de lectura":"1 minuto"},"schema":{"@context":"https:\/\/schema.org","@graph":[{"@type":"WebPage","@id":"https:\/\/teterete.com\/mx\/producto\/bolso-de-mano-maya\/","url":"https:\/\/teterete.com\/mx\/producto\/bolso-de-mano-maya\/","name":"Bolso de Mano Maya -","isPartOf":{"@id":"https:\/\/teterete.com\/mx\/#website"},"primaryImageOfPage":{"@id":"https:\/\/teterete.com\/mx\/producto\/bolso-de-mano-maya\/#primaryimage"},"image":{"@id":"https:\/\/teterete.com\/mx\/producto\/bolso-de-mano-maya\/#primaryimage"},"thumbnailUrl":"https:\/\/teterete.com\/mx\/wp-content\/uploads\/2024\/02\/bolso-de-mano-maya.jpg","datePublished":"2024-02-08T20:04:08+00:00","dateModified":"2024-02-08T20:07:24+00:00","description":"Bolso de mano Maya artesanal con bot\u00f3n de cuerno tallado tejido a mano por artesanas de la Pen\u00ednsula de Yucat\u00e1n","breadcrumb":{"@id":"https:\/\/teterete.com\/mx\/producto\/bolso-de-mano-maya\/#breadcrumb"},"inLanguage":"es","potentialAction":[{"@type":"ReadAction","target":["https:\/\/teterete.com\/mx\/producto\/bolso-de-mano-maya\/"]}]},{"@type":"ImageObject","inLanguage":"es","@id":"https:\/\/teterete.com\/mx\/producto\/bolso-de-mano-maya\/#primaryimage","url":"https:\/\/teterete.com\/mx\/wp-content\/uploads\/2024\/02\/bolso-de-mano-maya.jpg","contentUrl":"https:\/\/teterete.com\/mx\/wp-content\/uploads\/2024\/02\/bolso-de-mano-maya.jpg","width":1080,"height":1080,"caption":"Bolso de Mano Maya"},{"@type":"BreadcrumbList","@id":"https:\/\/teterete.com\/mx\/producto\/bolso-de-mano-maya\/#breadcrumb","itemListElement":[{"@type":"ListItem","position":1,"name":"Home","item":"https:\/\/teterete.com\/mx\/"},{"@type":"ListItem","position":2,"name":"Productos","item":"https:\/\/teterete.com\/mx\/shop\/"},{"@type":"ListItem","position":3,"name":"Bolso de Mano Maya"}]},{"@type":"WebSite","@id":"https:\/\/teterete.com\/mx\/#website","url":"https:\/\/teterete.com\/mx\/","name":"","description":"Tienda en L\u00ednea de Fina Artesanias y Dise\u00f1o Mexicano. Bellas piezas elaboradas a mano por los mejores artesanos del pa\u00eds as\u00ed como piezas de dise\u00f1o y decoraci\u00f3n con inspiraci\u00f3n artesanal.","potentialAction":[{"@type":"SearchAction","target":{"@type":"EntryPoint","urlTemplate":"https:\/\/teterete.com\/mx\/?s={search_term_string}"},"query-input":{"@type":"PropertyValueSpecification","valueRequired":true,"valueName":"search_term_string"}}],"inLanguage":"es"}]}},"_links":{"self":[{"href":"https:\/\/teterete.com\/mx\/wp-json\/wp\/v2\/product\/11420","targetHints":{"allow":["GET"]}}],"collection":[{"href":"https:\/\/teterete.com\/mx\/wp-json\/wp\/v2\/product"}],"about":[{"href":"https:\/\/teterete.com\/mx\/wp-json\/wp\/v2\/types\/product"}],"replies":[{"embeddable":true,"href":"https:\/\/teterete.com\/mx\/wp-json\/wp\/v2\/comments?post=11420"}],"wp:featuredmedia":[{"embeddable":true,"href":"https:\/\/teterete.com\/mx\/wp-json\/wp\/v2\/media\/11422"}],"wp:attachment":[{"href":"https:\/\/teterete.com\/mx\/wp-json\/wp\/v2\/media?parent=11420"}],"wp:term":[{"taxonomy":"product_brand","embeddable":true,"href":"https:\/\/teterete.com\/mx\/wp-json\/wp\/v2\/product_brand?post=11420"},{"taxonomy":"product_cat","embeddable":true,"href":"https:\/\/teterete.com\/mx\/wp-json\/wp\/v2\/product_cat?post=11420"},{"taxonomy":"product_tag","embeddable":true,"href":"https:\/\/teterete.com\/mx\/wp-json\/wp\/v2\/product_tag?post=11420"}],"curies":[{"name":"wp","href":"https:\/\/api.w.org\/{rel}","templated":true}]}}