{"id":11430,"date":"2024-02-09T00:08:47","date_gmt":"2024-02-09T00:08:47","guid":{"rendered":"https:\/\/teterete.com\/mx\/?post_type=product&#038;p=11430"},"modified":"2024-02-09T00:12:13","modified_gmt":"2024-02-09T00:12:13","slug":"funda-para-cojin-ve2","status":"publish","type":"product","link":"https:\/\/teterete.com\/mx\/producto\/funda-para-cojin-ve2\/","title":{"rendered":"Funda para Cojin Ve2"},"content":{"rendered":"<p>Dos Tierras es una marca que surge del proyecto de Ayuda a los Artesanos en M\u00e9xico, con el objetivo de unir a artesanos y dise\u00f1adores para crear dise\u00f1os contempor\u00e1neos que se basan en las t\u00e9cnicas tradicionales de diferentes regiones mexicanas, con un enfoque especial en Chiapas y la Pen\u00ednsula de Yucat\u00e1n.<\/p>\n<p>Medidas: 50 x 50<\/p>\n<p>Color: Gris azulado y pl\u00fambago perla<\/p>\n","protected":false},"excerpt":{"rendered":"<p>Funda para cojin elaborada en telar de cintura por artesanas de Chiapas. Estas fundas artesanales alegraran tu estancia o sill\u00f3n favorito de la terraza<\/p>\n","protected":false},"featured_media":11432,"comment_status":"open","ping_status":"closed","template":"","meta":{"sfsi_plus_gutenberg_text_before_share":"","sfsi_plus_gutenberg_show_text_before_share":"","sfsi_plus_gutenberg_icon_type":"","sfsi_plus_gutenberg_icon_alignemt":"","sfsi_plus_gutenburg_max_per_row":""},"product_cat":[2435,210,336],"product_tag":[1758,394,2437,2436,38,223],"acf":[],"yoast_head":"<!-- This site is optimized with the Yoast SEO plugin v23.5 - https:\/\/yoast.com\/wordpress\/plugins\/seo\/ -->\n<title>Funda para Cojin Ve2 -<\/title>\n<meta name=\"description\" content=\"Funda para cojin elaborada en telar de cintura por artesanas de Chiapas. Estas fundas artesanales alegraran tu estancia o sill\u00f3n favorito de la terraza\" \/>\n<meta name=\"robots\" content=\"index, follow, max-snippet:-1, max-image-preview:large, max-video-preview:-1\" \/>\n<link rel=\"canonical\" href=\"https:\/\/teterete.com\/mx\/producto\/funda-para-cojin-ve2\/\" \/>\n<meta property=\"og:locale\" content=\"es_ES\" \/>\n<meta property=\"og:type\" content=\"article\" \/>\n<meta property=\"og:title\" content=\"Funda para Cojin Ve2 -\" \/>\n<meta property=\"og:description\" content=\"Funda para cojin elaborada en telar de cintura por artesanas de Chiapas. Estas fundas artesanales alegraran tu estancia o sill\u00f3n favorito de la terraza\" \/>\n<meta property=\"og:url\" content=\"https:\/\/teterete.com\/mx\/producto\/funda-para-cojin-ve2\/\" \/>\n<meta property=\"article:publisher\" content=\"https:\/\/www.facebook.com\/TetereteHome\/\" \/>\n<meta property=\"article:modified_time\" content=\"2024-02-09T00:12:13+00:00\" \/>\n<meta property=\"og:image\" content=\"https:\/\/teterete.com\/mx\/wp-content\/uploads\/2024\/02\/funda-artesanal-chiapas.jpg\" \/>\n\t<meta property=\"og:image:width\" content=\"1080\" \/>\n\t<meta property=\"og:image:height\" content=\"1080\" \/>\n\t<meta property=\"og:image:type\" content=\"image\/jpeg\" \/>\n<meta name=\"twitter:card\" content=\"summary_large_image\" \/>\n<meta name=\"twitter:site\" content=\"@Teterete_Home\" \/>\n<meta name=\"twitter:label1\" content=\"Tiempo de lectura\" \/>\n\t<meta name=\"twitter:data1\" content=\"1 minuto\" \/>\n<script type=\"application\/ld+json\" class=\"yoast-schema-graph\">{\"@context\":\"https:\/\/schema.org\",\"@graph\":[{\"@type\":\"WebPage\",\"@id\":\"https:\/\/teterete.com\/mx\/producto\/funda-para-cojin-ve2\/\",\"url\":\"https:\/\/teterete.com\/mx\/producto\/funda-para-cojin-ve2\/\",\"name\":\"Funda para Cojin Ve2 -\",\"isPartOf\":{\"@id\":\"https:\/\/teterete.com\/mx\/#website\"},\"primaryImageOfPage\":{\"@id\":\"https:\/\/teterete.com\/mx\/producto\/funda-para-cojin-ve2\/#primaryimage\"},\"image\":{\"@id\":\"https:\/\/teterete.com\/mx\/producto\/funda-para-cojin-ve2\/#primaryimage\"},\"thumbnailUrl\":\"https:\/\/teterete.com\/mx\/wp-content\/uploads\/2024\/02\/funda-artesanal-chiapas.jpg\",\"datePublished\":\"2024-02-09T00:08:47+00:00\",\"dateModified\":\"2024-02-09T00:12:13+00:00\",\"description\":\"Funda para cojin elaborada en telar de cintura por artesanas de Chiapas. Estas fundas artesanales alegraran tu estancia o sill\u00f3n favorito de la terraza\",\"breadcrumb\":{\"@id\":\"https:\/\/teterete.com\/mx\/producto\/funda-para-cojin-ve2\/#breadcrumb\"},\"inLanguage\":\"es\",\"potentialAction\":[{\"@type\":\"ReadAction\",\"target\":[\"https:\/\/teterete.com\/mx\/producto\/funda-para-cojin-ve2\/\"]}]},{\"@type\":\"ImageObject\",\"inLanguage\":\"es\",\"@id\":\"https:\/\/teterete.com\/mx\/producto\/funda-para-cojin-ve2\/#primaryimage\",\"url\":\"https:\/\/teterete.com\/mx\/wp-content\/uploads\/2024\/02\/funda-artesanal-chiapas.jpg\",\"contentUrl\":\"https:\/\/teterete.com\/mx\/wp-content\/uploads\/2024\/02\/funda-artesanal-chiapas.jpg\",\"width\":1080,\"height\":1080,\"caption\":\"Funda Artesanal Chiapas\"},{\"@type\":\"BreadcrumbList\",\"@id\":\"https:\/\/teterete.com\/mx\/producto\/funda-para-cojin-ve2\/#breadcrumb\",\"itemListElement\":[{\"@type\":\"ListItem\",\"position\":1,\"name\":\"Home\",\"item\":\"https:\/\/teterete.com\/mx\/\"},{\"@type\":\"ListItem\",\"position\":2,\"name\":\"Productos\",\"item\":\"https:\/\/teterete.com\/mx\/shop\/\"},{\"@type\":\"ListItem\",\"position\":3,\"name\":\"Funda para Cojin Ve2\"}]},{\"@type\":\"WebSite\",\"@id\":\"https:\/\/teterete.com\/mx\/#website\",\"url\":\"https:\/\/teterete.com\/mx\/\",\"name\":\"\",\"description\":\"Tienda en L\u00ednea de Fina Artesanias y Dise\u00f1o Mexicano. Bellas piezas elaboradas a mano por los mejores artesanos del pa\u00eds as\u00ed como piezas de dise\u00f1o y decoraci\u00f3n con inspiraci\u00f3n artesanal.\",\"potentialAction\":[{\"@type\":\"SearchAction\",\"target\":{\"@type\":\"EntryPoint\",\"urlTemplate\":\"https:\/\/teterete.com\/mx\/?s={search_term_string}\"},\"query-input\":{\"@type\":\"PropertyValueSpecification\",\"valueRequired\":true,\"valueName\":\"search_term_string\"}}],\"inLanguage\":\"es\"}]}<\/script>\n<!-- \/ Yoast SEO plugin. -->","yoast_head_json":{"title":"Funda para Cojin Ve2 -","description":"Funda para cojin elaborada en telar de cintura por artesanas de Chiapas. Estas fundas artesanales alegraran tu estancia o sill\u00f3n favorito de la terraza","robots":{"index":"index","follow":"follow","max-snippet":"max-snippet:-1","max-image-preview":"max-image-preview:large","max-video-preview":"max-video-preview:-1"},"canonical":"https:\/\/teterete.com\/mx\/producto\/funda-para-cojin-ve2\/","og_locale":"es_ES","og_type":"article","og_title":"Funda para Cojin Ve2 -","og_description":"Funda para cojin elaborada en telar de cintura por artesanas de Chiapas. Estas fundas artesanales alegraran tu estancia o sill\u00f3n favorito de la terraza","og_url":"https:\/\/teterete.com\/mx\/producto\/funda-para-cojin-ve2\/","article_publisher":"https:\/\/www.facebook.com\/TetereteHome\/","article_modified_time":"2024-02-09T00:12:13+00:00","og_image":[{"width":1080,"height":1080,"url":"https:\/\/teterete.com\/mx\/wp-content\/uploads\/2024\/02\/funda-artesanal-chiapas.jpg","type":"image\/jpeg"}],"twitter_card":"summary_large_image","twitter_site":"@Teterete_Home","twitter_misc":{"Tiempo de lectura":"1 minuto"},"schema":{"@context":"https:\/\/schema.org","@graph":[{"@type":"WebPage","@id":"https:\/\/teterete.com\/mx\/producto\/funda-para-cojin-ve2\/","url":"https:\/\/teterete.com\/mx\/producto\/funda-para-cojin-ve2\/","name":"Funda para Cojin Ve2 -","isPartOf":{"@id":"https:\/\/teterete.com\/mx\/#website"},"primaryImageOfPage":{"@id":"https:\/\/teterete.com\/mx\/producto\/funda-para-cojin-ve2\/#primaryimage"},"image":{"@id":"https:\/\/teterete.com\/mx\/producto\/funda-para-cojin-ve2\/#primaryimage"},"thumbnailUrl":"https:\/\/teterete.com\/mx\/wp-content\/uploads\/2024\/02\/funda-artesanal-chiapas.jpg","datePublished":"2024-02-09T00:08:47+00:00","dateModified":"2024-02-09T00:12:13+00:00","description":"Funda para cojin elaborada en telar de cintura por artesanas de Chiapas. Estas fundas artesanales alegraran tu estancia o sill\u00f3n favorito de la terraza","breadcrumb":{"@id":"https:\/\/teterete.com\/mx\/producto\/funda-para-cojin-ve2\/#breadcrumb"},"inLanguage":"es","potentialAction":[{"@type":"ReadAction","target":["https:\/\/teterete.com\/mx\/producto\/funda-para-cojin-ve2\/"]}]},{"@type":"ImageObject","inLanguage":"es","@id":"https:\/\/teterete.com\/mx\/producto\/funda-para-cojin-ve2\/#primaryimage","url":"https:\/\/teterete.com\/mx\/wp-content\/uploads\/2024\/02\/funda-artesanal-chiapas.jpg","contentUrl":"https:\/\/teterete.com\/mx\/wp-content\/uploads\/2024\/02\/funda-artesanal-chiapas.jpg","width":1080,"height":1080,"caption":"Funda Artesanal Chiapas"},{"@type":"BreadcrumbList","@id":"https:\/\/teterete.com\/mx\/producto\/funda-para-cojin-ve2\/#breadcrumb","itemListElement":[{"@type":"ListItem","position":1,"name":"Home","item":"https:\/\/teterete.com\/mx\/"},{"@type":"ListItem","position":2,"name":"Productos","item":"https:\/\/teterete.com\/mx\/shop\/"},{"@type":"ListItem","position":3,"name":"Funda para Cojin Ve2"}]},{"@type":"WebSite","@id":"https:\/\/teterete.com\/mx\/#website","url":"https:\/\/teterete.com\/mx\/","name":"","description":"Tienda en L\u00ednea de Fina Artesanias y Dise\u00f1o Mexicano. Bellas piezas elaboradas a mano por los mejores artesanos del pa\u00eds as\u00ed como piezas de dise\u00f1o y decoraci\u00f3n con inspiraci\u00f3n artesanal.","potentialAction":[{"@type":"SearchAction","target":{"@type":"EntryPoint","urlTemplate":"https:\/\/teterete.com\/mx\/?s={search_term_string}"},"query-input":{"@type":"PropertyValueSpecification","valueRequired":true,"valueName":"search_term_string"}}],"inLanguage":"es"}]}},"_links":{"self":[{"href":"https:\/\/teterete.com\/mx\/wp-json\/wp\/v2\/product\/11430"}],"collection":[{"href":"https:\/\/teterete.com\/mx\/wp-json\/wp\/v2\/product"}],"about":[{"href":"https:\/\/teterete.com\/mx\/wp-json\/wp\/v2\/types\/product"}],"replies":[{"embeddable":true,"href":"https:\/\/teterete.com\/mx\/wp-json\/wp\/v2\/comments?post=11430"}],"wp:featuredmedia":[{"embeddable":true,"href":"https:\/\/teterete.com\/mx\/wp-json\/wp\/v2\/media\/11432"}],"wp:attachment":[{"href":"https:\/\/teterete.com\/mx\/wp-json\/wp\/v2\/media?parent=11430"}],"wp:term":[{"taxonomy":"product_cat","embeddable":true,"href":"https:\/\/teterete.com\/mx\/wp-json\/wp\/v2\/product_cat?post=11430"},{"taxonomy":"product_tag","embeddable":true,"href":"https:\/\/teterete.com\/mx\/wp-json\/wp\/v2\/product_tag?post=11430"}],"curies":[{"name":"wp","href":"https:\/\/api.w.org\/{rel}","templated":true}]}}