{"id":11437,"date":"2024-02-09T00:23:16","date_gmt":"2024-02-09T00:23:16","guid":{"rendered":"https:\/\/teterete.com\/mx\/?post_type=product&#038;p=11437"},"modified":"2024-09-11T23:46:04","modified_gmt":"2024-09-11T23:46:04","slug":"individuales-mamey","status":"publish","type":"product","link":"https:\/\/teterete.com\/mx\/producto\/individuales-mamey\/","title":{"rendered":"Individuales Xanib Mamey"},"content":{"rendered":"<p>Medidas: 45 x 35 cms<\/p>\n<p>100% algod\u00f3n<\/p>\n<p>Color: Mamey<\/p>\n<p>Lavar a mano con agua fr\u00eda. Secar en plano de preferencia<\/p>\n","protected":false},"excerpt":{"rendered":"<p>Set de 4 individuales en color mamey tejidos en telar de cintura en Chiapas con detalles decorativos en brocado.<\/p>\n","protected":false},"featured_media":11439,"comment_status":"open","ping_status":"closed","template":"","meta":{"_acf_changed":false,"sfsi_plus_gutenberg_text_before_share":"","sfsi_plus_gutenberg_show_text_before_share":"","sfsi_plus_gutenberg_icon_type":"","sfsi_plus_gutenberg_icon_alignemt":"","sfsi_plus_gutenburg_max_per_row":""},"product_brand":[],"product_cat":[2435,347,1584,346],"product_tag":[376,1126,2227,2225,2224,223],"class_list":{"0":"post-11437","1":"product","2":"type-product","3":"status-publish","4":"has-post-thumbnail","6":"product_cat-dos-tierras","7":"product_cat-mantelitos-servilletas","8":"product_cat-mesa-mexicana","9":"product_cat-servicio-de-mesa","10":"product_tag-artesanias-mexicanas","11":"product_tag-diseno-artesanal-mexicano","12":"product_tag-individuales-artesanales","13":"product_tag-servilletas-de-telar","14":"product_tag-servilletas-para-mesa","15":"product_tag-textiles-mexicanos","16":"product_shipping_class-standard","18":"first","19":"instock","20":"taxable","21":"shipping-taxable","22":"purchasable","23":"product-type-simple"},"acf":[],"yoast_head":"<!-- This site is optimized with the Yoast SEO plugin v27.6 - https:\/\/yoast.com\/product\/yoast-seo-wordpress\/ -->\n<title>Individuales Xanib Mamey -<\/title>\n<meta name=\"description\" content=\"Set de 4 individuales en color mamey tejidos en telar de cintura en Chiapas con detalles decorativos en brocado.\" \/>\n<meta name=\"robots\" content=\"index, follow, max-snippet:-1, max-image-preview:large, max-video-preview:-1\" \/>\n<link rel=\"canonical\" href=\"https:\/\/teterete.com\/mx\/producto\/individuales-mamey\/\" \/>\n<meta property=\"og:locale\" content=\"es_ES\" \/>\n<meta property=\"og:type\" content=\"article\" \/>\n<meta property=\"og:title\" content=\"Individuales Xanib Mamey -\" \/>\n<meta property=\"og:description\" content=\"Set de 4 individuales en color mamey tejidos en telar de cintura en Chiapas con detalles decorativos en brocado.\" \/>\n<meta property=\"og:url\" content=\"https:\/\/teterete.com\/mx\/producto\/individuales-mamey\/\" \/>\n<meta property=\"article:publisher\" content=\"https:\/\/www.facebook.com\/TetereteHome\/\" \/>\n<meta property=\"article:modified_time\" content=\"2024-09-11T23:46:04+00:00\" \/>\n<meta property=\"og:image\" content=\"https:\/\/teterete.com\/mx\/wp-content\/uploads\/2024\/02\/individuales-mamey.jpg\" \/>\n\t<meta property=\"og:image:width\" content=\"1080\" \/>\n\t<meta property=\"og:image:height\" content=\"1080\" \/>\n\t<meta property=\"og:image:type\" content=\"image\/jpeg\" \/>\n<meta name=\"twitter:card\" content=\"summary_large_image\" \/>\n<meta name=\"twitter:site\" content=\"@Teterete_Home\" \/>\n<meta name=\"twitter:label1\" content=\"Tiempo de lectura\" \/>\n\t<meta name=\"twitter:data1\" content=\"1 minuto\" \/>\n<script type=\"application\/ld+json\" class=\"yoast-schema-graph\">{\"@context\":\"https:\\\/\\\/schema.org\",\"@graph\":[{\"@type\":\"WebPage\",\"@id\":\"https:\\\/\\\/teterete.com\\\/mx\\\/producto\\\/individuales-mamey\\\/\",\"url\":\"https:\\\/\\\/teterete.com\\\/mx\\\/producto\\\/individuales-mamey\\\/\",\"name\":\"Individuales Xanib Mamey -\",\"isPartOf\":{\"@id\":\"https:\\\/\\\/teterete.com\\\/mx\\\/#website\"},\"primaryImageOfPage\":{\"@id\":\"https:\\\/\\\/teterete.com\\\/mx\\\/producto\\\/individuales-mamey\\\/#primaryimage\"},\"image\":{\"@id\":\"https:\\\/\\\/teterete.com\\\/mx\\\/producto\\\/individuales-mamey\\\/#primaryimage\"},\"thumbnailUrl\":\"https:\\\/\\\/teterete.com\\\/mx\\\/wp-content\\\/uploads\\\/2024\\\/02\\\/individuales-mamey.jpg\",\"datePublished\":\"2024-02-09T00:23:16+00:00\",\"dateModified\":\"2024-09-11T23:46:04+00:00\",\"description\":\"Set de 4 individuales en color mamey tejidos en telar de cintura en Chiapas con detalles decorativos en brocado.\",\"breadcrumb\":{\"@id\":\"https:\\\/\\\/teterete.com\\\/mx\\\/producto\\\/individuales-mamey\\\/#breadcrumb\"},\"inLanguage\":\"es\",\"potentialAction\":[{\"@type\":\"ReadAction\",\"target\":[\"https:\\\/\\\/teterete.com\\\/mx\\\/producto\\\/individuales-mamey\\\/\"]}]},{\"@type\":\"ImageObject\",\"inLanguage\":\"es\",\"@id\":\"https:\\\/\\\/teterete.com\\\/mx\\\/producto\\\/individuales-mamey\\\/#primaryimage\",\"url\":\"https:\\\/\\\/teterete.com\\\/mx\\\/wp-content\\\/uploads\\\/2024\\\/02\\\/individuales-mamey.jpg\",\"contentUrl\":\"https:\\\/\\\/teterete.com\\\/mx\\\/wp-content\\\/uploads\\\/2024\\\/02\\\/individuales-mamey.jpg\",\"width\":1080,\"height\":1080,\"caption\":\"Individuales color Mamey\"},{\"@type\":\"BreadcrumbList\",\"@id\":\"https:\\\/\\\/teterete.com\\\/mx\\\/producto\\\/individuales-mamey\\\/#breadcrumb\",\"itemListElement\":[{\"@type\":\"ListItem\",\"position\":1,\"name\":\"Home\",\"item\":\"https:\\\/\\\/teterete.com\\\/mx\\\/\"},{\"@type\":\"ListItem\",\"position\":2,\"name\":\"Productos\",\"item\":\"https:\\\/\\\/teterete.com\\\/mx\\\/shop\\\/\"},{\"@type\":\"ListItem\",\"position\":3,\"name\":\"Individuales Xanib Mamey\"}]},{\"@type\":\"WebSite\",\"@id\":\"https:\\\/\\\/teterete.com\\\/mx\\\/#website\",\"url\":\"https:\\\/\\\/teterete.com\\\/mx\\\/\",\"name\":\"\",\"description\":\"Tienda en L\u00ednea de Fina Artesanias y Dise\u00f1o Mexicano. Bellas piezas elaboradas a mano por los mejores artesanos del pa\u00eds as\u00ed como piezas de dise\u00f1o y decoraci\u00f3n con inspiraci\u00f3n artesanal.\",\"potentialAction\":[{\"@type\":\"SearchAction\",\"target\":{\"@type\":\"EntryPoint\",\"urlTemplate\":\"https:\\\/\\\/teterete.com\\\/mx\\\/?s={search_term_string}\"},\"query-input\":{\"@type\":\"PropertyValueSpecification\",\"valueRequired\":true,\"valueName\":\"search_term_string\"}}],\"inLanguage\":\"es\"}]}<\/script>\n<!-- \/ Yoast SEO plugin. -->","yoast_head_json":{"title":"Individuales Xanib Mamey -","description":"Set de 4 individuales en color mamey tejidos en telar de cintura en Chiapas con detalles decorativos en brocado.","robots":{"index":"index","follow":"follow","max-snippet":"max-snippet:-1","max-image-preview":"max-image-preview:large","max-video-preview":"max-video-preview:-1"},"canonical":"https:\/\/teterete.com\/mx\/producto\/individuales-mamey\/","og_locale":"es_ES","og_type":"article","og_title":"Individuales Xanib Mamey -","og_description":"Set de 4 individuales en color mamey tejidos en telar de cintura en Chiapas con detalles decorativos en brocado.","og_url":"https:\/\/teterete.com\/mx\/producto\/individuales-mamey\/","article_publisher":"https:\/\/www.facebook.com\/TetereteHome\/","article_modified_time":"2024-09-11T23:46:04+00:00","og_image":[{"width":1080,"height":1080,"url":"https:\/\/teterete.com\/mx\/wp-content\/uploads\/2024\/02\/individuales-mamey.jpg","type":"image\/jpeg"}],"twitter_card":"summary_large_image","twitter_site":"@Teterete_Home","twitter_misc":{"Tiempo de lectura":"1 minuto"},"schema":{"@context":"https:\/\/schema.org","@graph":[{"@type":"WebPage","@id":"https:\/\/teterete.com\/mx\/producto\/individuales-mamey\/","url":"https:\/\/teterete.com\/mx\/producto\/individuales-mamey\/","name":"Individuales Xanib Mamey -","isPartOf":{"@id":"https:\/\/teterete.com\/mx\/#website"},"primaryImageOfPage":{"@id":"https:\/\/teterete.com\/mx\/producto\/individuales-mamey\/#primaryimage"},"image":{"@id":"https:\/\/teterete.com\/mx\/producto\/individuales-mamey\/#primaryimage"},"thumbnailUrl":"https:\/\/teterete.com\/mx\/wp-content\/uploads\/2024\/02\/individuales-mamey.jpg","datePublished":"2024-02-09T00:23:16+00:00","dateModified":"2024-09-11T23:46:04+00:00","description":"Set de 4 individuales en color mamey tejidos en telar de cintura en Chiapas con detalles decorativos en brocado.","breadcrumb":{"@id":"https:\/\/teterete.com\/mx\/producto\/individuales-mamey\/#breadcrumb"},"inLanguage":"es","potentialAction":[{"@type":"ReadAction","target":["https:\/\/teterete.com\/mx\/producto\/individuales-mamey\/"]}]},{"@type":"ImageObject","inLanguage":"es","@id":"https:\/\/teterete.com\/mx\/producto\/individuales-mamey\/#primaryimage","url":"https:\/\/teterete.com\/mx\/wp-content\/uploads\/2024\/02\/individuales-mamey.jpg","contentUrl":"https:\/\/teterete.com\/mx\/wp-content\/uploads\/2024\/02\/individuales-mamey.jpg","width":1080,"height":1080,"caption":"Individuales color Mamey"},{"@type":"BreadcrumbList","@id":"https:\/\/teterete.com\/mx\/producto\/individuales-mamey\/#breadcrumb","itemListElement":[{"@type":"ListItem","position":1,"name":"Home","item":"https:\/\/teterete.com\/mx\/"},{"@type":"ListItem","position":2,"name":"Productos","item":"https:\/\/teterete.com\/mx\/shop\/"},{"@type":"ListItem","position":3,"name":"Individuales Xanib Mamey"}]},{"@type":"WebSite","@id":"https:\/\/teterete.com\/mx\/#website","url":"https:\/\/teterete.com\/mx\/","name":"","description":"Tienda en L\u00ednea de Fina Artesanias y Dise\u00f1o Mexicano. Bellas piezas elaboradas a mano por los mejores artesanos del pa\u00eds as\u00ed como piezas de dise\u00f1o y decoraci\u00f3n con inspiraci\u00f3n artesanal.","potentialAction":[{"@type":"SearchAction","target":{"@type":"EntryPoint","urlTemplate":"https:\/\/teterete.com\/mx\/?s={search_term_string}"},"query-input":{"@type":"PropertyValueSpecification","valueRequired":true,"valueName":"search_term_string"}}],"inLanguage":"es"}]}},"_links":{"self":[{"href":"https:\/\/teterete.com\/mx\/wp-json\/wp\/v2\/product\/11437","targetHints":{"allow":["GET"]}}],"collection":[{"href":"https:\/\/teterete.com\/mx\/wp-json\/wp\/v2\/product"}],"about":[{"href":"https:\/\/teterete.com\/mx\/wp-json\/wp\/v2\/types\/product"}],"replies":[{"embeddable":true,"href":"https:\/\/teterete.com\/mx\/wp-json\/wp\/v2\/comments?post=11437"}],"wp:featuredmedia":[{"embeddable":true,"href":"https:\/\/teterete.com\/mx\/wp-json\/wp\/v2\/media\/11439"}],"wp:attachment":[{"href":"https:\/\/teterete.com\/mx\/wp-json\/wp\/v2\/media?parent=11437"}],"wp:term":[{"taxonomy":"product_brand","embeddable":true,"href":"https:\/\/teterete.com\/mx\/wp-json\/wp\/v2\/product_brand?post=11437"},{"taxonomy":"product_cat","embeddable":true,"href":"https:\/\/teterete.com\/mx\/wp-json\/wp\/v2\/product_cat?post=11437"},{"taxonomy":"product_tag","embeddable":true,"href":"https:\/\/teterete.com\/mx\/wp-json\/wp\/v2\/product_tag?post=11437"}],"curies":[{"name":"wp","href":"https:\/\/api.w.org\/{rel}","templated":true}]}}