{"id":11461,"date":"2024-02-09T15:18:51","date_gmt":"2024-02-09T15:18:51","guid":{"rendered":"https:\/\/teterete.com\/mx\/?post_type=product&#038;p=11461"},"modified":"2024-09-10T00:01:29","modified_gmt":"2024-09-10T00:01:29","slug":"huipil-largo-pechiquil","status":"publish","type":"product","link":"https:\/\/teterete.com\/mx\/producto\/huipil-largo-pechiquil\/","title":{"rendered":"Huipil Largo Pechiquil"},"content":{"rendered":"<p>Dos Tierras es una marca que surge del proyecto de Ayuda a los Artesanos en M\u00e9xico, con el objetivo de unir a artesanos y dise\u00f1adores para crear dise\u00f1os contempor\u00e1neos que se basan en las t\u00e9cnicas tradicionales de diferentes regiones mexicanas, con un enfoque especial en Chiapas y la Pen\u00ednsula de Yucat\u00e1n.<\/p>\n<p>Medida: Unitalla 70 x 130 cms<\/p>\n<p>Color: Negro Crudo<\/p>\n","protected":false},"excerpt":{"rendered":"<p>Huipil bordado a mano por artesanas de Chiapas en telar de cintura en un bello negro con detalles en color crudo.<\/p>\n","protected":false},"featured_media":11462,"comment_status":"open","ping_status":"closed","template":"","meta":{"_acf_changed":false,"sfsi_plus_gutenberg_text_before_share":"","sfsi_plus_gutenberg_show_text_before_share":"","sfsi_plus_gutenberg_icon_type":"","sfsi_plus_gutenberg_icon_alignemt":"","sfsi_plus_gutenburg_max_per_row":""},"product_brand":[],"product_cat":[2435,1263,61,2057,55],"product_tag":[693,2438,1030,1028,223],"class_list":{"0":"post-11461","1":"product","2":"type-product","3":"status-publish","4":"has-post-thumbnail","6":"product_cat-dos-tierras","7":"product_cat-moda-mexicana","8":"product_cat-para_ella","9":"product_cat-regalos-mama","10":"product_cat-ropa_tradicional","11":"product_tag-huipil-de-chiapas","12":"product_tag-huipil-de-telar","13":"product_tag-moda-mexicana","14":"product_tag-ropa-tradicional-mexicana","15":"product_tag-textiles-mexicanos","16":"product_shipping_class-standard","18":"first","19":"instock","20":"taxable","21":"shipping-taxable","22":"purchasable","23":"product-type-simple"},"acf":[],"yoast_head":"<!-- This site is optimized with the Yoast SEO plugin v27.6 - https:\/\/yoast.com\/product\/yoast-seo-wordpress\/ -->\n<title>Huipil Largo Pechiquil -<\/title>\n<meta name=\"description\" content=\"Huipil bordado a mano por artesanas de Chiapas en telar de cintura en un bello gris azulado con detalles en perla.\" \/>\n<meta name=\"robots\" content=\"index, follow, max-snippet:-1, max-image-preview:large, max-video-preview:-1\" \/>\n<link rel=\"canonical\" href=\"https:\/\/teterete.com\/mx\/producto\/huipil-largo-pechiquil\/\" \/>\n<meta property=\"og:locale\" content=\"es_ES\" \/>\n<meta property=\"og:type\" content=\"article\" \/>\n<meta property=\"og:title\" content=\"Huipil Largo Pechiquil -\" \/>\n<meta property=\"og:description\" content=\"Huipil bordado a mano por artesanas de Chiapas en telar de cintura en un bello gris azulado con detalles en perla.\" \/>\n<meta property=\"og:url\" content=\"https:\/\/teterete.com\/mx\/producto\/huipil-largo-pechiquil\/\" \/>\n<meta property=\"article:publisher\" content=\"https:\/\/www.facebook.com\/TetereteHome\/\" \/>\n<meta property=\"article:modified_time\" content=\"2024-09-10T00:01:29+00:00\" \/>\n<meta property=\"og:image\" content=\"https:\/\/teterete.com\/mx\/wp-content\/uploads\/2024\/02\/huipil-largo.jpg\" \/>\n\t<meta property=\"og:image:width\" content=\"1080\" \/>\n\t<meta property=\"og:image:height\" content=\"1080\" \/>\n\t<meta property=\"og:image:type\" content=\"image\/jpeg\" \/>\n<meta name=\"twitter:card\" content=\"summary_large_image\" \/>\n<meta name=\"twitter:site\" content=\"@Teterete_Home\" \/>\n<meta name=\"twitter:label1\" content=\"Tiempo de lectura\" \/>\n\t<meta name=\"twitter:data1\" content=\"1 minuto\" \/>\n<script type=\"application\/ld+json\" class=\"yoast-schema-graph\">{\"@context\":\"https:\\\/\\\/schema.org\",\"@graph\":[{\"@type\":\"WebPage\",\"@id\":\"https:\\\/\\\/teterete.com\\\/mx\\\/producto\\\/huipil-largo-pechiquil\\\/\",\"url\":\"https:\\\/\\\/teterete.com\\\/mx\\\/producto\\\/huipil-largo-pechiquil\\\/\",\"name\":\"Huipil Largo Pechiquil -\",\"isPartOf\":{\"@id\":\"https:\\\/\\\/teterete.com\\\/mx\\\/#website\"},\"primaryImageOfPage\":{\"@id\":\"https:\\\/\\\/teterete.com\\\/mx\\\/producto\\\/huipil-largo-pechiquil\\\/#primaryimage\"},\"image\":{\"@id\":\"https:\\\/\\\/teterete.com\\\/mx\\\/producto\\\/huipil-largo-pechiquil\\\/#primaryimage\"},\"thumbnailUrl\":\"https:\\\/\\\/teterete.com\\\/mx\\\/wp-content\\\/uploads\\\/2024\\\/02\\\/huipil-largo.jpg\",\"datePublished\":\"2024-02-09T15:18:51+00:00\",\"dateModified\":\"2024-09-10T00:01:29+00:00\",\"description\":\"Huipil bordado a mano por artesanas de Chiapas en telar de cintura en un bello gris azulado con detalles en perla.\",\"breadcrumb\":{\"@id\":\"https:\\\/\\\/teterete.com\\\/mx\\\/producto\\\/huipil-largo-pechiquil\\\/#breadcrumb\"},\"inLanguage\":\"es\",\"potentialAction\":[{\"@type\":\"ReadAction\",\"target\":[\"https:\\\/\\\/teterete.com\\\/mx\\\/producto\\\/huipil-largo-pechiquil\\\/\"]}]},{\"@type\":\"ImageObject\",\"inLanguage\":\"es\",\"@id\":\"https:\\\/\\\/teterete.com\\\/mx\\\/producto\\\/huipil-largo-pechiquil\\\/#primaryimage\",\"url\":\"https:\\\/\\\/teterete.com\\\/mx\\\/wp-content\\\/uploads\\\/2024\\\/02\\\/huipil-largo.jpg\",\"contentUrl\":\"https:\\\/\\\/teterete.com\\\/mx\\\/wp-content\\\/uploads\\\/2024\\\/02\\\/huipil-largo.jpg\",\"width\":1080,\"height\":1080,\"caption\":\"Huipil Largo\"},{\"@type\":\"BreadcrumbList\",\"@id\":\"https:\\\/\\\/teterete.com\\\/mx\\\/producto\\\/huipil-largo-pechiquil\\\/#breadcrumb\",\"itemListElement\":[{\"@type\":\"ListItem\",\"position\":1,\"name\":\"Home\",\"item\":\"https:\\\/\\\/teterete.com\\\/mx\\\/\"},{\"@type\":\"ListItem\",\"position\":2,\"name\":\"Productos\",\"item\":\"https:\\\/\\\/teterete.com\\\/mx\\\/shop\\\/\"},{\"@type\":\"ListItem\",\"position\":3,\"name\":\"Huipil Largo Pechiquil\"}]},{\"@type\":\"WebSite\",\"@id\":\"https:\\\/\\\/teterete.com\\\/mx\\\/#website\",\"url\":\"https:\\\/\\\/teterete.com\\\/mx\\\/\",\"name\":\"\",\"description\":\"Tienda en L\u00ednea de Fina Artesanias y Dise\u00f1o Mexicano. Bellas piezas elaboradas a mano por los mejores artesanos del pa\u00eds as\u00ed como piezas de dise\u00f1o y decoraci\u00f3n con inspiraci\u00f3n artesanal.\",\"potentialAction\":[{\"@type\":\"SearchAction\",\"target\":{\"@type\":\"EntryPoint\",\"urlTemplate\":\"https:\\\/\\\/teterete.com\\\/mx\\\/?s={search_term_string}\"},\"query-input\":{\"@type\":\"PropertyValueSpecification\",\"valueRequired\":true,\"valueName\":\"search_term_string\"}}],\"inLanguage\":\"es\"}]}<\/script>\n<!-- \/ Yoast SEO plugin. -->","yoast_head_json":{"title":"Huipil Largo Pechiquil -","description":"Huipil bordado a mano por artesanas de Chiapas en telar de cintura en un bello gris azulado con detalles en perla.","robots":{"index":"index","follow":"follow","max-snippet":"max-snippet:-1","max-image-preview":"max-image-preview:large","max-video-preview":"max-video-preview:-1"},"canonical":"https:\/\/teterete.com\/mx\/producto\/huipil-largo-pechiquil\/","og_locale":"es_ES","og_type":"article","og_title":"Huipil Largo Pechiquil -","og_description":"Huipil bordado a mano por artesanas de Chiapas en telar de cintura en un bello gris azulado con detalles en perla.","og_url":"https:\/\/teterete.com\/mx\/producto\/huipil-largo-pechiquil\/","article_publisher":"https:\/\/www.facebook.com\/TetereteHome\/","article_modified_time":"2024-09-10T00:01:29+00:00","og_image":[{"width":1080,"height":1080,"url":"https:\/\/teterete.com\/mx\/wp-content\/uploads\/2024\/02\/huipil-largo.jpg","type":"image\/jpeg"}],"twitter_card":"summary_large_image","twitter_site":"@Teterete_Home","twitter_misc":{"Tiempo de lectura":"1 minuto"},"schema":{"@context":"https:\/\/schema.org","@graph":[{"@type":"WebPage","@id":"https:\/\/teterete.com\/mx\/producto\/huipil-largo-pechiquil\/","url":"https:\/\/teterete.com\/mx\/producto\/huipil-largo-pechiquil\/","name":"Huipil Largo Pechiquil -","isPartOf":{"@id":"https:\/\/teterete.com\/mx\/#website"},"primaryImageOfPage":{"@id":"https:\/\/teterete.com\/mx\/producto\/huipil-largo-pechiquil\/#primaryimage"},"image":{"@id":"https:\/\/teterete.com\/mx\/producto\/huipil-largo-pechiquil\/#primaryimage"},"thumbnailUrl":"https:\/\/teterete.com\/mx\/wp-content\/uploads\/2024\/02\/huipil-largo.jpg","datePublished":"2024-02-09T15:18:51+00:00","dateModified":"2024-09-10T00:01:29+00:00","description":"Huipil bordado a mano por artesanas de Chiapas en telar de cintura en un bello gris azulado con detalles en perla.","breadcrumb":{"@id":"https:\/\/teterete.com\/mx\/producto\/huipil-largo-pechiquil\/#breadcrumb"},"inLanguage":"es","potentialAction":[{"@type":"ReadAction","target":["https:\/\/teterete.com\/mx\/producto\/huipil-largo-pechiquil\/"]}]},{"@type":"ImageObject","inLanguage":"es","@id":"https:\/\/teterete.com\/mx\/producto\/huipil-largo-pechiquil\/#primaryimage","url":"https:\/\/teterete.com\/mx\/wp-content\/uploads\/2024\/02\/huipil-largo.jpg","contentUrl":"https:\/\/teterete.com\/mx\/wp-content\/uploads\/2024\/02\/huipil-largo.jpg","width":1080,"height":1080,"caption":"Huipil Largo"},{"@type":"BreadcrumbList","@id":"https:\/\/teterete.com\/mx\/producto\/huipil-largo-pechiquil\/#breadcrumb","itemListElement":[{"@type":"ListItem","position":1,"name":"Home","item":"https:\/\/teterete.com\/mx\/"},{"@type":"ListItem","position":2,"name":"Productos","item":"https:\/\/teterete.com\/mx\/shop\/"},{"@type":"ListItem","position":3,"name":"Huipil Largo Pechiquil"}]},{"@type":"WebSite","@id":"https:\/\/teterete.com\/mx\/#website","url":"https:\/\/teterete.com\/mx\/","name":"","description":"Tienda en L\u00ednea de Fina Artesanias y Dise\u00f1o Mexicano. Bellas piezas elaboradas a mano por los mejores artesanos del pa\u00eds as\u00ed como piezas de dise\u00f1o y decoraci\u00f3n con inspiraci\u00f3n artesanal.","potentialAction":[{"@type":"SearchAction","target":{"@type":"EntryPoint","urlTemplate":"https:\/\/teterete.com\/mx\/?s={search_term_string}"},"query-input":{"@type":"PropertyValueSpecification","valueRequired":true,"valueName":"search_term_string"}}],"inLanguage":"es"}]}},"_links":{"self":[{"href":"https:\/\/teterete.com\/mx\/wp-json\/wp\/v2\/product\/11461","targetHints":{"allow":["GET"]}}],"collection":[{"href":"https:\/\/teterete.com\/mx\/wp-json\/wp\/v2\/product"}],"about":[{"href":"https:\/\/teterete.com\/mx\/wp-json\/wp\/v2\/types\/product"}],"replies":[{"embeddable":true,"href":"https:\/\/teterete.com\/mx\/wp-json\/wp\/v2\/comments?post=11461"}],"wp:featuredmedia":[{"embeddable":true,"href":"https:\/\/teterete.com\/mx\/wp-json\/wp\/v2\/media\/11462"}],"wp:attachment":[{"href":"https:\/\/teterete.com\/mx\/wp-json\/wp\/v2\/media?parent=11461"}],"wp:term":[{"taxonomy":"product_brand","embeddable":true,"href":"https:\/\/teterete.com\/mx\/wp-json\/wp\/v2\/product_brand?post=11461"},{"taxonomy":"product_cat","embeddable":true,"href":"https:\/\/teterete.com\/mx\/wp-json\/wp\/v2\/product_cat?post=11461"},{"taxonomy":"product_tag","embeddable":true,"href":"https:\/\/teterete.com\/mx\/wp-json\/wp\/v2\/product_tag?post=11461"}],"curies":[{"name":"wp","href":"https:\/\/api.w.org\/{rel}","templated":true}]}}