{"id":11487,"date":"2024-02-09T18:04:01","date_gmt":"2024-02-09T18:04:01","guid":{"rendered":"https:\/\/teterete.com\/mx\/?post_type=product&#038;p=11487"},"modified":"2024-08-28T23:44:40","modified_gmt":"2024-08-28T23:44:40","slug":"hamaca-artesanal-ensamble","status":"publish","type":"product","link":"https:\/\/teterete.com\/mx\/producto\/hamaca-artesanal-ensamble\/","title":{"rendered":"Hamaca Artesanal Ensamble"},"content":{"rendered":"<p>T\u00e9cnica: Tejido con macram\u00e9 cerrado<\/p>\n<p>Tama\u00f1o: matrimonial<\/p>\n<p>Color: Crudo, Negro o Tinto.<\/p>\n<p>**Incluye par de sogas y bolsa de manta para guardarla.<\/p>\n","protected":false},"excerpt":{"rendered":"<p>Pieza \u00fanica de trabajo artesanal que conserva las formas antiguas de elaboraci\u00f3n de hamacas. Elaborada en algod\u00f3n \u00a0y tejida con orilla de macram\u00e9, conservando una tradici\u00f3n milenaria y dando como resultado estas bellas piezas.<\/p>\n","protected":false},"featured_media":11489,"comment_status":"open","ping_status":"closed","template":"","meta":{"_acf_changed":false,"sfsi_plus_gutenberg_text_before_share":"","sfsi_plus_gutenberg_show_text_before_share":"","sfsi_plus_gutenberg_icon_type":"","sfsi_plus_gutenberg_icon_alignemt":"","sfsi_plus_gutenburg_max_per_row":""},"product_brand":[],"product_cat":[2166,2057,682],"product_tag":[236,232,1413,1414,1412,248,223,1188],"class_list":{"0":"post-11487","1":"product","2":"type-product","3":"status-publish","4":"has-post-thumbnail","6":"product_cat-ensamble-artesano","7":"product_cat-regalos-mama","8":"product_cat-terraza","9":"product_tag-arte-mexicano","10":"product_tag-decoracion-mexicana","11":"product_tag-hamacas-artesanales","12":"product_tag-hamacas-de-yucatan","13":"product_tag-hamacas-mexicanas","14":"product_tag-teterete-artesanias","15":"product_tag-textiles-mexicanos","16":"product_tag-tienda-de-decoracion","17":"product_shipping_class-standard","19":"first","20":"instock","21":"taxable","22":"shipping-taxable","23":"purchasable","24":"product-type-simple"},"acf":[],"yoast_head":"<!-- This site is optimized with the Yoast SEO plugin v27.5 - https:\/\/yoast.com\/product\/yoast-seo-wordpress\/ -->\n<title>Hamaca Artesanal Ensamble -<\/title>\n<meta name=\"description\" content=\"Hermosas hamacas artesanales elaboradas en algod\u00f3n lo que las hace m\u00e1s suaves y bellas.\" \/>\n<meta name=\"robots\" content=\"index, follow, max-snippet:-1, max-image-preview:large, max-video-preview:-1\" \/>\n<link rel=\"canonical\" href=\"https:\/\/teterete.com\/mx\/producto\/hamaca-artesanal-ensamble\/\" \/>\n<meta property=\"og:locale\" content=\"es_ES\" \/>\n<meta property=\"og:type\" content=\"article\" \/>\n<meta property=\"og:title\" content=\"Hamaca Artesanal Ensamble -\" \/>\n<meta property=\"og:description\" content=\"Hermosas hamacas artesanales elaboradas en algod\u00f3n lo que las hace m\u00e1s suaves y bellas.\" \/>\n<meta property=\"og:url\" content=\"https:\/\/teterete.com\/mx\/producto\/hamaca-artesanal-ensamble\/\" \/>\n<meta property=\"article:publisher\" content=\"https:\/\/www.facebook.com\/TetereteHome\/\" \/>\n<meta property=\"article:modified_time\" content=\"2024-08-28T23:44:40+00:00\" \/>\n<meta property=\"og:image\" content=\"https:\/\/teterete.com\/mx\/wp-content\/uploads\/2024\/02\/hamaca-artesanal-ensamble.jpg\" \/>\n\t<meta property=\"og:image:width\" content=\"1080\" \/>\n\t<meta property=\"og:image:height\" content=\"1080\" \/>\n\t<meta property=\"og:image:type\" content=\"image\/jpeg\" \/>\n<meta name=\"twitter:card\" content=\"summary_large_image\" \/>\n<meta name=\"twitter:site\" content=\"@Teterete_Home\" \/>\n<meta name=\"twitter:label1\" content=\"Tiempo de lectura\" \/>\n\t<meta name=\"twitter:data1\" content=\"1 minuto\" \/>\n<script type=\"application\/ld+json\" class=\"yoast-schema-graph\">{\"@context\":\"https:\\\/\\\/schema.org\",\"@graph\":[{\"@type\":\"WebPage\",\"@id\":\"https:\\\/\\\/teterete.com\\\/mx\\\/producto\\\/hamaca-artesanal-ensamble\\\/\",\"url\":\"https:\\\/\\\/teterete.com\\\/mx\\\/producto\\\/hamaca-artesanal-ensamble\\\/\",\"name\":\"Hamaca Artesanal Ensamble -\",\"isPartOf\":{\"@id\":\"https:\\\/\\\/teterete.com\\\/mx\\\/#website\"},\"primaryImageOfPage\":{\"@id\":\"https:\\\/\\\/teterete.com\\\/mx\\\/producto\\\/hamaca-artesanal-ensamble\\\/#primaryimage\"},\"image\":{\"@id\":\"https:\\\/\\\/teterete.com\\\/mx\\\/producto\\\/hamaca-artesanal-ensamble\\\/#primaryimage\"},\"thumbnailUrl\":\"https:\\\/\\\/teterete.com\\\/mx\\\/wp-content\\\/uploads\\\/2024\\\/02\\\/hamaca-artesanal-ensamble.jpg\",\"datePublished\":\"2024-02-09T18:04:01+00:00\",\"dateModified\":\"2024-08-28T23:44:40+00:00\",\"description\":\"Hermosas hamacas artesanales elaboradas en algod\u00f3n lo que las hace m\u00e1s suaves y bellas.\",\"breadcrumb\":{\"@id\":\"https:\\\/\\\/teterete.com\\\/mx\\\/producto\\\/hamaca-artesanal-ensamble\\\/#breadcrumb\"},\"inLanguage\":\"es\",\"potentialAction\":[{\"@type\":\"ReadAction\",\"target\":[\"https:\\\/\\\/teterete.com\\\/mx\\\/producto\\\/hamaca-artesanal-ensamble\\\/\"]}]},{\"@type\":\"ImageObject\",\"inLanguage\":\"es\",\"@id\":\"https:\\\/\\\/teterete.com\\\/mx\\\/producto\\\/hamaca-artesanal-ensamble\\\/#primaryimage\",\"url\":\"https:\\\/\\\/teterete.com\\\/mx\\\/wp-content\\\/uploads\\\/2024\\\/02\\\/hamaca-artesanal-ensamble.jpg\",\"contentUrl\":\"https:\\\/\\\/teterete.com\\\/mx\\\/wp-content\\\/uploads\\\/2024\\\/02\\\/hamaca-artesanal-ensamble.jpg\",\"width\":1080,\"height\":1080,\"caption\":\"Hamaca Artesanal Ensamble\"},{\"@type\":\"BreadcrumbList\",\"@id\":\"https:\\\/\\\/teterete.com\\\/mx\\\/producto\\\/hamaca-artesanal-ensamble\\\/#breadcrumb\",\"itemListElement\":[{\"@type\":\"ListItem\",\"position\":1,\"name\":\"Home\",\"item\":\"https:\\\/\\\/teterete.com\\\/mx\\\/\"},{\"@type\":\"ListItem\",\"position\":2,\"name\":\"Productos\",\"item\":\"https:\\\/\\\/teterete.com\\\/mx\\\/shop\\\/\"},{\"@type\":\"ListItem\",\"position\":3,\"name\":\"Hamaca Artesanal Ensamble\"}]},{\"@type\":\"WebSite\",\"@id\":\"https:\\\/\\\/teterete.com\\\/mx\\\/#website\",\"url\":\"https:\\\/\\\/teterete.com\\\/mx\\\/\",\"name\":\"\",\"description\":\"Tienda en L\u00ednea de Fina Artesanias y Dise\u00f1o Mexicano. Bellas piezas elaboradas a mano por los mejores artesanos del pa\u00eds as\u00ed como piezas de dise\u00f1o y decoraci\u00f3n con inspiraci\u00f3n artesanal.\",\"potentialAction\":[{\"@type\":\"SearchAction\",\"target\":{\"@type\":\"EntryPoint\",\"urlTemplate\":\"https:\\\/\\\/teterete.com\\\/mx\\\/?s={search_term_string}\"},\"query-input\":{\"@type\":\"PropertyValueSpecification\",\"valueRequired\":true,\"valueName\":\"search_term_string\"}}],\"inLanguage\":\"es\"}]}<\/script>\n<!-- \/ Yoast SEO plugin. -->","yoast_head_json":{"title":"Hamaca Artesanal Ensamble -","description":"Hermosas hamacas artesanales elaboradas en algod\u00f3n lo que las hace m\u00e1s suaves y bellas.","robots":{"index":"index","follow":"follow","max-snippet":"max-snippet:-1","max-image-preview":"max-image-preview:large","max-video-preview":"max-video-preview:-1"},"canonical":"https:\/\/teterete.com\/mx\/producto\/hamaca-artesanal-ensamble\/","og_locale":"es_ES","og_type":"article","og_title":"Hamaca Artesanal Ensamble -","og_description":"Hermosas hamacas artesanales elaboradas en algod\u00f3n lo que las hace m\u00e1s suaves y bellas.","og_url":"https:\/\/teterete.com\/mx\/producto\/hamaca-artesanal-ensamble\/","article_publisher":"https:\/\/www.facebook.com\/TetereteHome\/","article_modified_time":"2024-08-28T23:44:40+00:00","og_image":[{"width":1080,"height":1080,"url":"https:\/\/teterete.com\/mx\/wp-content\/uploads\/2024\/02\/hamaca-artesanal-ensamble.jpg","type":"image\/jpeg"}],"twitter_card":"summary_large_image","twitter_site":"@Teterete_Home","twitter_misc":{"Tiempo de lectura":"1 minuto"},"schema":{"@context":"https:\/\/schema.org","@graph":[{"@type":"WebPage","@id":"https:\/\/teterete.com\/mx\/producto\/hamaca-artesanal-ensamble\/","url":"https:\/\/teterete.com\/mx\/producto\/hamaca-artesanal-ensamble\/","name":"Hamaca Artesanal Ensamble -","isPartOf":{"@id":"https:\/\/teterete.com\/mx\/#website"},"primaryImageOfPage":{"@id":"https:\/\/teterete.com\/mx\/producto\/hamaca-artesanal-ensamble\/#primaryimage"},"image":{"@id":"https:\/\/teterete.com\/mx\/producto\/hamaca-artesanal-ensamble\/#primaryimage"},"thumbnailUrl":"https:\/\/teterete.com\/mx\/wp-content\/uploads\/2024\/02\/hamaca-artesanal-ensamble.jpg","datePublished":"2024-02-09T18:04:01+00:00","dateModified":"2024-08-28T23:44:40+00:00","description":"Hermosas hamacas artesanales elaboradas en algod\u00f3n lo que las hace m\u00e1s suaves y bellas.","breadcrumb":{"@id":"https:\/\/teterete.com\/mx\/producto\/hamaca-artesanal-ensamble\/#breadcrumb"},"inLanguage":"es","potentialAction":[{"@type":"ReadAction","target":["https:\/\/teterete.com\/mx\/producto\/hamaca-artesanal-ensamble\/"]}]},{"@type":"ImageObject","inLanguage":"es","@id":"https:\/\/teterete.com\/mx\/producto\/hamaca-artesanal-ensamble\/#primaryimage","url":"https:\/\/teterete.com\/mx\/wp-content\/uploads\/2024\/02\/hamaca-artesanal-ensamble.jpg","contentUrl":"https:\/\/teterete.com\/mx\/wp-content\/uploads\/2024\/02\/hamaca-artesanal-ensamble.jpg","width":1080,"height":1080,"caption":"Hamaca Artesanal Ensamble"},{"@type":"BreadcrumbList","@id":"https:\/\/teterete.com\/mx\/producto\/hamaca-artesanal-ensamble\/#breadcrumb","itemListElement":[{"@type":"ListItem","position":1,"name":"Home","item":"https:\/\/teterete.com\/mx\/"},{"@type":"ListItem","position":2,"name":"Productos","item":"https:\/\/teterete.com\/mx\/shop\/"},{"@type":"ListItem","position":3,"name":"Hamaca Artesanal Ensamble"}]},{"@type":"WebSite","@id":"https:\/\/teterete.com\/mx\/#website","url":"https:\/\/teterete.com\/mx\/","name":"","description":"Tienda en L\u00ednea de Fina Artesanias y Dise\u00f1o Mexicano. Bellas piezas elaboradas a mano por los mejores artesanos del pa\u00eds as\u00ed como piezas de dise\u00f1o y decoraci\u00f3n con inspiraci\u00f3n artesanal.","potentialAction":[{"@type":"SearchAction","target":{"@type":"EntryPoint","urlTemplate":"https:\/\/teterete.com\/mx\/?s={search_term_string}"},"query-input":{"@type":"PropertyValueSpecification","valueRequired":true,"valueName":"search_term_string"}}],"inLanguage":"es"}]}},"_links":{"self":[{"href":"https:\/\/teterete.com\/mx\/wp-json\/wp\/v2\/product\/11487","targetHints":{"allow":["GET"]}}],"collection":[{"href":"https:\/\/teterete.com\/mx\/wp-json\/wp\/v2\/product"}],"about":[{"href":"https:\/\/teterete.com\/mx\/wp-json\/wp\/v2\/types\/product"}],"replies":[{"embeddable":true,"href":"https:\/\/teterete.com\/mx\/wp-json\/wp\/v2\/comments?post=11487"}],"wp:featuredmedia":[{"embeddable":true,"href":"https:\/\/teterete.com\/mx\/wp-json\/wp\/v2\/media\/11489"}],"wp:attachment":[{"href":"https:\/\/teterete.com\/mx\/wp-json\/wp\/v2\/media?parent=11487"}],"wp:term":[{"taxonomy":"product_brand","embeddable":true,"href":"https:\/\/teterete.com\/mx\/wp-json\/wp\/v2\/product_brand?post=11487"},{"taxonomy":"product_cat","embeddable":true,"href":"https:\/\/teterete.com\/mx\/wp-json\/wp\/v2\/product_cat?post=11487"},{"taxonomy":"product_tag","embeddable":true,"href":"https:\/\/teterete.com\/mx\/wp-json\/wp\/v2\/product_tag?post=11487"}],"curies":[{"name":"wp","href":"https:\/\/api.w.org\/{rel}","templated":true}]}}