{"id":11529,"date":"2024-03-30T17:04:24","date_gmt":"2024-03-30T17:04:24","guid":{"rendered":"https:\/\/teterete.com\/mx\/?post_type=product&#038;p=11529"},"modified":"2026-03-24T22:15:42","modified_gmt":"2026-03-24T22:15:42","slug":"bolso-de-palma-hexagonal","status":"publish","type":"product","link":"https:\/\/teterete.com\/mx\/producto\/bolso-de-palma-hexagonal\/","title":{"rendered":"Bolso de Palma Hexagonal"},"content":{"rendered":"<p>Hermosa bolso tejido a mano con palma natural grande con asas en piel natural. Perfecta para\u00a0salida de fin de semana a la playa o picnic o resguardar cosas delicadas en casa.<\/p>\n<p>Tama\u00f1o: 40 cms de ancho por 40 de alto (con asas) y 8 cms de ancho.<\/p>\n","protected":false},"excerpt":{"rendered":"<p>Bolso grande tejido en palma natural con dise\u00f1o en negro elaborada por tejedoras de Oaxaca. Remate de asas en piel natural.<\/p>\n","protected":false},"featured_media":11532,"comment_status":"open","ping_status":"closed","template":"","meta":{"sfsi_plus_gutenberg_text_before_share":"","sfsi_plus_gutenberg_show_text_before_share":"","sfsi_plus_gutenberg_icon_type":"","sfsi_plus_gutenberg_icon_alignemt":"","sfsi_plus_gutenburg_max_per_row":""},"product_cat":[2646,1216,1842,2606,658,683,61,57],"product_tag":[222,256,257,698,245,253,223],"acf":[],"yoast_head":"<!-- This site is optimized with the Yoast SEO plugin v23.5 - https:\/\/yoast.com\/wordpress\/plugins\/seo\/ -->\n<title>Bolso de Palma Hexagonal -<\/title>\n<meta name=\"description\" content=\"Hermoso bolso de palma con dise\u00f1o hexagonal, perfecto para tu fin de semana en la playa o fiestas de primavera en jardines.\" \/>\n<meta name=\"robots\" content=\"index, follow, max-snippet:-1, max-image-preview:large, max-video-preview:-1\" \/>\n<link rel=\"canonical\" href=\"https:\/\/teterete.com\/mx\/producto\/bolso-de-palma-hexagonal\/\" \/>\n<meta property=\"og:locale\" content=\"es_ES\" \/>\n<meta property=\"og:type\" content=\"article\" \/>\n<meta property=\"og:title\" content=\"Bolso de Palma Hexagonal -\" \/>\n<meta property=\"og:description\" content=\"Hermoso bolso de palma con dise\u00f1o hexagonal, perfecto para tu fin de semana en la playa o fiestas de primavera en jardines.\" \/>\n<meta property=\"og:url\" content=\"https:\/\/teterete.com\/mx\/producto\/bolso-de-palma-hexagonal\/\" \/>\n<meta property=\"article:publisher\" content=\"https:\/\/www.facebook.com\/TetereteHome\/\" \/>\n<meta property=\"article:modified_time\" content=\"2026-03-24T22:15:42+00:00\" \/>\n<meta property=\"og:image\" content=\"https:\/\/teterete.com\/mx\/wp-content\/uploads\/2024\/03\/Bolso-Palma-Geometrico.jpeg\" \/>\n\t<meta property=\"og:image:width\" content=\"1280\" \/>\n\t<meta property=\"og:image:height\" content=\"1280\" \/>\n\t<meta property=\"og:image:type\" content=\"image\/jpeg\" \/>\n<meta name=\"twitter:card\" content=\"summary_large_image\" \/>\n<meta name=\"twitter:site\" content=\"@Teterete_Home\" \/>\n<meta name=\"twitter:label1\" content=\"Tiempo de lectura\" \/>\n\t<meta name=\"twitter:data1\" content=\"1 minuto\" \/>\n<script type=\"application\/ld+json\" class=\"yoast-schema-graph\">{\"@context\":\"https:\/\/schema.org\",\"@graph\":[{\"@type\":\"WebPage\",\"@id\":\"https:\/\/teterete.com\/mx\/producto\/bolso-de-palma-hexagonal\/\",\"url\":\"https:\/\/teterete.com\/mx\/producto\/bolso-de-palma-hexagonal\/\",\"name\":\"Bolso de Palma Hexagonal -\",\"isPartOf\":{\"@id\":\"https:\/\/teterete.com\/mx\/#website\"},\"primaryImageOfPage\":{\"@id\":\"https:\/\/teterete.com\/mx\/producto\/bolso-de-palma-hexagonal\/#primaryimage\"},\"image\":{\"@id\":\"https:\/\/teterete.com\/mx\/producto\/bolso-de-palma-hexagonal\/#primaryimage\"},\"thumbnailUrl\":\"https:\/\/teterete.com\/mx\/wp-content\/uploads\/2024\/03\/Bolso-Palma-Geometrico.jpeg\",\"datePublished\":\"2024-03-30T17:04:24+00:00\",\"dateModified\":\"2026-03-24T22:15:42+00:00\",\"description\":\"Hermoso bolso de palma con dise\u00f1o hexagonal, perfecto para tu fin de semana en la playa o fiestas de primavera en jardines.\",\"breadcrumb\":{\"@id\":\"https:\/\/teterete.com\/mx\/producto\/bolso-de-palma-hexagonal\/#breadcrumb\"},\"inLanguage\":\"es\",\"potentialAction\":[{\"@type\":\"ReadAction\",\"target\":[\"https:\/\/teterete.com\/mx\/producto\/bolso-de-palma-hexagonal\/\"]}]},{\"@type\":\"ImageObject\",\"inLanguage\":\"es\",\"@id\":\"https:\/\/teterete.com\/mx\/producto\/bolso-de-palma-hexagonal\/#primaryimage\",\"url\":\"https:\/\/teterete.com\/mx\/wp-content\/uploads\/2024\/03\/Bolso-Palma-Geometrico.jpeg\",\"contentUrl\":\"https:\/\/teterete.com\/mx\/wp-content\/uploads\/2024\/03\/Bolso-Palma-Geometrico.jpeg\",\"width\":1280,\"height\":1280,\"caption\":\"Bolso Palma Geom\u00e9trico\"},{\"@type\":\"BreadcrumbList\",\"@id\":\"https:\/\/teterete.com\/mx\/producto\/bolso-de-palma-hexagonal\/#breadcrumb\",\"itemListElement\":[{\"@type\":\"ListItem\",\"position\":1,\"name\":\"Home\",\"item\":\"https:\/\/teterete.com\/mx\/\"},{\"@type\":\"ListItem\",\"position\":2,\"name\":\"Productos\",\"item\":\"https:\/\/teterete.com\/mx\/shop\/\"},{\"@type\":\"ListItem\",\"position\":3,\"name\":\"Bolso de Palma Hexagonal\"}]},{\"@type\":\"WebSite\",\"@id\":\"https:\/\/teterete.com\/mx\/#website\",\"url\":\"https:\/\/teterete.com\/mx\/\",\"name\":\"\",\"description\":\"Tienda en L\u00ednea de Fina Artesanias y Dise\u00f1o Mexicano. Bellas piezas elaboradas a mano por los mejores artesanos del pa\u00eds as\u00ed como piezas de dise\u00f1o y decoraci\u00f3n con inspiraci\u00f3n artesanal.\",\"potentialAction\":[{\"@type\":\"SearchAction\",\"target\":{\"@type\":\"EntryPoint\",\"urlTemplate\":\"https:\/\/teterete.com\/mx\/?s={search_term_string}\"},\"query-input\":{\"@type\":\"PropertyValueSpecification\",\"valueRequired\":true,\"valueName\":\"search_term_string\"}}],\"inLanguage\":\"es\"}]}<\/script>\n<!-- \/ Yoast SEO plugin. -->","yoast_head_json":{"title":"Bolso de Palma Hexagonal -","description":"Hermoso bolso de palma con dise\u00f1o hexagonal, perfecto para tu fin de semana en la playa o fiestas de primavera en jardines.","robots":{"index":"index","follow":"follow","max-snippet":"max-snippet:-1","max-image-preview":"max-image-preview:large","max-video-preview":"max-video-preview:-1"},"canonical":"https:\/\/teterete.com\/mx\/producto\/bolso-de-palma-hexagonal\/","og_locale":"es_ES","og_type":"article","og_title":"Bolso de Palma Hexagonal -","og_description":"Hermoso bolso de palma con dise\u00f1o hexagonal, perfecto para tu fin de semana en la playa o fiestas de primavera en jardines.","og_url":"https:\/\/teterete.com\/mx\/producto\/bolso-de-palma-hexagonal\/","article_publisher":"https:\/\/www.facebook.com\/TetereteHome\/","article_modified_time":"2026-03-24T22:15:42+00:00","og_image":[{"width":1280,"height":1280,"url":"https:\/\/teterete.com\/mx\/wp-content\/uploads\/2024\/03\/Bolso-Palma-Geometrico.jpeg","type":"image\/jpeg"}],"twitter_card":"summary_large_image","twitter_site":"@Teterete_Home","twitter_misc":{"Tiempo de lectura":"1 minuto"},"schema":{"@context":"https:\/\/schema.org","@graph":[{"@type":"WebPage","@id":"https:\/\/teterete.com\/mx\/producto\/bolso-de-palma-hexagonal\/","url":"https:\/\/teterete.com\/mx\/producto\/bolso-de-palma-hexagonal\/","name":"Bolso de Palma Hexagonal -","isPartOf":{"@id":"https:\/\/teterete.com\/mx\/#website"},"primaryImageOfPage":{"@id":"https:\/\/teterete.com\/mx\/producto\/bolso-de-palma-hexagonal\/#primaryimage"},"image":{"@id":"https:\/\/teterete.com\/mx\/producto\/bolso-de-palma-hexagonal\/#primaryimage"},"thumbnailUrl":"https:\/\/teterete.com\/mx\/wp-content\/uploads\/2024\/03\/Bolso-Palma-Geometrico.jpeg","datePublished":"2024-03-30T17:04:24+00:00","dateModified":"2026-03-24T22:15:42+00:00","description":"Hermoso bolso de palma con dise\u00f1o hexagonal, perfecto para tu fin de semana en la playa o fiestas de primavera en jardines.","breadcrumb":{"@id":"https:\/\/teterete.com\/mx\/producto\/bolso-de-palma-hexagonal\/#breadcrumb"},"inLanguage":"es","potentialAction":[{"@type":"ReadAction","target":["https:\/\/teterete.com\/mx\/producto\/bolso-de-palma-hexagonal\/"]}]},{"@type":"ImageObject","inLanguage":"es","@id":"https:\/\/teterete.com\/mx\/producto\/bolso-de-palma-hexagonal\/#primaryimage","url":"https:\/\/teterete.com\/mx\/wp-content\/uploads\/2024\/03\/Bolso-Palma-Geometrico.jpeg","contentUrl":"https:\/\/teterete.com\/mx\/wp-content\/uploads\/2024\/03\/Bolso-Palma-Geometrico.jpeg","width":1280,"height":1280,"caption":"Bolso Palma Geom\u00e9trico"},{"@type":"BreadcrumbList","@id":"https:\/\/teterete.com\/mx\/producto\/bolso-de-palma-hexagonal\/#breadcrumb","itemListElement":[{"@type":"ListItem","position":1,"name":"Home","item":"https:\/\/teterete.com\/mx\/"},{"@type":"ListItem","position":2,"name":"Productos","item":"https:\/\/teterete.com\/mx\/shop\/"},{"@type":"ListItem","position":3,"name":"Bolso de Palma Hexagonal"}]},{"@type":"WebSite","@id":"https:\/\/teterete.com\/mx\/#website","url":"https:\/\/teterete.com\/mx\/","name":"","description":"Tienda en L\u00ednea de Fina Artesanias y Dise\u00f1o Mexicano. Bellas piezas elaboradas a mano por los mejores artesanos del pa\u00eds as\u00ed como piezas de dise\u00f1o y decoraci\u00f3n con inspiraci\u00f3n artesanal.","potentialAction":[{"@type":"SearchAction","target":{"@type":"EntryPoint","urlTemplate":"https:\/\/teterete.com\/mx\/?s={search_term_string}"},"query-input":{"@type":"PropertyValueSpecification","valueRequired":true,"valueName":"search_term_string"}}],"inLanguage":"es"}]}},"_links":{"self":[{"href":"https:\/\/teterete.com\/mx\/wp-json\/wp\/v2\/product\/11529"}],"collection":[{"href":"https:\/\/teterete.com\/mx\/wp-json\/wp\/v2\/product"}],"about":[{"href":"https:\/\/teterete.com\/mx\/wp-json\/wp\/v2\/types\/product"}],"replies":[{"embeddable":true,"href":"https:\/\/teterete.com\/mx\/wp-json\/wp\/v2\/comments?post=11529"}],"wp:featuredmedia":[{"embeddable":true,"href":"https:\/\/teterete.com\/mx\/wp-json\/wp\/v2\/media\/11532"}],"wp:attachment":[{"href":"https:\/\/teterete.com\/mx\/wp-json\/wp\/v2\/media?parent=11529"}],"wp:term":[{"taxonomy":"product_cat","embeddable":true,"href":"https:\/\/teterete.com\/mx\/wp-json\/wp\/v2\/product_cat?post=11529"},{"taxonomy":"product_tag","embeddable":true,"href":"https:\/\/teterete.com\/mx\/wp-json\/wp\/v2\/product_tag?post=11529"}],"curies":[{"name":"wp","href":"https:\/\/api.w.org\/{rel}","templated":true}]}}