{"id":11540,"date":"2024-04-11T20:27:16","date_gmt":"2024-04-11T20:27:16","guid":{"rendered":"https:\/\/teterete.com\/mx\/?post_type=product&#038;p=11540"},"modified":"2024-08-28T23:43:08","modified_gmt":"2024-08-28T23:43:08","slug":"cojin-chiapas-limas","status":"publish","type":"product","link":"https:\/\/teterete.com\/mx\/producto\/cojin-chiapas-limas\/","title":{"rendered":"Cojin Chiapas Cruz Limas"},"content":{"rendered":"<p>Esta pieza es un coj\u00edn artesanal de Chiapas cuadrado de lino bordado con iconograf\u00eda tradicional de Saclum en Chenalh\u00f3, Chiapas<\/p>\n<p>Cuidados: Para darle un buen cuidado se sugiere lavar en seco, o a mano, sin tallar y con la prenda al rev\u00e9s.<\/p>\n<p>T\u00e9cnica: Bordado<\/p>\n<p>Medidas: 40 x 40<\/p>\n","protected":false},"excerpt":{"rendered":"<p>Elegante cojin artesanal de Chiapas. Las artesanas bordan contando sobre el lino para formar la secuencia de figuras sobre la tela. El patr\u00f3n de bordado combina rombos y cruces que las artesanas ocupan en sus blusas tradicionales.<\/p>\n","protected":false},"featured_media":11542,"comment_status":"open","ping_status":"closed","template":"","meta":{"sfsi_plus_gutenberg_text_before_share":"","sfsi_plus_gutenberg_show_text_before_share":"","sfsi_plus_gutenberg_icon_type":"","sfsi_plus_gutenberg_icon_alignemt":"","sfsi_plus_gutenburg_max_per_row":""},"product_cat":[2166,210,336],"product_tag":[289,517,2440],"acf":[],"yoast_head":"<!-- This site is optimized with the Yoast SEO plugin v23.5 - https:\/\/yoast.com\/wordpress\/plugins\/seo\/ -->\n<title>Cojin Chiapas Cruz Limas -<\/title>\n<meta name=\"description\" content=\"Elegante Cojin Artesanal de Chiapas inspirado en las blusas tradicionales de las artesanas de Chenalh\u00f3 Chiapas\" \/>\n<meta name=\"robots\" content=\"index, follow, max-snippet:-1, max-image-preview:large, max-video-preview:-1\" \/>\n<link rel=\"canonical\" href=\"https:\/\/teterete.com\/mx\/producto\/cojin-chiapas-limas\/\" \/>\n<meta property=\"og:locale\" content=\"es_ES\" \/>\n<meta property=\"og:type\" content=\"article\" \/>\n<meta property=\"og:title\" content=\"Cojin Chiapas Cruz Limas -\" \/>\n<meta property=\"og:description\" content=\"Elegante Cojin Artesanal de Chiapas inspirado en las blusas tradicionales de las artesanas de Chenalh\u00f3 Chiapas\" \/>\n<meta property=\"og:url\" content=\"https:\/\/teterete.com\/mx\/producto\/cojin-chiapas-limas\/\" \/>\n<meta property=\"article:publisher\" content=\"https:\/\/www.facebook.com\/TetereteHome\/\" \/>\n<meta property=\"article:modified_time\" content=\"2024-08-28T23:43:08+00:00\" \/>\n<meta property=\"og:image\" content=\"https:\/\/teterete.com\/mx\/wp-content\/uploads\/2024\/04\/cojin-de-chiapas.png.webp\" \/>\n\t<meta property=\"og:image:width\" content=\"1000\" \/>\n\t<meta property=\"og:image:height\" content=\"1000\" \/>\n\t<meta property=\"og:image:type\" content=\"image\/webp\" \/>\n<meta name=\"twitter:card\" content=\"summary_large_image\" \/>\n<meta name=\"twitter:site\" content=\"@Teterete_Home\" \/>\n<meta name=\"twitter:label1\" content=\"Tiempo de lectura\" \/>\n\t<meta name=\"twitter:data1\" content=\"1 minuto\" \/>\n<script type=\"application\/ld+json\" class=\"yoast-schema-graph\">{\"@context\":\"https:\/\/schema.org\",\"@graph\":[{\"@type\":\"WebPage\",\"@id\":\"https:\/\/teterete.com\/mx\/producto\/cojin-chiapas-limas\/\",\"url\":\"https:\/\/teterete.com\/mx\/producto\/cojin-chiapas-limas\/\",\"name\":\"Cojin Chiapas Cruz Limas -\",\"isPartOf\":{\"@id\":\"https:\/\/teterete.com\/mx\/#website\"},\"primaryImageOfPage\":{\"@id\":\"https:\/\/teterete.com\/mx\/producto\/cojin-chiapas-limas\/#primaryimage\"},\"image\":{\"@id\":\"https:\/\/teterete.com\/mx\/producto\/cojin-chiapas-limas\/#primaryimage\"},\"thumbnailUrl\":\"https:\/\/teterete.com\/mx\/wp-content\/uploads\/2024\/04\/cojin-de-chiapas.png.webp\",\"datePublished\":\"2024-04-11T20:27:16+00:00\",\"dateModified\":\"2024-08-28T23:43:08+00:00\",\"description\":\"Elegante Cojin Artesanal de Chiapas inspirado en las blusas tradicionales de las artesanas de Chenalh\u00f3 Chiapas\",\"breadcrumb\":{\"@id\":\"https:\/\/teterete.com\/mx\/producto\/cojin-chiapas-limas\/#breadcrumb\"},\"inLanguage\":\"es\",\"potentialAction\":[{\"@type\":\"ReadAction\",\"target\":[\"https:\/\/teterete.com\/mx\/producto\/cojin-chiapas-limas\/\"]}]},{\"@type\":\"ImageObject\",\"inLanguage\":\"es\",\"@id\":\"https:\/\/teterete.com\/mx\/producto\/cojin-chiapas-limas\/#primaryimage\",\"url\":\"https:\/\/teterete.com\/mx\/wp-content\/uploads\/2024\/04\/cojin-de-chiapas.png.webp\",\"contentUrl\":\"https:\/\/teterete.com\/mx\/wp-content\/uploads\/2024\/04\/cojin-de-chiapas.png.webp\",\"width\":1000,\"height\":1000},{\"@type\":\"BreadcrumbList\",\"@id\":\"https:\/\/teterete.com\/mx\/producto\/cojin-chiapas-limas\/#breadcrumb\",\"itemListElement\":[{\"@type\":\"ListItem\",\"position\":1,\"name\":\"Home\",\"item\":\"https:\/\/teterete.com\/mx\/\"},{\"@type\":\"ListItem\",\"position\":2,\"name\":\"Productos\",\"item\":\"https:\/\/teterete.com\/mx\/shop\/\"},{\"@type\":\"ListItem\",\"position\":3,\"name\":\"Cojin Chiapas Cruz Limas\"}]},{\"@type\":\"WebSite\",\"@id\":\"https:\/\/teterete.com\/mx\/#website\",\"url\":\"https:\/\/teterete.com\/mx\/\",\"name\":\"\",\"description\":\"Tienda en L\u00ednea de Fina Artesanias y Dise\u00f1o Mexicano. Bellas piezas elaboradas a mano por los mejores artesanos del pa\u00eds as\u00ed como piezas de dise\u00f1o y decoraci\u00f3n con inspiraci\u00f3n artesanal.\",\"potentialAction\":[{\"@type\":\"SearchAction\",\"target\":{\"@type\":\"EntryPoint\",\"urlTemplate\":\"https:\/\/teterete.com\/mx\/?s={search_term_string}\"},\"query-input\":{\"@type\":\"PropertyValueSpecification\",\"valueRequired\":true,\"valueName\":\"search_term_string\"}}],\"inLanguage\":\"es\"}]}<\/script>\n<!-- \/ Yoast SEO plugin. -->","yoast_head_json":{"title":"Cojin Chiapas Cruz Limas -","description":"Elegante Cojin Artesanal de Chiapas inspirado en las blusas tradicionales de las artesanas de Chenalh\u00f3 Chiapas","robots":{"index":"index","follow":"follow","max-snippet":"max-snippet:-1","max-image-preview":"max-image-preview:large","max-video-preview":"max-video-preview:-1"},"canonical":"https:\/\/teterete.com\/mx\/producto\/cojin-chiapas-limas\/","og_locale":"es_ES","og_type":"article","og_title":"Cojin Chiapas Cruz Limas -","og_description":"Elegante Cojin Artesanal de Chiapas inspirado en las blusas tradicionales de las artesanas de Chenalh\u00f3 Chiapas","og_url":"https:\/\/teterete.com\/mx\/producto\/cojin-chiapas-limas\/","article_publisher":"https:\/\/www.facebook.com\/TetereteHome\/","article_modified_time":"2024-08-28T23:43:08+00:00","og_image":[{"width":1000,"height":1000,"url":"https:\/\/teterete.com\/mx\/wp-content\/uploads\/2024\/04\/cojin-de-chiapas.png.webp","type":"image\/webp"}],"twitter_card":"summary_large_image","twitter_site":"@Teterete_Home","twitter_misc":{"Tiempo de lectura":"1 minuto"},"schema":{"@context":"https:\/\/schema.org","@graph":[{"@type":"WebPage","@id":"https:\/\/teterete.com\/mx\/producto\/cojin-chiapas-limas\/","url":"https:\/\/teterete.com\/mx\/producto\/cojin-chiapas-limas\/","name":"Cojin Chiapas Cruz Limas -","isPartOf":{"@id":"https:\/\/teterete.com\/mx\/#website"},"primaryImageOfPage":{"@id":"https:\/\/teterete.com\/mx\/producto\/cojin-chiapas-limas\/#primaryimage"},"image":{"@id":"https:\/\/teterete.com\/mx\/producto\/cojin-chiapas-limas\/#primaryimage"},"thumbnailUrl":"https:\/\/teterete.com\/mx\/wp-content\/uploads\/2024\/04\/cojin-de-chiapas.png.webp","datePublished":"2024-04-11T20:27:16+00:00","dateModified":"2024-08-28T23:43:08+00:00","description":"Elegante Cojin Artesanal de Chiapas inspirado en las blusas tradicionales de las artesanas de Chenalh\u00f3 Chiapas","breadcrumb":{"@id":"https:\/\/teterete.com\/mx\/producto\/cojin-chiapas-limas\/#breadcrumb"},"inLanguage":"es","potentialAction":[{"@type":"ReadAction","target":["https:\/\/teterete.com\/mx\/producto\/cojin-chiapas-limas\/"]}]},{"@type":"ImageObject","inLanguage":"es","@id":"https:\/\/teterete.com\/mx\/producto\/cojin-chiapas-limas\/#primaryimage","url":"https:\/\/teterete.com\/mx\/wp-content\/uploads\/2024\/04\/cojin-de-chiapas.png.webp","contentUrl":"https:\/\/teterete.com\/mx\/wp-content\/uploads\/2024\/04\/cojin-de-chiapas.png.webp","width":1000,"height":1000},{"@type":"BreadcrumbList","@id":"https:\/\/teterete.com\/mx\/producto\/cojin-chiapas-limas\/#breadcrumb","itemListElement":[{"@type":"ListItem","position":1,"name":"Home","item":"https:\/\/teterete.com\/mx\/"},{"@type":"ListItem","position":2,"name":"Productos","item":"https:\/\/teterete.com\/mx\/shop\/"},{"@type":"ListItem","position":3,"name":"Cojin Chiapas Cruz Limas"}]},{"@type":"WebSite","@id":"https:\/\/teterete.com\/mx\/#website","url":"https:\/\/teterete.com\/mx\/","name":"","description":"Tienda en L\u00ednea de Fina Artesanias y Dise\u00f1o Mexicano. Bellas piezas elaboradas a mano por los mejores artesanos del pa\u00eds as\u00ed como piezas de dise\u00f1o y decoraci\u00f3n con inspiraci\u00f3n artesanal.","potentialAction":[{"@type":"SearchAction","target":{"@type":"EntryPoint","urlTemplate":"https:\/\/teterete.com\/mx\/?s={search_term_string}"},"query-input":{"@type":"PropertyValueSpecification","valueRequired":true,"valueName":"search_term_string"}}],"inLanguage":"es"}]}},"_links":{"self":[{"href":"https:\/\/teterete.com\/mx\/wp-json\/wp\/v2\/product\/11540"}],"collection":[{"href":"https:\/\/teterete.com\/mx\/wp-json\/wp\/v2\/product"}],"about":[{"href":"https:\/\/teterete.com\/mx\/wp-json\/wp\/v2\/types\/product"}],"replies":[{"embeddable":true,"href":"https:\/\/teterete.com\/mx\/wp-json\/wp\/v2\/comments?post=11540"}],"wp:featuredmedia":[{"embeddable":true,"href":"https:\/\/teterete.com\/mx\/wp-json\/wp\/v2\/media\/11542"}],"wp:attachment":[{"href":"https:\/\/teterete.com\/mx\/wp-json\/wp\/v2\/media?parent=11540"}],"wp:term":[{"taxonomy":"product_cat","embeddable":true,"href":"https:\/\/teterete.com\/mx\/wp-json\/wp\/v2\/product_cat?post=11540"},{"taxonomy":"product_tag","embeddable":true,"href":"https:\/\/teterete.com\/mx\/wp-json\/wp\/v2\/product_tag?post=11540"}],"curies":[{"name":"wp","href":"https:\/\/api.w.org\/{rel}","templated":true}]}}