{"id":11550,"date":"2024-04-11T22:01:56","date_gmt":"2024-04-11T22:01:56","guid":{"rendered":"https:\/\/teterete.com\/mx\/?post_type=product&#038;p=11550"},"modified":"2024-08-28T23:41:16","modified_gmt":"2024-08-28T23:41:16","slug":"funda-artesanal-triangulo","status":"publish","type":"product","link":"https:\/\/teterete.com\/mx\/producto\/funda-artesanal-triangulo\/","title":{"rendered":"Funda Artesanal Tri\u00e1ngulo"},"content":{"rendered":"<p>Esta funda artesanal cuadrada de lino bordado con dise\u00f1o de Manuel Vargas<\/p>\n<p>Cuidados: Para darle un buen cuidado se sugiere lavar en seco, o a mano, sin tallar y con la prenda al rev\u00e9s.<\/p>\n<p>T\u00e9cnica: Bordado<\/p>\n<p>Medidas: 60 x 60<\/p>\n","protected":false},"excerpt":{"rendered":"<p>Coj\u00edn artesanal realizado en telar de cintura brocado, dise\u00f1o inspirado en ilustraciones donadas para esta edici\u00f3n de Ensamble Artesano por el artista Manuel Vargas.<\/p>\n","protected":false},"featured_media":11551,"comment_status":"open","ping_status":"closed","template":"","meta":{"sfsi_plus_gutenberg_text_before_share":"","sfsi_plus_gutenberg_show_text_before_share":"","sfsi_plus_gutenberg_icon_type":"","sfsi_plus_gutenberg_icon_alignemt":"","sfsi_plus_gutenburg_max_per_row":""},"product_cat":[2166,210,336],"product_tag":[289,517,2440],"acf":[],"yoast_head":"<!-- This site is optimized with the Yoast SEO plugin v23.5 - https:\/\/yoast.com\/wordpress\/plugins\/seo\/ -->\n<title>Funda Artesanal Tri\u00e1ngulo -<\/title>\n<meta name=\"description\" content=\"Funda Artesanal de Chiapas con dise\u00f1o del artista Manuel Vargas\" \/>\n<meta name=\"robots\" content=\"index, follow, max-snippet:-1, max-image-preview:large, max-video-preview:-1\" \/>\n<link rel=\"canonical\" href=\"https:\/\/teterete.com\/mx\/producto\/funda-artesanal-triangulo\/\" \/>\n<meta property=\"og:locale\" content=\"es_ES\" \/>\n<meta property=\"og:type\" content=\"article\" \/>\n<meta property=\"og:title\" content=\"Funda Artesanal Tri\u00e1ngulo -\" \/>\n<meta property=\"og:description\" content=\"Funda Artesanal de Chiapas con dise\u00f1o del artista Manuel Vargas\" \/>\n<meta property=\"og:url\" content=\"https:\/\/teterete.com\/mx\/producto\/funda-artesanal-triangulo\/\" \/>\n<meta property=\"article:publisher\" content=\"https:\/\/www.facebook.com\/TetereteHome\/\" \/>\n<meta property=\"article:modified_time\" content=\"2024-08-28T23:41:16+00:00\" \/>\n<meta property=\"og:image\" content=\"https:\/\/teterete.com\/mx\/wp-content\/uploads\/2024\/04\/funda-artesanal-triangulo.jpg.webp\" \/>\n\t<meta property=\"og:image:width\" content=\"1000\" \/>\n\t<meta property=\"og:image:height\" content=\"1000\" \/>\n\t<meta property=\"og:image:type\" content=\"image\/webp\" \/>\n<meta name=\"twitter:card\" content=\"summary_large_image\" \/>\n<meta name=\"twitter:site\" content=\"@Teterete_Home\" \/>\n<meta name=\"twitter:label1\" content=\"Tiempo de lectura\" \/>\n\t<meta name=\"twitter:data1\" content=\"1 minuto\" \/>\n<script type=\"application\/ld+json\" class=\"yoast-schema-graph\">{\"@context\":\"https:\/\/schema.org\",\"@graph\":[{\"@type\":\"WebPage\",\"@id\":\"https:\/\/teterete.com\/mx\/producto\/funda-artesanal-triangulo\/\",\"url\":\"https:\/\/teterete.com\/mx\/producto\/funda-artesanal-triangulo\/\",\"name\":\"Funda Artesanal Tri\u00e1ngulo -\",\"isPartOf\":{\"@id\":\"https:\/\/teterete.com\/mx\/#website\"},\"primaryImageOfPage\":{\"@id\":\"https:\/\/teterete.com\/mx\/producto\/funda-artesanal-triangulo\/#primaryimage\"},\"image\":{\"@id\":\"https:\/\/teterete.com\/mx\/producto\/funda-artesanal-triangulo\/#primaryimage\"},\"thumbnailUrl\":\"https:\/\/teterete.com\/mx\/wp-content\/uploads\/2024\/04\/funda-artesanal-triangulo.jpg.webp\",\"datePublished\":\"2024-04-11T22:01:56+00:00\",\"dateModified\":\"2024-08-28T23:41:16+00:00\",\"description\":\"Funda Artesanal de Chiapas con dise\u00f1o del artista Manuel Vargas\",\"breadcrumb\":{\"@id\":\"https:\/\/teterete.com\/mx\/producto\/funda-artesanal-triangulo\/#breadcrumb\"},\"inLanguage\":\"es\",\"potentialAction\":[{\"@type\":\"ReadAction\",\"target\":[\"https:\/\/teterete.com\/mx\/producto\/funda-artesanal-triangulo\/\"]}]},{\"@type\":\"ImageObject\",\"inLanguage\":\"es\",\"@id\":\"https:\/\/teterete.com\/mx\/producto\/funda-artesanal-triangulo\/#primaryimage\",\"url\":\"https:\/\/teterete.com\/mx\/wp-content\/uploads\/2024\/04\/funda-artesanal-triangulo.jpg.webp\",\"contentUrl\":\"https:\/\/teterete.com\/mx\/wp-content\/uploads\/2024\/04\/funda-artesanal-triangulo.jpg.webp\",\"width\":1000,\"height\":1000,\"caption\":\"Funda Artesanal Chiapas\"},{\"@type\":\"BreadcrumbList\",\"@id\":\"https:\/\/teterete.com\/mx\/producto\/funda-artesanal-triangulo\/#breadcrumb\",\"itemListElement\":[{\"@type\":\"ListItem\",\"position\":1,\"name\":\"Home\",\"item\":\"https:\/\/teterete.com\/mx\/\"},{\"@type\":\"ListItem\",\"position\":2,\"name\":\"Productos\",\"item\":\"https:\/\/teterete.com\/mx\/shop\/\"},{\"@type\":\"ListItem\",\"position\":3,\"name\":\"Funda Artesanal Tri\u00e1ngulo\"}]},{\"@type\":\"WebSite\",\"@id\":\"https:\/\/teterete.com\/mx\/#website\",\"url\":\"https:\/\/teterete.com\/mx\/\",\"name\":\"\",\"description\":\"Tienda en L\u00ednea de Fina Artesanias y Dise\u00f1o Mexicano. Bellas piezas elaboradas a mano por los mejores artesanos del pa\u00eds as\u00ed como piezas de dise\u00f1o y decoraci\u00f3n con inspiraci\u00f3n artesanal.\",\"potentialAction\":[{\"@type\":\"SearchAction\",\"target\":{\"@type\":\"EntryPoint\",\"urlTemplate\":\"https:\/\/teterete.com\/mx\/?s={search_term_string}\"},\"query-input\":{\"@type\":\"PropertyValueSpecification\",\"valueRequired\":true,\"valueName\":\"search_term_string\"}}],\"inLanguage\":\"es\"}]}<\/script>\n<!-- \/ Yoast SEO plugin. -->","yoast_head_json":{"title":"Funda Artesanal Tri\u00e1ngulo -","description":"Funda Artesanal de Chiapas con dise\u00f1o del artista Manuel Vargas","robots":{"index":"index","follow":"follow","max-snippet":"max-snippet:-1","max-image-preview":"max-image-preview:large","max-video-preview":"max-video-preview:-1"},"canonical":"https:\/\/teterete.com\/mx\/producto\/funda-artesanal-triangulo\/","og_locale":"es_ES","og_type":"article","og_title":"Funda Artesanal Tri\u00e1ngulo -","og_description":"Funda Artesanal de Chiapas con dise\u00f1o del artista Manuel Vargas","og_url":"https:\/\/teterete.com\/mx\/producto\/funda-artesanal-triangulo\/","article_publisher":"https:\/\/www.facebook.com\/TetereteHome\/","article_modified_time":"2024-08-28T23:41:16+00:00","og_image":[{"width":1000,"height":1000,"url":"https:\/\/teterete.com\/mx\/wp-content\/uploads\/2024\/04\/funda-artesanal-triangulo.jpg.webp","type":"image\/webp"}],"twitter_card":"summary_large_image","twitter_site":"@Teterete_Home","twitter_misc":{"Tiempo de lectura":"1 minuto"},"schema":{"@context":"https:\/\/schema.org","@graph":[{"@type":"WebPage","@id":"https:\/\/teterete.com\/mx\/producto\/funda-artesanal-triangulo\/","url":"https:\/\/teterete.com\/mx\/producto\/funda-artesanal-triangulo\/","name":"Funda Artesanal Tri\u00e1ngulo -","isPartOf":{"@id":"https:\/\/teterete.com\/mx\/#website"},"primaryImageOfPage":{"@id":"https:\/\/teterete.com\/mx\/producto\/funda-artesanal-triangulo\/#primaryimage"},"image":{"@id":"https:\/\/teterete.com\/mx\/producto\/funda-artesanal-triangulo\/#primaryimage"},"thumbnailUrl":"https:\/\/teterete.com\/mx\/wp-content\/uploads\/2024\/04\/funda-artesanal-triangulo.jpg.webp","datePublished":"2024-04-11T22:01:56+00:00","dateModified":"2024-08-28T23:41:16+00:00","description":"Funda Artesanal de Chiapas con dise\u00f1o del artista Manuel Vargas","breadcrumb":{"@id":"https:\/\/teterete.com\/mx\/producto\/funda-artesanal-triangulo\/#breadcrumb"},"inLanguage":"es","potentialAction":[{"@type":"ReadAction","target":["https:\/\/teterete.com\/mx\/producto\/funda-artesanal-triangulo\/"]}]},{"@type":"ImageObject","inLanguage":"es","@id":"https:\/\/teterete.com\/mx\/producto\/funda-artesanal-triangulo\/#primaryimage","url":"https:\/\/teterete.com\/mx\/wp-content\/uploads\/2024\/04\/funda-artesanal-triangulo.jpg.webp","contentUrl":"https:\/\/teterete.com\/mx\/wp-content\/uploads\/2024\/04\/funda-artesanal-triangulo.jpg.webp","width":1000,"height":1000,"caption":"Funda Artesanal Chiapas"},{"@type":"BreadcrumbList","@id":"https:\/\/teterete.com\/mx\/producto\/funda-artesanal-triangulo\/#breadcrumb","itemListElement":[{"@type":"ListItem","position":1,"name":"Home","item":"https:\/\/teterete.com\/mx\/"},{"@type":"ListItem","position":2,"name":"Productos","item":"https:\/\/teterete.com\/mx\/shop\/"},{"@type":"ListItem","position":3,"name":"Funda Artesanal Tri\u00e1ngulo"}]},{"@type":"WebSite","@id":"https:\/\/teterete.com\/mx\/#website","url":"https:\/\/teterete.com\/mx\/","name":"","description":"Tienda en L\u00ednea de Fina Artesanias y Dise\u00f1o Mexicano. Bellas piezas elaboradas a mano por los mejores artesanos del pa\u00eds as\u00ed como piezas de dise\u00f1o y decoraci\u00f3n con inspiraci\u00f3n artesanal.","potentialAction":[{"@type":"SearchAction","target":{"@type":"EntryPoint","urlTemplate":"https:\/\/teterete.com\/mx\/?s={search_term_string}"},"query-input":{"@type":"PropertyValueSpecification","valueRequired":true,"valueName":"search_term_string"}}],"inLanguage":"es"}]}},"_links":{"self":[{"href":"https:\/\/teterete.com\/mx\/wp-json\/wp\/v2\/product\/11550"}],"collection":[{"href":"https:\/\/teterete.com\/mx\/wp-json\/wp\/v2\/product"}],"about":[{"href":"https:\/\/teterete.com\/mx\/wp-json\/wp\/v2\/types\/product"}],"replies":[{"embeddable":true,"href":"https:\/\/teterete.com\/mx\/wp-json\/wp\/v2\/comments?post=11550"}],"wp:featuredmedia":[{"embeddable":true,"href":"https:\/\/teterete.com\/mx\/wp-json\/wp\/v2\/media\/11551"}],"wp:attachment":[{"href":"https:\/\/teterete.com\/mx\/wp-json\/wp\/v2\/media?parent=11550"}],"wp:term":[{"taxonomy":"product_cat","embeddable":true,"href":"https:\/\/teterete.com\/mx\/wp-json\/wp\/v2\/product_cat?post=11550"},{"taxonomy":"product_tag","embeddable":true,"href":"https:\/\/teterete.com\/mx\/wp-json\/wp\/v2\/product_tag?post=11550"}],"curies":[{"name":"wp","href":"https:\/\/api.w.org\/{rel}","templated":true}]}}