{"id":11624,"date":"2024-04-27T14:49:33","date_gmt":"2024-04-27T14:49:33","guid":{"rendered":"https:\/\/teterete.com\/mx\/?post_type=product&#038;p=11624"},"modified":"2025-10-19T23:31:04","modified_gmt":"2025-10-19T23:31:04","slug":"salero-ceramica","status":"publish","type":"product","link":"https:\/\/teterete.com\/mx\/producto\/salero-ceramica\/","title":{"rendered":"Salero Cer\u00e1mica con Rattan"},"content":{"rendered":"<p>Salero de cer\u00e1mica color negro con base de rat\u00e1n hecho a mano.<\/p>\n<p>Medidas: 6 x 4 cm.<\/p>\n","protected":false},"excerpt":{"rendered":"<p>Original pieza artesanal para usar en tu mesa como salero en cer\u00e1mica negra con un toque de rat\u00f3n hecho a mano.<\/p>\n","protected":false},"featured_media":11623,"comment_status":"open","ping_status":"closed","template":"","meta":{"_acf_changed":false,"sfsi_plus_gutenberg_text_before_share":"","sfsi_plus_gutenberg_show_text_before_share":"","sfsi_plus_gutenberg_icon_type":"","sfsi_plus_gutenberg_icon_alignemt":"","sfsi_plus_gutenburg_max_per_row":""},"product_brand":[],"product_cat":[15,995,346,338],"product_tag":[2454,232,2452,2453,2455],"class_list":{"0":"post-11624","1":"product","2":"type-product","3":"status-publish","4":"has-post-thumbnail","6":"product_cat-ceramica","7":"product_cat-musgo","8":"product_cat-servicio-de-mesa","9":"product_cat-utensilio","10":"product_tag-ceramica-artesanal","11":"product_tag-decoracion-mexicana","12":"product_tag-salero-artesanal","13":"product_tag-saleros","14":"product_tag-saleros-restaurante","15":"product_shipping_class-fast-delivery","17":"first","18":"instock","19":"taxable","20":"shipping-taxable","21":"purchasable","22":"product-type-simple"},"acf":[],"yoast_head":"<!-- This site is optimized with the Yoast SEO plugin v27.5 - https:\/\/yoast.com\/product\/yoast-seo-wordpress\/ -->\n<title>Salero Cer\u00e1mica con Rattan -<\/title>\n<meta name=\"description\" content=\"Original pieza artesanal para usar en tu mesa como salero en cer\u00e1mica negra con un toque de rat\u00f3n hecho a mano.\u00a0\" \/>\n<meta name=\"robots\" content=\"index, follow, max-snippet:-1, max-image-preview:large, max-video-preview:-1\" \/>\n<link rel=\"canonical\" href=\"https:\/\/teterete.com\/mx\/producto\/salero-ceramica\/\" \/>\n<meta property=\"og:locale\" content=\"es_ES\" \/>\n<meta property=\"og:type\" content=\"article\" \/>\n<meta property=\"og:title\" content=\"Salero Cer\u00e1mica con Rattan -\" \/>\n<meta property=\"og:description\" content=\"Original pieza artesanal para usar en tu mesa como salero en cer\u00e1mica negra con un toque de rat\u00f3n hecho a mano.\u00a0\" \/>\n<meta property=\"og:url\" content=\"https:\/\/teterete.com\/mx\/producto\/salero-ceramica\/\" \/>\n<meta property=\"article:publisher\" content=\"https:\/\/www.facebook.com\/TetereteHome\/\" \/>\n<meta property=\"article:modified_time\" content=\"2025-10-19T23:31:04+00:00\" \/>\n<meta property=\"og:image\" content=\"https:\/\/teterete.com\/mx\/wp-content\/uploads\/2024\/04\/Salero-Ceramica-02.webp\" \/>\n\t<meta property=\"og:image:width\" content=\"900\" \/>\n\t<meta property=\"og:image:height\" content=\"900\" \/>\n\t<meta property=\"og:image:type\" content=\"image\/webp\" \/>\n<meta name=\"twitter:card\" content=\"summary_large_image\" \/>\n<meta name=\"twitter:site\" content=\"@Teterete_Home\" \/>\n<meta name=\"twitter:label1\" content=\"Tiempo de lectura\" \/>\n\t<meta name=\"twitter:data1\" content=\"1 minuto\" \/>\n<script type=\"application\/ld+json\" class=\"yoast-schema-graph\">{\"@context\":\"https:\\\/\\\/schema.org\",\"@graph\":[{\"@type\":\"WebPage\",\"@id\":\"https:\\\/\\\/teterete.com\\\/mx\\\/producto\\\/salero-ceramica\\\/\",\"url\":\"https:\\\/\\\/teterete.com\\\/mx\\\/producto\\\/salero-ceramica\\\/\",\"name\":\"Salero Cer\u00e1mica con Rattan -\",\"isPartOf\":{\"@id\":\"https:\\\/\\\/teterete.com\\\/mx\\\/#website\"},\"primaryImageOfPage\":{\"@id\":\"https:\\\/\\\/teterete.com\\\/mx\\\/producto\\\/salero-ceramica\\\/#primaryimage\"},\"image\":{\"@id\":\"https:\\\/\\\/teterete.com\\\/mx\\\/producto\\\/salero-ceramica\\\/#primaryimage\"},\"thumbnailUrl\":\"https:\\\/\\\/teterete.com\\\/mx\\\/wp-content\\\/uploads\\\/2024\\\/04\\\/Salero-Ceramica-02.webp\",\"datePublished\":\"2024-04-27T14:49:33+00:00\",\"dateModified\":\"2025-10-19T23:31:04+00:00\",\"description\":\"Original pieza artesanal para usar en tu mesa como salero en cer\u00e1mica negra con un toque de rat\u00f3n hecho a mano.\u00a0\",\"breadcrumb\":{\"@id\":\"https:\\\/\\\/teterete.com\\\/mx\\\/producto\\\/salero-ceramica\\\/#breadcrumb\"},\"inLanguage\":\"es\",\"potentialAction\":[{\"@type\":\"ReadAction\",\"target\":[\"https:\\\/\\\/teterete.com\\\/mx\\\/producto\\\/salero-ceramica\\\/\"]}]},{\"@type\":\"ImageObject\",\"inLanguage\":\"es\",\"@id\":\"https:\\\/\\\/teterete.com\\\/mx\\\/producto\\\/salero-ceramica\\\/#primaryimage\",\"url\":\"https:\\\/\\\/teterete.com\\\/mx\\\/wp-content\\\/uploads\\\/2024\\\/04\\\/Salero-Ceramica-02.webp\",\"contentUrl\":\"https:\\\/\\\/teterete.com\\\/mx\\\/wp-content\\\/uploads\\\/2024\\\/04\\\/Salero-Ceramica-02.webp\",\"width\":900,\"height\":900,\"caption\":\"Salero Cer\u00e1mica\"},{\"@type\":\"BreadcrumbList\",\"@id\":\"https:\\\/\\\/teterete.com\\\/mx\\\/producto\\\/salero-ceramica\\\/#breadcrumb\",\"itemListElement\":[{\"@type\":\"ListItem\",\"position\":1,\"name\":\"Home\",\"item\":\"https:\\\/\\\/teterete.com\\\/mx\\\/\"},{\"@type\":\"ListItem\",\"position\":2,\"name\":\"Productos\",\"item\":\"https:\\\/\\\/teterete.com\\\/mx\\\/shop\\\/\"},{\"@type\":\"ListItem\",\"position\":3,\"name\":\"Salero Cer\u00e1mica con Rattan\"}]},{\"@type\":\"WebSite\",\"@id\":\"https:\\\/\\\/teterete.com\\\/mx\\\/#website\",\"url\":\"https:\\\/\\\/teterete.com\\\/mx\\\/\",\"name\":\"\",\"description\":\"Tienda en L\u00ednea de Fina Artesanias y Dise\u00f1o Mexicano. Bellas piezas elaboradas a mano por los mejores artesanos del pa\u00eds as\u00ed como piezas de dise\u00f1o y decoraci\u00f3n con inspiraci\u00f3n artesanal.\",\"potentialAction\":[{\"@type\":\"SearchAction\",\"target\":{\"@type\":\"EntryPoint\",\"urlTemplate\":\"https:\\\/\\\/teterete.com\\\/mx\\\/?s={search_term_string}\"},\"query-input\":{\"@type\":\"PropertyValueSpecification\",\"valueRequired\":true,\"valueName\":\"search_term_string\"}}],\"inLanguage\":\"es\"}]}<\/script>\n<!-- \/ Yoast SEO plugin. -->","yoast_head_json":{"title":"Salero Cer\u00e1mica con Rattan -","description":"Original pieza artesanal para usar en tu mesa como salero en cer\u00e1mica negra con un toque de rat\u00f3n hecho a mano.\u00a0","robots":{"index":"index","follow":"follow","max-snippet":"max-snippet:-1","max-image-preview":"max-image-preview:large","max-video-preview":"max-video-preview:-1"},"canonical":"https:\/\/teterete.com\/mx\/producto\/salero-ceramica\/","og_locale":"es_ES","og_type":"article","og_title":"Salero Cer\u00e1mica con Rattan -","og_description":"Original pieza artesanal para usar en tu mesa como salero en cer\u00e1mica negra con un toque de rat\u00f3n hecho a mano.\u00a0","og_url":"https:\/\/teterete.com\/mx\/producto\/salero-ceramica\/","article_publisher":"https:\/\/www.facebook.com\/TetereteHome\/","article_modified_time":"2025-10-19T23:31:04+00:00","og_image":[{"width":900,"height":900,"url":"https:\/\/teterete.com\/mx\/wp-content\/uploads\/2024\/04\/Salero-Ceramica-02.webp","type":"image\/webp"}],"twitter_card":"summary_large_image","twitter_site":"@Teterete_Home","twitter_misc":{"Tiempo de lectura":"1 minuto"},"schema":{"@context":"https:\/\/schema.org","@graph":[{"@type":"WebPage","@id":"https:\/\/teterete.com\/mx\/producto\/salero-ceramica\/","url":"https:\/\/teterete.com\/mx\/producto\/salero-ceramica\/","name":"Salero Cer\u00e1mica con Rattan -","isPartOf":{"@id":"https:\/\/teterete.com\/mx\/#website"},"primaryImageOfPage":{"@id":"https:\/\/teterete.com\/mx\/producto\/salero-ceramica\/#primaryimage"},"image":{"@id":"https:\/\/teterete.com\/mx\/producto\/salero-ceramica\/#primaryimage"},"thumbnailUrl":"https:\/\/teterete.com\/mx\/wp-content\/uploads\/2024\/04\/Salero-Ceramica-02.webp","datePublished":"2024-04-27T14:49:33+00:00","dateModified":"2025-10-19T23:31:04+00:00","description":"Original pieza artesanal para usar en tu mesa como salero en cer\u00e1mica negra con un toque de rat\u00f3n hecho a mano.\u00a0","breadcrumb":{"@id":"https:\/\/teterete.com\/mx\/producto\/salero-ceramica\/#breadcrumb"},"inLanguage":"es","potentialAction":[{"@type":"ReadAction","target":["https:\/\/teterete.com\/mx\/producto\/salero-ceramica\/"]}]},{"@type":"ImageObject","inLanguage":"es","@id":"https:\/\/teterete.com\/mx\/producto\/salero-ceramica\/#primaryimage","url":"https:\/\/teterete.com\/mx\/wp-content\/uploads\/2024\/04\/Salero-Ceramica-02.webp","contentUrl":"https:\/\/teterete.com\/mx\/wp-content\/uploads\/2024\/04\/Salero-Ceramica-02.webp","width":900,"height":900,"caption":"Salero Cer\u00e1mica"},{"@type":"BreadcrumbList","@id":"https:\/\/teterete.com\/mx\/producto\/salero-ceramica\/#breadcrumb","itemListElement":[{"@type":"ListItem","position":1,"name":"Home","item":"https:\/\/teterete.com\/mx\/"},{"@type":"ListItem","position":2,"name":"Productos","item":"https:\/\/teterete.com\/mx\/shop\/"},{"@type":"ListItem","position":3,"name":"Salero Cer\u00e1mica con Rattan"}]},{"@type":"WebSite","@id":"https:\/\/teterete.com\/mx\/#website","url":"https:\/\/teterete.com\/mx\/","name":"","description":"Tienda en L\u00ednea de Fina Artesanias y Dise\u00f1o Mexicano. Bellas piezas elaboradas a mano por los mejores artesanos del pa\u00eds as\u00ed como piezas de dise\u00f1o y decoraci\u00f3n con inspiraci\u00f3n artesanal.","potentialAction":[{"@type":"SearchAction","target":{"@type":"EntryPoint","urlTemplate":"https:\/\/teterete.com\/mx\/?s={search_term_string}"},"query-input":{"@type":"PropertyValueSpecification","valueRequired":true,"valueName":"search_term_string"}}],"inLanguage":"es"}]}},"_links":{"self":[{"href":"https:\/\/teterete.com\/mx\/wp-json\/wp\/v2\/product\/11624","targetHints":{"allow":["GET"]}}],"collection":[{"href":"https:\/\/teterete.com\/mx\/wp-json\/wp\/v2\/product"}],"about":[{"href":"https:\/\/teterete.com\/mx\/wp-json\/wp\/v2\/types\/product"}],"replies":[{"embeddable":true,"href":"https:\/\/teterete.com\/mx\/wp-json\/wp\/v2\/comments?post=11624"}],"wp:featuredmedia":[{"embeddable":true,"href":"https:\/\/teterete.com\/mx\/wp-json\/wp\/v2\/media\/11623"}],"wp:attachment":[{"href":"https:\/\/teterete.com\/mx\/wp-json\/wp\/v2\/media?parent=11624"}],"wp:term":[{"taxonomy":"product_brand","embeddable":true,"href":"https:\/\/teterete.com\/mx\/wp-json\/wp\/v2\/product_brand?post=11624"},{"taxonomy":"product_cat","embeddable":true,"href":"https:\/\/teterete.com\/mx\/wp-json\/wp\/v2\/product_cat?post=11624"},{"taxonomy":"product_tag","embeddable":true,"href":"https:\/\/teterete.com\/mx\/wp-json\/wp\/v2\/product_tag?post=11624"}],"curies":[{"name":"wp","href":"https:\/\/api.w.org\/{rel}","templated":true}]}}