{"id":11666,"date":"2024-07-30T20:16:37","date_gmt":"2024-07-30T20:16:37","guid":{"rendered":"https:\/\/teterete.com\/mx\/?post_type=product&#038;p=11666"},"modified":"2026-03-24T22:14:51","modified_gmt":"2026-03-24T22:14:51","slug":"vajilla-rustica","status":"publish","type":"product","link":"https:\/\/teterete.com\/mx\/producto\/vajilla-rustica\/","title":{"rendered":"Vajilla R\u00fastica Barro Natural &#8211; Set de 4"},"content":{"rendered":"<p><b>Caracter\u00edsticas destacadas:<\/b><\/p>\n<p>\u2022<b>Hechas a mano:<\/b> Cada vajilla es moldeada y pintada a mano, asegurando que no haya dos piezas iguales. La dedicaci\u00f3n y el amor por el oficio se reflejan en cada detalle.<\/p>\n<p>\u2022<b>Dise\u00f1o \u00fanico:<\/b> Inspiradas en los ricos patrones y colores de la cultura oaxaque\u00f1a, estas vajillas agregan un toque \u00e9tnico y sofisticado a cualquier mesa.<\/p>\n<p>\u2022<b>Calidad excepcional:<\/b> Pensadas para un segmento exigente que valora la originalidad y la belleza, nuestras vajillas son perfectas para aquellos que buscan piezas exclusivas y de alta calidad.<\/p>\n<p>\u2022<b>Sostenibilidad:<\/b> Producidas con t\u00e9cnicas tradicionales y materiales locales, nuestras vajillas promueven el comercio justo y el respeto por el medio ambiente.<\/p>\n<p>A\u00f1ade un toque de elegancia y tradici\u00f3n a tus comidas con nuestras vajillas artesanales mexicanas, y lleva a tu hogar la esencia de Oaxaca. Cada pieza es m\u00e1s que un utensilio; es una obra de arte que cuenta una historia de pasi\u00f3n y cultura.<\/p>\n<p>Set de 4 personas vajilla r\u00fastica que incluye:<\/p>\n<p>4 Platos Extendidos 27 cms<\/p>\n<p>4 Bowl Sopero<\/p>\n<p>2 Salseros<\/p>\n<p>4 Vasos vidrio soplado<\/p>\n<p>1 Jarra 1 Lt<\/p>\n","protected":false},"excerpt":{"rendered":"<p>Descubre la belleza y la autenticidad de nuestras vajillas r\u00fasticas y artesanales, cuidadosamente elaboradas a mano por talentosos artesanos en Santa Mar\u00eda Atzompa, Oaxaca. Cada pieza es un testimonio del legado cultural y la tradici\u00f3n artesanal de esta regi\u00f3n, creando una conexi\u00f3n \u00fanica entre el arte y la funcionalidad.<\/p>\n","protected":false},"featured_media":12588,"comment_status":"open","ping_status":"closed","template":"","meta":{"sfsi_plus_gutenberg_text_before_share":"","sfsi_plus_gutenberg_show_text_before_share":"","sfsi_plus_gutenberg_icon_type":"","sfsi_plus_gutenberg_icon_alignemt":"","sfsi_plus_gutenburg_max_per_row":""},"product_cat":[2646,1584,658,60],"product_tag":[1794,2457,2183,1841,1672],"acf":[],"yoast_head":"<!-- This site is optimized with the Yoast SEO plugin v23.5 - https:\/\/yoast.com\/wordpress\/plugins\/seo\/ -->\n<title>Vajilla R\u00fastica Barro Natural - Set de 4 -<\/title>\n<meta name=\"description\" content=\"A\u00f1ade un toque de elegancia y tradici\u00f3n a tus comidas con nuestras vajillas artesanales mexicanas, y lleva a tu hogar la esencia de Oaxaca.\" \/>\n<meta name=\"robots\" content=\"index, follow, max-snippet:-1, max-image-preview:large, max-video-preview:-1\" \/>\n<link rel=\"canonical\" href=\"https:\/\/teterete.com\/mx\/producto\/vajilla-rustica\/\" \/>\n<meta property=\"og:locale\" content=\"es_ES\" \/>\n<meta property=\"og:type\" content=\"article\" \/>\n<meta property=\"og:title\" content=\"Vajilla R\u00fastica Barro Natural - Set de 4 -\" \/>\n<meta property=\"og:description\" content=\"A\u00f1ade un toque de elegancia y tradici\u00f3n a tus comidas con nuestras vajillas artesanales mexicanas, y lleva a tu hogar la esencia de Oaxaca.\" \/>\n<meta property=\"og:url\" content=\"https:\/\/teterete.com\/mx\/producto\/vajilla-rustica\/\" \/>\n<meta property=\"article:publisher\" content=\"https:\/\/www.facebook.com\/TetereteHome\/\" \/>\n<meta property=\"article:modified_time\" content=\"2026-03-24T22:14:51+00:00\" \/>\n<meta property=\"og:image\" content=\"https:\/\/teterete.com\/mx\/wp-content\/uploads\/2024\/07\/barro-contemporaneo-oaxaca.jpg\" \/>\n\t<meta property=\"og:image:width\" content=\"1080\" \/>\n\t<meta property=\"og:image:height\" content=\"1080\" \/>\n\t<meta property=\"og:image:type\" content=\"image\/jpeg\" \/>\n<meta name=\"twitter:card\" content=\"summary_large_image\" \/>\n<meta name=\"twitter:site\" content=\"@Teterete_Home\" \/>\n<meta name=\"twitter:label1\" content=\"Tiempo de lectura\" \/>\n\t<meta name=\"twitter:data1\" content=\"2 minutos\" \/>\n<script type=\"application\/ld+json\" class=\"yoast-schema-graph\">{\"@context\":\"https:\/\/schema.org\",\"@graph\":[{\"@type\":\"WebPage\",\"@id\":\"https:\/\/teterete.com\/mx\/producto\/vajilla-rustica\/\",\"url\":\"https:\/\/teterete.com\/mx\/producto\/vajilla-rustica\/\",\"name\":\"Vajilla R\u00fastica Barro Natural - Set de 4 -\",\"isPartOf\":{\"@id\":\"https:\/\/teterete.com\/mx\/#website\"},\"primaryImageOfPage\":{\"@id\":\"https:\/\/teterete.com\/mx\/producto\/vajilla-rustica\/#primaryimage\"},\"image\":{\"@id\":\"https:\/\/teterete.com\/mx\/producto\/vajilla-rustica\/#primaryimage\"},\"thumbnailUrl\":\"https:\/\/teterete.com\/mx\/wp-content\/uploads\/2024\/07\/barro-contemporaneo-oaxaca.jpg\",\"datePublished\":\"2024-07-30T20:16:37+00:00\",\"dateModified\":\"2026-03-24T22:14:51+00:00\",\"description\":\"A\u00f1ade un toque de elegancia y tradici\u00f3n a tus comidas con nuestras vajillas artesanales mexicanas, y lleva a tu hogar la esencia de Oaxaca.\",\"breadcrumb\":{\"@id\":\"https:\/\/teterete.com\/mx\/producto\/vajilla-rustica\/#breadcrumb\"},\"inLanguage\":\"es\",\"potentialAction\":[{\"@type\":\"ReadAction\",\"target\":[\"https:\/\/teterete.com\/mx\/producto\/vajilla-rustica\/\"]}]},{\"@type\":\"ImageObject\",\"inLanguage\":\"es\",\"@id\":\"https:\/\/teterete.com\/mx\/producto\/vajilla-rustica\/#primaryimage\",\"url\":\"https:\/\/teterete.com\/mx\/wp-content\/uploads\/2024\/07\/barro-contemporaneo-oaxaca.jpg\",\"contentUrl\":\"https:\/\/teterete.com\/mx\/wp-content\/uploads\/2024\/07\/barro-contemporaneo-oaxaca.jpg\",\"width\":1080,\"height\":1080,\"caption\":\"Barro Contempor\u00e1neo Oaxaca\"},{\"@type\":\"BreadcrumbList\",\"@id\":\"https:\/\/teterete.com\/mx\/producto\/vajilla-rustica\/#breadcrumb\",\"itemListElement\":[{\"@type\":\"ListItem\",\"position\":1,\"name\":\"Home\",\"item\":\"https:\/\/teterete.com\/mx\/\"},{\"@type\":\"ListItem\",\"position\":2,\"name\":\"Productos\",\"item\":\"https:\/\/teterete.com\/mx\/shop\/\"},{\"@type\":\"ListItem\",\"position\":3,\"name\":\"Vajilla R\u00fastica Barro Natural &#8211; Set de 4\"}]},{\"@type\":\"WebSite\",\"@id\":\"https:\/\/teterete.com\/mx\/#website\",\"url\":\"https:\/\/teterete.com\/mx\/\",\"name\":\"\",\"description\":\"Tienda en L\u00ednea de Fina Artesanias y Dise\u00f1o Mexicano. Bellas piezas elaboradas a mano por los mejores artesanos del pa\u00eds as\u00ed como piezas de dise\u00f1o y decoraci\u00f3n con inspiraci\u00f3n artesanal.\",\"potentialAction\":[{\"@type\":\"SearchAction\",\"target\":{\"@type\":\"EntryPoint\",\"urlTemplate\":\"https:\/\/teterete.com\/mx\/?s={search_term_string}\"},\"query-input\":{\"@type\":\"PropertyValueSpecification\",\"valueRequired\":true,\"valueName\":\"search_term_string\"}}],\"inLanguage\":\"es\"}]}<\/script>\n<!-- \/ Yoast SEO plugin. -->","yoast_head_json":{"title":"Vajilla R\u00fastica Barro Natural - Set de 4 -","description":"A\u00f1ade un toque de elegancia y tradici\u00f3n a tus comidas con nuestras vajillas artesanales mexicanas, y lleva a tu hogar la esencia de Oaxaca.","robots":{"index":"index","follow":"follow","max-snippet":"max-snippet:-1","max-image-preview":"max-image-preview:large","max-video-preview":"max-video-preview:-1"},"canonical":"https:\/\/teterete.com\/mx\/producto\/vajilla-rustica\/","og_locale":"es_ES","og_type":"article","og_title":"Vajilla R\u00fastica Barro Natural - Set de 4 -","og_description":"A\u00f1ade un toque de elegancia y tradici\u00f3n a tus comidas con nuestras vajillas artesanales mexicanas, y lleva a tu hogar la esencia de Oaxaca.","og_url":"https:\/\/teterete.com\/mx\/producto\/vajilla-rustica\/","article_publisher":"https:\/\/www.facebook.com\/TetereteHome\/","article_modified_time":"2026-03-24T22:14:51+00:00","og_image":[{"width":1080,"height":1080,"url":"https:\/\/teterete.com\/mx\/wp-content\/uploads\/2024\/07\/barro-contemporaneo-oaxaca.jpg","type":"image\/jpeg"}],"twitter_card":"summary_large_image","twitter_site":"@Teterete_Home","twitter_misc":{"Tiempo de lectura":"2 minutos"},"schema":{"@context":"https:\/\/schema.org","@graph":[{"@type":"WebPage","@id":"https:\/\/teterete.com\/mx\/producto\/vajilla-rustica\/","url":"https:\/\/teterete.com\/mx\/producto\/vajilla-rustica\/","name":"Vajilla R\u00fastica Barro Natural - Set de 4 -","isPartOf":{"@id":"https:\/\/teterete.com\/mx\/#website"},"primaryImageOfPage":{"@id":"https:\/\/teterete.com\/mx\/producto\/vajilla-rustica\/#primaryimage"},"image":{"@id":"https:\/\/teterete.com\/mx\/producto\/vajilla-rustica\/#primaryimage"},"thumbnailUrl":"https:\/\/teterete.com\/mx\/wp-content\/uploads\/2024\/07\/barro-contemporaneo-oaxaca.jpg","datePublished":"2024-07-30T20:16:37+00:00","dateModified":"2026-03-24T22:14:51+00:00","description":"A\u00f1ade un toque de elegancia y tradici\u00f3n a tus comidas con nuestras vajillas artesanales mexicanas, y lleva a tu hogar la esencia de Oaxaca.","breadcrumb":{"@id":"https:\/\/teterete.com\/mx\/producto\/vajilla-rustica\/#breadcrumb"},"inLanguage":"es","potentialAction":[{"@type":"ReadAction","target":["https:\/\/teterete.com\/mx\/producto\/vajilla-rustica\/"]}]},{"@type":"ImageObject","inLanguage":"es","@id":"https:\/\/teterete.com\/mx\/producto\/vajilla-rustica\/#primaryimage","url":"https:\/\/teterete.com\/mx\/wp-content\/uploads\/2024\/07\/barro-contemporaneo-oaxaca.jpg","contentUrl":"https:\/\/teterete.com\/mx\/wp-content\/uploads\/2024\/07\/barro-contemporaneo-oaxaca.jpg","width":1080,"height":1080,"caption":"Barro Contempor\u00e1neo Oaxaca"},{"@type":"BreadcrumbList","@id":"https:\/\/teterete.com\/mx\/producto\/vajilla-rustica\/#breadcrumb","itemListElement":[{"@type":"ListItem","position":1,"name":"Home","item":"https:\/\/teterete.com\/mx\/"},{"@type":"ListItem","position":2,"name":"Productos","item":"https:\/\/teterete.com\/mx\/shop\/"},{"@type":"ListItem","position":3,"name":"Vajilla R\u00fastica Barro Natural &#8211; Set de 4"}]},{"@type":"WebSite","@id":"https:\/\/teterete.com\/mx\/#website","url":"https:\/\/teterete.com\/mx\/","name":"","description":"Tienda en L\u00ednea de Fina Artesanias y Dise\u00f1o Mexicano. Bellas piezas elaboradas a mano por los mejores artesanos del pa\u00eds as\u00ed como piezas de dise\u00f1o y decoraci\u00f3n con inspiraci\u00f3n artesanal.","potentialAction":[{"@type":"SearchAction","target":{"@type":"EntryPoint","urlTemplate":"https:\/\/teterete.com\/mx\/?s={search_term_string}"},"query-input":{"@type":"PropertyValueSpecification","valueRequired":true,"valueName":"search_term_string"}}],"inLanguage":"es"}]}},"_links":{"self":[{"href":"https:\/\/teterete.com\/mx\/wp-json\/wp\/v2\/product\/11666"}],"collection":[{"href":"https:\/\/teterete.com\/mx\/wp-json\/wp\/v2\/product"}],"about":[{"href":"https:\/\/teterete.com\/mx\/wp-json\/wp\/v2\/types\/product"}],"replies":[{"embeddable":true,"href":"https:\/\/teterete.com\/mx\/wp-json\/wp\/v2\/comments?post=11666"}],"wp:featuredmedia":[{"embeddable":true,"href":"https:\/\/teterete.com\/mx\/wp-json\/wp\/v2\/media\/12588"}],"wp:attachment":[{"href":"https:\/\/teterete.com\/mx\/wp-json\/wp\/v2\/media?parent=11666"}],"wp:term":[{"taxonomy":"product_cat","embeddable":true,"href":"https:\/\/teterete.com\/mx\/wp-json\/wp\/v2\/product_cat?post=11666"},{"taxonomy":"product_tag","embeddable":true,"href":"https:\/\/teterete.com\/mx\/wp-json\/wp\/v2\/product_tag?post=11666"}],"curies":[{"name":"wp","href":"https:\/\/api.w.org\/{rel}","templated":true}]}}