{"id":11684,"date":"2024-07-30T21:16:43","date_gmt":"2024-07-30T21:16:43","guid":{"rendered":"https:\/\/teterete.com\/mx\/?post_type=product&#038;p=11684"},"modified":"2026-03-24T22:20:21","modified_gmt":"2026-03-24T22:20:21","slug":"set-mezcalero-artesanal-de-atzompa","status":"publish","type":"product","link":"https:\/\/teterete.com\/mx\/producto\/set-mezcalero-artesanal-de-atzompa\/","title":{"rendered":"Set Mezcalero Artesanal de Atzompa"},"content":{"rendered":"<p><b>Caracter\u00edsticas destacadas:<\/b><\/p>\n<p>\u2022<b>Hecho a mano:<\/b> Cada pieza del set es elaborada meticulosamente por artesanos de Atzompa, garantizando su singularidad y alta calidad.<\/p>\n<p>\u2022<b>Materiales aut\u00e9nticos:<\/b> Utilizamos la mejor cer\u00e1mica oaxaque\u00f1a, conocida por su durabilidad y su acabado excepcional.<\/p>\n<p>\u2022<b>Dise\u00f1o tradicional:<\/b> Inspirado en los patrones y t\u00e9cnicas ancestrales de Oaxaca, este set a\u00f1ade un toque de elegancia y autenticidad a cualquier reuni\u00f3n.<\/p>\n<p>\u2022<b>Completo y funcional:<\/b> Incluye todo lo necesario para disfrutar del mezcal: una charola para servir, un platito para sal, un plato para naranjas y cuatro caballitos mezcaleros, perfectos para compartir con amigos y familiares.<\/p>\n","protected":false},"excerpt":{"rendered":"<p>Eleva tu experiencia mezcalera con nuestro exclusivo <b>Set Mezcalero de Atzompa<\/b>, cuidadosamente elaborado a mano por artesanos de Oaxaca. Este set incluye una charola, un platito para sal, un plato para naranjas y cuatro caballitos mezcaleros, cada uno dise\u00f1ado para resaltar la belleza y la tradici\u00f3n de la cer\u00e1mica oaxaque\u00f1a.<\/p>\n","protected":false},"featured_media":11687,"comment_status":"open","ping_status":"closed","template":"","meta":{"_acf_changed":false,"sfsi_plus_gutenberg_text_before_share":"","sfsi_plus_gutenberg_show_text_before_share":"","sfsi_plus_gutenberg_icon_type":"","sfsi_plus_gutenberg_icon_alignemt":"","sfsi_plus_gutenburg_max_per_row":""},"product_brand":[],"product_cat":[1882,1584,1842,538,658],"product_tag":[],"class_list":{"0":"post-11684","1":"product","2":"type-product","3":"status-publish","4":"has-post-thumbnail","6":"product_cat-bar","7":"product_cat-mesa-mexicana","8":"product_cat-oaxaca","9":"product_cat-para_el","10":"product_cat-rebajas","11":"product_shipping_class-standard","13":"first","14":"instock","15":"sale","16":"taxable","17":"shipping-taxable","18":"purchasable","19":"product-type-simple"},"acf":[],"yoast_head":"<!-- This site is optimized with the Yoast SEO plugin v27.5 - https:\/\/yoast.com\/product\/yoast-seo-wordpress\/ -->\n<title>Set Mezcalero Artesanal de Atzompa -<\/title>\n<meta name=\"description\" content=\"Este set mezcalero no es solo una colecci\u00f3n de utensilios, es una celebraci\u00f3n de la cultura y el arte de Oaxaca. El complemento perfecto para tus degustaciones de mezcal.\" \/>\n<meta name=\"robots\" content=\"index, follow, max-snippet:-1, max-image-preview:large, max-video-preview:-1\" \/>\n<link rel=\"canonical\" href=\"https:\/\/teterete.com\/mx\/producto\/set-mezcalero-artesanal-de-atzompa\/\" \/>\n<meta property=\"og:locale\" content=\"es_ES\" \/>\n<meta property=\"og:type\" content=\"article\" \/>\n<meta property=\"og:title\" content=\"Set Mezcalero Artesanal de Atzompa -\" \/>\n<meta property=\"og:description\" content=\"Este set mezcalero no es solo una colecci\u00f3n de utensilios, es una celebraci\u00f3n de la cultura y el arte de Oaxaca. El complemento perfecto para tus degustaciones de mezcal.\" \/>\n<meta property=\"og:url\" content=\"https:\/\/teterete.com\/mx\/producto\/set-mezcalero-artesanal-de-atzompa\/\" \/>\n<meta property=\"article:publisher\" content=\"https:\/\/www.facebook.com\/TetereteHome\/\" \/>\n<meta property=\"article:modified_time\" content=\"2026-03-24T22:20:21+00:00\" \/>\n<meta property=\"og:image\" content=\"https:\/\/teterete.com\/mx\/wp-content\/uploads\/2024\/07\/mezcalero-barro-atzompa.jpg\" \/>\n\t<meta property=\"og:image:width\" content=\"800\" \/>\n\t<meta property=\"og:image:height\" content=\"800\" \/>\n\t<meta property=\"og:image:type\" content=\"image\/jpeg\" \/>\n<meta name=\"twitter:card\" content=\"summary_large_image\" \/>\n<meta name=\"twitter:site\" content=\"@Teterete_Home\" \/>\n<meta name=\"twitter:label1\" content=\"Tiempo de lectura\" \/>\n\t<meta name=\"twitter:data1\" content=\"1 minuto\" \/>\n<script type=\"application\/ld+json\" class=\"yoast-schema-graph\">{\"@context\":\"https:\\\/\\\/schema.org\",\"@graph\":[{\"@type\":\"WebPage\",\"@id\":\"https:\\\/\\\/teterete.com\\\/mx\\\/producto\\\/set-mezcalero-artesanal-de-atzompa\\\/\",\"url\":\"https:\\\/\\\/teterete.com\\\/mx\\\/producto\\\/set-mezcalero-artesanal-de-atzompa\\\/\",\"name\":\"Set Mezcalero Artesanal de Atzompa -\",\"isPartOf\":{\"@id\":\"https:\\\/\\\/teterete.com\\\/mx\\\/#website\"},\"primaryImageOfPage\":{\"@id\":\"https:\\\/\\\/teterete.com\\\/mx\\\/producto\\\/set-mezcalero-artesanal-de-atzompa\\\/#primaryimage\"},\"image\":{\"@id\":\"https:\\\/\\\/teterete.com\\\/mx\\\/producto\\\/set-mezcalero-artesanal-de-atzompa\\\/#primaryimage\"},\"thumbnailUrl\":\"https:\\\/\\\/teterete.com\\\/mx\\\/wp-content\\\/uploads\\\/2024\\\/07\\\/mezcalero-barro-atzompa.jpg\",\"datePublished\":\"2024-07-30T21:16:43+00:00\",\"dateModified\":\"2026-03-24T22:20:21+00:00\",\"description\":\"Este set mezcalero no es solo una colecci\u00f3n de utensilios, es una celebraci\u00f3n de la cultura y el arte de Oaxaca. El complemento perfecto para tus degustaciones de mezcal.\",\"breadcrumb\":{\"@id\":\"https:\\\/\\\/teterete.com\\\/mx\\\/producto\\\/set-mezcalero-artesanal-de-atzompa\\\/#breadcrumb\"},\"inLanguage\":\"es\",\"potentialAction\":[{\"@type\":\"ReadAction\",\"target\":[\"https:\\\/\\\/teterete.com\\\/mx\\\/producto\\\/set-mezcalero-artesanal-de-atzompa\\\/\"]}]},{\"@type\":\"ImageObject\",\"inLanguage\":\"es\",\"@id\":\"https:\\\/\\\/teterete.com\\\/mx\\\/producto\\\/set-mezcalero-artesanal-de-atzompa\\\/#primaryimage\",\"url\":\"https:\\\/\\\/teterete.com\\\/mx\\\/wp-content\\\/uploads\\\/2024\\\/07\\\/mezcalero-barro-atzompa.jpg\",\"contentUrl\":\"https:\\\/\\\/teterete.com\\\/mx\\\/wp-content\\\/uploads\\\/2024\\\/07\\\/mezcalero-barro-atzompa.jpg\",\"width\":800,\"height\":800},{\"@type\":\"BreadcrumbList\",\"@id\":\"https:\\\/\\\/teterete.com\\\/mx\\\/producto\\\/set-mezcalero-artesanal-de-atzompa\\\/#breadcrumb\",\"itemListElement\":[{\"@type\":\"ListItem\",\"position\":1,\"name\":\"Home\",\"item\":\"https:\\\/\\\/teterete.com\\\/mx\\\/\"},{\"@type\":\"ListItem\",\"position\":2,\"name\":\"Productos\",\"item\":\"https:\\\/\\\/teterete.com\\\/mx\\\/shop\\\/\"},{\"@type\":\"ListItem\",\"position\":3,\"name\":\"Set Mezcalero Artesanal de Atzompa\"}]},{\"@type\":\"WebSite\",\"@id\":\"https:\\\/\\\/teterete.com\\\/mx\\\/#website\",\"url\":\"https:\\\/\\\/teterete.com\\\/mx\\\/\",\"name\":\"\",\"description\":\"Tienda en L\u00ednea de Fina Artesanias y Dise\u00f1o Mexicano. Bellas piezas elaboradas a mano por los mejores artesanos del pa\u00eds as\u00ed como piezas de dise\u00f1o y decoraci\u00f3n con inspiraci\u00f3n artesanal.\",\"potentialAction\":[{\"@type\":\"SearchAction\",\"target\":{\"@type\":\"EntryPoint\",\"urlTemplate\":\"https:\\\/\\\/teterete.com\\\/mx\\\/?s={search_term_string}\"},\"query-input\":{\"@type\":\"PropertyValueSpecification\",\"valueRequired\":true,\"valueName\":\"search_term_string\"}}],\"inLanguage\":\"es\"}]}<\/script>\n<!-- \/ Yoast SEO plugin. -->","yoast_head_json":{"title":"Set Mezcalero Artesanal de Atzompa -","description":"Este set mezcalero no es solo una colecci\u00f3n de utensilios, es una celebraci\u00f3n de la cultura y el arte de Oaxaca. El complemento perfecto para tus degustaciones de mezcal.","robots":{"index":"index","follow":"follow","max-snippet":"max-snippet:-1","max-image-preview":"max-image-preview:large","max-video-preview":"max-video-preview:-1"},"canonical":"https:\/\/teterete.com\/mx\/producto\/set-mezcalero-artesanal-de-atzompa\/","og_locale":"es_ES","og_type":"article","og_title":"Set Mezcalero Artesanal de Atzompa -","og_description":"Este set mezcalero no es solo una colecci\u00f3n de utensilios, es una celebraci\u00f3n de la cultura y el arte de Oaxaca. El complemento perfecto para tus degustaciones de mezcal.","og_url":"https:\/\/teterete.com\/mx\/producto\/set-mezcalero-artesanal-de-atzompa\/","article_publisher":"https:\/\/www.facebook.com\/TetereteHome\/","article_modified_time":"2026-03-24T22:20:21+00:00","og_image":[{"width":800,"height":800,"url":"https:\/\/teterete.com\/mx\/wp-content\/uploads\/2024\/07\/mezcalero-barro-atzompa.jpg","type":"image\/jpeg"}],"twitter_card":"summary_large_image","twitter_site":"@Teterete_Home","twitter_misc":{"Tiempo de lectura":"1 minuto"},"schema":{"@context":"https:\/\/schema.org","@graph":[{"@type":"WebPage","@id":"https:\/\/teterete.com\/mx\/producto\/set-mezcalero-artesanal-de-atzompa\/","url":"https:\/\/teterete.com\/mx\/producto\/set-mezcalero-artesanal-de-atzompa\/","name":"Set Mezcalero Artesanal de Atzompa -","isPartOf":{"@id":"https:\/\/teterete.com\/mx\/#website"},"primaryImageOfPage":{"@id":"https:\/\/teterete.com\/mx\/producto\/set-mezcalero-artesanal-de-atzompa\/#primaryimage"},"image":{"@id":"https:\/\/teterete.com\/mx\/producto\/set-mezcalero-artesanal-de-atzompa\/#primaryimage"},"thumbnailUrl":"https:\/\/teterete.com\/mx\/wp-content\/uploads\/2024\/07\/mezcalero-barro-atzompa.jpg","datePublished":"2024-07-30T21:16:43+00:00","dateModified":"2026-03-24T22:20:21+00:00","description":"Este set mezcalero no es solo una colecci\u00f3n de utensilios, es una celebraci\u00f3n de la cultura y el arte de Oaxaca. El complemento perfecto para tus degustaciones de mezcal.","breadcrumb":{"@id":"https:\/\/teterete.com\/mx\/producto\/set-mezcalero-artesanal-de-atzompa\/#breadcrumb"},"inLanguage":"es","potentialAction":[{"@type":"ReadAction","target":["https:\/\/teterete.com\/mx\/producto\/set-mezcalero-artesanal-de-atzompa\/"]}]},{"@type":"ImageObject","inLanguage":"es","@id":"https:\/\/teterete.com\/mx\/producto\/set-mezcalero-artesanal-de-atzompa\/#primaryimage","url":"https:\/\/teterete.com\/mx\/wp-content\/uploads\/2024\/07\/mezcalero-barro-atzompa.jpg","contentUrl":"https:\/\/teterete.com\/mx\/wp-content\/uploads\/2024\/07\/mezcalero-barro-atzompa.jpg","width":800,"height":800},{"@type":"BreadcrumbList","@id":"https:\/\/teterete.com\/mx\/producto\/set-mezcalero-artesanal-de-atzompa\/#breadcrumb","itemListElement":[{"@type":"ListItem","position":1,"name":"Home","item":"https:\/\/teterete.com\/mx\/"},{"@type":"ListItem","position":2,"name":"Productos","item":"https:\/\/teterete.com\/mx\/shop\/"},{"@type":"ListItem","position":3,"name":"Set Mezcalero Artesanal de Atzompa"}]},{"@type":"WebSite","@id":"https:\/\/teterete.com\/mx\/#website","url":"https:\/\/teterete.com\/mx\/","name":"","description":"Tienda en L\u00ednea de Fina Artesanias y Dise\u00f1o Mexicano. Bellas piezas elaboradas a mano por los mejores artesanos del pa\u00eds as\u00ed como piezas de dise\u00f1o y decoraci\u00f3n con inspiraci\u00f3n artesanal.","potentialAction":[{"@type":"SearchAction","target":{"@type":"EntryPoint","urlTemplate":"https:\/\/teterete.com\/mx\/?s={search_term_string}"},"query-input":{"@type":"PropertyValueSpecification","valueRequired":true,"valueName":"search_term_string"}}],"inLanguage":"es"}]}},"_links":{"self":[{"href":"https:\/\/teterete.com\/mx\/wp-json\/wp\/v2\/product\/11684","targetHints":{"allow":["GET"]}}],"collection":[{"href":"https:\/\/teterete.com\/mx\/wp-json\/wp\/v2\/product"}],"about":[{"href":"https:\/\/teterete.com\/mx\/wp-json\/wp\/v2\/types\/product"}],"replies":[{"embeddable":true,"href":"https:\/\/teterete.com\/mx\/wp-json\/wp\/v2\/comments?post=11684"}],"wp:featuredmedia":[{"embeddable":true,"href":"https:\/\/teterete.com\/mx\/wp-json\/wp\/v2\/media\/11687"}],"wp:attachment":[{"href":"https:\/\/teterete.com\/mx\/wp-json\/wp\/v2\/media?parent=11684"}],"wp:term":[{"taxonomy":"product_brand","embeddable":true,"href":"https:\/\/teterete.com\/mx\/wp-json\/wp\/v2\/product_brand?post=11684"},{"taxonomy":"product_cat","embeddable":true,"href":"https:\/\/teterete.com\/mx\/wp-json\/wp\/v2\/product_cat?post=11684"},{"taxonomy":"product_tag","embeddable":true,"href":"https:\/\/teterete.com\/mx\/wp-json\/wp\/v2\/product_tag?post=11684"}],"curies":[{"name":"wp","href":"https:\/\/api.w.org\/{rel}","templated":true}]}}