{"id":11703,"date":"2024-08-28T20:15:40","date_gmt":"2024-08-28T20:15:40","guid":{"rendered":"https:\/\/teterete.com\/mx\/?post_type=product&#038;p=11703"},"modified":"2024-08-28T20:24:21","modified_gmt":"2024-08-28T20:24:21","slug":"falda-artesanal-2","status":"publish","type":"product","link":"https:\/\/teterete.com\/mx\/producto\/falda-artesanal-2\/","title":{"rendered":"Falda Artesanal Cleotilde"},"content":{"rendered":"<div class=\"div-block-56\">\n<div class=\"text-block-21\">Color: Crudo, verde cemento, beigue claro, blanco, perla, gris claro, tabaco, caf\u00e9 gris<\/div>\n<\/div>\n<div class=\"div-block-56\">\n<div class=\"text-block-21\">Colecci\u00f3n: Entrelazado<\/div>\n<\/div>\n<div class=\"div-block-56\">\n<div class=\"text-block-21\">Medidas: 70 x 60 cm<\/div>\n<\/div>\n<div class=\"div-block-56\">\n<div class=\"text-block-21\">Material: Hilo de algod\u00f3n<\/div>\n<div>Unitalla<\/div>\n<\/div>\n","protected":false},"excerpt":{"rendered":"<p>Falda artesanal de algod\u00f3n asim\u00e9trica tejida a mano por artesanas de Campeche en telar de cintura Maya, con l\u00edneas gruesas de color marr\u00f3n azul, verde y mostaza, ajustable con un cintur\u00f3n delgado de l\u00edneas marrones en diagonal.<\/p>\n","protected":false},"featured_media":11705,"comment_status":"open","ping_status":"closed","template":"","meta":{"sfsi_plus_gutenberg_text_before_share":"","sfsi_plus_gutenberg_show_text_before_share":"","sfsi_plus_gutenberg_icon_type":"","sfsi_plus_gutenberg_icon_alignemt":"","sfsi_plus_gutenburg_max_per_row":""},"product_cat":[1263,2057,1434,61,55],"product_tag":[2398,2399,1030,2395,1946],"acf":[],"yoast_head":"<!-- This site is optimized with the Yoast SEO plugin v23.5 - https:\/\/yoast.com\/wordpress\/plugins\/seo\/ -->\n<title>Falda Artesanal Cleotilde -<\/title>\n<meta name=\"description\" content=\"Falda artesanal de algod\u00f3n asim\u00e9trica tejida a mano por artesanas de Campeche en telar de cintura Maya, en color marr\u00f3n azul, verde y mostaza, ajustable.\" \/>\n<meta name=\"robots\" content=\"index, follow, max-snippet:-1, max-image-preview:large, max-video-preview:-1\" \/>\n<link rel=\"canonical\" href=\"https:\/\/teterete.com\/mx\/producto\/falda-artesanal-2\/\" \/>\n<meta property=\"og:locale\" content=\"es_ES\" \/>\n<meta property=\"og:type\" content=\"article\" \/>\n<meta property=\"og:title\" content=\"Falda Artesanal Cleotilde -\" \/>\n<meta property=\"og:description\" content=\"Falda artesanal de algod\u00f3n asim\u00e9trica tejida a mano por artesanas de Campeche en telar de cintura Maya, en color marr\u00f3n azul, verde y mostaza, ajustable.\" \/>\n<meta property=\"og:url\" content=\"https:\/\/teterete.com\/mx\/producto\/falda-artesanal-2\/\" \/>\n<meta property=\"article:publisher\" content=\"https:\/\/www.facebook.com\/TetereteHome\/\" \/>\n<meta property=\"article:modified_time\" content=\"2024-08-28T20:24:21+00:00\" \/>\n<meta property=\"og:image\" content=\"https:\/\/teterete.com\/mx\/wp-content\/uploads\/2024\/08\/falda-artesanal.png\" \/>\n\t<meta property=\"og:image:width\" content=\"640\" \/>\n\t<meta property=\"og:image:height\" content=\"640\" \/>\n\t<meta property=\"og:image:type\" content=\"image\/png\" \/>\n<meta name=\"twitter:card\" content=\"summary_large_image\" \/>\n<meta name=\"twitter:site\" content=\"@Teterete_Home\" \/>\n<meta name=\"twitter:label1\" content=\"Tiempo de lectura\" \/>\n\t<meta name=\"twitter:data1\" content=\"1 minuto\" \/>\n<script type=\"application\/ld+json\" class=\"yoast-schema-graph\">{\"@context\":\"https:\/\/schema.org\",\"@graph\":[{\"@type\":\"WebPage\",\"@id\":\"https:\/\/teterete.com\/mx\/producto\/falda-artesanal-2\/\",\"url\":\"https:\/\/teterete.com\/mx\/producto\/falda-artesanal-2\/\",\"name\":\"Falda Artesanal Cleotilde -\",\"isPartOf\":{\"@id\":\"https:\/\/teterete.com\/mx\/#website\"},\"primaryImageOfPage\":{\"@id\":\"https:\/\/teterete.com\/mx\/producto\/falda-artesanal-2\/#primaryimage\"},\"image\":{\"@id\":\"https:\/\/teterete.com\/mx\/producto\/falda-artesanal-2\/#primaryimage\"},\"thumbnailUrl\":\"https:\/\/teterete.com\/mx\/wp-content\/uploads\/2024\/08\/falda-artesanal.png\",\"datePublished\":\"2024-08-28T20:15:40+00:00\",\"dateModified\":\"2024-08-28T20:24:21+00:00\",\"description\":\"Falda artesanal de algod\u00f3n asim\u00e9trica tejida a mano por artesanas de Campeche en telar de cintura Maya, en color marr\u00f3n azul, verde y mostaza, ajustable.\",\"breadcrumb\":{\"@id\":\"https:\/\/teterete.com\/mx\/producto\/falda-artesanal-2\/#breadcrumb\"},\"inLanguage\":\"es\",\"potentialAction\":[{\"@type\":\"ReadAction\",\"target\":[\"https:\/\/teterete.com\/mx\/producto\/falda-artesanal-2\/\"]}]},{\"@type\":\"ImageObject\",\"inLanguage\":\"es\",\"@id\":\"https:\/\/teterete.com\/mx\/producto\/falda-artesanal-2\/#primaryimage\",\"url\":\"https:\/\/teterete.com\/mx\/wp-content\/uploads\/2024\/08\/falda-artesanal.png\",\"contentUrl\":\"https:\/\/teterete.com\/mx\/wp-content\/uploads\/2024\/08\/falda-artesanal.png\",\"width\":640,\"height\":640,\"caption\":\"Falda Artesanal\"},{\"@type\":\"BreadcrumbList\",\"@id\":\"https:\/\/teterete.com\/mx\/producto\/falda-artesanal-2\/#breadcrumb\",\"itemListElement\":[{\"@type\":\"ListItem\",\"position\":1,\"name\":\"Home\",\"item\":\"https:\/\/teterete.com\/mx\/\"},{\"@type\":\"ListItem\",\"position\":2,\"name\":\"Productos\",\"item\":\"https:\/\/teterete.com\/mx\/shop\/\"},{\"@type\":\"ListItem\",\"position\":3,\"name\":\"Falda Artesanal Cleotilde\"}]},{\"@type\":\"WebSite\",\"@id\":\"https:\/\/teterete.com\/mx\/#website\",\"url\":\"https:\/\/teterete.com\/mx\/\",\"name\":\"\",\"description\":\"Tienda en L\u00ednea de Fina Artesanias y Dise\u00f1o Mexicano. Bellas piezas elaboradas a mano por los mejores artesanos del pa\u00eds as\u00ed como piezas de dise\u00f1o y decoraci\u00f3n con inspiraci\u00f3n artesanal.\",\"potentialAction\":[{\"@type\":\"SearchAction\",\"target\":{\"@type\":\"EntryPoint\",\"urlTemplate\":\"https:\/\/teterete.com\/mx\/?s={search_term_string}\"},\"query-input\":{\"@type\":\"PropertyValueSpecification\",\"valueRequired\":true,\"valueName\":\"search_term_string\"}}],\"inLanguage\":\"es\"}]}<\/script>\n<!-- \/ Yoast SEO plugin. -->","yoast_head_json":{"title":"Falda Artesanal Cleotilde -","description":"Falda artesanal de algod\u00f3n asim\u00e9trica tejida a mano por artesanas de Campeche en telar de cintura Maya, en color marr\u00f3n azul, verde y mostaza, ajustable.","robots":{"index":"index","follow":"follow","max-snippet":"max-snippet:-1","max-image-preview":"max-image-preview:large","max-video-preview":"max-video-preview:-1"},"canonical":"https:\/\/teterete.com\/mx\/producto\/falda-artesanal-2\/","og_locale":"es_ES","og_type":"article","og_title":"Falda Artesanal Cleotilde -","og_description":"Falda artesanal de algod\u00f3n asim\u00e9trica tejida a mano por artesanas de Campeche en telar de cintura Maya, en color marr\u00f3n azul, verde y mostaza, ajustable.","og_url":"https:\/\/teterete.com\/mx\/producto\/falda-artesanal-2\/","article_publisher":"https:\/\/www.facebook.com\/TetereteHome\/","article_modified_time":"2024-08-28T20:24:21+00:00","og_image":[{"width":640,"height":640,"url":"https:\/\/teterete.com\/mx\/wp-content\/uploads\/2024\/08\/falda-artesanal.png","type":"image\/png"}],"twitter_card":"summary_large_image","twitter_site":"@Teterete_Home","twitter_misc":{"Tiempo de lectura":"1 minuto"},"schema":{"@context":"https:\/\/schema.org","@graph":[{"@type":"WebPage","@id":"https:\/\/teterete.com\/mx\/producto\/falda-artesanal-2\/","url":"https:\/\/teterete.com\/mx\/producto\/falda-artesanal-2\/","name":"Falda Artesanal Cleotilde -","isPartOf":{"@id":"https:\/\/teterete.com\/mx\/#website"},"primaryImageOfPage":{"@id":"https:\/\/teterete.com\/mx\/producto\/falda-artesanal-2\/#primaryimage"},"image":{"@id":"https:\/\/teterete.com\/mx\/producto\/falda-artesanal-2\/#primaryimage"},"thumbnailUrl":"https:\/\/teterete.com\/mx\/wp-content\/uploads\/2024\/08\/falda-artesanal.png","datePublished":"2024-08-28T20:15:40+00:00","dateModified":"2024-08-28T20:24:21+00:00","description":"Falda artesanal de algod\u00f3n asim\u00e9trica tejida a mano por artesanas de Campeche en telar de cintura Maya, en color marr\u00f3n azul, verde y mostaza, ajustable.","breadcrumb":{"@id":"https:\/\/teterete.com\/mx\/producto\/falda-artesanal-2\/#breadcrumb"},"inLanguage":"es","potentialAction":[{"@type":"ReadAction","target":["https:\/\/teterete.com\/mx\/producto\/falda-artesanal-2\/"]}]},{"@type":"ImageObject","inLanguage":"es","@id":"https:\/\/teterete.com\/mx\/producto\/falda-artesanal-2\/#primaryimage","url":"https:\/\/teterete.com\/mx\/wp-content\/uploads\/2024\/08\/falda-artesanal.png","contentUrl":"https:\/\/teterete.com\/mx\/wp-content\/uploads\/2024\/08\/falda-artesanal.png","width":640,"height":640,"caption":"Falda Artesanal"},{"@type":"BreadcrumbList","@id":"https:\/\/teterete.com\/mx\/producto\/falda-artesanal-2\/#breadcrumb","itemListElement":[{"@type":"ListItem","position":1,"name":"Home","item":"https:\/\/teterete.com\/mx\/"},{"@type":"ListItem","position":2,"name":"Productos","item":"https:\/\/teterete.com\/mx\/shop\/"},{"@type":"ListItem","position":3,"name":"Falda Artesanal Cleotilde"}]},{"@type":"WebSite","@id":"https:\/\/teterete.com\/mx\/#website","url":"https:\/\/teterete.com\/mx\/","name":"","description":"Tienda en L\u00ednea de Fina Artesanias y Dise\u00f1o Mexicano. Bellas piezas elaboradas a mano por los mejores artesanos del pa\u00eds as\u00ed como piezas de dise\u00f1o y decoraci\u00f3n con inspiraci\u00f3n artesanal.","potentialAction":[{"@type":"SearchAction","target":{"@type":"EntryPoint","urlTemplate":"https:\/\/teterete.com\/mx\/?s={search_term_string}"},"query-input":{"@type":"PropertyValueSpecification","valueRequired":true,"valueName":"search_term_string"}}],"inLanguage":"es"}]}},"_links":{"self":[{"href":"https:\/\/teterete.com\/mx\/wp-json\/wp\/v2\/product\/11703"}],"collection":[{"href":"https:\/\/teterete.com\/mx\/wp-json\/wp\/v2\/product"}],"about":[{"href":"https:\/\/teterete.com\/mx\/wp-json\/wp\/v2\/types\/product"}],"replies":[{"embeddable":true,"href":"https:\/\/teterete.com\/mx\/wp-json\/wp\/v2\/comments?post=11703"}],"wp:featuredmedia":[{"embeddable":true,"href":"https:\/\/teterete.com\/mx\/wp-json\/wp\/v2\/media\/11705"}],"wp:attachment":[{"href":"https:\/\/teterete.com\/mx\/wp-json\/wp\/v2\/media?parent=11703"}],"wp:term":[{"taxonomy":"product_cat","embeddable":true,"href":"https:\/\/teterete.com\/mx\/wp-json\/wp\/v2\/product_cat?post=11703"},{"taxonomy":"product_tag","embeddable":true,"href":"https:\/\/teterete.com\/mx\/wp-json\/wp\/v2\/product_tag?post=11703"}],"curies":[{"name":"wp","href":"https:\/\/api.w.org\/{rel}","templated":true}]}}