{"id":11723,"date":"2024-08-29T16:36:27","date_gmt":"2024-08-29T16:36:27","guid":{"rendered":"https:\/\/teterete.com\/mx\/?post_type=product&#038;p=11723"},"modified":"2024-08-29T16:36:28","modified_gmt":"2024-08-29T16:36:28","slug":"blusa-artesanal","status":"publish","type":"product","link":"https:\/\/teterete.com\/mx\/producto\/blusa-artesanal\/","title":{"rendered":"Blusa Artesanal Ceratozamia"},"content":{"rendered":"<p>Dise\u00f1o de estampado original de Pol&amp;Pol: grabado en madera impreso sobre tela 100% lino<\/p>\n<p>Medidas<\/p>\n<p>Talla S: 53 x 54 cm<\/p>\n<p>Talla M: 57 x 57 cm<\/p>\n<p>Talla L: 61 x 58 cm<\/p>\n<p>Hecho en M\u00e9xico<\/p>\n<p>Instrucciones de cuidados:<\/p>\n<p>Lavar a mano con agua fr\u00ed\u00ada sin frotar estampado \/Planchar por reverso con vapor\/Lavar en seco<\/p>\n","protected":false},"excerpt":{"rendered":"<p>Destaca con nuestra blusa artesanal de lino 100% con un hermoso estampado de planta ceratozamia. Perfecta para un look elegante y natural<\/p>\n","protected":false},"featured_media":11724,"comment_status":"open","ping_status":"closed","template":"","meta":{"_acf_changed":false,"sfsi_plus_gutenberg_text_before_share":"","sfsi_plus_gutenberg_show_text_before_share":"","sfsi_plus_gutenberg_icon_type":"","sfsi_plus_gutenberg_icon_alignemt":"","sfsi_plus_gutenburg_max_per_row":""},"product_brand":[],"product_cat":[1263,61,1012,55],"product_tag":[1947,2459,2460,1030],"class_list":{"0":"post-11723","1":"product","2":"type-product","3":"status-publish","4":"has-post-thumbnail","6":"product_cat-moda-mexicana","7":"product_cat-para_ella","8":"product_cat-polypol","9":"product_cat-ropa_tradicional","10":"product_tag-blusa-artesanal","11":"product_tag-blusa-floral","12":"product_tag-blusa-lino","13":"product_tag-moda-mexicana","14":"product_shipping_class-fast-delivery","16":"first","17":"instock","18":"taxable","19":"shipping-taxable","20":"purchasable","21":"product-type-simple"},"acf":[],"yoast_head":"<!-- This site is optimized with the Yoast SEO plugin v27.6 - https:\/\/yoast.com\/product\/yoast-seo-wordpress\/ -->\n<title>Blusa Artesanal Ceratozamia -<\/title>\n<meta name=\"description\" content=\"Destaca con nuestra blusa artesanal de lino 100% con un hermoso estampado de flor ceratozamia. Perfecta para un look elegante y natural\" \/>\n<meta name=\"robots\" content=\"index, follow, max-snippet:-1, max-image-preview:large, max-video-preview:-1\" \/>\n<link rel=\"canonical\" href=\"https:\/\/teterete.com\/mx\/producto\/blusa-artesanal\/\" \/>\n<meta property=\"og:locale\" content=\"es_ES\" \/>\n<meta property=\"og:type\" content=\"article\" \/>\n<meta property=\"og:title\" content=\"Blusa Artesanal Ceratozamia -\" \/>\n<meta property=\"og:description\" content=\"Destaca con nuestra blusa artesanal de lino 100% con un hermoso estampado de flor ceratozamia. Perfecta para un look elegante y natural\" \/>\n<meta property=\"og:url\" content=\"https:\/\/teterete.com\/mx\/producto\/blusa-artesanal\/\" \/>\n<meta property=\"article:publisher\" content=\"https:\/\/www.facebook.com\/TetereteHome\/\" \/>\n<meta property=\"article:modified_time\" content=\"2024-08-29T16:36:28+00:00\" \/>\n<meta property=\"og:image\" content=\"https:\/\/teterete.com\/mx\/wp-content\/uploads\/2024\/08\/BLUSA-LINO-ARTESANAL.png\" \/>\n\t<meta property=\"og:image:width\" content=\"639\" \/>\n\t<meta property=\"og:image:height\" content=\"640\" \/>\n\t<meta property=\"og:image:type\" content=\"image\/png\" \/>\n<meta name=\"twitter:card\" content=\"summary_large_image\" \/>\n<meta name=\"twitter:site\" content=\"@Teterete_Home\" \/>\n<meta name=\"twitter:label1\" content=\"Tiempo de lectura\" \/>\n\t<meta name=\"twitter:data1\" content=\"1 minuto\" \/>\n<script type=\"application\/ld+json\" class=\"yoast-schema-graph\">{\"@context\":\"https:\\\/\\\/schema.org\",\"@graph\":[{\"@type\":\"WebPage\",\"@id\":\"https:\\\/\\\/teterete.com\\\/mx\\\/producto\\\/blusa-artesanal\\\/\",\"url\":\"https:\\\/\\\/teterete.com\\\/mx\\\/producto\\\/blusa-artesanal\\\/\",\"name\":\"Blusa Artesanal Ceratozamia -\",\"isPartOf\":{\"@id\":\"https:\\\/\\\/teterete.com\\\/mx\\\/#website\"},\"primaryImageOfPage\":{\"@id\":\"https:\\\/\\\/teterete.com\\\/mx\\\/producto\\\/blusa-artesanal\\\/#primaryimage\"},\"image\":{\"@id\":\"https:\\\/\\\/teterete.com\\\/mx\\\/producto\\\/blusa-artesanal\\\/#primaryimage\"},\"thumbnailUrl\":\"https:\\\/\\\/teterete.com\\\/mx\\\/wp-content\\\/uploads\\\/2024\\\/08\\\/BLUSA-LINO-ARTESANAL.png\",\"datePublished\":\"2024-08-29T16:36:27+00:00\",\"dateModified\":\"2024-08-29T16:36:28+00:00\",\"description\":\"Destaca con nuestra blusa artesanal de lino 100% con un hermoso estampado de flor ceratozamia. Perfecta para un look elegante y natural\",\"breadcrumb\":{\"@id\":\"https:\\\/\\\/teterete.com\\\/mx\\\/producto\\\/blusa-artesanal\\\/#breadcrumb\"},\"inLanguage\":\"es\",\"potentialAction\":[{\"@type\":\"ReadAction\",\"target\":[\"https:\\\/\\\/teterete.com\\\/mx\\\/producto\\\/blusa-artesanal\\\/\"]}]},{\"@type\":\"ImageObject\",\"inLanguage\":\"es\",\"@id\":\"https:\\\/\\\/teterete.com\\\/mx\\\/producto\\\/blusa-artesanal\\\/#primaryimage\",\"url\":\"https:\\\/\\\/teterete.com\\\/mx\\\/wp-content\\\/uploads\\\/2024\\\/08\\\/BLUSA-LINO-ARTESANAL.png\",\"contentUrl\":\"https:\\\/\\\/teterete.com\\\/mx\\\/wp-content\\\/uploads\\\/2024\\\/08\\\/BLUSA-LINO-ARTESANAL.png\",\"width\":639,\"height\":640,\"caption\":\"Blusa Lino Artesanal\"},{\"@type\":\"BreadcrumbList\",\"@id\":\"https:\\\/\\\/teterete.com\\\/mx\\\/producto\\\/blusa-artesanal\\\/#breadcrumb\",\"itemListElement\":[{\"@type\":\"ListItem\",\"position\":1,\"name\":\"Home\",\"item\":\"https:\\\/\\\/teterete.com\\\/mx\\\/\"},{\"@type\":\"ListItem\",\"position\":2,\"name\":\"Productos\",\"item\":\"https:\\\/\\\/teterete.com\\\/mx\\\/shop\\\/\"},{\"@type\":\"ListItem\",\"position\":3,\"name\":\"Blusa Artesanal Ceratozamia\"}]},{\"@type\":\"WebSite\",\"@id\":\"https:\\\/\\\/teterete.com\\\/mx\\\/#website\",\"url\":\"https:\\\/\\\/teterete.com\\\/mx\\\/\",\"name\":\"\",\"description\":\"Tienda en L\u00ednea de Fina Artesanias y Dise\u00f1o Mexicano. Bellas piezas elaboradas a mano por los mejores artesanos del pa\u00eds as\u00ed como piezas de dise\u00f1o y decoraci\u00f3n con inspiraci\u00f3n artesanal.\",\"potentialAction\":[{\"@type\":\"SearchAction\",\"target\":{\"@type\":\"EntryPoint\",\"urlTemplate\":\"https:\\\/\\\/teterete.com\\\/mx\\\/?s={search_term_string}\"},\"query-input\":{\"@type\":\"PropertyValueSpecification\",\"valueRequired\":true,\"valueName\":\"search_term_string\"}}],\"inLanguage\":\"es\"}]}<\/script>\n<!-- \/ Yoast SEO plugin. -->","yoast_head_json":{"title":"Blusa Artesanal Ceratozamia -","description":"Destaca con nuestra blusa artesanal de lino 100% con un hermoso estampado de flor ceratozamia. Perfecta para un look elegante y natural","robots":{"index":"index","follow":"follow","max-snippet":"max-snippet:-1","max-image-preview":"max-image-preview:large","max-video-preview":"max-video-preview:-1"},"canonical":"https:\/\/teterete.com\/mx\/producto\/blusa-artesanal\/","og_locale":"es_ES","og_type":"article","og_title":"Blusa Artesanal Ceratozamia -","og_description":"Destaca con nuestra blusa artesanal de lino 100% con un hermoso estampado de flor ceratozamia. Perfecta para un look elegante y natural","og_url":"https:\/\/teterete.com\/mx\/producto\/blusa-artesanal\/","article_publisher":"https:\/\/www.facebook.com\/TetereteHome\/","article_modified_time":"2024-08-29T16:36:28+00:00","og_image":[{"width":639,"height":640,"url":"https:\/\/teterete.com\/mx\/wp-content\/uploads\/2024\/08\/BLUSA-LINO-ARTESANAL.png","type":"image\/png"}],"twitter_card":"summary_large_image","twitter_site":"@Teterete_Home","twitter_misc":{"Tiempo de lectura":"1 minuto"},"schema":{"@context":"https:\/\/schema.org","@graph":[{"@type":"WebPage","@id":"https:\/\/teterete.com\/mx\/producto\/blusa-artesanal\/","url":"https:\/\/teterete.com\/mx\/producto\/blusa-artesanal\/","name":"Blusa Artesanal Ceratozamia -","isPartOf":{"@id":"https:\/\/teterete.com\/mx\/#website"},"primaryImageOfPage":{"@id":"https:\/\/teterete.com\/mx\/producto\/blusa-artesanal\/#primaryimage"},"image":{"@id":"https:\/\/teterete.com\/mx\/producto\/blusa-artesanal\/#primaryimage"},"thumbnailUrl":"https:\/\/teterete.com\/mx\/wp-content\/uploads\/2024\/08\/BLUSA-LINO-ARTESANAL.png","datePublished":"2024-08-29T16:36:27+00:00","dateModified":"2024-08-29T16:36:28+00:00","description":"Destaca con nuestra blusa artesanal de lino 100% con un hermoso estampado de flor ceratozamia. Perfecta para un look elegante y natural","breadcrumb":{"@id":"https:\/\/teterete.com\/mx\/producto\/blusa-artesanal\/#breadcrumb"},"inLanguage":"es","potentialAction":[{"@type":"ReadAction","target":["https:\/\/teterete.com\/mx\/producto\/blusa-artesanal\/"]}]},{"@type":"ImageObject","inLanguage":"es","@id":"https:\/\/teterete.com\/mx\/producto\/blusa-artesanal\/#primaryimage","url":"https:\/\/teterete.com\/mx\/wp-content\/uploads\/2024\/08\/BLUSA-LINO-ARTESANAL.png","contentUrl":"https:\/\/teterete.com\/mx\/wp-content\/uploads\/2024\/08\/BLUSA-LINO-ARTESANAL.png","width":639,"height":640,"caption":"Blusa Lino Artesanal"},{"@type":"BreadcrumbList","@id":"https:\/\/teterete.com\/mx\/producto\/blusa-artesanal\/#breadcrumb","itemListElement":[{"@type":"ListItem","position":1,"name":"Home","item":"https:\/\/teterete.com\/mx\/"},{"@type":"ListItem","position":2,"name":"Productos","item":"https:\/\/teterete.com\/mx\/shop\/"},{"@type":"ListItem","position":3,"name":"Blusa Artesanal Ceratozamia"}]},{"@type":"WebSite","@id":"https:\/\/teterete.com\/mx\/#website","url":"https:\/\/teterete.com\/mx\/","name":"","description":"Tienda en L\u00ednea de Fina Artesanias y Dise\u00f1o Mexicano. Bellas piezas elaboradas a mano por los mejores artesanos del pa\u00eds as\u00ed como piezas de dise\u00f1o y decoraci\u00f3n con inspiraci\u00f3n artesanal.","potentialAction":[{"@type":"SearchAction","target":{"@type":"EntryPoint","urlTemplate":"https:\/\/teterete.com\/mx\/?s={search_term_string}"},"query-input":{"@type":"PropertyValueSpecification","valueRequired":true,"valueName":"search_term_string"}}],"inLanguage":"es"}]}},"_links":{"self":[{"href":"https:\/\/teterete.com\/mx\/wp-json\/wp\/v2\/product\/11723","targetHints":{"allow":["GET"]}}],"collection":[{"href":"https:\/\/teterete.com\/mx\/wp-json\/wp\/v2\/product"}],"about":[{"href":"https:\/\/teterete.com\/mx\/wp-json\/wp\/v2\/types\/product"}],"replies":[{"embeddable":true,"href":"https:\/\/teterete.com\/mx\/wp-json\/wp\/v2\/comments?post=11723"}],"wp:featuredmedia":[{"embeddable":true,"href":"https:\/\/teterete.com\/mx\/wp-json\/wp\/v2\/media\/11724"}],"wp:attachment":[{"href":"https:\/\/teterete.com\/mx\/wp-json\/wp\/v2\/media?parent=11723"}],"wp:term":[{"taxonomy":"product_brand","embeddable":true,"href":"https:\/\/teterete.com\/mx\/wp-json\/wp\/v2\/product_brand?post=11723"},{"taxonomy":"product_cat","embeddable":true,"href":"https:\/\/teterete.com\/mx\/wp-json\/wp\/v2\/product_cat?post=11723"},{"taxonomy":"product_tag","embeddable":true,"href":"https:\/\/teterete.com\/mx\/wp-json\/wp\/v2\/product_tag?post=11723"}],"curies":[{"name":"wp","href":"https:\/\/api.w.org\/{rel}","templated":true}]}}