{"id":11798,"date":"2024-09-04T20:37:39","date_gmt":"2024-09-04T20:37:39","guid":{"rendered":"https:\/\/teterete.com\/mx\/?post_type=product&#038;p=11798"},"modified":"2024-09-04T20:49:54","modified_gmt":"2024-09-04T20:49:54","slug":"mesa-totem-madera","status":"publish","type":"product","link":"https:\/\/teterete.com\/mx\/producto\/mesa-totem-madera\/","title":{"rendered":"Mesa Totem Madera"},"content":{"rendered":"<p>Mesa Totem en varios tama\u00f1os.<\/p>\n<div class=\"page\" title=\"Page 50\">\n<div class=\"layoutArea\">\n<div class=\"column\">\n<p>MATERIAL: madera y acero<br \/>\nMEDIDAS APROXIMADAS: 70cm diam. H43 cm<\/p>\n<p>MESA TOTEM AUXILIAR 1<\/p>\n<p>MEDIDAS APROXIMADAS:45 cm diam. h:43 cm<\/p>\n<p>MESA TOTEM AUXILIAR 2<\/p>\n<p>MEDIDAS APROXIMADAS:45 cm diam. h:51 cm<\/p>\n<p>MESA TOTEM AUXILIAR 3<\/p>\n<p>MEDIDAS APROXIMADAS: 45 cm diam. h:49 cm<br \/>\nCOLORES DISPONIBLES: madera clara, madera oscura , acero negro.<\/p>\n<\/div>\n<\/div>\n<\/div>\n","protected":false},"excerpt":{"rendered":"<p>Mesa auxiliar en madera y acero disponible en varios tama\u00f1os, ideal para sala, estudio o rec\u00e1mara. Elegante dise\u00f1o en color negro y opciones de madera clara u oscura<\/p>\n","protected":false},"featured_media":11755,"comment_status":"open","ping_status":"closed","template":"","meta":{"_acf_changed":false,"sfsi_plus_gutenberg_text_before_share":"","sfsi_plus_gutenberg_show_text_before_share":"","sfsi_plus_gutenberg_icon_type":"","sfsi_plus_gutenberg_icon_alignemt":"","sfsi_plus_gutenburg_max_per_row":""},"product_brand":[],"product_cat":[2467,1499],"product_tag":[1688,2464,2466,2465],"class_list":{"0":"post-11798","1":"product","2":"type-product","3":"status-publish","4":"has-post-thumbnail","6":"product_cat-muebles-artesanales","7":"product_cat-vaiven","8":"product_tag-mesa-auxiliar","9":"product_tag-mesa-de-centro","10":"product_tag-mesa-para-sala","11":"product_tag-mesita","12":"product_shipping_class-especial_chico","14":"first","15":"instock","16":"taxable","17":"shipping-taxable","18":"purchasable","19":"product-type-variable"},"acf":[],"yoast_head":"<!-- This site is optimized with the Yoast SEO plugin v27.6 - https:\/\/yoast.com\/product\/yoast-seo-wordpress\/ -->\n<title>Mesa Totem Madera -<\/title>\n<meta name=\"description\" content=\"Mesa auxiliar en madera y acero disponible en varios tama\u00f1os, ideal para sala, estudio o rec\u00e1mara. Elegante dise\u00f1o en color negro y opciones de madera clara u oscura\" \/>\n<meta name=\"robots\" content=\"index, follow, max-snippet:-1, max-image-preview:large, max-video-preview:-1\" \/>\n<link rel=\"canonical\" href=\"https:\/\/teterete.com\/mx\/producto\/mesa-totem-madera\/\" \/>\n<meta property=\"og:locale\" content=\"es_ES\" \/>\n<meta property=\"og:type\" content=\"article\" \/>\n<meta property=\"og:title\" content=\"Mesa Totem Madera -\" \/>\n<meta property=\"og:description\" content=\"Mesa auxiliar en madera y acero disponible en varios tama\u00f1os, ideal para sala, estudio o rec\u00e1mara. Elegante dise\u00f1o en color negro y opciones de madera clara u oscura\" \/>\n<meta property=\"og:url\" content=\"https:\/\/teterete.com\/mx\/producto\/mesa-totem-madera\/\" \/>\n<meta property=\"article:publisher\" content=\"https:\/\/www.facebook.com\/TetereteHome\/\" \/>\n<meta property=\"article:modified_time\" content=\"2024-09-04T20:49:54+00:00\" \/>\n<meta property=\"og:image\" content=\"https:\/\/teterete.com\/mx\/wp-content\/uploads\/2024\/09\/mesas-auxiliares.png\" \/>\n\t<meta property=\"og:image:width\" content=\"640\" \/>\n\t<meta property=\"og:image:height\" content=\"640\" \/>\n\t<meta property=\"og:image:type\" content=\"image\/png\" \/>\n<meta name=\"twitter:card\" content=\"summary_large_image\" \/>\n<meta name=\"twitter:site\" content=\"@Teterete_Home\" \/>\n<meta name=\"twitter:label1\" content=\"Tiempo de lectura\" \/>\n\t<meta name=\"twitter:data1\" content=\"1 minuto\" \/>\n<script type=\"application\/ld+json\" class=\"yoast-schema-graph\">{\"@context\":\"https:\\\/\\\/schema.org\",\"@graph\":[{\"@type\":\"WebPage\",\"@id\":\"https:\\\/\\\/teterete.com\\\/mx\\\/producto\\\/mesa-totem-madera\\\/\",\"url\":\"https:\\\/\\\/teterete.com\\\/mx\\\/producto\\\/mesa-totem-madera\\\/\",\"name\":\"Mesa Totem Madera -\",\"isPartOf\":{\"@id\":\"https:\\\/\\\/teterete.com\\\/mx\\\/#website\"},\"primaryImageOfPage\":{\"@id\":\"https:\\\/\\\/teterete.com\\\/mx\\\/producto\\\/mesa-totem-madera\\\/#primaryimage\"},\"image\":{\"@id\":\"https:\\\/\\\/teterete.com\\\/mx\\\/producto\\\/mesa-totem-madera\\\/#primaryimage\"},\"thumbnailUrl\":\"https:\\\/\\\/teterete.com\\\/mx\\\/wp-content\\\/uploads\\\/2024\\\/09\\\/mesas-auxiliares.png\",\"datePublished\":\"2024-09-04T20:37:39+00:00\",\"dateModified\":\"2024-09-04T20:49:54+00:00\",\"description\":\"Mesa auxiliar en madera y acero disponible en varios tama\u00f1os, ideal para sala, estudio o rec\u00e1mara. Elegante dise\u00f1o en color negro y opciones de madera clara u oscura\",\"breadcrumb\":{\"@id\":\"https:\\\/\\\/teterete.com\\\/mx\\\/producto\\\/mesa-totem-madera\\\/#breadcrumb\"},\"inLanguage\":\"es\",\"potentialAction\":[{\"@type\":\"ReadAction\",\"target\":[\"https:\\\/\\\/teterete.com\\\/mx\\\/producto\\\/mesa-totem-madera\\\/\"]}]},{\"@type\":\"ImageObject\",\"inLanguage\":\"es\",\"@id\":\"https:\\\/\\\/teterete.com\\\/mx\\\/producto\\\/mesa-totem-madera\\\/#primaryimage\",\"url\":\"https:\\\/\\\/teterete.com\\\/mx\\\/wp-content\\\/uploads\\\/2024\\\/09\\\/mesas-auxiliares.png\",\"contentUrl\":\"https:\\\/\\\/teterete.com\\\/mx\\\/wp-content\\\/uploads\\\/2024\\\/09\\\/mesas-auxiliares.png\",\"width\":640,\"height\":640},{\"@type\":\"BreadcrumbList\",\"@id\":\"https:\\\/\\\/teterete.com\\\/mx\\\/producto\\\/mesa-totem-madera\\\/#breadcrumb\",\"itemListElement\":[{\"@type\":\"ListItem\",\"position\":1,\"name\":\"Home\",\"item\":\"https:\\\/\\\/teterete.com\\\/mx\\\/\"},{\"@type\":\"ListItem\",\"position\":2,\"name\":\"Productos\",\"item\":\"https:\\\/\\\/teterete.com\\\/mx\\\/shop\\\/\"},{\"@type\":\"ListItem\",\"position\":3,\"name\":\"Mesa Totem Madera\"}]},{\"@type\":\"WebSite\",\"@id\":\"https:\\\/\\\/teterete.com\\\/mx\\\/#website\",\"url\":\"https:\\\/\\\/teterete.com\\\/mx\\\/\",\"name\":\"\",\"description\":\"Tienda en L\u00ednea de Fina Artesanias y Dise\u00f1o Mexicano. Bellas piezas elaboradas a mano por los mejores artesanos del pa\u00eds as\u00ed como piezas de dise\u00f1o y decoraci\u00f3n con inspiraci\u00f3n artesanal.\",\"potentialAction\":[{\"@type\":\"SearchAction\",\"target\":{\"@type\":\"EntryPoint\",\"urlTemplate\":\"https:\\\/\\\/teterete.com\\\/mx\\\/?s={search_term_string}\"},\"query-input\":{\"@type\":\"PropertyValueSpecification\",\"valueRequired\":true,\"valueName\":\"search_term_string\"}}],\"inLanguage\":\"es\"}]}<\/script>\n<!-- \/ Yoast SEO plugin. -->","yoast_head_json":{"title":"Mesa Totem Madera -","description":"Mesa auxiliar en madera y acero disponible en varios tama\u00f1os, ideal para sala, estudio o rec\u00e1mara. Elegante dise\u00f1o en color negro y opciones de madera clara u oscura","robots":{"index":"index","follow":"follow","max-snippet":"max-snippet:-1","max-image-preview":"max-image-preview:large","max-video-preview":"max-video-preview:-1"},"canonical":"https:\/\/teterete.com\/mx\/producto\/mesa-totem-madera\/","og_locale":"es_ES","og_type":"article","og_title":"Mesa Totem Madera -","og_description":"Mesa auxiliar en madera y acero disponible en varios tama\u00f1os, ideal para sala, estudio o rec\u00e1mara. Elegante dise\u00f1o en color negro y opciones de madera clara u oscura","og_url":"https:\/\/teterete.com\/mx\/producto\/mesa-totem-madera\/","article_publisher":"https:\/\/www.facebook.com\/TetereteHome\/","article_modified_time":"2024-09-04T20:49:54+00:00","og_image":[{"width":640,"height":640,"url":"https:\/\/teterete.com\/mx\/wp-content\/uploads\/2024\/09\/mesas-auxiliares.png","type":"image\/png"}],"twitter_card":"summary_large_image","twitter_site":"@Teterete_Home","twitter_misc":{"Tiempo de lectura":"1 minuto"},"schema":{"@context":"https:\/\/schema.org","@graph":[{"@type":"WebPage","@id":"https:\/\/teterete.com\/mx\/producto\/mesa-totem-madera\/","url":"https:\/\/teterete.com\/mx\/producto\/mesa-totem-madera\/","name":"Mesa Totem Madera -","isPartOf":{"@id":"https:\/\/teterete.com\/mx\/#website"},"primaryImageOfPage":{"@id":"https:\/\/teterete.com\/mx\/producto\/mesa-totem-madera\/#primaryimage"},"image":{"@id":"https:\/\/teterete.com\/mx\/producto\/mesa-totem-madera\/#primaryimage"},"thumbnailUrl":"https:\/\/teterete.com\/mx\/wp-content\/uploads\/2024\/09\/mesas-auxiliares.png","datePublished":"2024-09-04T20:37:39+00:00","dateModified":"2024-09-04T20:49:54+00:00","description":"Mesa auxiliar en madera y acero disponible en varios tama\u00f1os, ideal para sala, estudio o rec\u00e1mara. Elegante dise\u00f1o en color negro y opciones de madera clara u oscura","breadcrumb":{"@id":"https:\/\/teterete.com\/mx\/producto\/mesa-totem-madera\/#breadcrumb"},"inLanguage":"es","potentialAction":[{"@type":"ReadAction","target":["https:\/\/teterete.com\/mx\/producto\/mesa-totem-madera\/"]}]},{"@type":"ImageObject","inLanguage":"es","@id":"https:\/\/teterete.com\/mx\/producto\/mesa-totem-madera\/#primaryimage","url":"https:\/\/teterete.com\/mx\/wp-content\/uploads\/2024\/09\/mesas-auxiliares.png","contentUrl":"https:\/\/teterete.com\/mx\/wp-content\/uploads\/2024\/09\/mesas-auxiliares.png","width":640,"height":640},{"@type":"BreadcrumbList","@id":"https:\/\/teterete.com\/mx\/producto\/mesa-totem-madera\/#breadcrumb","itemListElement":[{"@type":"ListItem","position":1,"name":"Home","item":"https:\/\/teterete.com\/mx\/"},{"@type":"ListItem","position":2,"name":"Productos","item":"https:\/\/teterete.com\/mx\/shop\/"},{"@type":"ListItem","position":3,"name":"Mesa Totem Madera"}]},{"@type":"WebSite","@id":"https:\/\/teterete.com\/mx\/#website","url":"https:\/\/teterete.com\/mx\/","name":"","description":"Tienda en L\u00ednea de Fina Artesanias y Dise\u00f1o Mexicano. Bellas piezas elaboradas a mano por los mejores artesanos del pa\u00eds as\u00ed como piezas de dise\u00f1o y decoraci\u00f3n con inspiraci\u00f3n artesanal.","potentialAction":[{"@type":"SearchAction","target":{"@type":"EntryPoint","urlTemplate":"https:\/\/teterete.com\/mx\/?s={search_term_string}"},"query-input":{"@type":"PropertyValueSpecification","valueRequired":true,"valueName":"search_term_string"}}],"inLanguage":"es"}]}},"_links":{"self":[{"href":"https:\/\/teterete.com\/mx\/wp-json\/wp\/v2\/product\/11798","targetHints":{"allow":["GET"]}}],"collection":[{"href":"https:\/\/teterete.com\/mx\/wp-json\/wp\/v2\/product"}],"about":[{"href":"https:\/\/teterete.com\/mx\/wp-json\/wp\/v2\/types\/product"}],"replies":[{"embeddable":true,"href":"https:\/\/teterete.com\/mx\/wp-json\/wp\/v2\/comments?post=11798"}],"wp:featuredmedia":[{"embeddable":true,"href":"https:\/\/teterete.com\/mx\/wp-json\/wp\/v2\/media\/11755"}],"wp:attachment":[{"href":"https:\/\/teterete.com\/mx\/wp-json\/wp\/v2\/media?parent=11798"}],"wp:term":[{"taxonomy":"product_brand","embeddable":true,"href":"https:\/\/teterete.com\/mx\/wp-json\/wp\/v2\/product_brand?post=11798"},{"taxonomy":"product_cat","embeddable":true,"href":"https:\/\/teterete.com\/mx\/wp-json\/wp\/v2\/product_cat?post=11798"},{"taxonomy":"product_tag","embeddable":true,"href":"https:\/\/teterete.com\/mx\/wp-json\/wp\/v2\/product_tag?post=11798"}],"curies":[{"name":"wp","href":"https:\/\/api.w.org\/{rel}","templated":true}]}}