{"id":11805,"date":"2024-09-04T23:43:32","date_gmt":"2024-09-04T23:43:32","guid":{"rendered":"https:\/\/teterete.com\/mx\/?post_type=product&#038;p=11805"},"modified":"2026-01-04T18:55:32","modified_gmt":"2026-01-04T18:55:32","slug":"silla-tejida","status":"publish","type":"product","link":"https:\/\/teterete.com\/mx\/producto\/silla-tejida\/","title":{"rendered":"Silla Tejida Suljaa"},"content":{"rendered":"<p><strong>T\u00e9cnica artesanal: <\/strong>Tejido a mano y carpinter\u00eda.<br \/>\n<strong>Medidas:<\/strong> 54 x 86 x 45 cm.<br \/>\n<strong>Material:<\/strong> Madera maciza de roble y cord\u00f3n de polipropileno.<\/p>\n","protected":false},"excerpt":{"rendered":"<p>Silla dise\u00f1ada por el reconocido dise\u00f1ador Rams\u00e9s Viazcan, hecha con madera de roble y con un tejido hecho a mano con patrones distintivos y colores vibrantes de los amuzgos de Guerrero.<\/p>\n","protected":false},"featured_media":11759,"comment_status":"open","ping_status":"closed","template":"","meta":{"sfsi_plus_gutenberg_text_before_share":"","sfsi_plus_gutenberg_show_text_before_share":"","sfsi_plus_gutenberg_icon_type":"","sfsi_plus_gutenberg_icon_alignemt":"","sfsi_plus_gutenburg_max_per_row":""},"product_cat":[2166,2080,350],"product_tag":[2223,2468,1011,1456],"acf":[],"yoast_head":"<!-- This site is optimized with the Yoast SEO plugin v23.5 - https:\/\/yoast.com\/wordpress\/plugins\/seo\/ -->\n<title>Silla Tejida Suljaa -<\/title>\n<meta name=\"description\" content=\"Silla dise\u00f1ada por el reconocido dise\u00f1ador Rams\u00e9s Viazcan, hecha con madera de roble y con un tejido hecho a mano con patrones distintivos y colores vibrantes\" \/>\n<meta name=\"robots\" content=\"index, follow, max-snippet:-1, max-image-preview:large, max-video-preview:-1\" \/>\n<link rel=\"canonical\" href=\"https:\/\/teterete.com\/mx\/producto\/silla-tejida\/\" \/>\n<meta property=\"og:locale\" content=\"es_ES\" \/>\n<meta property=\"og:type\" content=\"article\" \/>\n<meta property=\"og:title\" content=\"Silla Tejida Suljaa -\" \/>\n<meta property=\"og:description\" content=\"Silla dise\u00f1ada por el reconocido dise\u00f1ador Rams\u00e9s Viazcan, hecha con madera de roble y con un tejido hecho a mano con patrones distintivos y colores vibrantes\" \/>\n<meta property=\"og:url\" content=\"https:\/\/teterete.com\/mx\/producto\/silla-tejida\/\" \/>\n<meta property=\"article:publisher\" content=\"https:\/\/www.facebook.com\/TetereteHome\/\" \/>\n<meta property=\"article:modified_time\" content=\"2026-01-04T18:55:32+00:00\" \/>\n<meta property=\"og:image\" content=\"https:\/\/teterete.com\/mx\/wp-content\/uploads\/2024\/09\/silla-tejida.jpg\" \/>\n\t<meta property=\"og:image:width\" content=\"800\" \/>\n\t<meta property=\"og:image:height\" content=\"800\" \/>\n\t<meta property=\"og:image:type\" content=\"image\/jpeg\" \/>\n<meta name=\"twitter:card\" content=\"summary_large_image\" \/>\n<meta name=\"twitter:site\" content=\"@Teterete_Home\" \/>\n<meta name=\"twitter:label1\" content=\"Tiempo de lectura\" \/>\n\t<meta name=\"twitter:data1\" content=\"1 minuto\" \/>\n<script type=\"application\/ld+json\" class=\"yoast-schema-graph\">{\"@context\":\"https:\/\/schema.org\",\"@graph\":[{\"@type\":\"WebPage\",\"@id\":\"https:\/\/teterete.com\/mx\/producto\/silla-tejida\/\",\"url\":\"https:\/\/teterete.com\/mx\/producto\/silla-tejida\/\",\"name\":\"Silla Tejida Suljaa -\",\"isPartOf\":{\"@id\":\"https:\/\/teterete.com\/mx\/#website\"},\"primaryImageOfPage\":{\"@id\":\"https:\/\/teterete.com\/mx\/producto\/silla-tejida\/#primaryimage\"},\"image\":{\"@id\":\"https:\/\/teterete.com\/mx\/producto\/silla-tejida\/#primaryimage\"},\"thumbnailUrl\":\"https:\/\/teterete.com\/mx\/wp-content\/uploads\/2024\/09\/silla-tejida.jpg\",\"datePublished\":\"2024-09-04T23:43:32+00:00\",\"dateModified\":\"2026-01-04T18:55:32+00:00\",\"description\":\"Silla dise\u00f1ada por el reconocido dise\u00f1ador Rams\u00e9s Viazcan, hecha con madera de roble y con un tejido hecho a mano con patrones distintivos y colores vibrantes\",\"breadcrumb\":{\"@id\":\"https:\/\/teterete.com\/mx\/producto\/silla-tejida\/#breadcrumb\"},\"inLanguage\":\"es\",\"potentialAction\":[{\"@type\":\"ReadAction\",\"target\":[\"https:\/\/teterete.com\/mx\/producto\/silla-tejida\/\"]}]},{\"@type\":\"ImageObject\",\"inLanguage\":\"es\",\"@id\":\"https:\/\/teterete.com\/mx\/producto\/silla-tejida\/#primaryimage\",\"url\":\"https:\/\/teterete.com\/mx\/wp-content\/uploads\/2024\/09\/silla-tejida.jpg\",\"contentUrl\":\"https:\/\/teterete.com\/mx\/wp-content\/uploads\/2024\/09\/silla-tejida.jpg\",\"width\":800,\"height\":800,\"caption\":\"Silla Tejida\"},{\"@type\":\"BreadcrumbList\",\"@id\":\"https:\/\/teterete.com\/mx\/producto\/silla-tejida\/#breadcrumb\",\"itemListElement\":[{\"@type\":\"ListItem\",\"position\":1,\"name\":\"Home\",\"item\":\"https:\/\/teterete.com\/mx\/\"},{\"@type\":\"ListItem\",\"position\":2,\"name\":\"Productos\",\"item\":\"https:\/\/teterete.com\/mx\/shop\/\"},{\"@type\":\"ListItem\",\"position\":3,\"name\":\"Silla Tejida Suljaa\"}]},{\"@type\":\"WebSite\",\"@id\":\"https:\/\/teterete.com\/mx\/#website\",\"url\":\"https:\/\/teterete.com\/mx\/\",\"name\":\"\",\"description\":\"Tienda en L\u00ednea de Fina Artesanias y Dise\u00f1o Mexicano. Bellas piezas elaboradas a mano por los mejores artesanos del pa\u00eds as\u00ed como piezas de dise\u00f1o y decoraci\u00f3n con inspiraci\u00f3n artesanal.\",\"potentialAction\":[{\"@type\":\"SearchAction\",\"target\":{\"@type\":\"EntryPoint\",\"urlTemplate\":\"https:\/\/teterete.com\/mx\/?s={search_term_string}\"},\"query-input\":{\"@type\":\"PropertyValueSpecification\",\"valueRequired\":true,\"valueName\":\"search_term_string\"}}],\"inLanguage\":\"es\"}]}<\/script>\n<!-- \/ Yoast SEO plugin. -->","yoast_head_json":{"title":"Silla Tejida Suljaa -","description":"Silla dise\u00f1ada por el reconocido dise\u00f1ador Rams\u00e9s Viazcan, hecha con madera de roble y con un tejido hecho a mano con patrones distintivos y colores vibrantes","robots":{"index":"index","follow":"follow","max-snippet":"max-snippet:-1","max-image-preview":"max-image-preview:large","max-video-preview":"max-video-preview:-1"},"canonical":"https:\/\/teterete.com\/mx\/producto\/silla-tejida\/","og_locale":"es_ES","og_type":"article","og_title":"Silla Tejida Suljaa -","og_description":"Silla dise\u00f1ada por el reconocido dise\u00f1ador Rams\u00e9s Viazcan, hecha con madera de roble y con un tejido hecho a mano con patrones distintivos y colores vibrantes","og_url":"https:\/\/teterete.com\/mx\/producto\/silla-tejida\/","article_publisher":"https:\/\/www.facebook.com\/TetereteHome\/","article_modified_time":"2026-01-04T18:55:32+00:00","og_image":[{"width":800,"height":800,"url":"https:\/\/teterete.com\/mx\/wp-content\/uploads\/2024\/09\/silla-tejida.jpg","type":"image\/jpeg"}],"twitter_card":"summary_large_image","twitter_site":"@Teterete_Home","twitter_misc":{"Tiempo de lectura":"1 minuto"},"schema":{"@context":"https:\/\/schema.org","@graph":[{"@type":"WebPage","@id":"https:\/\/teterete.com\/mx\/producto\/silla-tejida\/","url":"https:\/\/teterete.com\/mx\/producto\/silla-tejida\/","name":"Silla Tejida Suljaa -","isPartOf":{"@id":"https:\/\/teterete.com\/mx\/#website"},"primaryImageOfPage":{"@id":"https:\/\/teterete.com\/mx\/producto\/silla-tejida\/#primaryimage"},"image":{"@id":"https:\/\/teterete.com\/mx\/producto\/silla-tejida\/#primaryimage"},"thumbnailUrl":"https:\/\/teterete.com\/mx\/wp-content\/uploads\/2024\/09\/silla-tejida.jpg","datePublished":"2024-09-04T23:43:32+00:00","dateModified":"2026-01-04T18:55:32+00:00","description":"Silla dise\u00f1ada por el reconocido dise\u00f1ador Rams\u00e9s Viazcan, hecha con madera de roble y con un tejido hecho a mano con patrones distintivos y colores vibrantes","breadcrumb":{"@id":"https:\/\/teterete.com\/mx\/producto\/silla-tejida\/#breadcrumb"},"inLanguage":"es","potentialAction":[{"@type":"ReadAction","target":["https:\/\/teterete.com\/mx\/producto\/silla-tejida\/"]}]},{"@type":"ImageObject","inLanguage":"es","@id":"https:\/\/teterete.com\/mx\/producto\/silla-tejida\/#primaryimage","url":"https:\/\/teterete.com\/mx\/wp-content\/uploads\/2024\/09\/silla-tejida.jpg","contentUrl":"https:\/\/teterete.com\/mx\/wp-content\/uploads\/2024\/09\/silla-tejida.jpg","width":800,"height":800,"caption":"Silla Tejida"},{"@type":"BreadcrumbList","@id":"https:\/\/teterete.com\/mx\/producto\/silla-tejida\/#breadcrumb","itemListElement":[{"@type":"ListItem","position":1,"name":"Home","item":"https:\/\/teterete.com\/mx\/"},{"@type":"ListItem","position":2,"name":"Productos","item":"https:\/\/teterete.com\/mx\/shop\/"},{"@type":"ListItem","position":3,"name":"Silla Tejida Suljaa"}]},{"@type":"WebSite","@id":"https:\/\/teterete.com\/mx\/#website","url":"https:\/\/teterete.com\/mx\/","name":"","description":"Tienda en L\u00ednea de Fina Artesanias y Dise\u00f1o Mexicano. Bellas piezas elaboradas a mano por los mejores artesanos del pa\u00eds as\u00ed como piezas de dise\u00f1o y decoraci\u00f3n con inspiraci\u00f3n artesanal.","potentialAction":[{"@type":"SearchAction","target":{"@type":"EntryPoint","urlTemplate":"https:\/\/teterete.com\/mx\/?s={search_term_string}"},"query-input":{"@type":"PropertyValueSpecification","valueRequired":true,"valueName":"search_term_string"}}],"inLanguage":"es"}]}},"_links":{"self":[{"href":"https:\/\/teterete.com\/mx\/wp-json\/wp\/v2\/product\/11805"}],"collection":[{"href":"https:\/\/teterete.com\/mx\/wp-json\/wp\/v2\/product"}],"about":[{"href":"https:\/\/teterete.com\/mx\/wp-json\/wp\/v2\/types\/product"}],"replies":[{"embeddable":true,"href":"https:\/\/teterete.com\/mx\/wp-json\/wp\/v2\/comments?post=11805"}],"wp:featuredmedia":[{"embeddable":true,"href":"https:\/\/teterete.com\/mx\/wp-json\/wp\/v2\/media\/11759"}],"wp:attachment":[{"href":"https:\/\/teterete.com\/mx\/wp-json\/wp\/v2\/media?parent=11805"}],"wp:term":[{"taxonomy":"product_cat","embeddable":true,"href":"https:\/\/teterete.com\/mx\/wp-json\/wp\/v2\/product_cat?post=11805"},{"taxonomy":"product_tag","embeddable":true,"href":"https:\/\/teterete.com\/mx\/wp-json\/wp\/v2\/product_tag?post=11805"}],"curies":[{"name":"wp","href":"https:\/\/api.w.org\/{rel}","templated":true}]}}