{"id":11823,"date":"2024-09-06T22:35:35","date_gmt":"2024-09-06T22:35:35","guid":{"rendered":"https:\/\/teterete.com\/mx\/?post_type=product&#038;p=11823"},"modified":"2025-01-18T17:11:06","modified_gmt":"2025-01-18T17:11:06","slug":"espejos-varios-formatos","status":"publish","type":"product","link":"https:\/\/teterete.com\/mx\/producto\/espejos-varios-formatos\/","title":{"rendered":"Espejos Varios Formatos"},"content":{"rendered":"<p>Material: Acero y Madera<\/p>\n<p>2 tama\u00f1os:<\/p>\n<p>Chico: para mesa o ba\u00f1o<\/p>\n<div class=\"page\" title=\"Page 11\">\n<div class=\"layoutArea\">\n<div class=\"column\">\n<p>Grande: medidas aproximadas.: 60 x 25 x H:1.8M<\/p>\n<\/div>\n<\/div>\n<\/div>\n","protected":false},"excerpt":{"rendered":"<p>Encuentra espejos en diversos formatos y tama\u00f1os, perfectos para cualquier espacio. Dise\u00f1os vers\u00e1tiles que a\u00f1aden estilo y amplitud a tu hogar<\/p>\n","protected":false},"featured_media":12160,"comment_status":"open","ping_status":"closed","template":"","meta":{"sfsi_plus_gutenberg_text_before_share":"","sfsi_plus_gutenberg_show_text_before_share":"","sfsi_plus_gutenberg_icon_type":"","sfsi_plus_gutenberg_icon_alignemt":"","sfsi_plus_gutenburg_max_per_row":""},"product_cat":[1499,341,334],"product_tag":[2476,2477],"acf":[],"yoast_head":"<!-- This site is optimized with the Yoast SEO plugin v23.5 - https:\/\/yoast.com\/wordpress\/plugins\/seo\/ -->\n<title>Espejos Varios Formatos -<\/title>\n<meta name=\"description\" content=\"Encuentra espejos en diversos formatos y tama\u00f1os, perfectos para cualquier espacio. Dise\u00f1os vers\u00e1tiles que a\u00f1aden estilo y amplitud a tu hogar\" \/>\n<meta name=\"robots\" content=\"index, follow, max-snippet:-1, max-image-preview:large, max-video-preview:-1\" \/>\n<link rel=\"canonical\" href=\"https:\/\/teterete.com\/mx\/producto\/espejos-varios-formatos\/\" \/>\n<meta property=\"og:locale\" content=\"es_ES\" \/>\n<meta property=\"og:type\" content=\"article\" \/>\n<meta property=\"og:title\" content=\"Espejos Varios Formatos -\" \/>\n<meta property=\"og:description\" content=\"Encuentra espejos en diversos formatos y tama\u00f1os, perfectos para cualquier espacio. Dise\u00f1os vers\u00e1tiles que a\u00f1aden estilo y amplitud a tu hogar\" \/>\n<meta property=\"og:url\" content=\"https:\/\/teterete.com\/mx\/producto\/espejos-varios-formatos\/\" \/>\n<meta property=\"article:publisher\" content=\"https:\/\/www.facebook.com\/TetereteHome\/\" \/>\n<meta property=\"article:modified_time\" content=\"2025-01-18T17:11:06+00:00\" \/>\n<meta property=\"og:image\" content=\"https:\/\/teterete.com\/mx\/wp-content\/uploads\/2024\/09\/espejo-artesanal-2.jpg\" \/>\n\t<meta property=\"og:image:width\" content=\"800\" \/>\n\t<meta property=\"og:image:height\" content=\"800\" \/>\n\t<meta property=\"og:image:type\" content=\"image\/jpeg\" \/>\n<meta name=\"twitter:card\" content=\"summary_large_image\" \/>\n<meta name=\"twitter:site\" content=\"@Teterete_Home\" \/>\n<meta name=\"twitter:label1\" content=\"Tiempo de lectura\" \/>\n\t<meta name=\"twitter:data1\" content=\"1 minuto\" \/>\n<script type=\"application\/ld+json\" class=\"yoast-schema-graph\">{\"@context\":\"https:\/\/schema.org\",\"@graph\":[{\"@type\":\"WebPage\",\"@id\":\"https:\/\/teterete.com\/mx\/producto\/espejos-varios-formatos\/\",\"url\":\"https:\/\/teterete.com\/mx\/producto\/espejos-varios-formatos\/\",\"name\":\"Espejos Varios Formatos -\",\"isPartOf\":{\"@id\":\"https:\/\/teterete.com\/mx\/#website\"},\"primaryImageOfPage\":{\"@id\":\"https:\/\/teterete.com\/mx\/producto\/espejos-varios-formatos\/#primaryimage\"},\"image\":{\"@id\":\"https:\/\/teterete.com\/mx\/producto\/espejos-varios-formatos\/#primaryimage\"},\"thumbnailUrl\":\"https:\/\/teterete.com\/mx\/wp-content\/uploads\/2024\/09\/espejo-artesanal-2.jpg\",\"datePublished\":\"2024-09-06T22:35:35+00:00\",\"dateModified\":\"2025-01-18T17:11:06+00:00\",\"description\":\"Encuentra espejos en diversos formatos y tama\u00f1os, perfectos para cualquier espacio. Dise\u00f1os vers\u00e1tiles que a\u00f1aden estilo y amplitud a tu hogar\",\"breadcrumb\":{\"@id\":\"https:\/\/teterete.com\/mx\/producto\/espejos-varios-formatos\/#breadcrumb\"},\"inLanguage\":\"es\",\"potentialAction\":[{\"@type\":\"ReadAction\",\"target\":[\"https:\/\/teterete.com\/mx\/producto\/espejos-varios-formatos\/\"]}]},{\"@type\":\"ImageObject\",\"inLanguage\":\"es\",\"@id\":\"https:\/\/teterete.com\/mx\/producto\/espejos-varios-formatos\/#primaryimage\",\"url\":\"https:\/\/teterete.com\/mx\/wp-content\/uploads\/2024\/09\/espejo-artesanal-2.jpg\",\"contentUrl\":\"https:\/\/teterete.com\/mx\/wp-content\/uploads\/2024\/09\/espejo-artesanal-2.jpg\",\"width\":800,\"height\":800,\"caption\":\"Espejo Artesanal\"},{\"@type\":\"BreadcrumbList\",\"@id\":\"https:\/\/teterete.com\/mx\/producto\/espejos-varios-formatos\/#breadcrumb\",\"itemListElement\":[{\"@type\":\"ListItem\",\"position\":1,\"name\":\"Home\",\"item\":\"https:\/\/teterete.com\/mx\/\"},{\"@type\":\"ListItem\",\"position\":2,\"name\":\"Productos\",\"item\":\"https:\/\/teterete.com\/mx\/shop\/\"},{\"@type\":\"ListItem\",\"position\":3,\"name\":\"Espejos Varios Formatos\"}]},{\"@type\":\"WebSite\",\"@id\":\"https:\/\/teterete.com\/mx\/#website\",\"url\":\"https:\/\/teterete.com\/mx\/\",\"name\":\"\",\"description\":\"Tienda en L\u00ednea de Fina Artesanias y Dise\u00f1o Mexicano. Bellas piezas elaboradas a mano por los mejores artesanos del pa\u00eds as\u00ed como piezas de dise\u00f1o y decoraci\u00f3n con inspiraci\u00f3n artesanal.\",\"potentialAction\":[{\"@type\":\"SearchAction\",\"target\":{\"@type\":\"EntryPoint\",\"urlTemplate\":\"https:\/\/teterete.com\/mx\/?s={search_term_string}\"},\"query-input\":{\"@type\":\"PropertyValueSpecification\",\"valueRequired\":true,\"valueName\":\"search_term_string\"}}],\"inLanguage\":\"es\"}]}<\/script>\n<!-- \/ Yoast SEO plugin. -->","yoast_head_json":{"title":"Espejos Varios Formatos -","description":"Encuentra espejos en diversos formatos y tama\u00f1os, perfectos para cualquier espacio. Dise\u00f1os vers\u00e1tiles que a\u00f1aden estilo y amplitud a tu hogar","robots":{"index":"index","follow":"follow","max-snippet":"max-snippet:-1","max-image-preview":"max-image-preview:large","max-video-preview":"max-video-preview:-1"},"canonical":"https:\/\/teterete.com\/mx\/producto\/espejos-varios-formatos\/","og_locale":"es_ES","og_type":"article","og_title":"Espejos Varios Formatos -","og_description":"Encuentra espejos en diversos formatos y tama\u00f1os, perfectos para cualquier espacio. Dise\u00f1os vers\u00e1tiles que a\u00f1aden estilo y amplitud a tu hogar","og_url":"https:\/\/teterete.com\/mx\/producto\/espejos-varios-formatos\/","article_publisher":"https:\/\/www.facebook.com\/TetereteHome\/","article_modified_time":"2025-01-18T17:11:06+00:00","og_image":[{"width":800,"height":800,"url":"https:\/\/teterete.com\/mx\/wp-content\/uploads\/2024\/09\/espejo-artesanal-2.jpg","type":"image\/jpeg"}],"twitter_card":"summary_large_image","twitter_site":"@Teterete_Home","twitter_misc":{"Tiempo de lectura":"1 minuto"},"schema":{"@context":"https:\/\/schema.org","@graph":[{"@type":"WebPage","@id":"https:\/\/teterete.com\/mx\/producto\/espejos-varios-formatos\/","url":"https:\/\/teterete.com\/mx\/producto\/espejos-varios-formatos\/","name":"Espejos Varios Formatos -","isPartOf":{"@id":"https:\/\/teterete.com\/mx\/#website"},"primaryImageOfPage":{"@id":"https:\/\/teterete.com\/mx\/producto\/espejos-varios-formatos\/#primaryimage"},"image":{"@id":"https:\/\/teterete.com\/mx\/producto\/espejos-varios-formatos\/#primaryimage"},"thumbnailUrl":"https:\/\/teterete.com\/mx\/wp-content\/uploads\/2024\/09\/espejo-artesanal-2.jpg","datePublished":"2024-09-06T22:35:35+00:00","dateModified":"2025-01-18T17:11:06+00:00","description":"Encuentra espejos en diversos formatos y tama\u00f1os, perfectos para cualquier espacio. Dise\u00f1os vers\u00e1tiles que a\u00f1aden estilo y amplitud a tu hogar","breadcrumb":{"@id":"https:\/\/teterete.com\/mx\/producto\/espejos-varios-formatos\/#breadcrumb"},"inLanguage":"es","potentialAction":[{"@type":"ReadAction","target":["https:\/\/teterete.com\/mx\/producto\/espejos-varios-formatos\/"]}]},{"@type":"ImageObject","inLanguage":"es","@id":"https:\/\/teterete.com\/mx\/producto\/espejos-varios-formatos\/#primaryimage","url":"https:\/\/teterete.com\/mx\/wp-content\/uploads\/2024\/09\/espejo-artesanal-2.jpg","contentUrl":"https:\/\/teterete.com\/mx\/wp-content\/uploads\/2024\/09\/espejo-artesanal-2.jpg","width":800,"height":800,"caption":"Espejo Artesanal"},{"@type":"BreadcrumbList","@id":"https:\/\/teterete.com\/mx\/producto\/espejos-varios-formatos\/#breadcrumb","itemListElement":[{"@type":"ListItem","position":1,"name":"Home","item":"https:\/\/teterete.com\/mx\/"},{"@type":"ListItem","position":2,"name":"Productos","item":"https:\/\/teterete.com\/mx\/shop\/"},{"@type":"ListItem","position":3,"name":"Espejos Varios Formatos"}]},{"@type":"WebSite","@id":"https:\/\/teterete.com\/mx\/#website","url":"https:\/\/teterete.com\/mx\/","name":"","description":"Tienda en L\u00ednea de Fina Artesanias y Dise\u00f1o Mexicano. Bellas piezas elaboradas a mano por los mejores artesanos del pa\u00eds as\u00ed como piezas de dise\u00f1o y decoraci\u00f3n con inspiraci\u00f3n artesanal.","potentialAction":[{"@type":"SearchAction","target":{"@type":"EntryPoint","urlTemplate":"https:\/\/teterete.com\/mx\/?s={search_term_string}"},"query-input":{"@type":"PropertyValueSpecification","valueRequired":true,"valueName":"search_term_string"}}],"inLanguage":"es"}]}},"_links":{"self":[{"href":"https:\/\/teterete.com\/mx\/wp-json\/wp\/v2\/product\/11823"}],"collection":[{"href":"https:\/\/teterete.com\/mx\/wp-json\/wp\/v2\/product"}],"about":[{"href":"https:\/\/teterete.com\/mx\/wp-json\/wp\/v2\/types\/product"}],"replies":[{"embeddable":true,"href":"https:\/\/teterete.com\/mx\/wp-json\/wp\/v2\/comments?post=11823"}],"wp:featuredmedia":[{"embeddable":true,"href":"https:\/\/teterete.com\/mx\/wp-json\/wp\/v2\/media\/12160"}],"wp:attachment":[{"href":"https:\/\/teterete.com\/mx\/wp-json\/wp\/v2\/media?parent=11823"}],"wp:term":[{"taxonomy":"product_cat","embeddable":true,"href":"https:\/\/teterete.com\/mx\/wp-json\/wp\/v2\/product_cat?post=11823"},{"taxonomy":"product_tag","embeddable":true,"href":"https:\/\/teterete.com\/mx\/wp-json\/wp\/v2\/product_tag?post=11823"}],"curies":[{"name":"wp","href":"https:\/\/api.w.org\/{rel}","templated":true}]}}