{"id":11833,"date":"2024-09-10T00:16:27","date_gmt":"2024-09-10T00:16:27","guid":{"rendered":"https:\/\/teterete.com\/mx\/?post_type=product&#038;p=11833"},"modified":"2024-09-10T22:53:31","modified_gmt":"2024-09-10T22:53:31","slug":"set-de-servilletas","status":"publish","type":"product","link":"https:\/\/teterete.com\/mx\/producto\/set-de-servilletas\/","title":{"rendered":"Set de Servilletas Artesanales"},"content":{"rendered":"<p>Dos Tierras es una marca que surge del proyecto de Ayuda a los Artesanos en M\u00e9xico, con el objetivo de unir a artesanos y dise\u00f1adores para crear dise\u00f1os contempor\u00e1neos que se basan en las t\u00e9cnicas tradicionales de diferentes regiones mexicanas, con un enfoque especial en Chiapas y la Pen\u00ednsula de Yucat\u00e1n.<\/p>\n<p>Medidas: 46 x 46 cms<\/p>\n<p>100% algod\u00f3n<\/p>\n<p>Color: Rojo y Rosa<\/p>\n<p>Lavar a mano con agua fr\u00eda. Secar en plano de preferencia<\/p>\n","protected":false},"excerpt":{"rendered":"<p>Set de 4 servilletas tejidas a mano en telar de cintura por artesanos de Chiapas. Con elegantes detalles de rayas en diversos tonos, estas servilletas aportan un toque artesanal y colorido a tu mesa.<\/p>\n","protected":false},"featured_media":11835,"comment_status":"open","ping_status":"closed","template":"","meta":{"_acf_changed":false,"sfsi_plus_gutenberg_text_before_share":"","sfsi_plus_gutenberg_show_text_before_share":"","sfsi_plus_gutenberg_icon_type":"","sfsi_plus_gutenberg_icon_alignemt":"","sfsi_plus_gutenburg_max_per_row":""},"product_brand":[],"product_cat":[2435,347,1584,346],"product_tag":[376,1126,2478,1579,2225,2224,223],"class_list":{"0":"post-11833","1":"product","2":"type-product","3":"status-publish","4":"has-post-thumbnail","6":"product_cat-dos-tierras","7":"product_cat-mantelitos-servilletas","8":"product_cat-mesa-mexicana","9":"product_cat-servicio-de-mesa","10":"product_tag-artesanias-mexicanas","11":"product_tag-diseno-artesanal-mexicano","12":"product_tag-manteles-de-mesa","13":"product_tag-servilletas-artesanales","14":"product_tag-servilletas-de-telar","15":"product_tag-servilletas-para-mesa","16":"product_tag-textiles-mexicanos","17":"product_shipping_class-fast-delivery","19":"first","20":"instock","21":"taxable","22":"shipping-taxable","23":"purchasable","24":"product-type-variable"},"acf":[],"yoast_head":"<!-- This site is optimized with the Yoast SEO plugin v27.6 - https:\/\/yoast.com\/product\/yoast-seo-wordpress\/ -->\n<title>Set de Servilletas Artesanales -<\/title>\n<meta name=\"description\" content=\"Set de 4 servilletas tejidas en telar de cintura en Chiapas con detalles decorativos a rayas en color rojo y rosa listas para tu mesa.\" \/>\n<meta name=\"robots\" content=\"index, follow, max-snippet:-1, max-image-preview:large, max-video-preview:-1\" \/>\n<link rel=\"canonical\" href=\"https:\/\/teterete.com\/mx\/producto\/set-de-servilletas\/\" \/>\n<meta property=\"og:locale\" content=\"es_ES\" \/>\n<meta property=\"og:type\" content=\"article\" \/>\n<meta property=\"og:title\" content=\"Set de Servilletas Artesanales -\" \/>\n<meta property=\"og:description\" content=\"Set de 4 servilletas tejidas en telar de cintura en Chiapas con detalles decorativos a rayas en color rojo y rosa listas para tu mesa.\" \/>\n<meta property=\"og:url\" content=\"https:\/\/teterete.com\/mx\/producto\/set-de-servilletas\/\" \/>\n<meta property=\"article:publisher\" content=\"https:\/\/www.facebook.com\/TetereteHome\/\" \/>\n<meta property=\"article:modified_time\" content=\"2024-09-10T22:53:31+00:00\" \/>\n<meta property=\"og:image\" content=\"https:\/\/teterete.com\/mx\/wp-content\/uploads\/2024\/09\/mantelito-rojo.png\" \/>\n\t<meta property=\"og:image:width\" content=\"640\" \/>\n\t<meta property=\"og:image:height\" content=\"640\" \/>\n\t<meta property=\"og:image:type\" content=\"image\/png\" \/>\n<meta name=\"twitter:card\" content=\"summary_large_image\" \/>\n<meta name=\"twitter:site\" content=\"@Teterete_Home\" \/>\n<meta name=\"twitter:label1\" content=\"Tiempo de lectura\" \/>\n\t<meta name=\"twitter:data1\" content=\"1 minuto\" \/>\n<script type=\"application\/ld+json\" class=\"yoast-schema-graph\">{\"@context\":\"https:\\\/\\\/schema.org\",\"@graph\":[{\"@type\":\"WebPage\",\"@id\":\"https:\\\/\\\/teterete.com\\\/mx\\\/producto\\\/set-de-servilletas\\\/\",\"url\":\"https:\\\/\\\/teterete.com\\\/mx\\\/producto\\\/set-de-servilletas\\\/\",\"name\":\"Set de Servilletas Artesanales -\",\"isPartOf\":{\"@id\":\"https:\\\/\\\/teterete.com\\\/mx\\\/#website\"},\"primaryImageOfPage\":{\"@id\":\"https:\\\/\\\/teterete.com\\\/mx\\\/producto\\\/set-de-servilletas\\\/#primaryimage\"},\"image\":{\"@id\":\"https:\\\/\\\/teterete.com\\\/mx\\\/producto\\\/set-de-servilletas\\\/#primaryimage\"},\"thumbnailUrl\":\"https:\\\/\\\/teterete.com\\\/mx\\\/wp-content\\\/uploads\\\/2024\\\/09\\\/mantelito-rojo.png\",\"datePublished\":\"2024-09-10T00:16:27+00:00\",\"dateModified\":\"2024-09-10T22:53:31+00:00\",\"description\":\"Set de 4 servilletas tejidas en telar de cintura en Chiapas con detalles decorativos a rayas en color rojo y rosa listas para tu mesa.\",\"breadcrumb\":{\"@id\":\"https:\\\/\\\/teterete.com\\\/mx\\\/producto\\\/set-de-servilletas\\\/#breadcrumb\"},\"inLanguage\":\"es\",\"potentialAction\":[{\"@type\":\"ReadAction\",\"target\":[\"https:\\\/\\\/teterete.com\\\/mx\\\/producto\\\/set-de-servilletas\\\/\"]}]},{\"@type\":\"ImageObject\",\"inLanguage\":\"es\",\"@id\":\"https:\\\/\\\/teterete.com\\\/mx\\\/producto\\\/set-de-servilletas\\\/#primaryimage\",\"url\":\"https:\\\/\\\/teterete.com\\\/mx\\\/wp-content\\\/uploads\\\/2024\\\/09\\\/mantelito-rojo.png\",\"contentUrl\":\"https:\\\/\\\/teterete.com\\\/mx\\\/wp-content\\\/uploads\\\/2024\\\/09\\\/mantelito-rojo.png\",\"width\":640,\"height\":640,\"caption\":\"Mantelito Rojo\"},{\"@type\":\"BreadcrumbList\",\"@id\":\"https:\\\/\\\/teterete.com\\\/mx\\\/producto\\\/set-de-servilletas\\\/#breadcrumb\",\"itemListElement\":[{\"@type\":\"ListItem\",\"position\":1,\"name\":\"Home\",\"item\":\"https:\\\/\\\/teterete.com\\\/mx\\\/\"},{\"@type\":\"ListItem\",\"position\":2,\"name\":\"Productos\",\"item\":\"https:\\\/\\\/teterete.com\\\/mx\\\/shop\\\/\"},{\"@type\":\"ListItem\",\"position\":3,\"name\":\"Set de Servilletas Artesanales\"}]},{\"@type\":\"WebSite\",\"@id\":\"https:\\\/\\\/teterete.com\\\/mx\\\/#website\",\"url\":\"https:\\\/\\\/teterete.com\\\/mx\\\/\",\"name\":\"\",\"description\":\"Tienda en L\u00ednea de Fina Artesanias y Dise\u00f1o Mexicano. Bellas piezas elaboradas a mano por los mejores artesanos del pa\u00eds as\u00ed como piezas de dise\u00f1o y decoraci\u00f3n con inspiraci\u00f3n artesanal.\",\"potentialAction\":[{\"@type\":\"SearchAction\",\"target\":{\"@type\":\"EntryPoint\",\"urlTemplate\":\"https:\\\/\\\/teterete.com\\\/mx\\\/?s={search_term_string}\"},\"query-input\":{\"@type\":\"PropertyValueSpecification\",\"valueRequired\":true,\"valueName\":\"search_term_string\"}}],\"inLanguage\":\"es\"}]}<\/script>\n<!-- \/ Yoast SEO plugin. -->","yoast_head_json":{"title":"Set de Servilletas Artesanales -","description":"Set de 4 servilletas tejidas en telar de cintura en Chiapas con detalles decorativos a rayas en color rojo y rosa listas para tu mesa.","robots":{"index":"index","follow":"follow","max-snippet":"max-snippet:-1","max-image-preview":"max-image-preview:large","max-video-preview":"max-video-preview:-1"},"canonical":"https:\/\/teterete.com\/mx\/producto\/set-de-servilletas\/","og_locale":"es_ES","og_type":"article","og_title":"Set de Servilletas Artesanales -","og_description":"Set de 4 servilletas tejidas en telar de cintura en Chiapas con detalles decorativos a rayas en color rojo y rosa listas para tu mesa.","og_url":"https:\/\/teterete.com\/mx\/producto\/set-de-servilletas\/","article_publisher":"https:\/\/www.facebook.com\/TetereteHome\/","article_modified_time":"2024-09-10T22:53:31+00:00","og_image":[{"width":640,"height":640,"url":"https:\/\/teterete.com\/mx\/wp-content\/uploads\/2024\/09\/mantelito-rojo.png","type":"image\/png"}],"twitter_card":"summary_large_image","twitter_site":"@Teterete_Home","twitter_misc":{"Tiempo de lectura":"1 minuto"},"schema":{"@context":"https:\/\/schema.org","@graph":[{"@type":"WebPage","@id":"https:\/\/teterete.com\/mx\/producto\/set-de-servilletas\/","url":"https:\/\/teterete.com\/mx\/producto\/set-de-servilletas\/","name":"Set de Servilletas Artesanales -","isPartOf":{"@id":"https:\/\/teterete.com\/mx\/#website"},"primaryImageOfPage":{"@id":"https:\/\/teterete.com\/mx\/producto\/set-de-servilletas\/#primaryimage"},"image":{"@id":"https:\/\/teterete.com\/mx\/producto\/set-de-servilletas\/#primaryimage"},"thumbnailUrl":"https:\/\/teterete.com\/mx\/wp-content\/uploads\/2024\/09\/mantelito-rojo.png","datePublished":"2024-09-10T00:16:27+00:00","dateModified":"2024-09-10T22:53:31+00:00","description":"Set de 4 servilletas tejidas en telar de cintura en Chiapas con detalles decorativos a rayas en color rojo y rosa listas para tu mesa.","breadcrumb":{"@id":"https:\/\/teterete.com\/mx\/producto\/set-de-servilletas\/#breadcrumb"},"inLanguage":"es","potentialAction":[{"@type":"ReadAction","target":["https:\/\/teterete.com\/mx\/producto\/set-de-servilletas\/"]}]},{"@type":"ImageObject","inLanguage":"es","@id":"https:\/\/teterete.com\/mx\/producto\/set-de-servilletas\/#primaryimage","url":"https:\/\/teterete.com\/mx\/wp-content\/uploads\/2024\/09\/mantelito-rojo.png","contentUrl":"https:\/\/teterete.com\/mx\/wp-content\/uploads\/2024\/09\/mantelito-rojo.png","width":640,"height":640,"caption":"Mantelito Rojo"},{"@type":"BreadcrumbList","@id":"https:\/\/teterete.com\/mx\/producto\/set-de-servilletas\/#breadcrumb","itemListElement":[{"@type":"ListItem","position":1,"name":"Home","item":"https:\/\/teterete.com\/mx\/"},{"@type":"ListItem","position":2,"name":"Productos","item":"https:\/\/teterete.com\/mx\/shop\/"},{"@type":"ListItem","position":3,"name":"Set de Servilletas Artesanales"}]},{"@type":"WebSite","@id":"https:\/\/teterete.com\/mx\/#website","url":"https:\/\/teterete.com\/mx\/","name":"","description":"Tienda en L\u00ednea de Fina Artesanias y Dise\u00f1o Mexicano. Bellas piezas elaboradas a mano por los mejores artesanos del pa\u00eds as\u00ed como piezas de dise\u00f1o y decoraci\u00f3n con inspiraci\u00f3n artesanal.","potentialAction":[{"@type":"SearchAction","target":{"@type":"EntryPoint","urlTemplate":"https:\/\/teterete.com\/mx\/?s={search_term_string}"},"query-input":{"@type":"PropertyValueSpecification","valueRequired":true,"valueName":"search_term_string"}}],"inLanguage":"es"}]}},"_links":{"self":[{"href":"https:\/\/teterete.com\/mx\/wp-json\/wp\/v2\/product\/11833","targetHints":{"allow":["GET"]}}],"collection":[{"href":"https:\/\/teterete.com\/mx\/wp-json\/wp\/v2\/product"}],"about":[{"href":"https:\/\/teterete.com\/mx\/wp-json\/wp\/v2\/types\/product"}],"replies":[{"embeddable":true,"href":"https:\/\/teterete.com\/mx\/wp-json\/wp\/v2\/comments?post=11833"}],"wp:featuredmedia":[{"embeddable":true,"href":"https:\/\/teterete.com\/mx\/wp-json\/wp\/v2\/media\/11835"}],"wp:attachment":[{"href":"https:\/\/teterete.com\/mx\/wp-json\/wp\/v2\/media?parent=11833"}],"wp:term":[{"taxonomy":"product_brand","embeddable":true,"href":"https:\/\/teterete.com\/mx\/wp-json\/wp\/v2\/product_brand?post=11833"},{"taxonomy":"product_cat","embeddable":true,"href":"https:\/\/teterete.com\/mx\/wp-json\/wp\/v2\/product_cat?post=11833"},{"taxonomy":"product_tag","embeddable":true,"href":"https:\/\/teterete.com\/mx\/wp-json\/wp\/v2\/product_tag?post=11833"}],"curies":[{"name":"wp","href":"https:\/\/api.w.org\/{rel}","templated":true}]}}