{"id":11949,"date":"2024-09-28T15:33:59","date_gmt":"2024-09-28T15:33:59","guid":{"rendered":"https:\/\/teterete.com\/mx\/?post_type=product&#038;p=11949"},"modified":"2024-09-28T15:45:49","modified_gmt":"2024-09-28T15:45:49","slug":"clutch-artesanal","status":"publish","type":"product","link":"https:\/\/teterete.com\/mx\/producto\/clutch-artesanal\/","title":{"rendered":"Clutch Artesanal Estrella"},"content":{"rendered":"<p>El tallado de cuerno se introdujo en el Virreinato en M\u00e9xico y ha sido perfeccionado a trav\u00e9s del tiempo por los mayas. Hoy es una t\u00e9cnica reconocida mundialmente, propia de Yucat\u00e1n, que utiliza \u00fanicamente material recuperado. La t\u00e9cnica de telar de cintura maya se desarroll\u00f3 en las monta\u00f1as occidentales de Guatemala antes de la llegada de los espa\u00f1oles<\/p>\n<p>Color: Crudo<br \/>\nColecci\u00f3n: Fast Track<br \/>\nMedidas: 30 x 17 cm<br \/>\nMaterial: Mezclilla<\/p>\n","protected":false},"excerpt":{"rendered":"<p>Este cluth est\u00e1 bordado a mano con punto de doble cruz o puntada de estrella. Est\u00e1 confeccionado en mezclilla con hilo de algod\u00f3n caf\u00e9 y beige con patr\u00f3n de rombos y de zigzag. Dentro del cuerpo del clutch tiene un im\u00e1n oculto para cerrarlo de forma c\u00f3moda<\/p>\n","protected":false},"featured_media":11950,"comment_status":"open","ping_status":"closed","template":"","meta":{"_acf_changed":false,"sfsi_plus_gutenberg_text_before_share":"","sfsi_plus_gutenberg_show_text_before_share":"","sfsi_plus_gutenberg_icon_type":"","sfsi_plus_gutenberg_icon_alignemt":"","sfsi_plus_gutenburg_max_per_row":""},"product_brand":[],"product_cat":[57,1263,61,2057,1434],"product_tag":[1425,236,222,1422,1423,1424,1421,1030],"class_list":{"0":"post-11949","1":"product","2":"type-product","3":"status-publish","4":"has-post-thumbnail","6":"product_cat-bolsos_y_morrales","7":"product_cat-moda-mexicana","8":"product_cat-para_ella","9":"product_cat-regalos-mama","10":"product_cat-taller_maya","11":"product_tag-accesorios-artesanales","12":"product_tag-arte-mexicano","13":"product_tag-artesania-mexicana","14":"product_tag-bolso-artesanal","15":"product_tag-bolso-boho-chic","16":"product_tag-bolso-maya","17":"product_tag-clutch","18":"product_tag-moda-mexicana","19":"product_shipping_class-fast-delivery","21":"first","22":"instock","23":"taxable","24":"shipping-taxable","25":"purchasable","26":"product-type-simple"},"acf":[],"yoast_head":"<!-- This site is optimized with the Yoast SEO plugin v27.5 - https:\/\/yoast.com\/product\/yoast-seo-wordpress\/ -->\n<title>Clutch Artesanal Estrella -<\/title>\n<meta name=\"description\" content=\"Este cluth est\u00e1 bordado a mano con punto de doble cruz o puntada de estrella. Est\u00e1 confeccionado en mezclilla con hilo de algod\u00f3n caf\u00e9 y beige con patr\u00f3n de rombos\" \/>\n<meta name=\"robots\" content=\"index, follow, max-snippet:-1, max-image-preview:large, max-video-preview:-1\" \/>\n<link rel=\"canonical\" href=\"https:\/\/teterete.com\/mx\/producto\/clutch-artesanal\/\" \/>\n<meta property=\"og:locale\" content=\"es_ES\" \/>\n<meta property=\"og:type\" content=\"article\" \/>\n<meta property=\"og:title\" content=\"Clutch Artesanal Estrella -\" \/>\n<meta property=\"og:description\" content=\"Este cluth est\u00e1 bordado a mano con punto de doble cruz o puntada de estrella. Est\u00e1 confeccionado en mezclilla con hilo de algod\u00f3n caf\u00e9 y beige con patr\u00f3n de rombos\" \/>\n<meta property=\"og:url\" content=\"https:\/\/teterete.com\/mx\/producto\/clutch-artesanal\/\" \/>\n<meta property=\"article:publisher\" content=\"https:\/\/www.facebook.com\/TetereteHome\/\" \/>\n<meta property=\"article:modified_time\" content=\"2024-09-28T15:45:49+00:00\" \/>\n<meta property=\"og:image\" content=\"https:\/\/teterete.com\/mx\/wp-content\/uploads\/2024\/09\/clutch-artesanal.png\" \/>\n\t<meta property=\"og:image:width\" content=\"640\" \/>\n\t<meta property=\"og:image:height\" content=\"639\" \/>\n\t<meta property=\"og:image:type\" content=\"image\/png\" \/>\n<meta name=\"twitter:card\" content=\"summary_large_image\" \/>\n<meta name=\"twitter:site\" content=\"@Teterete_Home\" \/>\n<meta name=\"twitter:label1\" content=\"Tiempo de lectura\" \/>\n\t<meta name=\"twitter:data1\" content=\"1 minuto\" \/>\n<script type=\"application\/ld+json\" class=\"yoast-schema-graph\">{\"@context\":\"https:\\\/\\\/schema.org\",\"@graph\":[{\"@type\":\"WebPage\",\"@id\":\"https:\\\/\\\/teterete.com\\\/mx\\\/producto\\\/clutch-artesanal\\\/\",\"url\":\"https:\\\/\\\/teterete.com\\\/mx\\\/producto\\\/clutch-artesanal\\\/\",\"name\":\"Clutch Artesanal Estrella -\",\"isPartOf\":{\"@id\":\"https:\\\/\\\/teterete.com\\\/mx\\\/#website\"},\"primaryImageOfPage\":{\"@id\":\"https:\\\/\\\/teterete.com\\\/mx\\\/producto\\\/clutch-artesanal\\\/#primaryimage\"},\"image\":{\"@id\":\"https:\\\/\\\/teterete.com\\\/mx\\\/producto\\\/clutch-artesanal\\\/#primaryimage\"},\"thumbnailUrl\":\"https:\\\/\\\/teterete.com\\\/mx\\\/wp-content\\\/uploads\\\/2024\\\/09\\\/clutch-artesanal.png\",\"datePublished\":\"2024-09-28T15:33:59+00:00\",\"dateModified\":\"2024-09-28T15:45:49+00:00\",\"description\":\"Este cluth est\u00e1 bordado a mano con punto de doble cruz o puntada de estrella. Est\u00e1 confeccionado en mezclilla con hilo de algod\u00f3n caf\u00e9 y beige con patr\u00f3n de rombos\",\"breadcrumb\":{\"@id\":\"https:\\\/\\\/teterete.com\\\/mx\\\/producto\\\/clutch-artesanal\\\/#breadcrumb\"},\"inLanguage\":\"es\",\"potentialAction\":[{\"@type\":\"ReadAction\",\"target\":[\"https:\\\/\\\/teterete.com\\\/mx\\\/producto\\\/clutch-artesanal\\\/\"]}]},{\"@type\":\"ImageObject\",\"inLanguage\":\"es\",\"@id\":\"https:\\\/\\\/teterete.com\\\/mx\\\/producto\\\/clutch-artesanal\\\/#primaryimage\",\"url\":\"https:\\\/\\\/teterete.com\\\/mx\\\/wp-content\\\/uploads\\\/2024\\\/09\\\/clutch-artesanal.png\",\"contentUrl\":\"https:\\\/\\\/teterete.com\\\/mx\\\/wp-content\\\/uploads\\\/2024\\\/09\\\/clutch-artesanal.png\",\"width\":640,\"height\":639,\"caption\":\"Clutch o Bolso Artesanal\"},{\"@type\":\"BreadcrumbList\",\"@id\":\"https:\\\/\\\/teterete.com\\\/mx\\\/producto\\\/clutch-artesanal\\\/#breadcrumb\",\"itemListElement\":[{\"@type\":\"ListItem\",\"position\":1,\"name\":\"Home\",\"item\":\"https:\\\/\\\/teterete.com\\\/mx\\\/\"},{\"@type\":\"ListItem\",\"position\":2,\"name\":\"Productos\",\"item\":\"https:\\\/\\\/teterete.com\\\/mx\\\/shop\\\/\"},{\"@type\":\"ListItem\",\"position\":3,\"name\":\"Clutch Artesanal Estrella\"}]},{\"@type\":\"WebSite\",\"@id\":\"https:\\\/\\\/teterete.com\\\/mx\\\/#website\",\"url\":\"https:\\\/\\\/teterete.com\\\/mx\\\/\",\"name\":\"\",\"description\":\"Tienda en L\u00ednea de Fina Artesanias y Dise\u00f1o Mexicano. Bellas piezas elaboradas a mano por los mejores artesanos del pa\u00eds as\u00ed como piezas de dise\u00f1o y decoraci\u00f3n con inspiraci\u00f3n artesanal.\",\"potentialAction\":[{\"@type\":\"SearchAction\",\"target\":{\"@type\":\"EntryPoint\",\"urlTemplate\":\"https:\\\/\\\/teterete.com\\\/mx\\\/?s={search_term_string}\"},\"query-input\":{\"@type\":\"PropertyValueSpecification\",\"valueRequired\":true,\"valueName\":\"search_term_string\"}}],\"inLanguage\":\"es\"}]}<\/script>\n<!-- \/ Yoast SEO plugin. -->","yoast_head_json":{"title":"Clutch Artesanal Estrella -","description":"Este cluth est\u00e1 bordado a mano con punto de doble cruz o puntada de estrella. Est\u00e1 confeccionado en mezclilla con hilo de algod\u00f3n caf\u00e9 y beige con patr\u00f3n de rombos","robots":{"index":"index","follow":"follow","max-snippet":"max-snippet:-1","max-image-preview":"max-image-preview:large","max-video-preview":"max-video-preview:-1"},"canonical":"https:\/\/teterete.com\/mx\/producto\/clutch-artesanal\/","og_locale":"es_ES","og_type":"article","og_title":"Clutch Artesanal Estrella -","og_description":"Este cluth est\u00e1 bordado a mano con punto de doble cruz o puntada de estrella. Est\u00e1 confeccionado en mezclilla con hilo de algod\u00f3n caf\u00e9 y beige con patr\u00f3n de rombos","og_url":"https:\/\/teterete.com\/mx\/producto\/clutch-artesanal\/","article_publisher":"https:\/\/www.facebook.com\/TetereteHome\/","article_modified_time":"2024-09-28T15:45:49+00:00","og_image":[{"width":640,"height":639,"url":"https:\/\/teterete.com\/mx\/wp-content\/uploads\/2024\/09\/clutch-artesanal.png","type":"image\/png"}],"twitter_card":"summary_large_image","twitter_site":"@Teterete_Home","twitter_misc":{"Tiempo de lectura":"1 minuto"},"schema":{"@context":"https:\/\/schema.org","@graph":[{"@type":"WebPage","@id":"https:\/\/teterete.com\/mx\/producto\/clutch-artesanal\/","url":"https:\/\/teterete.com\/mx\/producto\/clutch-artesanal\/","name":"Clutch Artesanal Estrella -","isPartOf":{"@id":"https:\/\/teterete.com\/mx\/#website"},"primaryImageOfPage":{"@id":"https:\/\/teterete.com\/mx\/producto\/clutch-artesanal\/#primaryimage"},"image":{"@id":"https:\/\/teterete.com\/mx\/producto\/clutch-artesanal\/#primaryimage"},"thumbnailUrl":"https:\/\/teterete.com\/mx\/wp-content\/uploads\/2024\/09\/clutch-artesanal.png","datePublished":"2024-09-28T15:33:59+00:00","dateModified":"2024-09-28T15:45:49+00:00","description":"Este cluth est\u00e1 bordado a mano con punto de doble cruz o puntada de estrella. Est\u00e1 confeccionado en mezclilla con hilo de algod\u00f3n caf\u00e9 y beige con patr\u00f3n de rombos","breadcrumb":{"@id":"https:\/\/teterete.com\/mx\/producto\/clutch-artesanal\/#breadcrumb"},"inLanguage":"es","potentialAction":[{"@type":"ReadAction","target":["https:\/\/teterete.com\/mx\/producto\/clutch-artesanal\/"]}]},{"@type":"ImageObject","inLanguage":"es","@id":"https:\/\/teterete.com\/mx\/producto\/clutch-artesanal\/#primaryimage","url":"https:\/\/teterete.com\/mx\/wp-content\/uploads\/2024\/09\/clutch-artesanal.png","contentUrl":"https:\/\/teterete.com\/mx\/wp-content\/uploads\/2024\/09\/clutch-artesanal.png","width":640,"height":639,"caption":"Clutch o Bolso Artesanal"},{"@type":"BreadcrumbList","@id":"https:\/\/teterete.com\/mx\/producto\/clutch-artesanal\/#breadcrumb","itemListElement":[{"@type":"ListItem","position":1,"name":"Home","item":"https:\/\/teterete.com\/mx\/"},{"@type":"ListItem","position":2,"name":"Productos","item":"https:\/\/teterete.com\/mx\/shop\/"},{"@type":"ListItem","position":3,"name":"Clutch Artesanal Estrella"}]},{"@type":"WebSite","@id":"https:\/\/teterete.com\/mx\/#website","url":"https:\/\/teterete.com\/mx\/","name":"","description":"Tienda en L\u00ednea de Fina Artesanias y Dise\u00f1o Mexicano. Bellas piezas elaboradas a mano por los mejores artesanos del pa\u00eds as\u00ed como piezas de dise\u00f1o y decoraci\u00f3n con inspiraci\u00f3n artesanal.","potentialAction":[{"@type":"SearchAction","target":{"@type":"EntryPoint","urlTemplate":"https:\/\/teterete.com\/mx\/?s={search_term_string}"},"query-input":{"@type":"PropertyValueSpecification","valueRequired":true,"valueName":"search_term_string"}}],"inLanguage":"es"}]}},"_links":{"self":[{"href":"https:\/\/teterete.com\/mx\/wp-json\/wp\/v2\/product\/11949","targetHints":{"allow":["GET"]}}],"collection":[{"href":"https:\/\/teterete.com\/mx\/wp-json\/wp\/v2\/product"}],"about":[{"href":"https:\/\/teterete.com\/mx\/wp-json\/wp\/v2\/types\/product"}],"replies":[{"embeddable":true,"href":"https:\/\/teterete.com\/mx\/wp-json\/wp\/v2\/comments?post=11949"}],"wp:featuredmedia":[{"embeddable":true,"href":"https:\/\/teterete.com\/mx\/wp-json\/wp\/v2\/media\/11950"}],"wp:attachment":[{"href":"https:\/\/teterete.com\/mx\/wp-json\/wp\/v2\/media?parent=11949"}],"wp:term":[{"taxonomy":"product_brand","embeddable":true,"href":"https:\/\/teterete.com\/mx\/wp-json\/wp\/v2\/product_brand?post=11949"},{"taxonomy":"product_cat","embeddable":true,"href":"https:\/\/teterete.com\/mx\/wp-json\/wp\/v2\/product_cat?post=11949"},{"taxonomy":"product_tag","embeddable":true,"href":"https:\/\/teterete.com\/mx\/wp-json\/wp\/v2\/product_tag?post=11949"}],"curies":[{"name":"wp","href":"https:\/\/api.w.org\/{rel}","templated":true}]}}