{"id":11964,"date":"2024-10-24T19:13:05","date_gmt":"2024-10-24T19:13:05","guid":{"rendered":"https:\/\/teterete.com\/mx\/?post_type=product&#038;p=11964"},"modified":"2024-10-24T19:13:07","modified_gmt":"2024-10-24T19:13:07","slug":"codorniz-artesanal","status":"publish","type":"product","link":"https:\/\/teterete.com\/mx\/producto\/codorniz-artesanal\/","title":{"rendered":"Codorniz Artesanal"},"content":{"rendered":"<p>Ideal para hoteles boutique y restaurantes o coleccionistas que desean ofrecer una experiencia visual y culinaria inigualable, esta pieza combina tradici\u00f3n, funcionalidad y belleza artesanal.<\/p>\n<p>Elaborado en cer\u00e1mica de alta calidad, cada detalle del Juego de Codorniz resalta la destreza de los artesanos que lo crean, haciendo que cada pieza sea una obra de arte \u00fanica. Su acabado en tonos tierra refleja la conexi\u00f3n con la naturaleza, mientras que su versatilidad lo convierte en el complemento ideal para mesas de alta cocina, barras de cocteler\u00eda o decoraci\u00f3n distintiva.<\/p>\n<p><b>Caracter\u00edsticas:<\/b><\/p>\n<p>\u2022Hecho a mano por artesanos de Tonal\u00e1, Jalisco.<\/p>\n<p>\u2022Dise\u00f1o inspirado en la fauna aut\u00f3ctona.<\/p>\n<p>\u2022Ideal para uso decorativo y funcional en casa, hoteles y restaurantes.<\/p>\n<p>\u2022Acabado en tonos tierra que se adapta a cualquier estilo.<\/p>\n<p><b>Medidas<\/b>: 43x30x20 cm<\/p>\n<p><b>Material<\/b>: Barro bru\u00f1ido con detalles de naturaleza pintados a mano<\/p>\n<p><b>Cuidado<\/b>: Limpieza suave con un pa\u00f1o h\u00famedo.<\/p>\n<p>Invita a la naturaleza a tu espacio con esta pieza aut\u00e9ntica que celebra el dise\u00f1o artesanal mexicano.<\/p>\n","protected":false},"excerpt":{"rendered":"<p>Descubre el arte detr\u00e1s de cada pieza con esta exquisita Codorniz hecha a mano por artesanos mexicanos. Su dise\u00f1o \u00fanico, inspirado en la fauna de M\u00e9xico, es perfecto para quienes buscan a\u00f1adir un toque de elegancia y autenticidad a sus espacios<\/p>\n","protected":false},"featured_media":11966,"comment_status":"open","ping_status":"closed","template":"","meta":{"_acf_changed":false,"sfsi_plus_gutenberg_text_before_share":"","sfsi_plus_gutenberg_show_text_before_share":"","sfsi_plus_gutenberg_icon_type":"","sfsi_plus_gutenberg_icon_alignemt":"","sfsi_plus_gutenburg_max_per_row":""},"product_brand":[],"product_cat":[354,15,350],"product_tag":[2502,2501,2503,810,1188],"class_list":{"0":"post-11964","1":"product","2":"type-product","3":"status-publish","4":"has-post-thumbnail","6":"product_cat-barro-decorativo","7":"product_cat-ceramica","8":"product_cat-piezas-unicas","9":"product_tag-ceramica-alta-calidad","10":"product_tag-codorniz-artesanal","11":"product_tag-interioristas-mexicanos","12":"product_tag-piezas-artesanales","13":"product_tag-tienda-de-decoracion","14":"product_shipping_class-standard","16":"first","17":"instock","18":"taxable","19":"shipping-taxable","20":"purchasable","21":"product-type-simple"},"acf":[],"yoast_head":"<!-- This site is optimized with the Yoast SEO plugin v27.5 - https:\/\/yoast.com\/product\/yoast-seo-wordpress\/ -->\n<title>Codorniz Artesanal -<\/title>\n<meta name=\"description\" content=\"Descubre el arte detr\u00e1s de cada pieza con esta exquisita Codorniz hecha a mano por artesanos mexicanos. Su dise\u00f1o \u00fanico, inspirado en la fauna de M\u00e9xico\" \/>\n<meta name=\"robots\" content=\"index, follow, max-snippet:-1, max-image-preview:large, max-video-preview:-1\" \/>\n<link rel=\"canonical\" href=\"https:\/\/teterete.com\/mx\/producto\/codorniz-artesanal\/\" \/>\n<meta property=\"og:locale\" content=\"es_ES\" \/>\n<meta property=\"og:type\" content=\"article\" \/>\n<meta property=\"og:title\" content=\"Codorniz Artesanal -\" \/>\n<meta property=\"og:description\" content=\"Descubre el arte detr\u00e1s de cada pieza con esta exquisita Codorniz hecha a mano por artesanos mexicanos. Su dise\u00f1o \u00fanico, inspirado en la fauna de M\u00e9xico\" \/>\n<meta property=\"og:url\" content=\"https:\/\/teterete.com\/mx\/producto\/codorniz-artesanal\/\" \/>\n<meta property=\"article:publisher\" content=\"https:\/\/www.facebook.com\/TetereteHome\/\" \/>\n<meta property=\"article:modified_time\" content=\"2024-10-24T19:13:07+00:00\" \/>\n<meta property=\"og:image\" content=\"https:\/\/teterete.com\/mx\/wp-content\/uploads\/2024\/10\/Codorniz-artesanal.jpg\" \/>\n\t<meta property=\"og:image:width\" content=\"800\" \/>\n\t<meta property=\"og:image:height\" content=\"800\" \/>\n\t<meta property=\"og:image:type\" content=\"image\/jpeg\" \/>\n<meta name=\"twitter:card\" content=\"summary_large_image\" \/>\n<meta name=\"twitter:site\" content=\"@Teterete_Home\" \/>\n<meta name=\"twitter:label1\" content=\"Tiempo de lectura\" \/>\n\t<meta name=\"twitter:data1\" content=\"1 minuto\" \/>\n<script type=\"application\/ld+json\" class=\"yoast-schema-graph\">{\"@context\":\"https:\\\/\\\/schema.org\",\"@graph\":[{\"@type\":\"WebPage\",\"@id\":\"https:\\\/\\\/teterete.com\\\/mx\\\/producto\\\/codorniz-artesanal\\\/\",\"url\":\"https:\\\/\\\/teterete.com\\\/mx\\\/producto\\\/codorniz-artesanal\\\/\",\"name\":\"Codorniz Artesanal -\",\"isPartOf\":{\"@id\":\"https:\\\/\\\/teterete.com\\\/mx\\\/#website\"},\"primaryImageOfPage\":{\"@id\":\"https:\\\/\\\/teterete.com\\\/mx\\\/producto\\\/codorniz-artesanal\\\/#primaryimage\"},\"image\":{\"@id\":\"https:\\\/\\\/teterete.com\\\/mx\\\/producto\\\/codorniz-artesanal\\\/#primaryimage\"},\"thumbnailUrl\":\"https:\\\/\\\/teterete.com\\\/mx\\\/wp-content\\\/uploads\\\/2024\\\/10\\\/Codorniz-artesanal.jpg\",\"datePublished\":\"2024-10-24T19:13:05+00:00\",\"dateModified\":\"2024-10-24T19:13:07+00:00\",\"description\":\"Descubre el arte detr\u00e1s de cada pieza con esta exquisita Codorniz hecha a mano por artesanos mexicanos. Su dise\u00f1o \u00fanico, inspirado en la fauna de M\u00e9xico\",\"breadcrumb\":{\"@id\":\"https:\\\/\\\/teterete.com\\\/mx\\\/producto\\\/codorniz-artesanal\\\/#breadcrumb\"},\"inLanguage\":\"es\",\"potentialAction\":[{\"@type\":\"ReadAction\",\"target\":[\"https:\\\/\\\/teterete.com\\\/mx\\\/producto\\\/codorniz-artesanal\\\/\"]}]},{\"@type\":\"ImageObject\",\"inLanguage\":\"es\",\"@id\":\"https:\\\/\\\/teterete.com\\\/mx\\\/producto\\\/codorniz-artesanal\\\/#primaryimage\",\"url\":\"https:\\\/\\\/teterete.com\\\/mx\\\/wp-content\\\/uploads\\\/2024\\\/10\\\/Codorniz-artesanal.jpg\",\"contentUrl\":\"https:\\\/\\\/teterete.com\\\/mx\\\/wp-content\\\/uploads\\\/2024\\\/10\\\/Codorniz-artesanal.jpg\",\"width\":800,\"height\":800,\"caption\":\"Codorniz Artesanal\"},{\"@type\":\"BreadcrumbList\",\"@id\":\"https:\\\/\\\/teterete.com\\\/mx\\\/producto\\\/codorniz-artesanal\\\/#breadcrumb\",\"itemListElement\":[{\"@type\":\"ListItem\",\"position\":1,\"name\":\"Home\",\"item\":\"https:\\\/\\\/teterete.com\\\/mx\\\/\"},{\"@type\":\"ListItem\",\"position\":2,\"name\":\"Productos\",\"item\":\"https:\\\/\\\/teterete.com\\\/mx\\\/shop\\\/\"},{\"@type\":\"ListItem\",\"position\":3,\"name\":\"Codorniz Artesanal\"}]},{\"@type\":\"WebSite\",\"@id\":\"https:\\\/\\\/teterete.com\\\/mx\\\/#website\",\"url\":\"https:\\\/\\\/teterete.com\\\/mx\\\/\",\"name\":\"\",\"description\":\"Tienda en L\u00ednea de Fina Artesanias y Dise\u00f1o Mexicano. Bellas piezas elaboradas a mano por los mejores artesanos del pa\u00eds as\u00ed como piezas de dise\u00f1o y decoraci\u00f3n con inspiraci\u00f3n artesanal.\",\"potentialAction\":[{\"@type\":\"SearchAction\",\"target\":{\"@type\":\"EntryPoint\",\"urlTemplate\":\"https:\\\/\\\/teterete.com\\\/mx\\\/?s={search_term_string}\"},\"query-input\":{\"@type\":\"PropertyValueSpecification\",\"valueRequired\":true,\"valueName\":\"search_term_string\"}}],\"inLanguage\":\"es\"}]}<\/script>\n<!-- \/ Yoast SEO plugin. -->","yoast_head_json":{"title":"Codorniz Artesanal -","description":"Descubre el arte detr\u00e1s de cada pieza con esta exquisita Codorniz hecha a mano por artesanos mexicanos. Su dise\u00f1o \u00fanico, inspirado en la fauna de M\u00e9xico","robots":{"index":"index","follow":"follow","max-snippet":"max-snippet:-1","max-image-preview":"max-image-preview:large","max-video-preview":"max-video-preview:-1"},"canonical":"https:\/\/teterete.com\/mx\/producto\/codorniz-artesanal\/","og_locale":"es_ES","og_type":"article","og_title":"Codorniz Artesanal -","og_description":"Descubre el arte detr\u00e1s de cada pieza con esta exquisita Codorniz hecha a mano por artesanos mexicanos. Su dise\u00f1o \u00fanico, inspirado en la fauna de M\u00e9xico","og_url":"https:\/\/teterete.com\/mx\/producto\/codorniz-artesanal\/","article_publisher":"https:\/\/www.facebook.com\/TetereteHome\/","article_modified_time":"2024-10-24T19:13:07+00:00","og_image":[{"width":800,"height":800,"url":"https:\/\/teterete.com\/mx\/wp-content\/uploads\/2024\/10\/Codorniz-artesanal.jpg","type":"image\/jpeg"}],"twitter_card":"summary_large_image","twitter_site":"@Teterete_Home","twitter_misc":{"Tiempo de lectura":"1 minuto"},"schema":{"@context":"https:\/\/schema.org","@graph":[{"@type":"WebPage","@id":"https:\/\/teterete.com\/mx\/producto\/codorniz-artesanal\/","url":"https:\/\/teterete.com\/mx\/producto\/codorniz-artesanal\/","name":"Codorniz Artesanal -","isPartOf":{"@id":"https:\/\/teterete.com\/mx\/#website"},"primaryImageOfPage":{"@id":"https:\/\/teterete.com\/mx\/producto\/codorniz-artesanal\/#primaryimage"},"image":{"@id":"https:\/\/teterete.com\/mx\/producto\/codorniz-artesanal\/#primaryimage"},"thumbnailUrl":"https:\/\/teterete.com\/mx\/wp-content\/uploads\/2024\/10\/Codorniz-artesanal.jpg","datePublished":"2024-10-24T19:13:05+00:00","dateModified":"2024-10-24T19:13:07+00:00","description":"Descubre el arte detr\u00e1s de cada pieza con esta exquisita Codorniz hecha a mano por artesanos mexicanos. Su dise\u00f1o \u00fanico, inspirado en la fauna de M\u00e9xico","breadcrumb":{"@id":"https:\/\/teterete.com\/mx\/producto\/codorniz-artesanal\/#breadcrumb"},"inLanguage":"es","potentialAction":[{"@type":"ReadAction","target":["https:\/\/teterete.com\/mx\/producto\/codorniz-artesanal\/"]}]},{"@type":"ImageObject","inLanguage":"es","@id":"https:\/\/teterete.com\/mx\/producto\/codorniz-artesanal\/#primaryimage","url":"https:\/\/teterete.com\/mx\/wp-content\/uploads\/2024\/10\/Codorniz-artesanal.jpg","contentUrl":"https:\/\/teterete.com\/mx\/wp-content\/uploads\/2024\/10\/Codorniz-artesanal.jpg","width":800,"height":800,"caption":"Codorniz Artesanal"},{"@type":"BreadcrumbList","@id":"https:\/\/teterete.com\/mx\/producto\/codorniz-artesanal\/#breadcrumb","itemListElement":[{"@type":"ListItem","position":1,"name":"Home","item":"https:\/\/teterete.com\/mx\/"},{"@type":"ListItem","position":2,"name":"Productos","item":"https:\/\/teterete.com\/mx\/shop\/"},{"@type":"ListItem","position":3,"name":"Codorniz Artesanal"}]},{"@type":"WebSite","@id":"https:\/\/teterete.com\/mx\/#website","url":"https:\/\/teterete.com\/mx\/","name":"","description":"Tienda en L\u00ednea de Fina Artesanias y Dise\u00f1o Mexicano. Bellas piezas elaboradas a mano por los mejores artesanos del pa\u00eds as\u00ed como piezas de dise\u00f1o y decoraci\u00f3n con inspiraci\u00f3n artesanal.","potentialAction":[{"@type":"SearchAction","target":{"@type":"EntryPoint","urlTemplate":"https:\/\/teterete.com\/mx\/?s={search_term_string}"},"query-input":{"@type":"PropertyValueSpecification","valueRequired":true,"valueName":"search_term_string"}}],"inLanguage":"es"}]}},"_links":{"self":[{"href":"https:\/\/teterete.com\/mx\/wp-json\/wp\/v2\/product\/11964","targetHints":{"allow":["GET"]}}],"collection":[{"href":"https:\/\/teterete.com\/mx\/wp-json\/wp\/v2\/product"}],"about":[{"href":"https:\/\/teterete.com\/mx\/wp-json\/wp\/v2\/types\/product"}],"replies":[{"embeddable":true,"href":"https:\/\/teterete.com\/mx\/wp-json\/wp\/v2\/comments?post=11964"}],"wp:featuredmedia":[{"embeddable":true,"href":"https:\/\/teterete.com\/mx\/wp-json\/wp\/v2\/media\/11966"}],"wp:attachment":[{"href":"https:\/\/teterete.com\/mx\/wp-json\/wp\/v2\/media?parent=11964"}],"wp:term":[{"taxonomy":"product_brand","embeddable":true,"href":"https:\/\/teterete.com\/mx\/wp-json\/wp\/v2\/product_brand?post=11964"},{"taxonomy":"product_cat","embeddable":true,"href":"https:\/\/teterete.com\/mx\/wp-json\/wp\/v2\/product_cat?post=11964"},{"taxonomy":"product_tag","embeddable":true,"href":"https:\/\/teterete.com\/mx\/wp-json\/wp\/v2\/product_tag?post=11964"}],"curies":[{"name":"wp","href":"https:\/\/api.w.org\/{rel}","templated":true}]}}