{"id":11993,"date":"2024-10-24T23:40:28","date_gmt":"2024-10-24T23:40:28","guid":{"rendered":"https:\/\/teterete.com\/mx\/?post_type=product&#038;p=11993"},"modified":"2026-04-14T20:06:55","modified_gmt":"2026-04-14T20:06:55","slug":"ensaladera-barro","status":"publish","type":"product","link":"https:\/\/teterete.com\/mx\/producto\/ensaladera-barro\/","title":{"rendered":"Ensaladera de barro bru\u00f1ido con cucharones"},"content":{"rendered":"<p>Ideal para quienes buscan piezas aut\u00e9nticas para su mesa.<\/p>\n<p>Elaborado en barro bru\u00f1ido<\/p>\n<p>Hecho a mano<\/p>\n<p>Medidas aproximadas: 30 x 25 x 20<\/p>\n","protected":false},"excerpt":{"rendered":"<p>Esta elegante ensaladera de barro bru\u00f1ido, hecha a mano en Los Reyes Metzontla, combina tradici\u00f3n y funcionalidad. Perfecta para realzar tus comidas con un toque artesanal, incluye cucharones de servicio que complementan su dise\u00f1o \u00fanico.<\/p>\n","protected":false},"featured_media":11994,"comment_status":"open","ping_status":"closed","template":"","meta":{"sfsi_plus_gutenberg_text_before_share":"","sfsi_plus_gutenberg_show_text_before_share":"","sfsi_plus_gutenberg_icon_type":"","sfsi_plus_gutenberg_icon_alignemt":"","sfsi_plus_gutenburg_max_per_row":""},"product_cat":[2646,1584,354,658,15,346],"product_tag":[222,1793,2509,2508],"acf":[],"yoast_head":"<!-- This site is optimized with the Yoast SEO plugin v23.5 - https:\/\/yoast.com\/wordpress\/plugins\/seo\/ -->\n<title>Ensaladera de barro bru\u00f1ido con cucharones -<\/title>\n<meta name=\"description\" content=\"Esta elegante ensaladera de barro bru\u00f1ido, hecha a mano en Los Reyes Metzontla, combina tradici\u00f3n y funcionalidad. Perfecta para realzar tus comidas con un toque artesanal\" \/>\n<meta name=\"robots\" content=\"index, follow, max-snippet:-1, max-image-preview:large, max-video-preview:-1\" \/>\n<link rel=\"canonical\" href=\"https:\/\/teterete.com\/mx\/producto\/ensaladera-barro\/\" \/>\n<meta property=\"og:locale\" content=\"es_ES\" \/>\n<meta property=\"og:type\" content=\"article\" \/>\n<meta property=\"og:title\" content=\"Ensaladera de barro bru\u00f1ido con cucharones -\" \/>\n<meta property=\"og:description\" content=\"Esta elegante ensaladera de barro bru\u00f1ido, hecha a mano en Los Reyes Metzontla, combina tradici\u00f3n y funcionalidad. Perfecta para realzar tus comidas con un toque artesanal\" \/>\n<meta property=\"og:url\" content=\"https:\/\/teterete.com\/mx\/producto\/ensaladera-barro\/\" \/>\n<meta property=\"article:publisher\" content=\"https:\/\/www.facebook.com\/TetereteHome\/\" \/>\n<meta property=\"article:modified_time\" content=\"2026-04-14T20:06:55+00:00\" \/>\n<meta property=\"og:image\" content=\"https:\/\/teterete.com\/mx\/wp-content\/uploads\/2024\/10\/ensaladera-barro-metzontla.jpg\" \/>\n\t<meta property=\"og:image:width\" content=\"1080\" \/>\n\t<meta property=\"og:image:height\" content=\"1080\" \/>\n\t<meta property=\"og:image:type\" content=\"image\/jpeg\" \/>\n<meta name=\"twitter:card\" content=\"summary_large_image\" \/>\n<meta name=\"twitter:site\" content=\"@Teterete_Home\" \/>\n<meta name=\"twitter:label1\" content=\"Tiempo de lectura\" \/>\n\t<meta name=\"twitter:data1\" content=\"1 minuto\" \/>\n<script type=\"application\/ld+json\" class=\"yoast-schema-graph\">{\"@context\":\"https:\/\/schema.org\",\"@graph\":[{\"@type\":\"WebPage\",\"@id\":\"https:\/\/teterete.com\/mx\/producto\/ensaladera-barro\/\",\"url\":\"https:\/\/teterete.com\/mx\/producto\/ensaladera-barro\/\",\"name\":\"Ensaladera de barro bru\u00f1ido con cucharones -\",\"isPartOf\":{\"@id\":\"https:\/\/teterete.com\/mx\/#website\"},\"primaryImageOfPage\":{\"@id\":\"https:\/\/teterete.com\/mx\/producto\/ensaladera-barro\/#primaryimage\"},\"image\":{\"@id\":\"https:\/\/teterete.com\/mx\/producto\/ensaladera-barro\/#primaryimage\"},\"thumbnailUrl\":\"https:\/\/teterete.com\/mx\/wp-content\/uploads\/2024\/10\/ensaladera-barro-metzontla.jpg\",\"datePublished\":\"2024-10-24T23:40:28+00:00\",\"dateModified\":\"2026-04-14T20:06:55+00:00\",\"description\":\"Esta elegante ensaladera de barro bru\u00f1ido, hecha a mano en Los Reyes Metzontla, combina tradici\u00f3n y funcionalidad. Perfecta para realzar tus comidas con un toque artesanal\",\"breadcrumb\":{\"@id\":\"https:\/\/teterete.com\/mx\/producto\/ensaladera-barro\/#breadcrumb\"},\"inLanguage\":\"es\",\"potentialAction\":[{\"@type\":\"ReadAction\",\"target\":[\"https:\/\/teterete.com\/mx\/producto\/ensaladera-barro\/\"]}]},{\"@type\":\"ImageObject\",\"inLanguage\":\"es\",\"@id\":\"https:\/\/teterete.com\/mx\/producto\/ensaladera-barro\/#primaryimage\",\"url\":\"https:\/\/teterete.com\/mx\/wp-content\/uploads\/2024\/10\/ensaladera-barro-metzontla.jpg\",\"contentUrl\":\"https:\/\/teterete.com\/mx\/wp-content\/uploads\/2024\/10\/ensaladera-barro-metzontla.jpg\",\"width\":1080,\"height\":1080,\"caption\":\"Ensaladera Barro Metzontla\"},{\"@type\":\"BreadcrumbList\",\"@id\":\"https:\/\/teterete.com\/mx\/producto\/ensaladera-barro\/#breadcrumb\",\"itemListElement\":[{\"@type\":\"ListItem\",\"position\":1,\"name\":\"Home\",\"item\":\"https:\/\/teterete.com\/mx\/\"},{\"@type\":\"ListItem\",\"position\":2,\"name\":\"Productos\",\"item\":\"https:\/\/teterete.com\/mx\/shop\/\"},{\"@type\":\"ListItem\",\"position\":3,\"name\":\"Ensaladera de barro bru\u00f1ido con cucharones\"}]},{\"@type\":\"WebSite\",\"@id\":\"https:\/\/teterete.com\/mx\/#website\",\"url\":\"https:\/\/teterete.com\/mx\/\",\"name\":\"\",\"description\":\"Tienda en L\u00ednea de Fina Artesanias y Dise\u00f1o Mexicano. Bellas piezas elaboradas a mano por los mejores artesanos del pa\u00eds as\u00ed como piezas de dise\u00f1o y decoraci\u00f3n con inspiraci\u00f3n artesanal.\",\"potentialAction\":[{\"@type\":\"SearchAction\",\"target\":{\"@type\":\"EntryPoint\",\"urlTemplate\":\"https:\/\/teterete.com\/mx\/?s={search_term_string}\"},\"query-input\":{\"@type\":\"PropertyValueSpecification\",\"valueRequired\":true,\"valueName\":\"search_term_string\"}}],\"inLanguage\":\"es\"}]}<\/script>\n<!-- \/ Yoast SEO plugin. -->","yoast_head_json":{"title":"Ensaladera de barro bru\u00f1ido con cucharones -","description":"Esta elegante ensaladera de barro bru\u00f1ido, hecha a mano en Los Reyes Metzontla, combina tradici\u00f3n y funcionalidad. Perfecta para realzar tus comidas con un toque artesanal","robots":{"index":"index","follow":"follow","max-snippet":"max-snippet:-1","max-image-preview":"max-image-preview:large","max-video-preview":"max-video-preview:-1"},"canonical":"https:\/\/teterete.com\/mx\/producto\/ensaladera-barro\/","og_locale":"es_ES","og_type":"article","og_title":"Ensaladera de barro bru\u00f1ido con cucharones -","og_description":"Esta elegante ensaladera de barro bru\u00f1ido, hecha a mano en Los Reyes Metzontla, combina tradici\u00f3n y funcionalidad. Perfecta para realzar tus comidas con un toque artesanal","og_url":"https:\/\/teterete.com\/mx\/producto\/ensaladera-barro\/","article_publisher":"https:\/\/www.facebook.com\/TetereteHome\/","article_modified_time":"2026-04-14T20:06:55+00:00","og_image":[{"width":1080,"height":1080,"url":"https:\/\/teterete.com\/mx\/wp-content\/uploads\/2024\/10\/ensaladera-barro-metzontla.jpg","type":"image\/jpeg"}],"twitter_card":"summary_large_image","twitter_site":"@Teterete_Home","twitter_misc":{"Tiempo de lectura":"1 minuto"},"schema":{"@context":"https:\/\/schema.org","@graph":[{"@type":"WebPage","@id":"https:\/\/teterete.com\/mx\/producto\/ensaladera-barro\/","url":"https:\/\/teterete.com\/mx\/producto\/ensaladera-barro\/","name":"Ensaladera de barro bru\u00f1ido con cucharones -","isPartOf":{"@id":"https:\/\/teterete.com\/mx\/#website"},"primaryImageOfPage":{"@id":"https:\/\/teterete.com\/mx\/producto\/ensaladera-barro\/#primaryimage"},"image":{"@id":"https:\/\/teterete.com\/mx\/producto\/ensaladera-barro\/#primaryimage"},"thumbnailUrl":"https:\/\/teterete.com\/mx\/wp-content\/uploads\/2024\/10\/ensaladera-barro-metzontla.jpg","datePublished":"2024-10-24T23:40:28+00:00","dateModified":"2026-04-14T20:06:55+00:00","description":"Esta elegante ensaladera de barro bru\u00f1ido, hecha a mano en Los Reyes Metzontla, combina tradici\u00f3n y funcionalidad. Perfecta para realzar tus comidas con un toque artesanal","breadcrumb":{"@id":"https:\/\/teterete.com\/mx\/producto\/ensaladera-barro\/#breadcrumb"},"inLanguage":"es","potentialAction":[{"@type":"ReadAction","target":["https:\/\/teterete.com\/mx\/producto\/ensaladera-barro\/"]}]},{"@type":"ImageObject","inLanguage":"es","@id":"https:\/\/teterete.com\/mx\/producto\/ensaladera-barro\/#primaryimage","url":"https:\/\/teterete.com\/mx\/wp-content\/uploads\/2024\/10\/ensaladera-barro-metzontla.jpg","contentUrl":"https:\/\/teterete.com\/mx\/wp-content\/uploads\/2024\/10\/ensaladera-barro-metzontla.jpg","width":1080,"height":1080,"caption":"Ensaladera Barro Metzontla"},{"@type":"BreadcrumbList","@id":"https:\/\/teterete.com\/mx\/producto\/ensaladera-barro\/#breadcrumb","itemListElement":[{"@type":"ListItem","position":1,"name":"Home","item":"https:\/\/teterete.com\/mx\/"},{"@type":"ListItem","position":2,"name":"Productos","item":"https:\/\/teterete.com\/mx\/shop\/"},{"@type":"ListItem","position":3,"name":"Ensaladera de barro bru\u00f1ido con cucharones"}]},{"@type":"WebSite","@id":"https:\/\/teterete.com\/mx\/#website","url":"https:\/\/teterete.com\/mx\/","name":"","description":"Tienda en L\u00ednea de Fina Artesanias y Dise\u00f1o Mexicano. Bellas piezas elaboradas a mano por los mejores artesanos del pa\u00eds as\u00ed como piezas de dise\u00f1o y decoraci\u00f3n con inspiraci\u00f3n artesanal.","potentialAction":[{"@type":"SearchAction","target":{"@type":"EntryPoint","urlTemplate":"https:\/\/teterete.com\/mx\/?s={search_term_string}"},"query-input":{"@type":"PropertyValueSpecification","valueRequired":true,"valueName":"search_term_string"}}],"inLanguage":"es"}]}},"_links":{"self":[{"href":"https:\/\/teterete.com\/mx\/wp-json\/wp\/v2\/product\/11993"}],"collection":[{"href":"https:\/\/teterete.com\/mx\/wp-json\/wp\/v2\/product"}],"about":[{"href":"https:\/\/teterete.com\/mx\/wp-json\/wp\/v2\/types\/product"}],"replies":[{"embeddable":true,"href":"https:\/\/teterete.com\/mx\/wp-json\/wp\/v2\/comments?post=11993"}],"wp:featuredmedia":[{"embeddable":true,"href":"https:\/\/teterete.com\/mx\/wp-json\/wp\/v2\/media\/11994"}],"wp:attachment":[{"href":"https:\/\/teterete.com\/mx\/wp-json\/wp\/v2\/media?parent=11993"}],"wp:term":[{"taxonomy":"product_cat","embeddable":true,"href":"https:\/\/teterete.com\/mx\/wp-json\/wp\/v2\/product_cat?post=11993"},{"taxonomy":"product_tag","embeddable":true,"href":"https:\/\/teterete.com\/mx\/wp-json\/wp\/v2\/product_tag?post=11993"}],"curies":[{"name":"wp","href":"https:\/\/api.w.org\/{rel}","templated":true}]}}