{"id":12056,"date":"2024-10-27T15:41:43","date_gmt":"2024-10-27T15:41:43","guid":{"rendered":"https:\/\/teterete.com\/mx\/?post_type=product&#038;p=12056"},"modified":"2026-01-21T21:40:16","modified_gmt":"2026-01-21T21:40:16","slug":"hamaca-codigo","status":"publish","type":"product","link":"https:\/\/teterete.com\/mx\/producto\/hamaca-codigo\/","title":{"rendered":"Hamaca C\u00f3digo Maya"},"content":{"rendered":"<p>El cuerpo de la hamaca fue urdido con una puntada simple en el cuerpo y sus brazos tejidos con macram\u00e9, lo que la hace ideal para colocarla en cualquier espacio<\/p>\n<p><b>T\u00e9cnica artesanal: <\/b>Urdido<br \/>\n<b>Medida: <\/b>415 &#8211; 430 cm<br \/>\n<b>Material: <\/b>Algod\u00f3n<\/p>\n<p>Color: Negro y crudo<\/p>\n<p>**Incluye par de sogas y bolsa de manta para guardarla.<\/p>\n","protected":false},"excerpt":{"rendered":"<p>La hamaca artesanal C\u00f3digo, es una delicia visual de colores negro y crudo que contrastan en l\u00edneas que saturan nuestras sensaciones, tan solo un vistazo a esta hamaca es suficiente para enamorarse de ella<\/p>\n","protected":false},"featured_media":12057,"comment_status":"open","ping_status":"closed","template":"","meta":{"sfsi_plus_gutenberg_text_before_share":"","sfsi_plus_gutenberg_show_text_before_share":"","sfsi_plus_gutenberg_icon_type":"","sfsi_plus_gutenberg_icon_alignemt":"","sfsi_plus_gutenburg_max_per_row":""},"product_cat":[2166,2057,682],"product_tag":[236,232,1413,1414,1412,248,223,1188],"acf":[],"yoast_head":"<!-- This site is optimized with the Yoast SEO plugin v23.5 - https:\/\/yoast.com\/wordpress\/plugins\/seo\/ -->\n<title>Hamaca C\u00f3digo Maya -<\/title>\n<meta name=\"description\" content=\"La hamaca artesanal C\u00f3digo, es una delicia visual de colores negro y crudo que contrastan en l\u00edneas que saturan nuestras sensaciones, tan solo un vistazo a esta hamaca es suficiente para enamorarse de ella\" \/>\n<meta name=\"robots\" content=\"index, follow, max-snippet:-1, max-image-preview:large, max-video-preview:-1\" \/>\n<link rel=\"canonical\" href=\"https:\/\/teterete.com\/mx\/producto\/hamaca-codigo\/\" \/>\n<meta property=\"og:locale\" content=\"es_ES\" \/>\n<meta property=\"og:type\" content=\"article\" \/>\n<meta property=\"og:title\" content=\"Hamaca C\u00f3digo Maya -\" \/>\n<meta property=\"og:description\" content=\"La hamaca artesanal C\u00f3digo, es una delicia visual de colores negro y crudo que contrastan en l\u00edneas que saturan nuestras sensaciones, tan solo un vistazo a esta hamaca es suficiente para enamorarse de ella\" \/>\n<meta property=\"og:url\" content=\"https:\/\/teterete.com\/mx\/producto\/hamaca-codigo\/\" \/>\n<meta property=\"article:publisher\" content=\"https:\/\/www.facebook.com\/TetereteHome\/\" \/>\n<meta property=\"article:modified_time\" content=\"2026-01-21T21:40:16+00:00\" \/>\n<meta property=\"og:image\" content=\"https:\/\/teterete.com\/mx\/wp-content\/uploads\/2024\/10\/hamaca-codigo.jpg\" \/>\n\t<meta property=\"og:image:width\" content=\"1080\" \/>\n\t<meta property=\"og:image:height\" content=\"1080\" \/>\n\t<meta property=\"og:image:type\" content=\"image\/jpeg\" \/>\n<meta name=\"twitter:card\" content=\"summary_large_image\" \/>\n<meta name=\"twitter:site\" content=\"@Teterete_Home\" \/>\n<meta name=\"twitter:label1\" content=\"Tiempo de lectura\" \/>\n\t<meta name=\"twitter:data1\" content=\"1 minuto\" \/>\n<script type=\"application\/ld+json\" class=\"yoast-schema-graph\">{\"@context\":\"https:\/\/schema.org\",\"@graph\":[{\"@type\":\"WebPage\",\"@id\":\"https:\/\/teterete.com\/mx\/producto\/hamaca-codigo\/\",\"url\":\"https:\/\/teterete.com\/mx\/producto\/hamaca-codigo\/\",\"name\":\"Hamaca C\u00f3digo Maya -\",\"isPartOf\":{\"@id\":\"https:\/\/teterete.com\/mx\/#website\"},\"primaryImageOfPage\":{\"@id\":\"https:\/\/teterete.com\/mx\/producto\/hamaca-codigo\/#primaryimage\"},\"image\":{\"@id\":\"https:\/\/teterete.com\/mx\/producto\/hamaca-codigo\/#primaryimage\"},\"thumbnailUrl\":\"https:\/\/teterete.com\/mx\/wp-content\/uploads\/2024\/10\/hamaca-codigo.jpg\",\"datePublished\":\"2024-10-27T15:41:43+00:00\",\"dateModified\":\"2026-01-21T21:40:16+00:00\",\"description\":\"La hamaca artesanal C\u00f3digo, es una delicia visual de colores negro y crudo que contrastan en l\u00edneas que saturan nuestras sensaciones, tan solo un vistazo a esta hamaca es suficiente para enamorarse de ella\",\"breadcrumb\":{\"@id\":\"https:\/\/teterete.com\/mx\/producto\/hamaca-codigo\/#breadcrumb\"},\"inLanguage\":\"es\",\"potentialAction\":[{\"@type\":\"ReadAction\",\"target\":[\"https:\/\/teterete.com\/mx\/producto\/hamaca-codigo\/\"]}]},{\"@type\":\"ImageObject\",\"inLanguage\":\"es\",\"@id\":\"https:\/\/teterete.com\/mx\/producto\/hamaca-codigo\/#primaryimage\",\"url\":\"https:\/\/teterete.com\/mx\/wp-content\/uploads\/2024\/10\/hamaca-codigo.jpg\",\"contentUrl\":\"https:\/\/teterete.com\/mx\/wp-content\/uploads\/2024\/10\/hamaca-codigo.jpg\",\"width\":1080,\"height\":1080,\"caption\":\"Hamaca C\u00f3digo\"},{\"@type\":\"BreadcrumbList\",\"@id\":\"https:\/\/teterete.com\/mx\/producto\/hamaca-codigo\/#breadcrumb\",\"itemListElement\":[{\"@type\":\"ListItem\",\"position\":1,\"name\":\"Home\",\"item\":\"https:\/\/teterete.com\/mx\/\"},{\"@type\":\"ListItem\",\"position\":2,\"name\":\"Productos\",\"item\":\"https:\/\/teterete.com\/mx\/shop\/\"},{\"@type\":\"ListItem\",\"position\":3,\"name\":\"Hamaca C\u00f3digo Maya\"}]},{\"@type\":\"WebSite\",\"@id\":\"https:\/\/teterete.com\/mx\/#website\",\"url\":\"https:\/\/teterete.com\/mx\/\",\"name\":\"\",\"description\":\"Tienda en L\u00ednea de Fina Artesanias y Dise\u00f1o Mexicano. Bellas piezas elaboradas a mano por los mejores artesanos del pa\u00eds as\u00ed como piezas de dise\u00f1o y decoraci\u00f3n con inspiraci\u00f3n artesanal.\",\"potentialAction\":[{\"@type\":\"SearchAction\",\"target\":{\"@type\":\"EntryPoint\",\"urlTemplate\":\"https:\/\/teterete.com\/mx\/?s={search_term_string}\"},\"query-input\":{\"@type\":\"PropertyValueSpecification\",\"valueRequired\":true,\"valueName\":\"search_term_string\"}}],\"inLanguage\":\"es\"}]}<\/script>\n<!-- \/ Yoast SEO plugin. -->","yoast_head_json":{"title":"Hamaca C\u00f3digo Maya -","description":"La hamaca artesanal C\u00f3digo, es una delicia visual de colores negro y crudo que contrastan en l\u00edneas que saturan nuestras sensaciones, tan solo un vistazo a esta hamaca es suficiente para enamorarse de ella","robots":{"index":"index","follow":"follow","max-snippet":"max-snippet:-1","max-image-preview":"max-image-preview:large","max-video-preview":"max-video-preview:-1"},"canonical":"https:\/\/teterete.com\/mx\/producto\/hamaca-codigo\/","og_locale":"es_ES","og_type":"article","og_title":"Hamaca C\u00f3digo Maya -","og_description":"La hamaca artesanal C\u00f3digo, es una delicia visual de colores negro y crudo que contrastan en l\u00edneas que saturan nuestras sensaciones, tan solo un vistazo a esta hamaca es suficiente para enamorarse de ella","og_url":"https:\/\/teterete.com\/mx\/producto\/hamaca-codigo\/","article_publisher":"https:\/\/www.facebook.com\/TetereteHome\/","article_modified_time":"2026-01-21T21:40:16+00:00","og_image":[{"width":1080,"height":1080,"url":"https:\/\/teterete.com\/mx\/wp-content\/uploads\/2024\/10\/hamaca-codigo.jpg","type":"image\/jpeg"}],"twitter_card":"summary_large_image","twitter_site":"@Teterete_Home","twitter_misc":{"Tiempo de lectura":"1 minuto"},"schema":{"@context":"https:\/\/schema.org","@graph":[{"@type":"WebPage","@id":"https:\/\/teterete.com\/mx\/producto\/hamaca-codigo\/","url":"https:\/\/teterete.com\/mx\/producto\/hamaca-codigo\/","name":"Hamaca C\u00f3digo Maya -","isPartOf":{"@id":"https:\/\/teterete.com\/mx\/#website"},"primaryImageOfPage":{"@id":"https:\/\/teterete.com\/mx\/producto\/hamaca-codigo\/#primaryimage"},"image":{"@id":"https:\/\/teterete.com\/mx\/producto\/hamaca-codigo\/#primaryimage"},"thumbnailUrl":"https:\/\/teterete.com\/mx\/wp-content\/uploads\/2024\/10\/hamaca-codigo.jpg","datePublished":"2024-10-27T15:41:43+00:00","dateModified":"2026-01-21T21:40:16+00:00","description":"La hamaca artesanal C\u00f3digo, es una delicia visual de colores negro y crudo que contrastan en l\u00edneas que saturan nuestras sensaciones, tan solo un vistazo a esta hamaca es suficiente para enamorarse de ella","breadcrumb":{"@id":"https:\/\/teterete.com\/mx\/producto\/hamaca-codigo\/#breadcrumb"},"inLanguage":"es","potentialAction":[{"@type":"ReadAction","target":["https:\/\/teterete.com\/mx\/producto\/hamaca-codigo\/"]}]},{"@type":"ImageObject","inLanguage":"es","@id":"https:\/\/teterete.com\/mx\/producto\/hamaca-codigo\/#primaryimage","url":"https:\/\/teterete.com\/mx\/wp-content\/uploads\/2024\/10\/hamaca-codigo.jpg","contentUrl":"https:\/\/teterete.com\/mx\/wp-content\/uploads\/2024\/10\/hamaca-codigo.jpg","width":1080,"height":1080,"caption":"Hamaca C\u00f3digo"},{"@type":"BreadcrumbList","@id":"https:\/\/teterete.com\/mx\/producto\/hamaca-codigo\/#breadcrumb","itemListElement":[{"@type":"ListItem","position":1,"name":"Home","item":"https:\/\/teterete.com\/mx\/"},{"@type":"ListItem","position":2,"name":"Productos","item":"https:\/\/teterete.com\/mx\/shop\/"},{"@type":"ListItem","position":3,"name":"Hamaca C\u00f3digo Maya"}]},{"@type":"WebSite","@id":"https:\/\/teterete.com\/mx\/#website","url":"https:\/\/teterete.com\/mx\/","name":"","description":"Tienda en L\u00ednea de Fina Artesanias y Dise\u00f1o Mexicano. Bellas piezas elaboradas a mano por los mejores artesanos del pa\u00eds as\u00ed como piezas de dise\u00f1o y decoraci\u00f3n con inspiraci\u00f3n artesanal.","potentialAction":[{"@type":"SearchAction","target":{"@type":"EntryPoint","urlTemplate":"https:\/\/teterete.com\/mx\/?s={search_term_string}"},"query-input":{"@type":"PropertyValueSpecification","valueRequired":true,"valueName":"search_term_string"}}],"inLanguage":"es"}]}},"_links":{"self":[{"href":"https:\/\/teterete.com\/mx\/wp-json\/wp\/v2\/product\/12056"}],"collection":[{"href":"https:\/\/teterete.com\/mx\/wp-json\/wp\/v2\/product"}],"about":[{"href":"https:\/\/teterete.com\/mx\/wp-json\/wp\/v2\/types\/product"}],"replies":[{"embeddable":true,"href":"https:\/\/teterete.com\/mx\/wp-json\/wp\/v2\/comments?post=12056"}],"wp:featuredmedia":[{"embeddable":true,"href":"https:\/\/teterete.com\/mx\/wp-json\/wp\/v2\/media\/12057"}],"wp:attachment":[{"href":"https:\/\/teterete.com\/mx\/wp-json\/wp\/v2\/media?parent=12056"}],"wp:term":[{"taxonomy":"product_cat","embeddable":true,"href":"https:\/\/teterete.com\/mx\/wp-json\/wp\/v2\/product_cat?post=12056"},{"taxonomy":"product_tag","embeddable":true,"href":"https:\/\/teterete.com\/mx\/wp-json\/wp\/v2\/product_tag?post=12056"}],"curies":[{"name":"wp","href":"https:\/\/api.w.org\/{rel}","templated":true}]}}