{"id":12082,"date":"2024-11-22T01:29:49","date_gmt":"2024-11-22T01:29:49","guid":{"rendered":"https:\/\/teterete.com\/mx\/?post_type=product&#038;p=12082"},"modified":"2026-03-24T22:13:38","modified_gmt":"2026-03-24T22:13:38","slug":"guaje-de-barro-con-historia","status":"publish","type":"product","link":"https:\/\/teterete.com\/mx\/producto\/guaje-de-barro-con-historia\/","title":{"rendered":"Guaje de Barro con Historia"},"content":{"rendered":"<p>Pieza pintada a mano por artesanos de San Agust\u00edn Oapan, Guerrero.<\/p>\n<p>Material: Barro moldeado y pintado a mano<\/p>\n<p>Medidas: 40 cms de alto por 15 cms de ancho<\/p>\n","protected":false},"excerpt":{"rendered":"<p>Arte que cuenta historias: guaje de barro moldeado y pintado a mano en Guerrero, con paisajes y personajes que reflejan la vida del artesano. Una pieza \u00fanica, rica en detalles y tradici\u00f3n<\/p>\n","protected":false},"featured_media":12089,"comment_status":"open","ping_status":"closed","template":"","meta":{"_acf_changed":false,"sfsi_plus_gutenberg_text_before_share":"","sfsi_plus_gutenberg_show_text_before_share":"","sfsi_plus_gutenberg_icon_type":"","sfsi_plus_gutenberg_icon_alignemt":"","sfsi_plus_gutenburg_max_per_row":""},"product_brand":[],"product_cat":[354,15,2646,342,350,658,2606],"product_tag":[236,232,2521,2522,810],"class_list":{"0":"post-12082","1":"product","2":"type-product","3":"status-publish","4":"has-post-thumbnail","6":"product_cat-barro-decorativo","7":"product_cat-ceramica","8":"product_cat-ciber-monday","9":"product_cat-guajes_y_cajitas","10":"product_cat-piezas-unicas","11":"product_cat-rebajas","12":"product_cat-venta-de-verano","13":"product_tag-arte-mexicano","14":"product_tag-decoracion-mexicana","15":"product_tag-guaje-de-barro","16":"product_tag-guaje-pintado-a-mano","17":"product_tag-piezas-artesanales","18":"product_shipping_class-standard","20":"first","21":"instock","22":"sale","23":"taxable","24":"shipping-taxable","25":"purchasable","26":"product-type-simple"},"acf":[],"yoast_head":"<!-- This site is optimized with the Yoast SEO plugin v27.5 - https:\/\/yoast.com\/product\/yoast-seo-wordpress\/ -->\n<title>Guaje de Barro con Historia -<\/title>\n<meta name=\"description\" content=\"Guaje de barro moldeado y pintado a mano en Guerrero, con paisajes y personajes que reflejan la vida del artesano. Una pieza \u00fanica, rica en detalles y tradici\u00f3n\" \/>\n<meta name=\"robots\" content=\"index, follow, max-snippet:-1, max-image-preview:large, max-video-preview:-1\" \/>\n<link rel=\"canonical\" href=\"https:\/\/teterete.com\/mx\/producto\/guaje-de-barro-con-historia\/\" \/>\n<meta property=\"og:locale\" content=\"es_ES\" \/>\n<meta property=\"og:type\" content=\"article\" \/>\n<meta property=\"og:title\" content=\"Guaje de Barro con Historia -\" \/>\n<meta property=\"og:description\" content=\"Guaje de barro moldeado y pintado a mano en Guerrero, con paisajes y personajes que reflejan la vida del artesano. Una pieza \u00fanica, rica en detalles y tradici\u00f3n\" \/>\n<meta property=\"og:url\" content=\"https:\/\/teterete.com\/mx\/producto\/guaje-de-barro-con-historia\/\" \/>\n<meta property=\"article:publisher\" content=\"https:\/\/www.facebook.com\/TetereteHome\/\" \/>\n<meta property=\"article:modified_time\" content=\"2026-03-24T22:13:38+00:00\" \/>\n<meta property=\"og:image\" content=\"https:\/\/teterete.com\/mx\/wp-content\/uploads\/2024\/11\/guaje-pintado-a-mano.jpg\" \/>\n\t<meta property=\"og:image:width\" content=\"1080\" \/>\n\t<meta property=\"og:image:height\" content=\"1080\" \/>\n\t<meta property=\"og:image:type\" content=\"image\/jpeg\" \/>\n<meta name=\"twitter:card\" content=\"summary_large_image\" \/>\n<meta name=\"twitter:site\" content=\"@Teterete_Home\" \/>\n<meta name=\"twitter:label1\" content=\"Tiempo de lectura\" \/>\n\t<meta name=\"twitter:data1\" content=\"1 minuto\" \/>\n<script type=\"application\/ld+json\" class=\"yoast-schema-graph\">{\"@context\":\"https:\\\/\\\/schema.org\",\"@graph\":[{\"@type\":\"WebPage\",\"@id\":\"https:\\\/\\\/teterete.com\\\/mx\\\/producto\\\/guaje-de-barro-con-historia\\\/\",\"url\":\"https:\\\/\\\/teterete.com\\\/mx\\\/producto\\\/guaje-de-barro-con-historia\\\/\",\"name\":\"Guaje de Barro con Historia -\",\"isPartOf\":{\"@id\":\"https:\\\/\\\/teterete.com\\\/mx\\\/#website\"},\"primaryImageOfPage\":{\"@id\":\"https:\\\/\\\/teterete.com\\\/mx\\\/producto\\\/guaje-de-barro-con-historia\\\/#primaryimage\"},\"image\":{\"@id\":\"https:\\\/\\\/teterete.com\\\/mx\\\/producto\\\/guaje-de-barro-con-historia\\\/#primaryimage\"},\"thumbnailUrl\":\"https:\\\/\\\/teterete.com\\\/mx\\\/wp-content\\\/uploads\\\/2024\\\/11\\\/guaje-pintado-a-mano.jpg\",\"datePublished\":\"2024-11-22T01:29:49+00:00\",\"dateModified\":\"2026-03-24T22:13:38+00:00\",\"description\":\"Guaje de barro moldeado y pintado a mano en Guerrero, con paisajes y personajes que reflejan la vida del artesano. Una pieza \u00fanica, rica en detalles y tradici\u00f3n\",\"breadcrumb\":{\"@id\":\"https:\\\/\\\/teterete.com\\\/mx\\\/producto\\\/guaje-de-barro-con-historia\\\/#breadcrumb\"},\"inLanguage\":\"es\",\"potentialAction\":[{\"@type\":\"ReadAction\",\"target\":[\"https:\\\/\\\/teterete.com\\\/mx\\\/producto\\\/guaje-de-barro-con-historia\\\/\"]}]},{\"@type\":\"ImageObject\",\"inLanguage\":\"es\",\"@id\":\"https:\\\/\\\/teterete.com\\\/mx\\\/producto\\\/guaje-de-barro-con-historia\\\/#primaryimage\",\"url\":\"https:\\\/\\\/teterete.com\\\/mx\\\/wp-content\\\/uploads\\\/2024\\\/11\\\/guaje-pintado-a-mano.jpg\",\"contentUrl\":\"https:\\\/\\\/teterete.com\\\/mx\\\/wp-content\\\/uploads\\\/2024\\\/11\\\/guaje-pintado-a-mano.jpg\",\"width\":1080,\"height\":1080,\"caption\":\"Guaje Pintado a Mano\"},{\"@type\":\"BreadcrumbList\",\"@id\":\"https:\\\/\\\/teterete.com\\\/mx\\\/producto\\\/guaje-de-barro-con-historia\\\/#breadcrumb\",\"itemListElement\":[{\"@type\":\"ListItem\",\"position\":1,\"name\":\"Home\",\"item\":\"https:\\\/\\\/teterete.com\\\/mx\\\/\"},{\"@type\":\"ListItem\",\"position\":2,\"name\":\"Productos\",\"item\":\"https:\\\/\\\/teterete.com\\\/mx\\\/shop\\\/\"},{\"@type\":\"ListItem\",\"position\":3,\"name\":\"Guaje de Barro con Historia\"}]},{\"@type\":\"WebSite\",\"@id\":\"https:\\\/\\\/teterete.com\\\/mx\\\/#website\",\"url\":\"https:\\\/\\\/teterete.com\\\/mx\\\/\",\"name\":\"\",\"description\":\"Tienda en L\u00ednea de Fina Artesanias y Dise\u00f1o Mexicano. Bellas piezas elaboradas a mano por los mejores artesanos del pa\u00eds as\u00ed como piezas de dise\u00f1o y decoraci\u00f3n con inspiraci\u00f3n artesanal.\",\"potentialAction\":[{\"@type\":\"SearchAction\",\"target\":{\"@type\":\"EntryPoint\",\"urlTemplate\":\"https:\\\/\\\/teterete.com\\\/mx\\\/?s={search_term_string}\"},\"query-input\":{\"@type\":\"PropertyValueSpecification\",\"valueRequired\":true,\"valueName\":\"search_term_string\"}}],\"inLanguage\":\"es\"}]}<\/script>\n<!-- \/ Yoast SEO plugin. -->","yoast_head_json":{"title":"Guaje de Barro con Historia -","description":"Guaje de barro moldeado y pintado a mano en Guerrero, con paisajes y personajes que reflejan la vida del artesano. Una pieza \u00fanica, rica en detalles y tradici\u00f3n","robots":{"index":"index","follow":"follow","max-snippet":"max-snippet:-1","max-image-preview":"max-image-preview:large","max-video-preview":"max-video-preview:-1"},"canonical":"https:\/\/teterete.com\/mx\/producto\/guaje-de-barro-con-historia\/","og_locale":"es_ES","og_type":"article","og_title":"Guaje de Barro con Historia -","og_description":"Guaje de barro moldeado y pintado a mano en Guerrero, con paisajes y personajes que reflejan la vida del artesano. Una pieza \u00fanica, rica en detalles y tradici\u00f3n","og_url":"https:\/\/teterete.com\/mx\/producto\/guaje-de-barro-con-historia\/","article_publisher":"https:\/\/www.facebook.com\/TetereteHome\/","article_modified_time":"2026-03-24T22:13:38+00:00","og_image":[{"width":1080,"height":1080,"url":"https:\/\/teterete.com\/mx\/wp-content\/uploads\/2024\/11\/guaje-pintado-a-mano.jpg","type":"image\/jpeg"}],"twitter_card":"summary_large_image","twitter_site":"@Teterete_Home","twitter_misc":{"Tiempo de lectura":"1 minuto"},"schema":{"@context":"https:\/\/schema.org","@graph":[{"@type":"WebPage","@id":"https:\/\/teterete.com\/mx\/producto\/guaje-de-barro-con-historia\/","url":"https:\/\/teterete.com\/mx\/producto\/guaje-de-barro-con-historia\/","name":"Guaje de Barro con Historia -","isPartOf":{"@id":"https:\/\/teterete.com\/mx\/#website"},"primaryImageOfPage":{"@id":"https:\/\/teterete.com\/mx\/producto\/guaje-de-barro-con-historia\/#primaryimage"},"image":{"@id":"https:\/\/teterete.com\/mx\/producto\/guaje-de-barro-con-historia\/#primaryimage"},"thumbnailUrl":"https:\/\/teterete.com\/mx\/wp-content\/uploads\/2024\/11\/guaje-pintado-a-mano.jpg","datePublished":"2024-11-22T01:29:49+00:00","dateModified":"2026-03-24T22:13:38+00:00","description":"Guaje de barro moldeado y pintado a mano en Guerrero, con paisajes y personajes que reflejan la vida del artesano. Una pieza \u00fanica, rica en detalles y tradici\u00f3n","breadcrumb":{"@id":"https:\/\/teterete.com\/mx\/producto\/guaje-de-barro-con-historia\/#breadcrumb"},"inLanguage":"es","potentialAction":[{"@type":"ReadAction","target":["https:\/\/teterete.com\/mx\/producto\/guaje-de-barro-con-historia\/"]}]},{"@type":"ImageObject","inLanguage":"es","@id":"https:\/\/teterete.com\/mx\/producto\/guaje-de-barro-con-historia\/#primaryimage","url":"https:\/\/teterete.com\/mx\/wp-content\/uploads\/2024\/11\/guaje-pintado-a-mano.jpg","contentUrl":"https:\/\/teterete.com\/mx\/wp-content\/uploads\/2024\/11\/guaje-pintado-a-mano.jpg","width":1080,"height":1080,"caption":"Guaje Pintado a Mano"},{"@type":"BreadcrumbList","@id":"https:\/\/teterete.com\/mx\/producto\/guaje-de-barro-con-historia\/#breadcrumb","itemListElement":[{"@type":"ListItem","position":1,"name":"Home","item":"https:\/\/teterete.com\/mx\/"},{"@type":"ListItem","position":2,"name":"Productos","item":"https:\/\/teterete.com\/mx\/shop\/"},{"@type":"ListItem","position":3,"name":"Guaje de Barro con Historia"}]},{"@type":"WebSite","@id":"https:\/\/teterete.com\/mx\/#website","url":"https:\/\/teterete.com\/mx\/","name":"","description":"Tienda en L\u00ednea de Fina Artesanias y Dise\u00f1o Mexicano. Bellas piezas elaboradas a mano por los mejores artesanos del pa\u00eds as\u00ed como piezas de dise\u00f1o y decoraci\u00f3n con inspiraci\u00f3n artesanal.","potentialAction":[{"@type":"SearchAction","target":{"@type":"EntryPoint","urlTemplate":"https:\/\/teterete.com\/mx\/?s={search_term_string}"},"query-input":{"@type":"PropertyValueSpecification","valueRequired":true,"valueName":"search_term_string"}}],"inLanguage":"es"}]}},"_links":{"self":[{"href":"https:\/\/teterete.com\/mx\/wp-json\/wp\/v2\/product\/12082","targetHints":{"allow":["GET"]}}],"collection":[{"href":"https:\/\/teterete.com\/mx\/wp-json\/wp\/v2\/product"}],"about":[{"href":"https:\/\/teterete.com\/mx\/wp-json\/wp\/v2\/types\/product"}],"replies":[{"embeddable":true,"href":"https:\/\/teterete.com\/mx\/wp-json\/wp\/v2\/comments?post=12082"}],"wp:featuredmedia":[{"embeddable":true,"href":"https:\/\/teterete.com\/mx\/wp-json\/wp\/v2\/media\/12089"}],"wp:attachment":[{"href":"https:\/\/teterete.com\/mx\/wp-json\/wp\/v2\/media?parent=12082"}],"wp:term":[{"taxonomy":"product_brand","embeddable":true,"href":"https:\/\/teterete.com\/mx\/wp-json\/wp\/v2\/product_brand?post=12082"},{"taxonomy":"product_cat","embeddable":true,"href":"https:\/\/teterete.com\/mx\/wp-json\/wp\/v2\/product_cat?post=12082"},{"taxonomy":"product_tag","embeddable":true,"href":"https:\/\/teterete.com\/mx\/wp-json\/wp\/v2\/product_tag?post=12082"}],"curies":[{"name":"wp","href":"https:\/\/api.w.org\/{rel}","templated":true}]}}