{"id":12090,"date":"2024-11-22T14:01:21","date_gmt":"2024-11-22T14:01:21","guid":{"rendered":"https:\/\/teterete.com\/mx\/?post_type=product&#038;p=12090"},"modified":"2026-03-24T22:13:38","modified_gmt":"2026-03-24T22:13:38","slug":"guaje-artesanal-jumbo","status":"publish","type":"product","link":"https:\/\/teterete.com\/mx\/producto\/guaje-artesanal-jumbo\/","title":{"rendered":"Guaje Artesanal Jumbo"},"content":{"rendered":"<p>Pieza \u00fanica pintada con tintes naturales y dise\u00f1o \u00fanico.<\/p>\n<p>Medidas: 20 cms de di\u00e1metro y 15 cms de alto<\/p>\n<p>Elaborado a mano en Temalacatzingo, Guerrero.<\/p>\n<p>&nbsp;<\/p>\n","protected":false},"excerpt":{"rendered":"<p>Guaje Jumbo \u00fanico, hecho a mano con tintes naturales por artesanos de Guerrero. Elegancia y tradici\u00f3n en una pieza de artesan\u00eda fina mexicana<\/p>\n","protected":false},"featured_media":12095,"comment_status":"open","ping_status":"closed","template":"","meta":{"sfsi_plus_gutenberg_text_before_share":"","sfsi_plus_gutenberg_show_text_before_share":"","sfsi_plus_gutenberg_icon_type":"","sfsi_plus_gutenberg_icon_alignemt":"","sfsi_plus_gutenburg_max_per_row":""},"product_cat":[2646,2606,658,342,350,539],"product_tag":[1822,2523,232,904,810],"acf":[],"yoast_head":"<!-- This site is optimized with the Yoast SEO plugin v23.5 - https:\/\/yoast.com\/wordpress\/plugins\/seo\/ -->\n<title>Guaje Artesanal Jumbo -<\/title>\n<meta name=\"description\" content=\"Guaje Jumbo \u00fanico, hecho a mano con tintes naturales por artesanos de Guerrero. Elegancia y tradici\u00f3n en una pieza de artesan\u00eda fina mexicana\" \/>\n<meta name=\"robots\" content=\"index, follow, max-snippet:-1, max-image-preview:large, max-video-preview:-1\" \/>\n<link rel=\"canonical\" href=\"https:\/\/teterete.com\/mx\/producto\/guaje-artesanal-jumbo\/\" \/>\n<meta property=\"og:locale\" content=\"es_ES\" \/>\n<meta property=\"og:type\" content=\"article\" \/>\n<meta property=\"og:title\" content=\"Guaje Artesanal Jumbo -\" \/>\n<meta property=\"og:description\" content=\"Guaje Jumbo \u00fanico, hecho a mano con tintes naturales por artesanos de Guerrero. Elegancia y tradici\u00f3n en una pieza de artesan\u00eda fina mexicana\" \/>\n<meta property=\"og:url\" content=\"https:\/\/teterete.com\/mx\/producto\/guaje-artesanal-jumbo\/\" \/>\n<meta property=\"article:publisher\" content=\"https:\/\/www.facebook.com\/TetereteHome\/\" \/>\n<meta property=\"article:modified_time\" content=\"2026-03-24T22:13:38+00:00\" \/>\n<meta property=\"og:image\" content=\"https:\/\/teterete.com\/mx\/wp-content\/uploads\/2024\/11\/guaje-de-coleccion.jpg\" \/>\n\t<meta property=\"og:image:width\" content=\"1080\" \/>\n\t<meta property=\"og:image:height\" content=\"1080\" \/>\n\t<meta property=\"og:image:type\" content=\"image\/jpeg\" \/>\n<meta name=\"twitter:card\" content=\"summary_large_image\" \/>\n<meta name=\"twitter:site\" content=\"@Teterete_Home\" \/>\n<meta name=\"twitter:label1\" content=\"Tiempo de lectura\" \/>\n\t<meta name=\"twitter:data1\" content=\"1 minuto\" \/>\n<script type=\"application\/ld+json\" class=\"yoast-schema-graph\">{\"@context\":\"https:\/\/schema.org\",\"@graph\":[{\"@type\":\"WebPage\",\"@id\":\"https:\/\/teterete.com\/mx\/producto\/guaje-artesanal-jumbo\/\",\"url\":\"https:\/\/teterete.com\/mx\/producto\/guaje-artesanal-jumbo\/\",\"name\":\"Guaje Artesanal Jumbo -\",\"isPartOf\":{\"@id\":\"https:\/\/teterete.com\/mx\/#website\"},\"primaryImageOfPage\":{\"@id\":\"https:\/\/teterete.com\/mx\/producto\/guaje-artesanal-jumbo\/#primaryimage\"},\"image\":{\"@id\":\"https:\/\/teterete.com\/mx\/producto\/guaje-artesanal-jumbo\/#primaryimage\"},\"thumbnailUrl\":\"https:\/\/teterete.com\/mx\/wp-content\/uploads\/2024\/11\/guaje-de-coleccion.jpg\",\"datePublished\":\"2024-11-22T14:01:21+00:00\",\"dateModified\":\"2026-03-24T22:13:38+00:00\",\"description\":\"Guaje Jumbo \u00fanico, hecho a mano con tintes naturales por artesanos de Guerrero. Elegancia y tradici\u00f3n en una pieza de artesan\u00eda fina mexicana\",\"breadcrumb\":{\"@id\":\"https:\/\/teterete.com\/mx\/producto\/guaje-artesanal-jumbo\/#breadcrumb\"},\"inLanguage\":\"es\",\"potentialAction\":[{\"@type\":\"ReadAction\",\"target\":[\"https:\/\/teterete.com\/mx\/producto\/guaje-artesanal-jumbo\/\"]}]},{\"@type\":\"ImageObject\",\"inLanguage\":\"es\",\"@id\":\"https:\/\/teterete.com\/mx\/producto\/guaje-artesanal-jumbo\/#primaryimage\",\"url\":\"https:\/\/teterete.com\/mx\/wp-content\/uploads\/2024\/11\/guaje-de-coleccion.jpg\",\"contentUrl\":\"https:\/\/teterete.com\/mx\/wp-content\/uploads\/2024\/11\/guaje-de-coleccion.jpg\",\"width\":1080,\"height\":1080,\"caption\":\"Guaje de Colecci\u00f3n\"},{\"@type\":\"BreadcrumbList\",\"@id\":\"https:\/\/teterete.com\/mx\/producto\/guaje-artesanal-jumbo\/#breadcrumb\",\"itemListElement\":[{\"@type\":\"ListItem\",\"position\":1,\"name\":\"Home\",\"item\":\"https:\/\/teterete.com\/mx\/\"},{\"@type\":\"ListItem\",\"position\":2,\"name\":\"Productos\",\"item\":\"https:\/\/teterete.com\/mx\/shop\/\"},{\"@type\":\"ListItem\",\"position\":3,\"name\":\"Guaje Artesanal Jumbo\"}]},{\"@type\":\"WebSite\",\"@id\":\"https:\/\/teterete.com\/mx\/#website\",\"url\":\"https:\/\/teterete.com\/mx\/\",\"name\":\"\",\"description\":\"Tienda en L\u00ednea de Fina Artesanias y Dise\u00f1o Mexicano. Bellas piezas elaboradas a mano por los mejores artesanos del pa\u00eds as\u00ed como piezas de dise\u00f1o y decoraci\u00f3n con inspiraci\u00f3n artesanal.\",\"potentialAction\":[{\"@type\":\"SearchAction\",\"target\":{\"@type\":\"EntryPoint\",\"urlTemplate\":\"https:\/\/teterete.com\/mx\/?s={search_term_string}\"},\"query-input\":{\"@type\":\"PropertyValueSpecification\",\"valueRequired\":true,\"valueName\":\"search_term_string\"}}],\"inLanguage\":\"es\"}]}<\/script>\n<!-- \/ Yoast SEO plugin. -->","yoast_head_json":{"title":"Guaje Artesanal Jumbo -","description":"Guaje Jumbo \u00fanico, hecho a mano con tintes naturales por artesanos de Guerrero. Elegancia y tradici\u00f3n en una pieza de artesan\u00eda fina mexicana","robots":{"index":"index","follow":"follow","max-snippet":"max-snippet:-1","max-image-preview":"max-image-preview:large","max-video-preview":"max-video-preview:-1"},"canonical":"https:\/\/teterete.com\/mx\/producto\/guaje-artesanal-jumbo\/","og_locale":"es_ES","og_type":"article","og_title":"Guaje Artesanal Jumbo -","og_description":"Guaje Jumbo \u00fanico, hecho a mano con tintes naturales por artesanos de Guerrero. Elegancia y tradici\u00f3n en una pieza de artesan\u00eda fina mexicana","og_url":"https:\/\/teterete.com\/mx\/producto\/guaje-artesanal-jumbo\/","article_publisher":"https:\/\/www.facebook.com\/TetereteHome\/","article_modified_time":"2026-03-24T22:13:38+00:00","og_image":[{"width":1080,"height":1080,"url":"https:\/\/teterete.com\/mx\/wp-content\/uploads\/2024\/11\/guaje-de-coleccion.jpg","type":"image\/jpeg"}],"twitter_card":"summary_large_image","twitter_site":"@Teterete_Home","twitter_misc":{"Tiempo de lectura":"1 minuto"},"schema":{"@context":"https:\/\/schema.org","@graph":[{"@type":"WebPage","@id":"https:\/\/teterete.com\/mx\/producto\/guaje-artesanal-jumbo\/","url":"https:\/\/teterete.com\/mx\/producto\/guaje-artesanal-jumbo\/","name":"Guaje Artesanal Jumbo -","isPartOf":{"@id":"https:\/\/teterete.com\/mx\/#website"},"primaryImageOfPage":{"@id":"https:\/\/teterete.com\/mx\/producto\/guaje-artesanal-jumbo\/#primaryimage"},"image":{"@id":"https:\/\/teterete.com\/mx\/producto\/guaje-artesanal-jumbo\/#primaryimage"},"thumbnailUrl":"https:\/\/teterete.com\/mx\/wp-content\/uploads\/2024\/11\/guaje-de-coleccion.jpg","datePublished":"2024-11-22T14:01:21+00:00","dateModified":"2026-03-24T22:13:38+00:00","description":"Guaje Jumbo \u00fanico, hecho a mano con tintes naturales por artesanos de Guerrero. Elegancia y tradici\u00f3n en una pieza de artesan\u00eda fina mexicana","breadcrumb":{"@id":"https:\/\/teterete.com\/mx\/producto\/guaje-artesanal-jumbo\/#breadcrumb"},"inLanguage":"es","potentialAction":[{"@type":"ReadAction","target":["https:\/\/teterete.com\/mx\/producto\/guaje-artesanal-jumbo\/"]}]},{"@type":"ImageObject","inLanguage":"es","@id":"https:\/\/teterete.com\/mx\/producto\/guaje-artesanal-jumbo\/#primaryimage","url":"https:\/\/teterete.com\/mx\/wp-content\/uploads\/2024\/11\/guaje-de-coleccion.jpg","contentUrl":"https:\/\/teterete.com\/mx\/wp-content\/uploads\/2024\/11\/guaje-de-coleccion.jpg","width":1080,"height":1080,"caption":"Guaje de Colecci\u00f3n"},{"@type":"BreadcrumbList","@id":"https:\/\/teterete.com\/mx\/producto\/guaje-artesanal-jumbo\/#breadcrumb","itemListElement":[{"@type":"ListItem","position":1,"name":"Home","item":"https:\/\/teterete.com\/mx\/"},{"@type":"ListItem","position":2,"name":"Productos","item":"https:\/\/teterete.com\/mx\/shop\/"},{"@type":"ListItem","position":3,"name":"Guaje Artesanal Jumbo"}]},{"@type":"WebSite","@id":"https:\/\/teterete.com\/mx\/#website","url":"https:\/\/teterete.com\/mx\/","name":"","description":"Tienda en L\u00ednea de Fina Artesanias y Dise\u00f1o Mexicano. Bellas piezas elaboradas a mano por los mejores artesanos del pa\u00eds as\u00ed como piezas de dise\u00f1o y decoraci\u00f3n con inspiraci\u00f3n artesanal.","potentialAction":[{"@type":"SearchAction","target":{"@type":"EntryPoint","urlTemplate":"https:\/\/teterete.com\/mx\/?s={search_term_string}"},"query-input":{"@type":"PropertyValueSpecification","valueRequired":true,"valueName":"search_term_string"}}],"inLanguage":"es"}]}},"_links":{"self":[{"href":"https:\/\/teterete.com\/mx\/wp-json\/wp\/v2\/product\/12090"}],"collection":[{"href":"https:\/\/teterete.com\/mx\/wp-json\/wp\/v2\/product"}],"about":[{"href":"https:\/\/teterete.com\/mx\/wp-json\/wp\/v2\/types\/product"}],"replies":[{"embeddable":true,"href":"https:\/\/teterete.com\/mx\/wp-json\/wp\/v2\/comments?post=12090"}],"wp:featuredmedia":[{"embeddable":true,"href":"https:\/\/teterete.com\/mx\/wp-json\/wp\/v2\/media\/12095"}],"wp:attachment":[{"href":"https:\/\/teterete.com\/mx\/wp-json\/wp\/v2\/media?parent=12090"}],"wp:term":[{"taxonomy":"product_cat","embeddable":true,"href":"https:\/\/teterete.com\/mx\/wp-json\/wp\/v2\/product_cat?post=12090"},{"taxonomy":"product_tag","embeddable":true,"href":"https:\/\/teterete.com\/mx\/wp-json\/wp\/v2\/product_tag?post=12090"}],"curies":[{"name":"wp","href":"https:\/\/api.w.org\/{rel}","templated":true}]}}