{"id":12119,"date":"2024-11-26T22:59:44","date_gmt":"2024-11-26T22:59:44","guid":{"rendered":"https:\/\/teterete.com\/mx\/?post_type=product&#038;p=12119"},"modified":"2026-03-24T22:13:38","modified_gmt":"2026-03-24T22:13:38","slug":"camino-de-mesa-artesanal-mar","status":"publish","type":"product","link":"https:\/\/teterete.com\/mx\/producto\/camino-de-mesa-artesanal-mar\/","title":{"rendered":"Camino de Mesa Artesanal Mar"},"content":{"rendered":"<p>Textil bordado en telar de cintura y tientes naturales<\/p>\n<p>Material: Algod\u00f3n<\/p>\n<p>Medidas: 158 x 38 cms<\/p>\n<p>Color: Caf\u00e9 y gris<\/p>\n<p>&nbsp;<\/p>\n","protected":false},"excerpt":{"rendered":"<p>Decora tu mesa con tradici\u00f3n y naturaleza. Este camino de mesa artesanal, elaborado en telar de cintura con tintes naturales y bordados de animales marinos, es una obra que conecta con la esencia de la cultura mexicana.<\/p>\n","protected":false},"featured_media":12120,"comment_status":"open","ping_status":"closed","template":"","meta":{"_acf_changed":false,"sfsi_plus_gutenberg_text_before_share":"","sfsi_plus_gutenberg_show_text_before_share":"","sfsi_plus_gutenberg_icon_type":"","sfsi_plus_gutenberg_icon_alignemt":"","sfsi_plus_gutenburg_max_per_row":""},"product_brand":[],"product_cat":[345,2646,1584,658,2606],"product_tag":[376,2160,232,223],"class_list":{"0":"post-12119","1":"product","2":"type-product","3":"status-publish","4":"has-post-thumbnail","6":"product_cat-caminos-de-mesa","7":"product_cat-ciber-monday","8":"product_cat-mesa-mexicana","9":"product_cat-rebajas","10":"product_cat-venta-de-verano","11":"product_tag-artesanias-mexicanas","12":"product_tag-camino-de-mesa-artesanal","13":"product_tag-decoracion-mexicana","14":"product_tag-textiles-mexicanos","15":"product_shipping_class-fast-delivery","17":"first","18":"instock","19":"sale","20":"taxable","21":"shipping-taxable","22":"purchasable","23":"product-type-simple"},"acf":[],"yoast_head":"<!-- This site is optimized with the Yoast SEO plugin v27.5 - https:\/\/yoast.com\/product\/yoast-seo-wordpress\/ -->\n<title>Camino de Mesa Artesanal Mar -<\/title>\n<meta name=\"description\" content=\"Decora tu mesa con tradici\u00f3n y naturaleza. Este camino de mesa, elaborado en telar de cintura con tintes naturales y bordados de animales marinos\" \/>\n<meta name=\"robots\" content=\"index, follow, max-snippet:-1, max-image-preview:large, max-video-preview:-1\" \/>\n<link rel=\"canonical\" href=\"https:\/\/teterete.com\/mx\/producto\/camino-de-mesa-artesanal-mar\/\" \/>\n<meta property=\"og:locale\" content=\"es_ES\" \/>\n<meta property=\"og:type\" content=\"article\" \/>\n<meta property=\"og:title\" content=\"Camino de Mesa Artesanal Mar -\" \/>\n<meta property=\"og:description\" content=\"Decora tu mesa con tradici\u00f3n y naturaleza. Este camino de mesa, elaborado en telar de cintura con tintes naturales y bordados de animales marinos\" \/>\n<meta property=\"og:url\" content=\"https:\/\/teterete.com\/mx\/producto\/camino-de-mesa-artesanal-mar\/\" \/>\n<meta property=\"article:publisher\" content=\"https:\/\/www.facebook.com\/TetereteHome\/\" \/>\n<meta property=\"article:modified_time\" content=\"2026-03-24T22:13:38+00:00\" \/>\n<meta property=\"og:image\" content=\"https:\/\/teterete.com\/mx\/wp-content\/uploads\/2024\/11\/camino-de-mesa-artesanal.jpg\" \/>\n\t<meta property=\"og:image:width\" content=\"1080\" \/>\n\t<meta property=\"og:image:height\" content=\"1080\" \/>\n\t<meta property=\"og:image:type\" content=\"image\/jpeg\" \/>\n<meta name=\"twitter:card\" content=\"summary_large_image\" \/>\n<meta name=\"twitter:site\" content=\"@Teterete_Home\" \/>\n<meta name=\"twitter:label1\" content=\"Tiempo de lectura\" \/>\n\t<meta name=\"twitter:data1\" content=\"1 minuto\" \/>\n<script type=\"application\/ld+json\" class=\"yoast-schema-graph\">{\"@context\":\"https:\\\/\\\/schema.org\",\"@graph\":[{\"@type\":\"WebPage\",\"@id\":\"https:\\\/\\\/teterete.com\\\/mx\\\/producto\\\/camino-de-mesa-artesanal-mar\\\/\",\"url\":\"https:\\\/\\\/teterete.com\\\/mx\\\/producto\\\/camino-de-mesa-artesanal-mar\\\/\",\"name\":\"Camino de Mesa Artesanal Mar -\",\"isPartOf\":{\"@id\":\"https:\\\/\\\/teterete.com\\\/mx\\\/#website\"},\"primaryImageOfPage\":{\"@id\":\"https:\\\/\\\/teterete.com\\\/mx\\\/producto\\\/camino-de-mesa-artesanal-mar\\\/#primaryimage\"},\"image\":{\"@id\":\"https:\\\/\\\/teterete.com\\\/mx\\\/producto\\\/camino-de-mesa-artesanal-mar\\\/#primaryimage\"},\"thumbnailUrl\":\"https:\\\/\\\/teterete.com\\\/mx\\\/wp-content\\\/uploads\\\/2024\\\/11\\\/camino-de-mesa-artesanal.jpg\",\"datePublished\":\"2024-11-26T22:59:44+00:00\",\"dateModified\":\"2026-03-24T22:13:38+00:00\",\"description\":\"Decora tu mesa con tradici\u00f3n y naturaleza. Este camino de mesa, elaborado en telar de cintura con tintes naturales y bordados de animales marinos\",\"breadcrumb\":{\"@id\":\"https:\\\/\\\/teterete.com\\\/mx\\\/producto\\\/camino-de-mesa-artesanal-mar\\\/#breadcrumb\"},\"inLanguage\":\"es\",\"potentialAction\":[{\"@type\":\"ReadAction\",\"target\":[\"https:\\\/\\\/teterete.com\\\/mx\\\/producto\\\/camino-de-mesa-artesanal-mar\\\/\"]}]},{\"@type\":\"ImageObject\",\"inLanguage\":\"es\",\"@id\":\"https:\\\/\\\/teterete.com\\\/mx\\\/producto\\\/camino-de-mesa-artesanal-mar\\\/#primaryimage\",\"url\":\"https:\\\/\\\/teterete.com\\\/mx\\\/wp-content\\\/uploads\\\/2024\\\/11\\\/camino-de-mesa-artesanal.jpg\",\"contentUrl\":\"https:\\\/\\\/teterete.com\\\/mx\\\/wp-content\\\/uploads\\\/2024\\\/11\\\/camino-de-mesa-artesanal.jpg\",\"width\":1080,\"height\":1080,\"caption\":\"Camino de Mesa Artesanal\"},{\"@type\":\"BreadcrumbList\",\"@id\":\"https:\\\/\\\/teterete.com\\\/mx\\\/producto\\\/camino-de-mesa-artesanal-mar\\\/#breadcrumb\",\"itemListElement\":[{\"@type\":\"ListItem\",\"position\":1,\"name\":\"Home\",\"item\":\"https:\\\/\\\/teterete.com\\\/mx\\\/\"},{\"@type\":\"ListItem\",\"position\":2,\"name\":\"Productos\",\"item\":\"https:\\\/\\\/teterete.com\\\/mx\\\/shop\\\/\"},{\"@type\":\"ListItem\",\"position\":3,\"name\":\"Camino de Mesa Artesanal Mar\"}]},{\"@type\":\"WebSite\",\"@id\":\"https:\\\/\\\/teterete.com\\\/mx\\\/#website\",\"url\":\"https:\\\/\\\/teterete.com\\\/mx\\\/\",\"name\":\"\",\"description\":\"Tienda en L\u00ednea de Fina Artesanias y Dise\u00f1o Mexicano. Bellas piezas elaboradas a mano por los mejores artesanos del pa\u00eds as\u00ed como piezas de dise\u00f1o y decoraci\u00f3n con inspiraci\u00f3n artesanal.\",\"potentialAction\":[{\"@type\":\"SearchAction\",\"target\":{\"@type\":\"EntryPoint\",\"urlTemplate\":\"https:\\\/\\\/teterete.com\\\/mx\\\/?s={search_term_string}\"},\"query-input\":{\"@type\":\"PropertyValueSpecification\",\"valueRequired\":true,\"valueName\":\"search_term_string\"}}],\"inLanguage\":\"es\"}]}<\/script>\n<!-- \/ Yoast SEO plugin. -->","yoast_head_json":{"title":"Camino de Mesa Artesanal Mar -","description":"Decora tu mesa con tradici\u00f3n y naturaleza. Este camino de mesa, elaborado en telar de cintura con tintes naturales y bordados de animales marinos","robots":{"index":"index","follow":"follow","max-snippet":"max-snippet:-1","max-image-preview":"max-image-preview:large","max-video-preview":"max-video-preview:-1"},"canonical":"https:\/\/teterete.com\/mx\/producto\/camino-de-mesa-artesanal-mar\/","og_locale":"es_ES","og_type":"article","og_title":"Camino de Mesa Artesanal Mar -","og_description":"Decora tu mesa con tradici\u00f3n y naturaleza. Este camino de mesa, elaborado en telar de cintura con tintes naturales y bordados de animales marinos","og_url":"https:\/\/teterete.com\/mx\/producto\/camino-de-mesa-artesanal-mar\/","article_publisher":"https:\/\/www.facebook.com\/TetereteHome\/","article_modified_time":"2026-03-24T22:13:38+00:00","og_image":[{"width":1080,"height":1080,"url":"https:\/\/teterete.com\/mx\/wp-content\/uploads\/2024\/11\/camino-de-mesa-artesanal.jpg","type":"image\/jpeg"}],"twitter_card":"summary_large_image","twitter_site":"@Teterete_Home","twitter_misc":{"Tiempo de lectura":"1 minuto"},"schema":{"@context":"https:\/\/schema.org","@graph":[{"@type":"WebPage","@id":"https:\/\/teterete.com\/mx\/producto\/camino-de-mesa-artesanal-mar\/","url":"https:\/\/teterete.com\/mx\/producto\/camino-de-mesa-artesanal-mar\/","name":"Camino de Mesa Artesanal Mar -","isPartOf":{"@id":"https:\/\/teterete.com\/mx\/#website"},"primaryImageOfPage":{"@id":"https:\/\/teterete.com\/mx\/producto\/camino-de-mesa-artesanal-mar\/#primaryimage"},"image":{"@id":"https:\/\/teterete.com\/mx\/producto\/camino-de-mesa-artesanal-mar\/#primaryimage"},"thumbnailUrl":"https:\/\/teterete.com\/mx\/wp-content\/uploads\/2024\/11\/camino-de-mesa-artesanal.jpg","datePublished":"2024-11-26T22:59:44+00:00","dateModified":"2026-03-24T22:13:38+00:00","description":"Decora tu mesa con tradici\u00f3n y naturaleza. Este camino de mesa, elaborado en telar de cintura con tintes naturales y bordados de animales marinos","breadcrumb":{"@id":"https:\/\/teterete.com\/mx\/producto\/camino-de-mesa-artesanal-mar\/#breadcrumb"},"inLanguage":"es","potentialAction":[{"@type":"ReadAction","target":["https:\/\/teterete.com\/mx\/producto\/camino-de-mesa-artesanal-mar\/"]}]},{"@type":"ImageObject","inLanguage":"es","@id":"https:\/\/teterete.com\/mx\/producto\/camino-de-mesa-artesanal-mar\/#primaryimage","url":"https:\/\/teterete.com\/mx\/wp-content\/uploads\/2024\/11\/camino-de-mesa-artesanal.jpg","contentUrl":"https:\/\/teterete.com\/mx\/wp-content\/uploads\/2024\/11\/camino-de-mesa-artesanal.jpg","width":1080,"height":1080,"caption":"Camino de Mesa Artesanal"},{"@type":"BreadcrumbList","@id":"https:\/\/teterete.com\/mx\/producto\/camino-de-mesa-artesanal-mar\/#breadcrumb","itemListElement":[{"@type":"ListItem","position":1,"name":"Home","item":"https:\/\/teterete.com\/mx\/"},{"@type":"ListItem","position":2,"name":"Productos","item":"https:\/\/teterete.com\/mx\/shop\/"},{"@type":"ListItem","position":3,"name":"Camino de Mesa Artesanal Mar"}]},{"@type":"WebSite","@id":"https:\/\/teterete.com\/mx\/#website","url":"https:\/\/teterete.com\/mx\/","name":"","description":"Tienda en L\u00ednea de Fina Artesanias y Dise\u00f1o Mexicano. Bellas piezas elaboradas a mano por los mejores artesanos del pa\u00eds as\u00ed como piezas de dise\u00f1o y decoraci\u00f3n con inspiraci\u00f3n artesanal.","potentialAction":[{"@type":"SearchAction","target":{"@type":"EntryPoint","urlTemplate":"https:\/\/teterete.com\/mx\/?s={search_term_string}"},"query-input":{"@type":"PropertyValueSpecification","valueRequired":true,"valueName":"search_term_string"}}],"inLanguage":"es"}]}},"_links":{"self":[{"href":"https:\/\/teterete.com\/mx\/wp-json\/wp\/v2\/product\/12119","targetHints":{"allow":["GET"]}}],"collection":[{"href":"https:\/\/teterete.com\/mx\/wp-json\/wp\/v2\/product"}],"about":[{"href":"https:\/\/teterete.com\/mx\/wp-json\/wp\/v2\/types\/product"}],"replies":[{"embeddable":true,"href":"https:\/\/teterete.com\/mx\/wp-json\/wp\/v2\/comments?post=12119"}],"wp:featuredmedia":[{"embeddable":true,"href":"https:\/\/teterete.com\/mx\/wp-json\/wp\/v2\/media\/12120"}],"wp:attachment":[{"href":"https:\/\/teterete.com\/mx\/wp-json\/wp\/v2\/media?parent=12119"}],"wp:term":[{"taxonomy":"product_brand","embeddable":true,"href":"https:\/\/teterete.com\/mx\/wp-json\/wp\/v2\/product_brand?post=12119"},{"taxonomy":"product_cat","embeddable":true,"href":"https:\/\/teterete.com\/mx\/wp-json\/wp\/v2\/product_cat?post=12119"},{"taxonomy":"product_tag","embeddable":true,"href":"https:\/\/teterete.com\/mx\/wp-json\/wp\/v2\/product_tag?post=12119"}],"curies":[{"name":"wp","href":"https:\/\/api.w.org\/{rel}","templated":true}]}}