{"id":12129,"date":"2024-11-26T23:30:13","date_gmt":"2024-11-26T23:30:13","guid":{"rendered":"https:\/\/teterete.com\/mx\/?post_type=product&#038;p=12129"},"modified":"2026-03-24T22:13:37","modified_gmt":"2026-03-24T22:13:37","slug":"camino-de-mesa-chiapas","status":"publish","type":"product","link":"https:\/\/teterete.com\/mx\/producto\/camino-de-mesa-chiapas\/","title":{"rendered":"Camino de Mesa Chiapas"},"content":{"rendered":"<p>Camino de mesa elaborado en telar de cintura<\/p>\n<p>Medida: 214 x 37 cms<\/p>\n<p>Material: Algod\u00f3n<\/p>\n<p>Color: Blanco y bordado beige<\/p>\n","protected":false},"excerpt":{"rendered":"<p>Realzado con la t\u00e9cnica ancestral del pepenado, este camino de mesa, elaborado por artesanas tsotsiles en telar de cintura, refleja la riqueza cultural de Chiapas con sus motivos locales \u00fanicos. Una pieza que honra la tradici\u00f3n en cada hilo.<\/p>\n","protected":false},"featured_media":12132,"comment_status":"open","ping_status":"closed","template":"","meta":{"sfsi_plus_gutenberg_text_before_share":"","sfsi_plus_gutenberg_show_text_before_share":"","sfsi_plus_gutenberg_icon_type":"","sfsi_plus_gutenberg_icon_alignemt":"","sfsi_plus_gutenburg_max_per_row":""},"product_cat":[2646,1584,2606,658,345],"product_tag":[381,1014,38,223],"acf":[],"yoast_head":"<!-- This site is optimized with the Yoast SEO plugin v23.5 - https:\/\/yoast.com\/wordpress\/plugins\/seo\/ -->\n<title>Camino de Mesa Chiapas -<\/title>\n<meta name=\"description\" content=\"Realzado con la t\u00e9cnica ancestral del pepenado, este camino de mesa, elaborado por artesanas tsotsiles en telar de cintura, refleja la riqueza cultural de Chiapas\" \/>\n<meta name=\"robots\" content=\"index, follow, max-snippet:-1, max-image-preview:large, max-video-preview:-1\" \/>\n<link rel=\"canonical\" href=\"https:\/\/teterete.com\/mx\/producto\/camino-de-mesa-chiapas\/\" \/>\n<meta property=\"og:locale\" content=\"es_ES\" \/>\n<meta property=\"og:type\" content=\"article\" \/>\n<meta property=\"og:title\" content=\"Camino de Mesa Chiapas -\" \/>\n<meta property=\"og:description\" content=\"Realzado con la t\u00e9cnica ancestral del pepenado, este camino de mesa, elaborado por artesanas tsotsiles en telar de cintura, refleja la riqueza cultural de Chiapas\" \/>\n<meta property=\"og:url\" content=\"https:\/\/teterete.com\/mx\/producto\/camino-de-mesa-chiapas\/\" \/>\n<meta property=\"article:publisher\" content=\"https:\/\/www.facebook.com\/TetereteHome\/\" \/>\n<meta property=\"article:modified_time\" content=\"2026-03-24T22:13:37+00:00\" \/>\n<meta property=\"og:image\" content=\"https:\/\/teterete.com\/mx\/wp-content\/uploads\/2024\/11\/textil-pepenado.jpg\" \/>\n\t<meta property=\"og:image:width\" content=\"1080\" \/>\n\t<meta property=\"og:image:height\" content=\"1080\" \/>\n\t<meta property=\"og:image:type\" content=\"image\/jpeg\" \/>\n<meta name=\"twitter:card\" content=\"summary_large_image\" \/>\n<meta name=\"twitter:site\" content=\"@Teterete_Home\" \/>\n<meta name=\"twitter:label1\" content=\"Tiempo de lectura\" \/>\n\t<meta name=\"twitter:data1\" content=\"1 minuto\" \/>\n<script type=\"application\/ld+json\" class=\"yoast-schema-graph\">{\"@context\":\"https:\/\/schema.org\",\"@graph\":[{\"@type\":\"WebPage\",\"@id\":\"https:\/\/teterete.com\/mx\/producto\/camino-de-mesa-chiapas\/\",\"url\":\"https:\/\/teterete.com\/mx\/producto\/camino-de-mesa-chiapas\/\",\"name\":\"Camino de Mesa Chiapas -\",\"isPartOf\":{\"@id\":\"https:\/\/teterete.com\/mx\/#website\"},\"primaryImageOfPage\":{\"@id\":\"https:\/\/teterete.com\/mx\/producto\/camino-de-mesa-chiapas\/#primaryimage\"},\"image\":{\"@id\":\"https:\/\/teterete.com\/mx\/producto\/camino-de-mesa-chiapas\/#primaryimage\"},\"thumbnailUrl\":\"https:\/\/teterete.com\/mx\/wp-content\/uploads\/2024\/11\/textil-pepenado.jpg\",\"datePublished\":\"2024-11-26T23:30:13+00:00\",\"dateModified\":\"2026-03-24T22:13:37+00:00\",\"description\":\"Realzado con la t\u00e9cnica ancestral del pepenado, este camino de mesa, elaborado por artesanas tsotsiles en telar de cintura, refleja la riqueza cultural de Chiapas\",\"breadcrumb\":{\"@id\":\"https:\/\/teterete.com\/mx\/producto\/camino-de-mesa-chiapas\/#breadcrumb\"},\"inLanguage\":\"es\",\"potentialAction\":[{\"@type\":\"ReadAction\",\"target\":[\"https:\/\/teterete.com\/mx\/producto\/camino-de-mesa-chiapas\/\"]}]},{\"@type\":\"ImageObject\",\"inLanguage\":\"es\",\"@id\":\"https:\/\/teterete.com\/mx\/producto\/camino-de-mesa-chiapas\/#primaryimage\",\"url\":\"https:\/\/teterete.com\/mx\/wp-content\/uploads\/2024\/11\/textil-pepenado.jpg\",\"contentUrl\":\"https:\/\/teterete.com\/mx\/wp-content\/uploads\/2024\/11\/textil-pepenado.jpg\",\"width\":1080,\"height\":1080,\"caption\":\"Textil pepenado\"},{\"@type\":\"BreadcrumbList\",\"@id\":\"https:\/\/teterete.com\/mx\/producto\/camino-de-mesa-chiapas\/#breadcrumb\",\"itemListElement\":[{\"@type\":\"ListItem\",\"position\":1,\"name\":\"Home\",\"item\":\"https:\/\/teterete.com\/mx\/\"},{\"@type\":\"ListItem\",\"position\":2,\"name\":\"Productos\",\"item\":\"https:\/\/teterete.com\/mx\/shop\/\"},{\"@type\":\"ListItem\",\"position\":3,\"name\":\"Camino de Mesa Chiapas\"}]},{\"@type\":\"WebSite\",\"@id\":\"https:\/\/teterete.com\/mx\/#website\",\"url\":\"https:\/\/teterete.com\/mx\/\",\"name\":\"\",\"description\":\"Tienda en L\u00ednea de Fina Artesanias y Dise\u00f1o Mexicano. Bellas piezas elaboradas a mano por los mejores artesanos del pa\u00eds as\u00ed como piezas de dise\u00f1o y decoraci\u00f3n con inspiraci\u00f3n artesanal.\",\"potentialAction\":[{\"@type\":\"SearchAction\",\"target\":{\"@type\":\"EntryPoint\",\"urlTemplate\":\"https:\/\/teterete.com\/mx\/?s={search_term_string}\"},\"query-input\":{\"@type\":\"PropertyValueSpecification\",\"valueRequired\":true,\"valueName\":\"search_term_string\"}}],\"inLanguage\":\"es\"}]}<\/script>\n<!-- \/ Yoast SEO plugin. -->","yoast_head_json":{"title":"Camino de Mesa Chiapas -","description":"Realzado con la t\u00e9cnica ancestral del pepenado, este camino de mesa, elaborado por artesanas tsotsiles en telar de cintura, refleja la riqueza cultural de Chiapas","robots":{"index":"index","follow":"follow","max-snippet":"max-snippet:-1","max-image-preview":"max-image-preview:large","max-video-preview":"max-video-preview:-1"},"canonical":"https:\/\/teterete.com\/mx\/producto\/camino-de-mesa-chiapas\/","og_locale":"es_ES","og_type":"article","og_title":"Camino de Mesa Chiapas -","og_description":"Realzado con la t\u00e9cnica ancestral del pepenado, este camino de mesa, elaborado por artesanas tsotsiles en telar de cintura, refleja la riqueza cultural de Chiapas","og_url":"https:\/\/teterete.com\/mx\/producto\/camino-de-mesa-chiapas\/","article_publisher":"https:\/\/www.facebook.com\/TetereteHome\/","article_modified_time":"2026-03-24T22:13:37+00:00","og_image":[{"width":1080,"height":1080,"url":"https:\/\/teterete.com\/mx\/wp-content\/uploads\/2024\/11\/textil-pepenado.jpg","type":"image\/jpeg"}],"twitter_card":"summary_large_image","twitter_site":"@Teterete_Home","twitter_misc":{"Tiempo de lectura":"1 minuto"},"schema":{"@context":"https:\/\/schema.org","@graph":[{"@type":"WebPage","@id":"https:\/\/teterete.com\/mx\/producto\/camino-de-mesa-chiapas\/","url":"https:\/\/teterete.com\/mx\/producto\/camino-de-mesa-chiapas\/","name":"Camino de Mesa Chiapas -","isPartOf":{"@id":"https:\/\/teterete.com\/mx\/#website"},"primaryImageOfPage":{"@id":"https:\/\/teterete.com\/mx\/producto\/camino-de-mesa-chiapas\/#primaryimage"},"image":{"@id":"https:\/\/teterete.com\/mx\/producto\/camino-de-mesa-chiapas\/#primaryimage"},"thumbnailUrl":"https:\/\/teterete.com\/mx\/wp-content\/uploads\/2024\/11\/textil-pepenado.jpg","datePublished":"2024-11-26T23:30:13+00:00","dateModified":"2026-03-24T22:13:37+00:00","description":"Realzado con la t\u00e9cnica ancestral del pepenado, este camino de mesa, elaborado por artesanas tsotsiles en telar de cintura, refleja la riqueza cultural de Chiapas","breadcrumb":{"@id":"https:\/\/teterete.com\/mx\/producto\/camino-de-mesa-chiapas\/#breadcrumb"},"inLanguage":"es","potentialAction":[{"@type":"ReadAction","target":["https:\/\/teterete.com\/mx\/producto\/camino-de-mesa-chiapas\/"]}]},{"@type":"ImageObject","inLanguage":"es","@id":"https:\/\/teterete.com\/mx\/producto\/camino-de-mesa-chiapas\/#primaryimage","url":"https:\/\/teterete.com\/mx\/wp-content\/uploads\/2024\/11\/textil-pepenado.jpg","contentUrl":"https:\/\/teterete.com\/mx\/wp-content\/uploads\/2024\/11\/textil-pepenado.jpg","width":1080,"height":1080,"caption":"Textil pepenado"},{"@type":"BreadcrumbList","@id":"https:\/\/teterete.com\/mx\/producto\/camino-de-mesa-chiapas\/#breadcrumb","itemListElement":[{"@type":"ListItem","position":1,"name":"Home","item":"https:\/\/teterete.com\/mx\/"},{"@type":"ListItem","position":2,"name":"Productos","item":"https:\/\/teterete.com\/mx\/shop\/"},{"@type":"ListItem","position":3,"name":"Camino de Mesa Chiapas"}]},{"@type":"WebSite","@id":"https:\/\/teterete.com\/mx\/#website","url":"https:\/\/teterete.com\/mx\/","name":"","description":"Tienda en L\u00ednea de Fina Artesanias y Dise\u00f1o Mexicano. Bellas piezas elaboradas a mano por los mejores artesanos del pa\u00eds as\u00ed como piezas de dise\u00f1o y decoraci\u00f3n con inspiraci\u00f3n artesanal.","potentialAction":[{"@type":"SearchAction","target":{"@type":"EntryPoint","urlTemplate":"https:\/\/teterete.com\/mx\/?s={search_term_string}"},"query-input":{"@type":"PropertyValueSpecification","valueRequired":true,"valueName":"search_term_string"}}],"inLanguage":"es"}]}},"_links":{"self":[{"href":"https:\/\/teterete.com\/mx\/wp-json\/wp\/v2\/product\/12129"}],"collection":[{"href":"https:\/\/teterete.com\/mx\/wp-json\/wp\/v2\/product"}],"about":[{"href":"https:\/\/teterete.com\/mx\/wp-json\/wp\/v2\/types\/product"}],"replies":[{"embeddable":true,"href":"https:\/\/teterete.com\/mx\/wp-json\/wp\/v2\/comments?post=12129"}],"wp:featuredmedia":[{"embeddable":true,"href":"https:\/\/teterete.com\/mx\/wp-json\/wp\/v2\/media\/12132"}],"wp:attachment":[{"href":"https:\/\/teterete.com\/mx\/wp-json\/wp\/v2\/media?parent=12129"}],"wp:term":[{"taxonomy":"product_cat","embeddable":true,"href":"https:\/\/teterete.com\/mx\/wp-json\/wp\/v2\/product_cat?post=12129"},{"taxonomy":"product_tag","embeddable":true,"href":"https:\/\/teterete.com\/mx\/wp-json\/wp\/v2\/product_tag?post=12129"}],"curies":[{"name":"wp","href":"https:\/\/api.w.org\/{rel}","templated":true}]}}