{"id":12137,"date":"2024-11-27T00:06:37","date_gmt":"2024-11-27T00:06:37","guid":{"rendered":"https:\/\/teterete.com\/mx\/?post_type=product&#038;p=12137"},"modified":"2025-08-14T14:10:16","modified_gmt":"2025-08-14T14:10:16","slug":"par-de-fundas-artesanales-tsotsiles-ii","status":"publish","type":"product","link":"https:\/\/teterete.com\/mx\/producto\/par-de-fundas-artesanales-tsotsiles-ii\/","title":{"rendered":"Par de Fundas Artesanales Tsotsiles II"},"content":{"rendered":"<p>Tejidas en telar de pedal<\/p>\n<p>Material: Algod\u00f3n<\/p>\n<p>Medidas: 43 x 43 cms<\/p>\n<p>&nbsp;<\/p>\n","protected":false},"excerpt":{"rendered":"<p>Realzado con la t\u00e9cnica ancestral del pepenado, estas fundas, elaboradas por artesanas tsotsiles en telar de cintura, refleja la riqueza cultural de Chiapas con sus motivos locales \u00fanicos. Luce tu sill\u00f3n o cama con dise\u00f1o artesanal mexicano<\/p>\n","protected":false},"featured_media":12138,"comment_status":"open","ping_status":"closed","template":"","meta":{"sfsi_plus_gutenberg_text_before_share":"","sfsi_plus_gutenberg_show_text_before_share":"","sfsi_plus_gutenberg_icon_type":"","sfsi_plus_gutenberg_icon_alignemt":"","sfsi_plus_gutenburg_max_per_row":""},"product_cat":[2606,210,336],"product_tag":[2155,2524,289,2525,232],"acf":[],"yoast_head":"<!-- This site is optimized with the Yoast SEO plugin v23.5 - https:\/\/yoast.com\/wordpress\/plugins\/seo\/ -->\n<title>Par de Fundas Artesanales Tsotsiles II -<\/title>\n<meta name=\"description\" content=\"Realzado con la t\u00e9cnica ancestral del pepenado, estas fundas, elaboradas por artesanas tsotsiles en telar de cintura, refleja la riqueza cultural de Chiapas\" \/>\n<meta name=\"robots\" content=\"index, follow, max-snippet:-1, max-image-preview:large, max-video-preview:-1\" \/>\n<link rel=\"canonical\" href=\"https:\/\/teterete.com\/mx\/producto\/par-de-fundas-artesanales-tsotsiles-ii\/\" \/>\n<meta property=\"og:locale\" content=\"es_ES\" \/>\n<meta property=\"og:type\" content=\"article\" \/>\n<meta property=\"og:title\" content=\"Par de Fundas Artesanales Tsotsiles II -\" \/>\n<meta property=\"og:description\" content=\"Realzado con la t\u00e9cnica ancestral del pepenado, estas fundas, elaboradas por artesanas tsotsiles en telar de cintura, refleja la riqueza cultural de Chiapas\" \/>\n<meta property=\"og:url\" content=\"https:\/\/teterete.com\/mx\/producto\/par-de-fundas-artesanales-tsotsiles-ii\/\" \/>\n<meta property=\"article:publisher\" content=\"https:\/\/www.facebook.com\/TetereteHome\/\" \/>\n<meta property=\"article:modified_time\" content=\"2025-08-14T14:10:16+00:00\" \/>\n<meta property=\"og:image\" content=\"https:\/\/teterete.com\/mx\/wp-content\/uploads\/2024\/11\/fundas-artesanales.jpg\" \/>\n\t<meta property=\"og:image:width\" content=\"1080\" \/>\n\t<meta property=\"og:image:height\" content=\"1080\" \/>\n\t<meta property=\"og:image:type\" content=\"image\/jpeg\" \/>\n<meta name=\"twitter:card\" content=\"summary_large_image\" \/>\n<meta name=\"twitter:site\" content=\"@Teterete_Home\" \/>\n<meta name=\"twitter:label1\" content=\"Tiempo de lectura\" \/>\n\t<meta name=\"twitter:data1\" content=\"1 minuto\" \/>\n<script type=\"application\/ld+json\" class=\"yoast-schema-graph\">{\"@context\":\"https:\/\/schema.org\",\"@graph\":[{\"@type\":\"WebPage\",\"@id\":\"https:\/\/teterete.com\/mx\/producto\/par-de-fundas-artesanales-tsotsiles-ii\/\",\"url\":\"https:\/\/teterete.com\/mx\/producto\/par-de-fundas-artesanales-tsotsiles-ii\/\",\"name\":\"Par de Fundas Artesanales Tsotsiles II -\",\"isPartOf\":{\"@id\":\"https:\/\/teterete.com\/mx\/#website\"},\"primaryImageOfPage\":{\"@id\":\"https:\/\/teterete.com\/mx\/producto\/par-de-fundas-artesanales-tsotsiles-ii\/#primaryimage\"},\"image\":{\"@id\":\"https:\/\/teterete.com\/mx\/producto\/par-de-fundas-artesanales-tsotsiles-ii\/#primaryimage\"},\"thumbnailUrl\":\"https:\/\/teterete.com\/mx\/wp-content\/uploads\/2024\/11\/fundas-artesanales.jpg\",\"datePublished\":\"2024-11-27T00:06:37+00:00\",\"dateModified\":\"2025-08-14T14:10:16+00:00\",\"description\":\"Realzado con la t\u00e9cnica ancestral del pepenado, estas fundas, elaboradas por artesanas tsotsiles en telar de cintura, refleja la riqueza cultural de Chiapas\",\"breadcrumb\":{\"@id\":\"https:\/\/teterete.com\/mx\/producto\/par-de-fundas-artesanales-tsotsiles-ii\/#breadcrumb\"},\"inLanguage\":\"es\",\"potentialAction\":[{\"@type\":\"ReadAction\",\"target\":[\"https:\/\/teterete.com\/mx\/producto\/par-de-fundas-artesanales-tsotsiles-ii\/\"]}]},{\"@type\":\"ImageObject\",\"inLanguage\":\"es\",\"@id\":\"https:\/\/teterete.com\/mx\/producto\/par-de-fundas-artesanales-tsotsiles-ii\/#primaryimage\",\"url\":\"https:\/\/teterete.com\/mx\/wp-content\/uploads\/2024\/11\/fundas-artesanales.jpg\",\"contentUrl\":\"https:\/\/teterete.com\/mx\/wp-content\/uploads\/2024\/11\/fundas-artesanales.jpg\",\"width\":1080,\"height\":1080,\"caption\":\"Fundas Artesanales\"},{\"@type\":\"BreadcrumbList\",\"@id\":\"https:\/\/teterete.com\/mx\/producto\/par-de-fundas-artesanales-tsotsiles-ii\/#breadcrumb\",\"itemListElement\":[{\"@type\":\"ListItem\",\"position\":1,\"name\":\"Home\",\"item\":\"https:\/\/teterete.com\/mx\/\"},{\"@type\":\"ListItem\",\"position\":2,\"name\":\"Productos\",\"item\":\"https:\/\/teterete.com\/mx\/shop\/\"},{\"@type\":\"ListItem\",\"position\":3,\"name\":\"Par de Fundas Artesanales Tsotsiles II\"}]},{\"@type\":\"WebSite\",\"@id\":\"https:\/\/teterete.com\/mx\/#website\",\"url\":\"https:\/\/teterete.com\/mx\/\",\"name\":\"\",\"description\":\"Tienda en L\u00ednea de Fina Artesanias y Dise\u00f1o Mexicano. Bellas piezas elaboradas a mano por los mejores artesanos del pa\u00eds as\u00ed como piezas de dise\u00f1o y decoraci\u00f3n con inspiraci\u00f3n artesanal.\",\"potentialAction\":[{\"@type\":\"SearchAction\",\"target\":{\"@type\":\"EntryPoint\",\"urlTemplate\":\"https:\/\/teterete.com\/mx\/?s={search_term_string}\"},\"query-input\":{\"@type\":\"PropertyValueSpecification\",\"valueRequired\":true,\"valueName\":\"search_term_string\"}}],\"inLanguage\":\"es\"}]}<\/script>\n<!-- \/ Yoast SEO plugin. -->","yoast_head_json":{"title":"Par de Fundas Artesanales Tsotsiles II -","description":"Realzado con la t\u00e9cnica ancestral del pepenado, estas fundas, elaboradas por artesanas tsotsiles en telar de cintura, refleja la riqueza cultural de Chiapas","robots":{"index":"index","follow":"follow","max-snippet":"max-snippet:-1","max-image-preview":"max-image-preview:large","max-video-preview":"max-video-preview:-1"},"canonical":"https:\/\/teterete.com\/mx\/producto\/par-de-fundas-artesanales-tsotsiles-ii\/","og_locale":"es_ES","og_type":"article","og_title":"Par de Fundas Artesanales Tsotsiles II -","og_description":"Realzado con la t\u00e9cnica ancestral del pepenado, estas fundas, elaboradas por artesanas tsotsiles en telar de cintura, refleja la riqueza cultural de Chiapas","og_url":"https:\/\/teterete.com\/mx\/producto\/par-de-fundas-artesanales-tsotsiles-ii\/","article_publisher":"https:\/\/www.facebook.com\/TetereteHome\/","article_modified_time":"2025-08-14T14:10:16+00:00","og_image":[{"width":1080,"height":1080,"url":"https:\/\/teterete.com\/mx\/wp-content\/uploads\/2024\/11\/fundas-artesanales.jpg","type":"image\/jpeg"}],"twitter_card":"summary_large_image","twitter_site":"@Teterete_Home","twitter_misc":{"Tiempo de lectura":"1 minuto"},"schema":{"@context":"https:\/\/schema.org","@graph":[{"@type":"WebPage","@id":"https:\/\/teterete.com\/mx\/producto\/par-de-fundas-artesanales-tsotsiles-ii\/","url":"https:\/\/teterete.com\/mx\/producto\/par-de-fundas-artesanales-tsotsiles-ii\/","name":"Par de Fundas Artesanales Tsotsiles II -","isPartOf":{"@id":"https:\/\/teterete.com\/mx\/#website"},"primaryImageOfPage":{"@id":"https:\/\/teterete.com\/mx\/producto\/par-de-fundas-artesanales-tsotsiles-ii\/#primaryimage"},"image":{"@id":"https:\/\/teterete.com\/mx\/producto\/par-de-fundas-artesanales-tsotsiles-ii\/#primaryimage"},"thumbnailUrl":"https:\/\/teterete.com\/mx\/wp-content\/uploads\/2024\/11\/fundas-artesanales.jpg","datePublished":"2024-11-27T00:06:37+00:00","dateModified":"2025-08-14T14:10:16+00:00","description":"Realzado con la t\u00e9cnica ancestral del pepenado, estas fundas, elaboradas por artesanas tsotsiles en telar de cintura, refleja la riqueza cultural de Chiapas","breadcrumb":{"@id":"https:\/\/teterete.com\/mx\/producto\/par-de-fundas-artesanales-tsotsiles-ii\/#breadcrumb"},"inLanguage":"es","potentialAction":[{"@type":"ReadAction","target":["https:\/\/teterete.com\/mx\/producto\/par-de-fundas-artesanales-tsotsiles-ii\/"]}]},{"@type":"ImageObject","inLanguage":"es","@id":"https:\/\/teterete.com\/mx\/producto\/par-de-fundas-artesanales-tsotsiles-ii\/#primaryimage","url":"https:\/\/teterete.com\/mx\/wp-content\/uploads\/2024\/11\/fundas-artesanales.jpg","contentUrl":"https:\/\/teterete.com\/mx\/wp-content\/uploads\/2024\/11\/fundas-artesanales.jpg","width":1080,"height":1080,"caption":"Fundas Artesanales"},{"@type":"BreadcrumbList","@id":"https:\/\/teterete.com\/mx\/producto\/par-de-fundas-artesanales-tsotsiles-ii\/#breadcrumb","itemListElement":[{"@type":"ListItem","position":1,"name":"Home","item":"https:\/\/teterete.com\/mx\/"},{"@type":"ListItem","position":2,"name":"Productos","item":"https:\/\/teterete.com\/mx\/shop\/"},{"@type":"ListItem","position":3,"name":"Par de Fundas Artesanales Tsotsiles II"}]},{"@type":"WebSite","@id":"https:\/\/teterete.com\/mx\/#website","url":"https:\/\/teterete.com\/mx\/","name":"","description":"Tienda en L\u00ednea de Fina Artesanias y Dise\u00f1o Mexicano. Bellas piezas elaboradas a mano por los mejores artesanos del pa\u00eds as\u00ed como piezas de dise\u00f1o y decoraci\u00f3n con inspiraci\u00f3n artesanal.","potentialAction":[{"@type":"SearchAction","target":{"@type":"EntryPoint","urlTemplate":"https:\/\/teterete.com\/mx\/?s={search_term_string}"},"query-input":{"@type":"PropertyValueSpecification","valueRequired":true,"valueName":"search_term_string"}}],"inLanguage":"es"}]}},"_links":{"self":[{"href":"https:\/\/teterete.com\/mx\/wp-json\/wp\/v2\/product\/12137"}],"collection":[{"href":"https:\/\/teterete.com\/mx\/wp-json\/wp\/v2\/product"}],"about":[{"href":"https:\/\/teterete.com\/mx\/wp-json\/wp\/v2\/types\/product"}],"replies":[{"embeddable":true,"href":"https:\/\/teterete.com\/mx\/wp-json\/wp\/v2\/comments?post=12137"}],"wp:featuredmedia":[{"embeddable":true,"href":"https:\/\/teterete.com\/mx\/wp-json\/wp\/v2\/media\/12138"}],"wp:attachment":[{"href":"https:\/\/teterete.com\/mx\/wp-json\/wp\/v2\/media?parent=12137"}],"wp:term":[{"taxonomy":"product_cat","embeddable":true,"href":"https:\/\/teterete.com\/mx\/wp-json\/wp\/v2\/product_cat?post=12137"},{"taxonomy":"product_tag","embeddable":true,"href":"https:\/\/teterete.com\/mx\/wp-json\/wp\/v2\/product_tag?post=12137"}],"curies":[{"name":"wp","href":"https:\/\/api.w.org\/{rel}","templated":true}]}}