{"id":12152,"date":"2025-01-18T01:51:16","date_gmt":"2025-01-18T01:51:16","guid":{"rendered":"https:\/\/teterete.com\/mx\/?post_type=product&#038;p=12152"},"modified":"2026-04-05T15:39:52","modified_gmt":"2026-04-05T15:39:52","slug":"craneo-huichol","status":"publish","type":"product","link":"https:\/\/teterete.com\/mx\/producto\/craneo-huichol\/","title":{"rendered":"Cr\u00e1neo de Toro Huichol"},"content":{"rendered":"<p class=\"p1\">Este cr\u00e1neo huichol es una joya artesanal que combina la delicadeza de la chaquira multicolor con la simbolog\u00eda ancestral de los huicholes, una de las culturas ind\u00edgenas m\u00e1s representativas de M\u00e9xico. Hecho a mano sobre una base de yeso, cada cuenta de chaquira es colocada con precisi\u00f3n y paciencia, creando patrones \u00fanicos que narran historias de conexi\u00f3n espiritual y respeto por la naturaleza.<\/p>\n<p class=\"p1\">Ideal como elemento decorativo para espacios que buscan originalidad y autenticidad, esta pieza destaca por su vibrante paleta de colores y la riqueza cultural que representa. M\u00e1s que una decoraci\u00f3n, es un homenaje al arte y la tradici\u00f3n de los pueblos originarios de M\u00e9xico.<\/p>\n<p class=\"p1\">\ud83c\udfa8 <b>Material:<\/b> Chaquira multicolor y cr\u00e1neo de yeso.<\/p>\n<p class=\"p1\">\ud83e\udd32 <b>Elaborado a mano en Nayarit, M\u00e9xico.<\/b><\/p>\n<p class=\"p1\">\ud83c\udf1f <b>Cada pieza es \u00fanica e irrepetible.<\/b><\/p>\n<p class=\"p1\">Aporta un toque de identidad mexicana a tus espacios con esta obra de arte.<\/p>\n","protected":false},"excerpt":{"rendered":"<p>Cr\u00e1neo huichol elaborado con chaquira multicolor, una pieza \u00fanica hecha a mano por artesanos de la comunidad huichol en Nayarit. Cada dise\u00f1o refleja la cosmovisi\u00f3n ancestral de este pueblo, fusionando arte y tradici\u00f3n en una obra decorativa excepcional.<\/p>\n","protected":false},"featured_media":12155,"comment_status":"open","ping_status":"closed","template":"","meta":{"_acf_changed":false,"sfsi_plus_gutenberg_text_before_share":"","sfsi_plus_gutenberg_show_text_before_share":"","sfsi_plus_gutenberg_icon_type":"","sfsi_plus_gutenberg_icon_alignemt":"","sfsi_plus_gutenburg_max_per_row":""},"product_brand":[],"product_cat":[15,2646,1515,341,774,538,350,658,2606],"product_tag":[944,230,222,942,231,943,233,399,24,310],"class_list":{"0":"post-12152","1":"product","2":"type-product","3":"status-publish","4":"has-post-thumbnail","6":"product_cat-ceramica","7":"product_cat-ciber-monday","8":"product_cat-decoracion-pared","9":"product_cat-pared","10":"product_cat-especiales","11":"product_cat-para_el","12":"product_cat-piezas-unicas","13":"product_cat-rebajas","14":"product_cat-venta-de-verano","15":"product_tag-arte-decorativo-de-mexico","16":"product_tag-arte-huichol","17":"product_tag-artesania-mexicana","18":"product_tag-comunidad-wixarika","19":"product_tag-craneo-huichol","20":"product_tag-decoracion-huichol","21":"product_tag-huicholes","22":"product_tag-mexican-decor","23":"product_tag-mexican-folk-art","24":"product_tag-teterete-decoracion","25":"product_shipping_class-big-size","27":"first","28":"instock","29":"sale","30":"taxable","31":"shipping-taxable","32":"purchasable","33":"product-type-simple"},"acf":[],"yoast_head":"<!-- This site is optimized with the Yoast SEO plugin v27.6 - https:\/\/yoast.com\/product\/yoast-seo-wordpress\/ -->\n<title>Cr\u00e1neo de Toro Huichol -<\/title>\n<meta name=\"description\" content=\"Cr\u00e1neo huichol elaborado con chaquira multicolor, una pieza \u00fanica hecha a mano por artesanos de la comunidad huichol en Nayarit.\" \/>\n<meta name=\"robots\" content=\"index, follow, max-snippet:-1, max-image-preview:large, max-video-preview:-1\" \/>\n<link rel=\"canonical\" href=\"https:\/\/teterete.com\/mx\/producto\/craneo-huichol\/\" \/>\n<meta property=\"og:locale\" content=\"es_ES\" \/>\n<meta property=\"og:type\" content=\"article\" \/>\n<meta property=\"og:title\" content=\"Cr\u00e1neo de Toro Huichol -\" \/>\n<meta property=\"og:description\" content=\"Cr\u00e1neo huichol elaborado con chaquira multicolor, una pieza \u00fanica hecha a mano por artesanos de la comunidad huichol en Nayarit.\" \/>\n<meta property=\"og:url\" content=\"https:\/\/teterete.com\/mx\/producto\/craneo-huichol\/\" \/>\n<meta property=\"article:publisher\" content=\"https:\/\/www.facebook.com\/TetereteHome\/\" \/>\n<meta property=\"article:modified_time\" content=\"2026-04-05T15:39:52+00:00\" \/>\n<meta property=\"og:image\" content=\"https:\/\/teterete.com\/mx\/wp-content\/uploads\/2025\/01\/craneo-artesanal-huichol.png\" \/>\n\t<meta property=\"og:image:width\" content=\"800\" \/>\n\t<meta property=\"og:image:height\" content=\"800\" \/>\n\t<meta property=\"og:image:type\" content=\"image\/png\" \/>\n<meta name=\"twitter:card\" content=\"summary_large_image\" \/>\n<meta name=\"twitter:site\" content=\"@Teterete_Home\" \/>\n<meta name=\"twitter:label1\" content=\"Tiempo de lectura\" \/>\n\t<meta name=\"twitter:data1\" content=\"1 minuto\" \/>\n<script type=\"application\/ld+json\" class=\"yoast-schema-graph\">{\"@context\":\"https:\\\/\\\/schema.org\",\"@graph\":[{\"@type\":\"WebPage\",\"@id\":\"https:\\\/\\\/teterete.com\\\/mx\\\/producto\\\/craneo-huichol\\\/\",\"url\":\"https:\\\/\\\/teterete.com\\\/mx\\\/producto\\\/craneo-huichol\\\/\",\"name\":\"Cr\u00e1neo de Toro Huichol -\",\"isPartOf\":{\"@id\":\"https:\\\/\\\/teterete.com\\\/mx\\\/#website\"},\"primaryImageOfPage\":{\"@id\":\"https:\\\/\\\/teterete.com\\\/mx\\\/producto\\\/craneo-huichol\\\/#primaryimage\"},\"image\":{\"@id\":\"https:\\\/\\\/teterete.com\\\/mx\\\/producto\\\/craneo-huichol\\\/#primaryimage\"},\"thumbnailUrl\":\"https:\\\/\\\/teterete.com\\\/mx\\\/wp-content\\\/uploads\\\/2025\\\/01\\\/craneo-artesanal-huichol.png\",\"datePublished\":\"2025-01-18T01:51:16+00:00\",\"dateModified\":\"2026-04-05T15:39:52+00:00\",\"description\":\"Cr\u00e1neo huichol elaborado con chaquira multicolor, una pieza \u00fanica hecha a mano por artesanos de la comunidad huichol en Nayarit.\",\"breadcrumb\":{\"@id\":\"https:\\\/\\\/teterete.com\\\/mx\\\/producto\\\/craneo-huichol\\\/#breadcrumb\"},\"inLanguage\":\"es\",\"potentialAction\":[{\"@type\":\"ReadAction\",\"target\":[\"https:\\\/\\\/teterete.com\\\/mx\\\/producto\\\/craneo-huichol\\\/\"]}]},{\"@type\":\"ImageObject\",\"inLanguage\":\"es\",\"@id\":\"https:\\\/\\\/teterete.com\\\/mx\\\/producto\\\/craneo-huichol\\\/#primaryimage\",\"url\":\"https:\\\/\\\/teterete.com\\\/mx\\\/wp-content\\\/uploads\\\/2025\\\/01\\\/craneo-artesanal-huichol.png\",\"contentUrl\":\"https:\\\/\\\/teterete.com\\\/mx\\\/wp-content\\\/uploads\\\/2025\\\/01\\\/craneo-artesanal-huichol.png\",\"width\":800,\"height\":800,\"caption\":\"Cr\u00e1neo Artesanal Huichol\"},{\"@type\":\"BreadcrumbList\",\"@id\":\"https:\\\/\\\/teterete.com\\\/mx\\\/producto\\\/craneo-huichol\\\/#breadcrumb\",\"itemListElement\":[{\"@type\":\"ListItem\",\"position\":1,\"name\":\"Home\",\"item\":\"https:\\\/\\\/teterete.com\\\/mx\\\/\"},{\"@type\":\"ListItem\",\"position\":2,\"name\":\"Productos\",\"item\":\"https:\\\/\\\/teterete.com\\\/mx\\\/shop\\\/\"},{\"@type\":\"ListItem\",\"position\":3,\"name\":\"Cr\u00e1neo de Toro Huichol\"}]},{\"@type\":\"WebSite\",\"@id\":\"https:\\\/\\\/teterete.com\\\/mx\\\/#website\",\"url\":\"https:\\\/\\\/teterete.com\\\/mx\\\/\",\"name\":\"\",\"description\":\"Tienda en L\u00ednea de Fina Artesanias y Dise\u00f1o Mexicano. Bellas piezas elaboradas a mano por los mejores artesanos del pa\u00eds as\u00ed como piezas de dise\u00f1o y decoraci\u00f3n con inspiraci\u00f3n artesanal.\",\"potentialAction\":[{\"@type\":\"SearchAction\",\"target\":{\"@type\":\"EntryPoint\",\"urlTemplate\":\"https:\\\/\\\/teterete.com\\\/mx\\\/?s={search_term_string}\"},\"query-input\":{\"@type\":\"PropertyValueSpecification\",\"valueRequired\":true,\"valueName\":\"search_term_string\"}}],\"inLanguage\":\"es\"}]}<\/script>\n<!-- \/ Yoast SEO plugin. -->","yoast_head_json":{"title":"Cr\u00e1neo de Toro Huichol -","description":"Cr\u00e1neo huichol elaborado con chaquira multicolor, una pieza \u00fanica hecha a mano por artesanos de la comunidad huichol en Nayarit.","robots":{"index":"index","follow":"follow","max-snippet":"max-snippet:-1","max-image-preview":"max-image-preview:large","max-video-preview":"max-video-preview:-1"},"canonical":"https:\/\/teterete.com\/mx\/producto\/craneo-huichol\/","og_locale":"es_ES","og_type":"article","og_title":"Cr\u00e1neo de Toro Huichol -","og_description":"Cr\u00e1neo huichol elaborado con chaquira multicolor, una pieza \u00fanica hecha a mano por artesanos de la comunidad huichol en Nayarit.","og_url":"https:\/\/teterete.com\/mx\/producto\/craneo-huichol\/","article_publisher":"https:\/\/www.facebook.com\/TetereteHome\/","article_modified_time":"2026-04-05T15:39:52+00:00","og_image":[{"width":800,"height":800,"url":"https:\/\/teterete.com\/mx\/wp-content\/uploads\/2025\/01\/craneo-artesanal-huichol.png","type":"image\/png"}],"twitter_card":"summary_large_image","twitter_site":"@Teterete_Home","twitter_misc":{"Tiempo de lectura":"1 minuto"},"schema":{"@context":"https:\/\/schema.org","@graph":[{"@type":"WebPage","@id":"https:\/\/teterete.com\/mx\/producto\/craneo-huichol\/","url":"https:\/\/teterete.com\/mx\/producto\/craneo-huichol\/","name":"Cr\u00e1neo de Toro Huichol -","isPartOf":{"@id":"https:\/\/teterete.com\/mx\/#website"},"primaryImageOfPage":{"@id":"https:\/\/teterete.com\/mx\/producto\/craneo-huichol\/#primaryimage"},"image":{"@id":"https:\/\/teterete.com\/mx\/producto\/craneo-huichol\/#primaryimage"},"thumbnailUrl":"https:\/\/teterete.com\/mx\/wp-content\/uploads\/2025\/01\/craneo-artesanal-huichol.png","datePublished":"2025-01-18T01:51:16+00:00","dateModified":"2026-04-05T15:39:52+00:00","description":"Cr\u00e1neo huichol elaborado con chaquira multicolor, una pieza \u00fanica hecha a mano por artesanos de la comunidad huichol en Nayarit.","breadcrumb":{"@id":"https:\/\/teterete.com\/mx\/producto\/craneo-huichol\/#breadcrumb"},"inLanguage":"es","potentialAction":[{"@type":"ReadAction","target":["https:\/\/teterete.com\/mx\/producto\/craneo-huichol\/"]}]},{"@type":"ImageObject","inLanguage":"es","@id":"https:\/\/teterete.com\/mx\/producto\/craneo-huichol\/#primaryimage","url":"https:\/\/teterete.com\/mx\/wp-content\/uploads\/2025\/01\/craneo-artesanal-huichol.png","contentUrl":"https:\/\/teterete.com\/mx\/wp-content\/uploads\/2025\/01\/craneo-artesanal-huichol.png","width":800,"height":800,"caption":"Cr\u00e1neo Artesanal Huichol"},{"@type":"BreadcrumbList","@id":"https:\/\/teterete.com\/mx\/producto\/craneo-huichol\/#breadcrumb","itemListElement":[{"@type":"ListItem","position":1,"name":"Home","item":"https:\/\/teterete.com\/mx\/"},{"@type":"ListItem","position":2,"name":"Productos","item":"https:\/\/teterete.com\/mx\/shop\/"},{"@type":"ListItem","position":3,"name":"Cr\u00e1neo de Toro Huichol"}]},{"@type":"WebSite","@id":"https:\/\/teterete.com\/mx\/#website","url":"https:\/\/teterete.com\/mx\/","name":"","description":"Tienda en L\u00ednea de Fina Artesanias y Dise\u00f1o Mexicano. Bellas piezas elaboradas a mano por los mejores artesanos del pa\u00eds as\u00ed como piezas de dise\u00f1o y decoraci\u00f3n con inspiraci\u00f3n artesanal.","potentialAction":[{"@type":"SearchAction","target":{"@type":"EntryPoint","urlTemplate":"https:\/\/teterete.com\/mx\/?s={search_term_string}"},"query-input":{"@type":"PropertyValueSpecification","valueRequired":true,"valueName":"search_term_string"}}],"inLanguage":"es"}]}},"_links":{"self":[{"href":"https:\/\/teterete.com\/mx\/wp-json\/wp\/v2\/product\/12152","targetHints":{"allow":["GET"]}}],"collection":[{"href":"https:\/\/teterete.com\/mx\/wp-json\/wp\/v2\/product"}],"about":[{"href":"https:\/\/teterete.com\/mx\/wp-json\/wp\/v2\/types\/product"}],"replies":[{"embeddable":true,"href":"https:\/\/teterete.com\/mx\/wp-json\/wp\/v2\/comments?post=12152"}],"wp:featuredmedia":[{"embeddable":true,"href":"https:\/\/teterete.com\/mx\/wp-json\/wp\/v2\/media\/12155"}],"wp:attachment":[{"href":"https:\/\/teterete.com\/mx\/wp-json\/wp\/v2\/media?parent=12152"}],"wp:term":[{"taxonomy":"product_brand","embeddable":true,"href":"https:\/\/teterete.com\/mx\/wp-json\/wp\/v2\/product_brand?post=12152"},{"taxonomy":"product_cat","embeddable":true,"href":"https:\/\/teterete.com\/mx\/wp-json\/wp\/v2\/product_cat?post=12152"},{"taxonomy":"product_tag","embeddable":true,"href":"https:\/\/teterete.com\/mx\/wp-json\/wp\/v2\/product_tag?post=12152"}],"curies":[{"name":"wp","href":"https:\/\/api.w.org\/{rel}","templated":true}]}}