{"id":12195,"date":"2025-06-01T16:07:12","date_gmt":"2025-06-01T16:07:12","guid":{"rendered":"https:\/\/teterete.com\/mx\/?post_type=product&#038;p=12195"},"modified":"2026-03-24T22:12:13","modified_gmt":"2026-03-24T22:12:13","slug":"xoloitzcuintle-2","status":"publish","type":"product","link":"https:\/\/teterete.com\/mx\/producto\/xoloitzcuintle-2\/","title":{"rendered":"Xoloitzcuintle Dos Cabezas"},"content":{"rendered":"<p>Medidas:<\/p>\n<p>26 de largo x 15 de ancho y 20 cms de alto<\/p>\n<p>Material:\u00a0Barro<\/p>\n<p>Trabajo con finos detalles elaborados a mano<\/p>\n<p>&nbsp;<\/p>\n","protected":false},"excerpt":{"rendered":"<p>Fina pieza en barro bru\u00f1ido representando a Xoloitzcuintle guardianes de los esp\u00edritus, que guiaban las almas de los fallecidos a Mictl\u00e1n, ciudad de los muertos.<\/p>\n","protected":false},"featured_media":12196,"comment_status":"open","ping_status":"closed","template":"","meta":{"_acf_changed":false,"sfsi_plus_gutenberg_text_before_share":"","sfsi_plus_gutenberg_show_text_before_share":"","sfsi_plus_gutenberg_icon_type":"","sfsi_plus_gutenberg_icon_alignemt":"","sfsi_plus_gutenburg_max_per_row":""},"product_brand":[],"product_cat":[1832,354,15,2646,542,658,2606],"product_tag":[222,2526,232,1002,1258,2214,2213],"class_list":{"0":"post-12195","1":"product","2":"type-product","3":"status-publish","4":"has-post-thumbnail","6":"product_cat-arte-mexicano","7":"product_cat-barro-decorativo","8":"product_cat-ceramica","9":"product_cat-ciber-monday","10":"product_cat-figurines_y_alebrijes","11":"product_cat-rebajas","12":"product_cat-venta-de-verano","13":"product_tag-artesania-mexicana","14":"product_tag-barro-artesanal","15":"product_tag-decoracion-mexicana","16":"product_tag-regalos-mexicanos","17":"product_tag-xoloitzcuintle","18":"product_tag-xoloitzcuintle-artesanal","19":"product_tag-xoloitzcuintle-de-barro","20":"product_shipping_class-standard","22":"first","23":"instock","24":"sale","25":"taxable","26":"shipping-taxable","27":"purchasable","28":"product-type-simple"},"acf":[],"yoast_head":"<!-- This site is optimized with the Yoast SEO plugin v27.5 - https:\/\/yoast.com\/product\/yoast-seo-wordpress\/ -->\n<title>Xoloitzcuintle Dos Cabezas -<\/title>\n<meta name=\"description\" content=\"Adorna tu espacio con un Xoloitzcuintle de barro bru\u00f1ido: arte mexicano con historia, fuerza y simbolismo. \u00a1Una pieza \u00fanica para tu colecci\u00f3n!\" \/>\n<meta name=\"robots\" content=\"index, follow, max-snippet:-1, max-image-preview:large, max-video-preview:-1\" \/>\n<link rel=\"canonical\" href=\"https:\/\/teterete.com\/mx\/producto\/xoloitzcuintle-2\/\" \/>\n<meta property=\"og:locale\" content=\"es_ES\" \/>\n<meta property=\"og:type\" content=\"article\" \/>\n<meta property=\"og:title\" content=\"Xoloitzcuintle Dos Cabezas -\" \/>\n<meta property=\"og:description\" content=\"Adorna tu espacio con un Xoloitzcuintle de barro bru\u00f1ido: arte mexicano con historia, fuerza y simbolismo. \u00a1Una pieza \u00fanica para tu colecci\u00f3n!\" \/>\n<meta property=\"og:url\" content=\"https:\/\/teterete.com\/mx\/producto\/xoloitzcuintle-2\/\" \/>\n<meta property=\"article:publisher\" content=\"https:\/\/www.facebook.com\/TetereteHome\/\" \/>\n<meta property=\"article:modified_time\" content=\"2026-03-24T22:12:13+00:00\" \/>\n<meta property=\"og:image\" content=\"https:\/\/teterete.com\/mx\/wp-content\/uploads\/2025\/06\/xoloitzcuintle-barro.jpg\" \/>\n\t<meta property=\"og:image:width\" content=\"1080\" \/>\n\t<meta property=\"og:image:height\" content=\"1080\" \/>\n\t<meta property=\"og:image:type\" content=\"image\/jpeg\" \/>\n<meta name=\"twitter:card\" content=\"summary_large_image\" \/>\n<meta name=\"twitter:site\" content=\"@Teterete_Home\" \/>\n<meta name=\"twitter:label1\" content=\"Tiempo de lectura\" \/>\n\t<meta name=\"twitter:data1\" content=\"1 minuto\" \/>\n<script type=\"application\/ld+json\" class=\"yoast-schema-graph\">{\"@context\":\"https:\\\/\\\/schema.org\",\"@graph\":[{\"@type\":\"WebPage\",\"@id\":\"https:\\\/\\\/teterete.com\\\/mx\\\/producto\\\/xoloitzcuintle-2\\\/\",\"url\":\"https:\\\/\\\/teterete.com\\\/mx\\\/producto\\\/xoloitzcuintle-2\\\/\",\"name\":\"Xoloitzcuintle Dos Cabezas -\",\"isPartOf\":{\"@id\":\"https:\\\/\\\/teterete.com\\\/mx\\\/#website\"},\"primaryImageOfPage\":{\"@id\":\"https:\\\/\\\/teterete.com\\\/mx\\\/producto\\\/xoloitzcuintle-2\\\/#primaryimage\"},\"image\":{\"@id\":\"https:\\\/\\\/teterete.com\\\/mx\\\/producto\\\/xoloitzcuintle-2\\\/#primaryimage\"},\"thumbnailUrl\":\"https:\\\/\\\/teterete.com\\\/mx\\\/wp-content\\\/uploads\\\/2025\\\/06\\\/xoloitzcuintle-barro.jpg\",\"datePublished\":\"2025-06-01T16:07:12+00:00\",\"dateModified\":\"2026-03-24T22:12:13+00:00\",\"description\":\"Adorna tu espacio con un Xoloitzcuintle de barro bru\u00f1ido: arte mexicano con historia, fuerza y simbolismo. \u00a1Una pieza \u00fanica para tu colecci\u00f3n!\",\"breadcrumb\":{\"@id\":\"https:\\\/\\\/teterete.com\\\/mx\\\/producto\\\/xoloitzcuintle-2\\\/#breadcrumb\"},\"inLanguage\":\"es\",\"potentialAction\":[{\"@type\":\"ReadAction\",\"target\":[\"https:\\\/\\\/teterete.com\\\/mx\\\/producto\\\/xoloitzcuintle-2\\\/\"]}]},{\"@type\":\"ImageObject\",\"inLanguage\":\"es\",\"@id\":\"https:\\\/\\\/teterete.com\\\/mx\\\/producto\\\/xoloitzcuintle-2\\\/#primaryimage\",\"url\":\"https:\\\/\\\/teterete.com\\\/mx\\\/wp-content\\\/uploads\\\/2025\\\/06\\\/xoloitzcuintle-barro.jpg\",\"contentUrl\":\"https:\\\/\\\/teterete.com\\\/mx\\\/wp-content\\\/uploads\\\/2025\\\/06\\\/xoloitzcuintle-barro.jpg\",\"width\":1080,\"height\":1080,\"caption\":\"Xoloitzcuintle Barro\"},{\"@type\":\"BreadcrumbList\",\"@id\":\"https:\\\/\\\/teterete.com\\\/mx\\\/producto\\\/xoloitzcuintle-2\\\/#breadcrumb\",\"itemListElement\":[{\"@type\":\"ListItem\",\"position\":1,\"name\":\"Home\",\"item\":\"https:\\\/\\\/teterete.com\\\/mx\\\/\"},{\"@type\":\"ListItem\",\"position\":2,\"name\":\"Productos\",\"item\":\"https:\\\/\\\/teterete.com\\\/mx\\\/shop\\\/\"},{\"@type\":\"ListItem\",\"position\":3,\"name\":\"Xoloitzcuintle Dos Cabezas\"}]},{\"@type\":\"WebSite\",\"@id\":\"https:\\\/\\\/teterete.com\\\/mx\\\/#website\",\"url\":\"https:\\\/\\\/teterete.com\\\/mx\\\/\",\"name\":\"\",\"description\":\"Tienda en L\u00ednea de Fina Artesanias y Dise\u00f1o Mexicano. Bellas piezas elaboradas a mano por los mejores artesanos del pa\u00eds as\u00ed como piezas de dise\u00f1o y decoraci\u00f3n con inspiraci\u00f3n artesanal.\",\"potentialAction\":[{\"@type\":\"SearchAction\",\"target\":{\"@type\":\"EntryPoint\",\"urlTemplate\":\"https:\\\/\\\/teterete.com\\\/mx\\\/?s={search_term_string}\"},\"query-input\":{\"@type\":\"PropertyValueSpecification\",\"valueRequired\":true,\"valueName\":\"search_term_string\"}}],\"inLanguage\":\"es\"}]}<\/script>\n<!-- \/ Yoast SEO plugin. -->","yoast_head_json":{"title":"Xoloitzcuintle Dos Cabezas -","description":"Adorna tu espacio con un Xoloitzcuintle de barro bru\u00f1ido: arte mexicano con historia, fuerza y simbolismo. \u00a1Una pieza \u00fanica para tu colecci\u00f3n!","robots":{"index":"index","follow":"follow","max-snippet":"max-snippet:-1","max-image-preview":"max-image-preview:large","max-video-preview":"max-video-preview:-1"},"canonical":"https:\/\/teterete.com\/mx\/producto\/xoloitzcuintle-2\/","og_locale":"es_ES","og_type":"article","og_title":"Xoloitzcuintle Dos Cabezas -","og_description":"Adorna tu espacio con un Xoloitzcuintle de barro bru\u00f1ido: arte mexicano con historia, fuerza y simbolismo. \u00a1Una pieza \u00fanica para tu colecci\u00f3n!","og_url":"https:\/\/teterete.com\/mx\/producto\/xoloitzcuintle-2\/","article_publisher":"https:\/\/www.facebook.com\/TetereteHome\/","article_modified_time":"2026-03-24T22:12:13+00:00","og_image":[{"width":1080,"height":1080,"url":"https:\/\/teterete.com\/mx\/wp-content\/uploads\/2025\/06\/xoloitzcuintle-barro.jpg","type":"image\/jpeg"}],"twitter_card":"summary_large_image","twitter_site":"@Teterete_Home","twitter_misc":{"Tiempo de lectura":"1 minuto"},"schema":{"@context":"https:\/\/schema.org","@graph":[{"@type":"WebPage","@id":"https:\/\/teterete.com\/mx\/producto\/xoloitzcuintle-2\/","url":"https:\/\/teterete.com\/mx\/producto\/xoloitzcuintle-2\/","name":"Xoloitzcuintle Dos Cabezas -","isPartOf":{"@id":"https:\/\/teterete.com\/mx\/#website"},"primaryImageOfPage":{"@id":"https:\/\/teterete.com\/mx\/producto\/xoloitzcuintle-2\/#primaryimage"},"image":{"@id":"https:\/\/teterete.com\/mx\/producto\/xoloitzcuintle-2\/#primaryimage"},"thumbnailUrl":"https:\/\/teterete.com\/mx\/wp-content\/uploads\/2025\/06\/xoloitzcuintle-barro.jpg","datePublished":"2025-06-01T16:07:12+00:00","dateModified":"2026-03-24T22:12:13+00:00","description":"Adorna tu espacio con un Xoloitzcuintle de barro bru\u00f1ido: arte mexicano con historia, fuerza y simbolismo. \u00a1Una pieza \u00fanica para tu colecci\u00f3n!","breadcrumb":{"@id":"https:\/\/teterete.com\/mx\/producto\/xoloitzcuintle-2\/#breadcrumb"},"inLanguage":"es","potentialAction":[{"@type":"ReadAction","target":["https:\/\/teterete.com\/mx\/producto\/xoloitzcuintle-2\/"]}]},{"@type":"ImageObject","inLanguage":"es","@id":"https:\/\/teterete.com\/mx\/producto\/xoloitzcuintle-2\/#primaryimage","url":"https:\/\/teterete.com\/mx\/wp-content\/uploads\/2025\/06\/xoloitzcuintle-barro.jpg","contentUrl":"https:\/\/teterete.com\/mx\/wp-content\/uploads\/2025\/06\/xoloitzcuintle-barro.jpg","width":1080,"height":1080,"caption":"Xoloitzcuintle Barro"},{"@type":"BreadcrumbList","@id":"https:\/\/teterete.com\/mx\/producto\/xoloitzcuintle-2\/#breadcrumb","itemListElement":[{"@type":"ListItem","position":1,"name":"Home","item":"https:\/\/teterete.com\/mx\/"},{"@type":"ListItem","position":2,"name":"Productos","item":"https:\/\/teterete.com\/mx\/shop\/"},{"@type":"ListItem","position":3,"name":"Xoloitzcuintle Dos Cabezas"}]},{"@type":"WebSite","@id":"https:\/\/teterete.com\/mx\/#website","url":"https:\/\/teterete.com\/mx\/","name":"","description":"Tienda en L\u00ednea de Fina Artesanias y Dise\u00f1o Mexicano. Bellas piezas elaboradas a mano por los mejores artesanos del pa\u00eds as\u00ed como piezas de dise\u00f1o y decoraci\u00f3n con inspiraci\u00f3n artesanal.","potentialAction":[{"@type":"SearchAction","target":{"@type":"EntryPoint","urlTemplate":"https:\/\/teterete.com\/mx\/?s={search_term_string}"},"query-input":{"@type":"PropertyValueSpecification","valueRequired":true,"valueName":"search_term_string"}}],"inLanguage":"es"}]}},"_links":{"self":[{"href":"https:\/\/teterete.com\/mx\/wp-json\/wp\/v2\/product\/12195","targetHints":{"allow":["GET"]}}],"collection":[{"href":"https:\/\/teterete.com\/mx\/wp-json\/wp\/v2\/product"}],"about":[{"href":"https:\/\/teterete.com\/mx\/wp-json\/wp\/v2\/types\/product"}],"replies":[{"embeddable":true,"href":"https:\/\/teterete.com\/mx\/wp-json\/wp\/v2\/comments?post=12195"}],"wp:featuredmedia":[{"embeddable":true,"href":"https:\/\/teterete.com\/mx\/wp-json\/wp\/v2\/media\/12196"}],"wp:attachment":[{"href":"https:\/\/teterete.com\/mx\/wp-json\/wp\/v2\/media?parent=12195"}],"wp:term":[{"taxonomy":"product_brand","embeddable":true,"href":"https:\/\/teterete.com\/mx\/wp-json\/wp\/v2\/product_brand?post=12195"},{"taxonomy":"product_cat","embeddable":true,"href":"https:\/\/teterete.com\/mx\/wp-json\/wp\/v2\/product_cat?post=12195"},{"taxonomy":"product_tag","embeddable":true,"href":"https:\/\/teterete.com\/mx\/wp-json\/wp\/v2\/product_tag?post=12195"}],"curies":[{"name":"wp","href":"https:\/\/api.w.org\/{rel}","templated":true}]}}