{"id":12201,"date":"2025-06-01T16:57:07","date_gmt":"2025-06-01T16:57:07","guid":{"rendered":"https:\/\/teterete.com\/mx\/?post_type=product&#038;p=12201"},"modified":"2026-03-24T22:12:12","modified_gmt":"2026-03-24T22:12:12","slug":"vela-dia-de-muertos","status":"publish","type":"product","link":"https:\/\/teterete.com\/mx\/producto\/vela-dia-de-muertos\/","title":{"rendered":"Vela Floreada D\u00eda de Muertos"},"content":{"rendered":"<p class=\"p1\">Celebra la belleza de la tradici\u00f3n con esta vela en forma de cr\u00e1neo floreado, elaborada a mano por artesanos mexicanos con cera de la m\u00e1s alta calidad. Cada detalle floral est\u00e1 meticulosamente modelado, fusionando el simbolismo del D\u00eda de Muertos con un dise\u00f1o contempor\u00e1neo que transforma cualquier espacio. Ideal como pieza decorativa o regalo significativo, esta vela no solo ilumina: honra la memoria, el arte y el esp\u00edritu de M\u00e9xico.<\/p>\n<p class=\"p1\">\u2728 Hecha a mano en M\u00e9xico<\/p>\n<p class=\"p1\">\ud83c\udf3a Detallado floral \u00fanico<\/p>\n<p class=\"p1\">\ud83d\udd6f Cera de alta calidad, aroma suave<\/p>\n<p class=\"p1\">\ud83d\udce6 Edici\u00f3n limitada<\/p>\n","protected":false},"excerpt":{"rendered":"<p class=\"p1\"><b>Vela artesanal de cera tallada a mano en forma de cr\u00e1neo floreado. Una pieza decorativa que honra la tradici\u00f3n mexicana de d\u00eda de muertos con un dise\u00f1o contempor\u00e1neo.<\/b><\/p>\n","protected":false},"featured_media":12204,"comment_status":"open","ping_status":"closed","template":"","meta":{"sfsi_plus_gutenberg_text_before_share":"","sfsi_plus_gutenberg_show_text_before_share":"","sfsi_plus_gutenberg_icon_type":"","sfsi_plus_gutenberg_icon_alignemt":"","sfsi_plus_gutenburg_max_per_row":""},"product_cat":[2646,1842,2606,658,334,542,350],"product_tag":[2527,1222,232,1251,2529,2528],"acf":[],"yoast_head":"<!-- This site is optimized with the Yoast SEO plugin v23.5 - https:\/\/yoast.com\/wordpress\/plugins\/seo\/ -->\n<title>Vela Floreada D\u00eda de Muertos -<\/title>\n<meta name=\"description\" content=\"Vela artesanal en forma de cr\u00e1neo floreado. Hecha a mano en M\u00e9xico, une tradici\u00f3n y dise\u00f1o contempor\u00e1neo. Ideal para decorar o regalar.\" \/>\n<meta name=\"robots\" content=\"index, follow, max-snippet:-1, max-image-preview:large, max-video-preview:-1\" \/>\n<link rel=\"canonical\" href=\"https:\/\/teterete.com\/mx\/producto\/vela-dia-de-muertos\/\" \/>\n<meta property=\"og:locale\" content=\"es_ES\" \/>\n<meta property=\"og:type\" content=\"article\" \/>\n<meta property=\"og:title\" content=\"Vela Floreada D\u00eda de Muertos -\" \/>\n<meta property=\"og:description\" content=\"Vela artesanal en forma de cr\u00e1neo floreado. Hecha a mano en M\u00e9xico, une tradici\u00f3n y dise\u00f1o contempor\u00e1neo. Ideal para decorar o regalar.\" \/>\n<meta property=\"og:url\" content=\"https:\/\/teterete.com\/mx\/producto\/vela-dia-de-muertos\/\" \/>\n<meta property=\"article:publisher\" content=\"https:\/\/www.facebook.com\/TetereteHome\/\" \/>\n<meta property=\"article:modified_time\" content=\"2026-03-24T22:12:12+00:00\" \/>\n<meta property=\"og:image\" content=\"https:\/\/teterete.com\/mx\/wp-content\/uploads\/2025\/06\/vela-floreada-craneo.jpg\" \/>\n\t<meta property=\"og:image:width\" content=\"1080\" \/>\n\t<meta property=\"og:image:height\" content=\"1080\" \/>\n\t<meta property=\"og:image:type\" content=\"image\/jpeg\" \/>\n<meta name=\"twitter:card\" content=\"summary_large_image\" \/>\n<meta name=\"twitter:site\" content=\"@Teterete_Home\" \/>\n<meta name=\"twitter:label1\" content=\"Tiempo de lectura\" \/>\n\t<meta name=\"twitter:data1\" content=\"1 minuto\" \/>\n<script type=\"application\/ld+json\" class=\"yoast-schema-graph\">{\"@context\":\"https:\/\/schema.org\",\"@graph\":[{\"@type\":\"WebPage\",\"@id\":\"https:\/\/teterete.com\/mx\/producto\/vela-dia-de-muertos\/\",\"url\":\"https:\/\/teterete.com\/mx\/producto\/vela-dia-de-muertos\/\",\"name\":\"Vela Floreada D\u00eda de Muertos -\",\"isPartOf\":{\"@id\":\"https:\/\/teterete.com\/mx\/#website\"},\"primaryImageOfPage\":{\"@id\":\"https:\/\/teterete.com\/mx\/producto\/vela-dia-de-muertos\/#primaryimage\"},\"image\":{\"@id\":\"https:\/\/teterete.com\/mx\/producto\/vela-dia-de-muertos\/#primaryimage\"},\"thumbnailUrl\":\"https:\/\/teterete.com\/mx\/wp-content\/uploads\/2025\/06\/vela-floreada-craneo.jpg\",\"datePublished\":\"2025-06-01T16:57:07+00:00\",\"dateModified\":\"2026-03-24T22:12:12+00:00\",\"description\":\"Vela artesanal en forma de cr\u00e1neo floreado. Hecha a mano en M\u00e9xico, une tradici\u00f3n y dise\u00f1o contempor\u00e1neo. Ideal para decorar o regalar.\",\"breadcrumb\":{\"@id\":\"https:\/\/teterete.com\/mx\/producto\/vela-dia-de-muertos\/#breadcrumb\"},\"inLanguage\":\"es\",\"potentialAction\":[{\"@type\":\"ReadAction\",\"target\":[\"https:\/\/teterete.com\/mx\/producto\/vela-dia-de-muertos\/\"]}]},{\"@type\":\"ImageObject\",\"inLanguage\":\"es\",\"@id\":\"https:\/\/teterete.com\/mx\/producto\/vela-dia-de-muertos\/#primaryimage\",\"url\":\"https:\/\/teterete.com\/mx\/wp-content\/uploads\/2025\/06\/vela-floreada-craneo.jpg\",\"contentUrl\":\"https:\/\/teterete.com\/mx\/wp-content\/uploads\/2025\/06\/vela-floreada-craneo.jpg\",\"width\":1080,\"height\":1080},{\"@type\":\"BreadcrumbList\",\"@id\":\"https:\/\/teterete.com\/mx\/producto\/vela-dia-de-muertos\/#breadcrumb\",\"itemListElement\":[{\"@type\":\"ListItem\",\"position\":1,\"name\":\"Home\",\"item\":\"https:\/\/teterete.com\/mx\/\"},{\"@type\":\"ListItem\",\"position\":2,\"name\":\"Productos\",\"item\":\"https:\/\/teterete.com\/mx\/shop\/\"},{\"@type\":\"ListItem\",\"position\":3,\"name\":\"Vela Floreada D\u00eda de Muertos\"}]},{\"@type\":\"WebSite\",\"@id\":\"https:\/\/teterete.com\/mx\/#website\",\"url\":\"https:\/\/teterete.com\/mx\/\",\"name\":\"\",\"description\":\"Tienda en L\u00ednea de Fina Artesanias y Dise\u00f1o Mexicano. Bellas piezas elaboradas a mano por los mejores artesanos del pa\u00eds as\u00ed como piezas de dise\u00f1o y decoraci\u00f3n con inspiraci\u00f3n artesanal.\",\"potentialAction\":[{\"@type\":\"SearchAction\",\"target\":{\"@type\":\"EntryPoint\",\"urlTemplate\":\"https:\/\/teterete.com\/mx\/?s={search_term_string}\"},\"query-input\":{\"@type\":\"PropertyValueSpecification\",\"valueRequired\":true,\"valueName\":\"search_term_string\"}}],\"inLanguage\":\"es\"}]}<\/script>\n<!-- \/ Yoast SEO plugin. -->","yoast_head_json":{"title":"Vela Floreada D\u00eda de Muertos -","description":"Vela artesanal en forma de cr\u00e1neo floreado. Hecha a mano en M\u00e9xico, une tradici\u00f3n y dise\u00f1o contempor\u00e1neo. Ideal para decorar o regalar.","robots":{"index":"index","follow":"follow","max-snippet":"max-snippet:-1","max-image-preview":"max-image-preview:large","max-video-preview":"max-video-preview:-1"},"canonical":"https:\/\/teterete.com\/mx\/producto\/vela-dia-de-muertos\/","og_locale":"es_ES","og_type":"article","og_title":"Vela Floreada D\u00eda de Muertos -","og_description":"Vela artesanal en forma de cr\u00e1neo floreado. Hecha a mano en M\u00e9xico, une tradici\u00f3n y dise\u00f1o contempor\u00e1neo. Ideal para decorar o regalar.","og_url":"https:\/\/teterete.com\/mx\/producto\/vela-dia-de-muertos\/","article_publisher":"https:\/\/www.facebook.com\/TetereteHome\/","article_modified_time":"2026-03-24T22:12:12+00:00","og_image":[{"width":1080,"height":1080,"url":"https:\/\/teterete.com\/mx\/wp-content\/uploads\/2025\/06\/vela-floreada-craneo.jpg","type":"image\/jpeg"}],"twitter_card":"summary_large_image","twitter_site":"@Teterete_Home","twitter_misc":{"Tiempo de lectura":"1 minuto"},"schema":{"@context":"https:\/\/schema.org","@graph":[{"@type":"WebPage","@id":"https:\/\/teterete.com\/mx\/producto\/vela-dia-de-muertos\/","url":"https:\/\/teterete.com\/mx\/producto\/vela-dia-de-muertos\/","name":"Vela Floreada D\u00eda de Muertos -","isPartOf":{"@id":"https:\/\/teterete.com\/mx\/#website"},"primaryImageOfPage":{"@id":"https:\/\/teterete.com\/mx\/producto\/vela-dia-de-muertos\/#primaryimage"},"image":{"@id":"https:\/\/teterete.com\/mx\/producto\/vela-dia-de-muertos\/#primaryimage"},"thumbnailUrl":"https:\/\/teterete.com\/mx\/wp-content\/uploads\/2025\/06\/vela-floreada-craneo.jpg","datePublished":"2025-06-01T16:57:07+00:00","dateModified":"2026-03-24T22:12:12+00:00","description":"Vela artesanal en forma de cr\u00e1neo floreado. Hecha a mano en M\u00e9xico, une tradici\u00f3n y dise\u00f1o contempor\u00e1neo. Ideal para decorar o regalar.","breadcrumb":{"@id":"https:\/\/teterete.com\/mx\/producto\/vela-dia-de-muertos\/#breadcrumb"},"inLanguage":"es","potentialAction":[{"@type":"ReadAction","target":["https:\/\/teterete.com\/mx\/producto\/vela-dia-de-muertos\/"]}]},{"@type":"ImageObject","inLanguage":"es","@id":"https:\/\/teterete.com\/mx\/producto\/vela-dia-de-muertos\/#primaryimage","url":"https:\/\/teterete.com\/mx\/wp-content\/uploads\/2025\/06\/vela-floreada-craneo.jpg","contentUrl":"https:\/\/teterete.com\/mx\/wp-content\/uploads\/2025\/06\/vela-floreada-craneo.jpg","width":1080,"height":1080},{"@type":"BreadcrumbList","@id":"https:\/\/teterete.com\/mx\/producto\/vela-dia-de-muertos\/#breadcrumb","itemListElement":[{"@type":"ListItem","position":1,"name":"Home","item":"https:\/\/teterete.com\/mx\/"},{"@type":"ListItem","position":2,"name":"Productos","item":"https:\/\/teterete.com\/mx\/shop\/"},{"@type":"ListItem","position":3,"name":"Vela Floreada D\u00eda de Muertos"}]},{"@type":"WebSite","@id":"https:\/\/teterete.com\/mx\/#website","url":"https:\/\/teterete.com\/mx\/","name":"","description":"Tienda en L\u00ednea de Fina Artesanias y Dise\u00f1o Mexicano. Bellas piezas elaboradas a mano por los mejores artesanos del pa\u00eds as\u00ed como piezas de dise\u00f1o y decoraci\u00f3n con inspiraci\u00f3n artesanal.","potentialAction":[{"@type":"SearchAction","target":{"@type":"EntryPoint","urlTemplate":"https:\/\/teterete.com\/mx\/?s={search_term_string}"},"query-input":{"@type":"PropertyValueSpecification","valueRequired":true,"valueName":"search_term_string"}}],"inLanguage":"es"}]}},"_links":{"self":[{"href":"https:\/\/teterete.com\/mx\/wp-json\/wp\/v2\/product\/12201"}],"collection":[{"href":"https:\/\/teterete.com\/mx\/wp-json\/wp\/v2\/product"}],"about":[{"href":"https:\/\/teterete.com\/mx\/wp-json\/wp\/v2\/types\/product"}],"replies":[{"embeddable":true,"href":"https:\/\/teterete.com\/mx\/wp-json\/wp\/v2\/comments?post=12201"}],"wp:featuredmedia":[{"embeddable":true,"href":"https:\/\/teterete.com\/mx\/wp-json\/wp\/v2\/media\/12204"}],"wp:attachment":[{"href":"https:\/\/teterete.com\/mx\/wp-json\/wp\/v2\/media?parent=12201"}],"wp:term":[{"taxonomy":"product_cat","embeddable":true,"href":"https:\/\/teterete.com\/mx\/wp-json\/wp\/v2\/product_cat?post=12201"},{"taxonomy":"product_tag","embeddable":true,"href":"https:\/\/teterete.com\/mx\/wp-json\/wp\/v2\/product_tag?post=12201"}],"curies":[{"name":"wp","href":"https:\/\/api.w.org\/{rel}","templated":true}]}}