{"id":12261,"date":"2025-06-04T22:55:28","date_gmt":"2025-06-04T22:55:28","guid":{"rendered":"https:\/\/teterete.com\/mx\/?post_type=product&#038;p=12261"},"modified":"2025-06-16T16:46:29","modified_gmt":"2025-06-16T16:46:29","slug":"duo-colgante","status":"publish","type":"product","link":"https:\/\/teterete.com\/mx\/producto\/duo-colgante\/","title":{"rendered":"Duo Colgante"},"content":{"rendered":"<p><b>Alto 14 cm \/ <\/b>5,5\u201d<span class=\"Apple-converted-space\">\u00a0<\/span><\/p>\n<p><b>Ancho 16 cm \/ <\/b>6,3\u201d<span class=\"Apple-converted-space\">\u00a0<\/span><\/p>\n<p><b>Peso: 4.0 kg<span class=\"Apple-converted-space\">\u00a0<\/span><\/b><b><\/b><\/p>\n<p>8.8 lb<span class=\"Apple-converted-space\">\u00a0<\/span><\/p>\n<p><b>IMPORTANTE:<span class=\"Apple-converted-space\">\u00a0<\/span><\/b><b><\/b><\/p>\n<p>Se recomienda el refuerzo estructural en paredes y plafones de tablaroca u otros acabados similares.<span class=\"Apple-converted-space\">\u00a0<\/span><\/p>\n<p><b>IP20 &#8211; Interiores <\/b>IP20 Indoor Use Only<span class=\"Apple-converted-space\">\u00a0<\/span><\/p>\n<p>Incl. 7 W GU10 LED 600 lm<span class=\"Apple-converted-space\">\u00a0<\/span><\/p>\n<p>120 &#8211; 127 V ~ 60 Hz 0.07 &#8211; 0.05 A<span class=\"Apple-converted-space\">\u00a0<\/span><\/p>\n<p>3000 K<span class=\"Apple-converted-space\">\u00a0<\/span><\/p>\n<p><b>Atenuable \/ Dimmable<span class=\"Apple-converted-space\">\u00a0<\/span><\/b><b><\/b><\/p>\n<p><b>Reemplazo de l\u00e1mpara sugerido:<span class=\"Apple-converted-space\">\u00a0<\/span><\/b><b><\/b><\/p>\n<p>5 &#8211; 7 W<span class=\"Apple-converted-space\">\u00a0<\/span><\/p>\n<p>450 &#8211; 630 lm<span class=\"Apple-converted-space\">\u00a0<\/span><\/p>\n<p><b>PVC 300 cm negro \/ Tensor<span class=\"Apple-converted-space\">\u00a0<\/span><\/b><b><\/b><\/p>\n<p>PVC 300 cm black \/ Tension Cable<span class=\"Apple-converted-space\">\u00a0<\/span><\/p>\n<p><b>Materiales<span class=\"Apple-converted-space\">\u00a0<\/span><\/b><b><\/b><\/p>\n<p><b>Pintura Electrost\u00e1tica<\/b><b><\/b><\/p>\n<p><b>Opciones de acabado: \u00d3nix Verde<span class=\"Apple-converted-space\"> , <\/span><\/b><b><\/b><b>M\u00e1rmol Negro, <\/b><b><\/b><b>Piedra Volc\u00e1nica Recinto<span class=\"Apple-converted-space\"> , <\/span><\/b><b><\/b><b>M\u00e1rmol Negro Brillante<span class=\"Apple-converted-space\">\u00a0<\/span><\/b><b><\/b><\/p>\n<p><b>M\u00e1rmol Rojo Travertino<span class=\"Apple-converted-space\">\u00a0<\/span><\/b><b><\/b><\/p>\n<p>&nbsp;<\/p>\n","protected":false},"excerpt":{"rendered":"<p class=\"p1\">La colecci\u00f3n <i>DUO<\/i> explora el equilibrio entre opuestos a trav\u00e9s de luminarias en m\u00e1rmol y acero cromado. Piezas escult\u00f3ricas donde la luz y la sombra dialogan en un dise\u00f1o artesanal contempor\u00e1neo y lleno de intenci\u00f3n.<\/p>\n","protected":false},"featured_media":12290,"comment_status":"open","ping_status":"closed","template":"","meta":{"sfsi_plus_gutenberg_text_before_share":"","sfsi_plus_gutenberg_show_text_before_share":"","sfsi_plus_gutenberg_icon_type":"","sfsi_plus_gutenberg_icon_alignemt":"","sfsi_plus_gutenburg_max_per_row":""},"product_cat":[1200,2577,351],"product_tag":[2545,1682,2352,2544],"acf":[],"yoast_head":"<!-- This site is optimized with the Yoast SEO plugin v23.5 - https:\/\/yoast.com\/wordpress\/plugins\/seo\/ -->\n<title>Duo Colgante -<\/title>\n<meta name=\"description\" content=\"Descubre DUO, luminarias artesanales en m\u00e1rmol y acero que exploran la tensi\u00f3n entre luz y sombra. Dise\u00f1o mexicano con fuerza escult\u00f3rica y equilibrio visual\" \/>\n<meta name=\"robots\" content=\"index, follow, max-snippet:-1, max-image-preview:large, max-video-preview:-1\" \/>\n<link rel=\"canonical\" href=\"https:\/\/teterete.com\/mx\/producto\/duo-colgante\/\" \/>\n<meta property=\"og:locale\" content=\"es_ES\" \/>\n<meta property=\"og:type\" content=\"article\" \/>\n<meta property=\"og:title\" content=\"Duo Colgante -\" \/>\n<meta property=\"og:description\" content=\"Descubre DUO, luminarias artesanales en m\u00e1rmol y acero que exploran la tensi\u00f3n entre luz y sombra. Dise\u00f1o mexicano con fuerza escult\u00f3rica y equilibrio visual\" \/>\n<meta property=\"og:url\" content=\"https:\/\/teterete.com\/mx\/producto\/duo-colgante\/\" \/>\n<meta property=\"article:publisher\" content=\"https:\/\/www.facebook.com\/TetereteHome\/\" \/>\n<meta property=\"article:modified_time\" content=\"2025-06-16T16:46:29+00:00\" \/>\n<meta property=\"og:image\" content=\"https:\/\/teterete.com\/mx\/wp-content\/uploads\/2025\/06\/Duo-Colgante-Travertino-Rojo.jpg\" \/>\n\t<meta property=\"og:image:width\" content=\"328\" \/>\n\t<meta property=\"og:image:height\" content=\"333\" \/>\n\t<meta property=\"og:image:type\" content=\"image\/jpeg\" \/>\n<meta name=\"twitter:card\" content=\"summary_large_image\" \/>\n<meta name=\"twitter:site\" content=\"@Teterete_Home\" \/>\n<meta name=\"twitter:label1\" content=\"Tiempo de lectura\" \/>\n\t<meta name=\"twitter:data1\" content=\"1 minuto\" \/>\n<script type=\"application\/ld+json\" class=\"yoast-schema-graph\">{\"@context\":\"https:\/\/schema.org\",\"@graph\":[{\"@type\":\"WebPage\",\"@id\":\"https:\/\/teterete.com\/mx\/producto\/duo-colgante\/\",\"url\":\"https:\/\/teterete.com\/mx\/producto\/duo-colgante\/\",\"name\":\"Duo Colgante -\",\"isPartOf\":{\"@id\":\"https:\/\/teterete.com\/mx\/#website\"},\"primaryImageOfPage\":{\"@id\":\"https:\/\/teterete.com\/mx\/producto\/duo-colgante\/#primaryimage\"},\"image\":{\"@id\":\"https:\/\/teterete.com\/mx\/producto\/duo-colgante\/#primaryimage\"},\"thumbnailUrl\":\"https:\/\/teterete.com\/mx\/wp-content\/uploads\/2025\/06\/Duo-Colgante-Travertino-Rojo.jpg\",\"datePublished\":\"2025-06-04T22:55:28+00:00\",\"dateModified\":\"2025-06-16T16:46:29+00:00\",\"description\":\"Descubre DUO, luminarias artesanales en m\u00e1rmol y acero que exploran la tensi\u00f3n entre luz y sombra. Dise\u00f1o mexicano con fuerza escult\u00f3rica y equilibrio visual\",\"breadcrumb\":{\"@id\":\"https:\/\/teterete.com\/mx\/producto\/duo-colgante\/#breadcrumb\"},\"inLanguage\":\"es\",\"potentialAction\":[{\"@type\":\"ReadAction\",\"target\":[\"https:\/\/teterete.com\/mx\/producto\/duo-colgante\/\"]}]},{\"@type\":\"ImageObject\",\"inLanguage\":\"es\",\"@id\":\"https:\/\/teterete.com\/mx\/producto\/duo-colgante\/#primaryimage\",\"url\":\"https:\/\/teterete.com\/mx\/wp-content\/uploads\/2025\/06\/Duo-Colgante-Travertino-Rojo.jpg\",\"contentUrl\":\"https:\/\/teterete.com\/mx\/wp-content\/uploads\/2025\/06\/Duo-Colgante-Travertino-Rojo.jpg\",\"width\":328,\"height\":333},{\"@type\":\"BreadcrumbList\",\"@id\":\"https:\/\/teterete.com\/mx\/producto\/duo-colgante\/#breadcrumb\",\"itemListElement\":[{\"@type\":\"ListItem\",\"position\":1,\"name\":\"Home\",\"item\":\"https:\/\/teterete.com\/mx\/\"},{\"@type\":\"ListItem\",\"position\":2,\"name\":\"Productos\",\"item\":\"https:\/\/teterete.com\/mx\/shop\/\"},{\"@type\":\"ListItem\",\"position\":3,\"name\":\"Duo Colgante\"}]},{\"@type\":\"WebSite\",\"@id\":\"https:\/\/teterete.com\/mx\/#website\",\"url\":\"https:\/\/teterete.com\/mx\/\",\"name\":\"\",\"description\":\"Tienda en L\u00ednea de Fina Artesanias y Dise\u00f1o Mexicano. Bellas piezas elaboradas a mano por los mejores artesanos del pa\u00eds as\u00ed como piezas de dise\u00f1o y decoraci\u00f3n con inspiraci\u00f3n artesanal.\",\"potentialAction\":[{\"@type\":\"SearchAction\",\"target\":{\"@type\":\"EntryPoint\",\"urlTemplate\":\"https:\/\/teterete.com\/mx\/?s={search_term_string}\"},\"query-input\":{\"@type\":\"PropertyValueSpecification\",\"valueRequired\":true,\"valueName\":\"search_term_string\"}}],\"inLanguage\":\"es\"}]}<\/script>\n<!-- \/ Yoast SEO plugin. -->","yoast_head_json":{"title":"Duo Colgante -","description":"Descubre DUO, luminarias artesanales en m\u00e1rmol y acero que exploran la tensi\u00f3n entre luz y sombra. Dise\u00f1o mexicano con fuerza escult\u00f3rica y equilibrio visual","robots":{"index":"index","follow":"follow","max-snippet":"max-snippet:-1","max-image-preview":"max-image-preview:large","max-video-preview":"max-video-preview:-1"},"canonical":"https:\/\/teterete.com\/mx\/producto\/duo-colgante\/","og_locale":"es_ES","og_type":"article","og_title":"Duo Colgante -","og_description":"Descubre DUO, luminarias artesanales en m\u00e1rmol y acero que exploran la tensi\u00f3n entre luz y sombra. Dise\u00f1o mexicano con fuerza escult\u00f3rica y equilibrio visual","og_url":"https:\/\/teterete.com\/mx\/producto\/duo-colgante\/","article_publisher":"https:\/\/www.facebook.com\/TetereteHome\/","article_modified_time":"2025-06-16T16:46:29+00:00","og_image":[{"width":328,"height":333,"url":"https:\/\/teterete.com\/mx\/wp-content\/uploads\/2025\/06\/Duo-Colgante-Travertino-Rojo.jpg","type":"image\/jpeg"}],"twitter_card":"summary_large_image","twitter_site":"@Teterete_Home","twitter_misc":{"Tiempo de lectura":"1 minuto"},"schema":{"@context":"https:\/\/schema.org","@graph":[{"@type":"WebPage","@id":"https:\/\/teterete.com\/mx\/producto\/duo-colgante\/","url":"https:\/\/teterete.com\/mx\/producto\/duo-colgante\/","name":"Duo Colgante -","isPartOf":{"@id":"https:\/\/teterete.com\/mx\/#website"},"primaryImageOfPage":{"@id":"https:\/\/teterete.com\/mx\/producto\/duo-colgante\/#primaryimage"},"image":{"@id":"https:\/\/teterete.com\/mx\/producto\/duo-colgante\/#primaryimage"},"thumbnailUrl":"https:\/\/teterete.com\/mx\/wp-content\/uploads\/2025\/06\/Duo-Colgante-Travertino-Rojo.jpg","datePublished":"2025-06-04T22:55:28+00:00","dateModified":"2025-06-16T16:46:29+00:00","description":"Descubre DUO, luminarias artesanales en m\u00e1rmol y acero que exploran la tensi\u00f3n entre luz y sombra. Dise\u00f1o mexicano con fuerza escult\u00f3rica y equilibrio visual","breadcrumb":{"@id":"https:\/\/teterete.com\/mx\/producto\/duo-colgante\/#breadcrumb"},"inLanguage":"es","potentialAction":[{"@type":"ReadAction","target":["https:\/\/teterete.com\/mx\/producto\/duo-colgante\/"]}]},{"@type":"ImageObject","inLanguage":"es","@id":"https:\/\/teterete.com\/mx\/producto\/duo-colgante\/#primaryimage","url":"https:\/\/teterete.com\/mx\/wp-content\/uploads\/2025\/06\/Duo-Colgante-Travertino-Rojo.jpg","contentUrl":"https:\/\/teterete.com\/mx\/wp-content\/uploads\/2025\/06\/Duo-Colgante-Travertino-Rojo.jpg","width":328,"height":333},{"@type":"BreadcrumbList","@id":"https:\/\/teterete.com\/mx\/producto\/duo-colgante\/#breadcrumb","itemListElement":[{"@type":"ListItem","position":1,"name":"Home","item":"https:\/\/teterete.com\/mx\/"},{"@type":"ListItem","position":2,"name":"Productos","item":"https:\/\/teterete.com\/mx\/shop\/"},{"@type":"ListItem","position":3,"name":"Duo Colgante"}]},{"@type":"WebSite","@id":"https:\/\/teterete.com\/mx\/#website","url":"https:\/\/teterete.com\/mx\/","name":"","description":"Tienda en L\u00ednea de Fina Artesanias y Dise\u00f1o Mexicano. Bellas piezas elaboradas a mano por los mejores artesanos del pa\u00eds as\u00ed como piezas de dise\u00f1o y decoraci\u00f3n con inspiraci\u00f3n artesanal.","potentialAction":[{"@type":"SearchAction","target":{"@type":"EntryPoint","urlTemplate":"https:\/\/teterete.com\/mx\/?s={search_term_string}"},"query-input":{"@type":"PropertyValueSpecification","valueRequired":true,"valueName":"search_term_string"}}],"inLanguage":"es"}]}},"_links":{"self":[{"href":"https:\/\/teterete.com\/mx\/wp-json\/wp\/v2\/product\/12261"}],"collection":[{"href":"https:\/\/teterete.com\/mx\/wp-json\/wp\/v2\/product"}],"about":[{"href":"https:\/\/teterete.com\/mx\/wp-json\/wp\/v2\/types\/product"}],"replies":[{"embeddable":true,"href":"https:\/\/teterete.com\/mx\/wp-json\/wp\/v2\/comments?post=12261"}],"wp:featuredmedia":[{"embeddable":true,"href":"https:\/\/teterete.com\/mx\/wp-json\/wp\/v2\/media\/12290"}],"wp:attachment":[{"href":"https:\/\/teterete.com\/mx\/wp-json\/wp\/v2\/media?parent=12261"}],"wp:term":[{"taxonomy":"product_cat","embeddable":true,"href":"https:\/\/teterete.com\/mx\/wp-json\/wp\/v2\/product_cat?post=12261"},{"taxonomy":"product_tag","embeddable":true,"href":"https:\/\/teterete.com\/mx\/wp-json\/wp\/v2\/product_tag?post=12261"}],"curies":[{"name":"wp","href":"https:\/\/api.w.org\/{rel}","templated":true}]}}