{"id":12298,"date":"2025-06-05T18:31:46","date_gmt":"2025-06-05T18:31:46","guid":{"rendered":"https:\/\/teterete.com\/mx\/?post_type=product&#038;p=12298"},"modified":"2025-06-16T16:48:43","modified_gmt":"2025-06-16T16:48:43","slug":"duo-arbotante","status":"publish","type":"product","link":"https:\/\/teterete.com\/mx\/producto\/duo-arbotante\/","title":{"rendered":"Duo Arbotante"},"content":{"rendered":"<p>La l\u00e1mpara arbotante DUO se compone de un eje central de metal cromado del cu\u00e1l se proyecta una luz c\u00e1lida y focalizada, en el convergen un par de aros de m\u00e1rmol verde. Dentro de su dise\u00f1o se fusiona la solidez del m\u00e1rmol con una forma suave y sim\u00e9trica.<\/p>\n<p><strong>VOLTAJE \/ VOLTAGE<\/strong><br \/>\n100 \/ 130V<\/p>\n<p><strong>CABLE<\/strong><br \/>\n30 cm de pl\u00e1stico PVC<\/p>\n<p><strong>MATERIALES \/ MATERIALS<\/strong><br \/>\nM\u00e1rmol \/ Metal Cromado<\/p>\n<p><strong>COLOR<\/strong><br \/>\nVerde, Beige, Rojo, Negro, Gris<\/p>\n<p><strong>CERTIFICACI\u00d3N \/ CERTIFICATION<\/strong><br \/>\nNOM<\/p>\n<p><strong>TIEMPO DE ENTREGA \/ DELIVERY TIME<\/strong><br \/>\n7 \u2013 10 d\u00edas h\u00e1biles<\/p>\n<p><strong>HECHO EN M\u00c9XICO \/ MADE IN MEXICO<\/strong><br \/>\nProducto hecho a mano, puede presentar variaciones de color, forma, textura y tama\u00f1o.<\/p>\n<p><b>Opciones de acabado: \u00d3nix Verde<span class=\"Apple-converted-space\"> , <\/span><\/b><b><\/b><b>M\u00e1rmol Negro, <\/b><b><\/b><b>Piedra Volc\u00e1nica Recinto<span class=\"Apple-converted-space\"> , <\/span><\/b><b><\/b><b>M\u00e1rmol Negro Brillante<span class=\"Apple-converted-space\">\u00a0<\/span><\/b><b><\/b><\/p>\n<p><b>M\u00e1rmol Rojo Travertino<span class=\"Apple-converted-space\">\u00a0<\/span><\/b><b><\/b><\/p>\n<p>&nbsp;<\/p>\n","protected":false},"excerpt":{"rendered":"<p class=\"p1\">La colecci\u00f3n <i>DUO<\/i> explora el equilibrio entre opuestos a trav\u00e9s de luminarias en m\u00e1rmol y acero cromado. Piezas escult\u00f3ricas donde la luz y la sombra dialogan en un dise\u00f1o artesanal contempor\u00e1neo y lleno de intenci\u00f3n.<\/p>\n","protected":false},"featured_media":12306,"comment_status":"open","ping_status":"closed","template":"","meta":{"sfsi_plus_gutenberg_text_before_share":"","sfsi_plus_gutenberg_show_text_before_share":"","sfsi_plus_gutenberg_icon_type":"","sfsi_plus_gutenberg_icon_alignemt":"","sfsi_plus_gutenburg_max_per_row":""},"product_cat":[1200,2577,351],"product_tag":[2546,2547,2548,2545,1682],"acf":[],"yoast_head":"<!-- This site is optimized with the Yoast SEO plugin v23.5 - https:\/\/yoast.com\/wordpress\/plugins\/seo\/ -->\n<title>Duo Arbotante -<\/title>\n<meta name=\"description\" content=\"Descubre DUO, luminarias artesanales en m\u00e1rmol y acero que exploran la tensi\u00f3n entre luz y sombra. Dise\u00f1o mexicano con fuerza escult\u00f3rica y equilibrio visual\" \/>\n<meta name=\"robots\" content=\"index, follow, max-snippet:-1, max-image-preview:large, max-video-preview:-1\" \/>\n<link rel=\"canonical\" href=\"https:\/\/teterete.com\/mx\/producto\/duo-arbotante\/\" \/>\n<meta property=\"og:locale\" content=\"es_ES\" \/>\n<meta property=\"og:type\" content=\"article\" \/>\n<meta property=\"og:title\" content=\"Duo Arbotante -\" \/>\n<meta property=\"og:description\" content=\"Descubre DUO, luminarias artesanales en m\u00e1rmol y acero que exploran la tensi\u00f3n entre luz y sombra. Dise\u00f1o mexicano con fuerza escult\u00f3rica y equilibrio visual\" \/>\n<meta property=\"og:url\" content=\"https:\/\/teterete.com\/mx\/producto\/duo-arbotante\/\" \/>\n<meta property=\"article:publisher\" content=\"https:\/\/www.facebook.com\/TetereteHome\/\" \/>\n<meta property=\"article:modified_time\" content=\"2025-06-16T16:48:43+00:00\" \/>\n<meta property=\"og:image\" content=\"https:\/\/teterete.com\/mx\/wp-content\/uploads\/2025\/06\/Duo-Arbotante-Beige.jpg\" \/>\n\t<meta property=\"og:image:width\" content=\"950\" \/>\n\t<meta property=\"og:image:height\" content=\"950\" \/>\n\t<meta property=\"og:image:type\" content=\"image\/jpeg\" \/>\n<meta name=\"twitter:card\" content=\"summary_large_image\" \/>\n<meta name=\"twitter:site\" content=\"@Teterete_Home\" \/>\n<meta name=\"twitter:label1\" content=\"Tiempo de lectura\" \/>\n\t<meta name=\"twitter:data1\" content=\"1 minuto\" \/>\n<script type=\"application\/ld+json\" class=\"yoast-schema-graph\">{\"@context\":\"https:\/\/schema.org\",\"@graph\":[{\"@type\":\"WebPage\",\"@id\":\"https:\/\/teterete.com\/mx\/producto\/duo-arbotante\/\",\"url\":\"https:\/\/teterete.com\/mx\/producto\/duo-arbotante\/\",\"name\":\"Duo Arbotante -\",\"isPartOf\":{\"@id\":\"https:\/\/teterete.com\/mx\/#website\"},\"primaryImageOfPage\":{\"@id\":\"https:\/\/teterete.com\/mx\/producto\/duo-arbotante\/#primaryimage\"},\"image\":{\"@id\":\"https:\/\/teterete.com\/mx\/producto\/duo-arbotante\/#primaryimage\"},\"thumbnailUrl\":\"https:\/\/teterete.com\/mx\/wp-content\/uploads\/2025\/06\/Duo-Arbotante-Beige.jpg\",\"datePublished\":\"2025-06-05T18:31:46+00:00\",\"dateModified\":\"2025-06-16T16:48:43+00:00\",\"description\":\"Descubre DUO, luminarias artesanales en m\u00e1rmol y acero que exploran la tensi\u00f3n entre luz y sombra. Dise\u00f1o mexicano con fuerza escult\u00f3rica y equilibrio visual\",\"breadcrumb\":{\"@id\":\"https:\/\/teterete.com\/mx\/producto\/duo-arbotante\/#breadcrumb\"},\"inLanguage\":\"es\",\"potentialAction\":[{\"@type\":\"ReadAction\",\"target\":[\"https:\/\/teterete.com\/mx\/producto\/duo-arbotante\/\"]}]},{\"@type\":\"ImageObject\",\"inLanguage\":\"es\",\"@id\":\"https:\/\/teterete.com\/mx\/producto\/duo-arbotante\/#primaryimage\",\"url\":\"https:\/\/teterete.com\/mx\/wp-content\/uploads\/2025\/06\/Duo-Arbotante-Beige.jpg\",\"contentUrl\":\"https:\/\/teterete.com\/mx\/wp-content\/uploads\/2025\/06\/Duo-Arbotante-Beige.jpg\",\"width\":950,\"height\":950,\"caption\":\"Duo Arbotante Beige\"},{\"@type\":\"BreadcrumbList\",\"@id\":\"https:\/\/teterete.com\/mx\/producto\/duo-arbotante\/#breadcrumb\",\"itemListElement\":[{\"@type\":\"ListItem\",\"position\":1,\"name\":\"Home\",\"item\":\"https:\/\/teterete.com\/mx\/\"},{\"@type\":\"ListItem\",\"position\":2,\"name\":\"Productos\",\"item\":\"https:\/\/teterete.com\/mx\/shop\/\"},{\"@type\":\"ListItem\",\"position\":3,\"name\":\"Duo Arbotante\"}]},{\"@type\":\"WebSite\",\"@id\":\"https:\/\/teterete.com\/mx\/#website\",\"url\":\"https:\/\/teterete.com\/mx\/\",\"name\":\"\",\"description\":\"Tienda en L\u00ednea de Fina Artesanias y Dise\u00f1o Mexicano. Bellas piezas elaboradas a mano por los mejores artesanos del pa\u00eds as\u00ed como piezas de dise\u00f1o y decoraci\u00f3n con inspiraci\u00f3n artesanal.\",\"potentialAction\":[{\"@type\":\"SearchAction\",\"target\":{\"@type\":\"EntryPoint\",\"urlTemplate\":\"https:\/\/teterete.com\/mx\/?s={search_term_string}\"},\"query-input\":{\"@type\":\"PropertyValueSpecification\",\"valueRequired\":true,\"valueName\":\"search_term_string\"}}],\"inLanguage\":\"es\"}]}<\/script>\n<!-- \/ Yoast SEO plugin. -->","yoast_head_json":{"title":"Duo Arbotante -","description":"Descubre DUO, luminarias artesanales en m\u00e1rmol y acero que exploran la tensi\u00f3n entre luz y sombra. Dise\u00f1o mexicano con fuerza escult\u00f3rica y equilibrio visual","robots":{"index":"index","follow":"follow","max-snippet":"max-snippet:-1","max-image-preview":"max-image-preview:large","max-video-preview":"max-video-preview:-1"},"canonical":"https:\/\/teterete.com\/mx\/producto\/duo-arbotante\/","og_locale":"es_ES","og_type":"article","og_title":"Duo Arbotante -","og_description":"Descubre DUO, luminarias artesanales en m\u00e1rmol y acero que exploran la tensi\u00f3n entre luz y sombra. Dise\u00f1o mexicano con fuerza escult\u00f3rica y equilibrio visual","og_url":"https:\/\/teterete.com\/mx\/producto\/duo-arbotante\/","article_publisher":"https:\/\/www.facebook.com\/TetereteHome\/","article_modified_time":"2025-06-16T16:48:43+00:00","og_image":[{"width":950,"height":950,"url":"https:\/\/teterete.com\/mx\/wp-content\/uploads\/2025\/06\/Duo-Arbotante-Beige.jpg","type":"image\/jpeg"}],"twitter_card":"summary_large_image","twitter_site":"@Teterete_Home","twitter_misc":{"Tiempo de lectura":"1 minuto"},"schema":{"@context":"https:\/\/schema.org","@graph":[{"@type":"WebPage","@id":"https:\/\/teterete.com\/mx\/producto\/duo-arbotante\/","url":"https:\/\/teterete.com\/mx\/producto\/duo-arbotante\/","name":"Duo Arbotante -","isPartOf":{"@id":"https:\/\/teterete.com\/mx\/#website"},"primaryImageOfPage":{"@id":"https:\/\/teterete.com\/mx\/producto\/duo-arbotante\/#primaryimage"},"image":{"@id":"https:\/\/teterete.com\/mx\/producto\/duo-arbotante\/#primaryimage"},"thumbnailUrl":"https:\/\/teterete.com\/mx\/wp-content\/uploads\/2025\/06\/Duo-Arbotante-Beige.jpg","datePublished":"2025-06-05T18:31:46+00:00","dateModified":"2025-06-16T16:48:43+00:00","description":"Descubre DUO, luminarias artesanales en m\u00e1rmol y acero que exploran la tensi\u00f3n entre luz y sombra. Dise\u00f1o mexicano con fuerza escult\u00f3rica y equilibrio visual","breadcrumb":{"@id":"https:\/\/teterete.com\/mx\/producto\/duo-arbotante\/#breadcrumb"},"inLanguage":"es","potentialAction":[{"@type":"ReadAction","target":["https:\/\/teterete.com\/mx\/producto\/duo-arbotante\/"]}]},{"@type":"ImageObject","inLanguage":"es","@id":"https:\/\/teterete.com\/mx\/producto\/duo-arbotante\/#primaryimage","url":"https:\/\/teterete.com\/mx\/wp-content\/uploads\/2025\/06\/Duo-Arbotante-Beige.jpg","contentUrl":"https:\/\/teterete.com\/mx\/wp-content\/uploads\/2025\/06\/Duo-Arbotante-Beige.jpg","width":950,"height":950,"caption":"Duo Arbotante Beige"},{"@type":"BreadcrumbList","@id":"https:\/\/teterete.com\/mx\/producto\/duo-arbotante\/#breadcrumb","itemListElement":[{"@type":"ListItem","position":1,"name":"Home","item":"https:\/\/teterete.com\/mx\/"},{"@type":"ListItem","position":2,"name":"Productos","item":"https:\/\/teterete.com\/mx\/shop\/"},{"@type":"ListItem","position":3,"name":"Duo Arbotante"}]},{"@type":"WebSite","@id":"https:\/\/teterete.com\/mx\/#website","url":"https:\/\/teterete.com\/mx\/","name":"","description":"Tienda en L\u00ednea de Fina Artesanias y Dise\u00f1o Mexicano. Bellas piezas elaboradas a mano por los mejores artesanos del pa\u00eds as\u00ed como piezas de dise\u00f1o y decoraci\u00f3n con inspiraci\u00f3n artesanal.","potentialAction":[{"@type":"SearchAction","target":{"@type":"EntryPoint","urlTemplate":"https:\/\/teterete.com\/mx\/?s={search_term_string}"},"query-input":{"@type":"PropertyValueSpecification","valueRequired":true,"valueName":"search_term_string"}}],"inLanguage":"es"}]}},"_links":{"self":[{"href":"https:\/\/teterete.com\/mx\/wp-json\/wp\/v2\/product\/12298"}],"collection":[{"href":"https:\/\/teterete.com\/mx\/wp-json\/wp\/v2\/product"}],"about":[{"href":"https:\/\/teterete.com\/mx\/wp-json\/wp\/v2\/types\/product"}],"replies":[{"embeddable":true,"href":"https:\/\/teterete.com\/mx\/wp-json\/wp\/v2\/comments?post=12298"}],"wp:featuredmedia":[{"embeddable":true,"href":"https:\/\/teterete.com\/mx\/wp-json\/wp\/v2\/media\/12306"}],"wp:attachment":[{"href":"https:\/\/teterete.com\/mx\/wp-json\/wp\/v2\/media?parent=12298"}],"wp:term":[{"taxonomy":"product_cat","embeddable":true,"href":"https:\/\/teterete.com\/mx\/wp-json\/wp\/v2\/product_cat?post=12298"},{"taxonomy":"product_tag","embeddable":true,"href":"https:\/\/teterete.com\/mx\/wp-json\/wp\/v2\/product_tag?post=12298"}],"curies":[{"name":"wp","href":"https:\/\/api.w.org\/{rel}","templated":true}]}}