{"id":12317,"date":"2025-06-08T14:39:35","date_gmt":"2025-06-08T14:39:35","guid":{"rendered":"https:\/\/teterete.com\/mx\/?post_type=product&#038;p=12317"},"modified":"2025-06-16T23:57:48","modified_gmt":"2025-06-16T23:57:48","slug":"luminaria-naga-mesa","status":"publish","type":"product","link":"https:\/\/teterete.com\/mx\/producto\/luminaria-naga-mesa\/","title":{"rendered":"Luminaria Naga Mesa"},"content":{"rendered":"<p><i><b>NAGA<\/b><\/i><\/p>\n<p><i><b>De Mesa<span class=\"Apple-converted-space\"> \/ <\/span>Table<\/b><\/i><\/p>\n<p><i>Material difusor de vidrio, m\u00e1rmol y lat\u00f3n cepillado<\/i><\/p>\n<p><b>Medidas: <\/b><\/p>\n<p><b>Alto: 28.6 cm \/ <\/b>11,2\u201d<span class=\"Apple-converted-space\">\u00a0<\/span><\/p>\n<p><b>Ancho: 20.3 cm \/ <\/b>7,8\u201d<span class=\"Apple-converted-space\">\u00a0<\/span><\/p>\n<p><b>Peso: 3.5 kg<span class=\"Apple-converted-space\"> \u00a0<\/span><\/b><b><\/b>7,71 lb<span class=\"Apple-converted-space\">\u00a0<\/span><\/p>\n<p><b>IP20 &#8211; Interiores <\/b>IP20 Indoor Use Only<span class=\"Apple-converted-space\">\u00a0<\/span><\/p>\n<p>Incl. 10 W E27 LED 800 lm<span class=\"Apple-converted-space\">\u00a0<\/span><\/p>\n<p>120 V ~ 60 Hz 0.07 A<span class=\"Apple-converted-space\">\u00a0<\/span><\/p>\n<p>3000 K<span class=\"Apple-converted-space\">\u00a0<\/span><\/p>\n<p><b>Atenuable \/ Dimmable<span class=\"Apple-converted-space\">\u00a0<\/span><\/b><b><\/b><\/p>\n<p><b>Reemplazo de l\u00e1mpara sugerido:<span class=\"Apple-converted-space\">\u00a0<\/span><\/b><b><\/b><\/p>\n<p>7 &#8211; 10 W<span class=\"Apple-converted-space\">\u00a0<\/span><\/p>\n<p>630 &#8211; 900 lm<\/p>\n<p>PVC con textil negro 180 cm \/ 70,9\u201d<span class=\"Apple-converted-space\">\u00a0<\/span><\/p>\n<p><b>Interruptor T\u00e1ctil \/ Touch Power Switch<span class=\"Apple-converted-space\">\u00a0<\/span><\/b><b><\/b><\/p>\n<p><b>Aluminio Cepillado<span class=\"Apple-converted-space\">\u00a0<\/span><\/b><b><\/b><\/p>\n<p>Brushed Aluminum<span class=\"Apple-converted-space\">\u00a0<\/span><\/p>\n<p><b>Opciones de acabado: \u00d3nix Verde<span class=\"Apple-converted-space\"> , <\/span><\/b><b><\/b><b>M\u00e1rmol Negro, <\/b><b><\/b><b>Piedra Volc\u00e1nica Recinto<span class=\"Apple-converted-space\"> , <\/span><\/b><b><\/b><b>M\u00e1rmol Negro Brillante<span class=\"Apple-converted-space\">\u00a0<\/span><\/b><b><\/b><\/p>\n<p><b>M\u00e1rmol Rojo Travertino<span class=\"Apple-converted-space\">\u00a0<\/span><\/b><b><\/b><\/p>\n<p>&nbsp;<\/p>\n","protected":false},"excerpt":{"rendered":"<p class=\"p1\">La colecci\u00f3n <i>Naga<\/i> se materializa en luminarias de mesa que encarnan la armon\u00eda entre contraste y forma. Elaboradas en m\u00e1rmol y acero cromado, estas piezas invitan a una experiencia \u00edntima donde la luz revela el peso y la poes\u00eda de la materia.<\/p>\n","protected":false},"featured_media":12334,"comment_status":"open","ping_status":"closed","template":"","meta":{"_acf_changed":false,"sfsi_plus_gutenberg_text_before_share":"","sfsi_plus_gutenberg_show_text_before_share":"","sfsi_plus_gutenberg_icon_type":"","sfsi_plus_gutenberg_icon_alignemt":"","sfsi_plus_gutenburg_max_per_row":""},"product_brand":[],"product_cat":[1200,351,2577],"product_tag":[2552,2551,2550,2549,1682],"class_list":{"0":"post-12317","1":"product","2":"type-product","3":"status-publish","4":"has-post-thumbnail","6":"product_cat-iluminacion","7":"product_cat-lamparas","8":"product_cat-coleccion-monocromatico","9":"product_tag-luminaria-de-marmol","10":"product_tag-luminaria-de-mesa-artesanal","11":"product_tag-luminaria-naga","12":"product_tag-luminaria-para-mesa","13":"product_tag-luminarias-artesanales","14":"product_shipping_class-standard","16":"first","17":"onbackorder","18":"featured","19":"taxable","20":"shipping-taxable","21":"purchasable","22":"product-type-simple"},"acf":[],"yoast_head":"<!-- This site is optimized with the Yoast SEO plugin v27.5 - https:\/\/yoast.com\/product\/yoast-seo-wordpress\/ -->\n<title>Luminaria Naga Mesa -<\/title>\n<meta name=\"description\" content=\"Las luminarias de mesa Naga combinan m\u00e1rmol y acero en un dise\u00f1o escult\u00f3rico que juega con luz, sombra y equilibrio. Artesan\u00eda mexicana contempor\u00e1nea con car\u00e1cter y sutileza.\" \/>\n<meta name=\"robots\" content=\"index, follow, max-snippet:-1, max-image-preview:large, max-video-preview:-1\" \/>\n<link rel=\"canonical\" href=\"https:\/\/teterete.com\/mx\/producto\/luminaria-naga-mesa\/\" \/>\n<meta property=\"og:locale\" content=\"es_ES\" \/>\n<meta property=\"og:type\" content=\"article\" \/>\n<meta property=\"og:title\" content=\"Luminaria Naga Mesa -\" \/>\n<meta property=\"og:description\" content=\"Las luminarias de mesa Naga combinan m\u00e1rmol y acero en un dise\u00f1o escult\u00f3rico que juega con luz, sombra y equilibrio. Artesan\u00eda mexicana contempor\u00e1nea con car\u00e1cter y sutileza.\" \/>\n<meta property=\"og:url\" content=\"https:\/\/teterete.com\/mx\/producto\/luminaria-naga-mesa\/\" \/>\n<meta property=\"article:publisher\" content=\"https:\/\/www.facebook.com\/TetereteHome\/\" \/>\n<meta property=\"article:modified_time\" content=\"2025-06-16T23:57:48+00:00\" \/>\n<meta property=\"og:image\" content=\"https:\/\/teterete.com\/mx\/wp-content\/uploads\/2025\/06\/Naga-Mesa-Beige-2.jpg\" \/>\n\t<meta property=\"og:image:width\" content=\"800\" \/>\n\t<meta property=\"og:image:height\" content=\"800\" \/>\n\t<meta property=\"og:image:type\" content=\"image\/jpeg\" \/>\n<meta name=\"twitter:card\" content=\"summary_large_image\" \/>\n<meta name=\"twitter:site\" content=\"@Teterete_Home\" \/>\n<meta name=\"twitter:label1\" content=\"Tiempo de lectura\" \/>\n\t<meta name=\"twitter:data1\" content=\"1 minuto\" \/>\n<script type=\"application\/ld+json\" class=\"yoast-schema-graph\">{\"@context\":\"https:\\\/\\\/schema.org\",\"@graph\":[{\"@type\":\"WebPage\",\"@id\":\"https:\\\/\\\/teterete.com\\\/mx\\\/producto\\\/luminaria-naga-mesa\\\/\",\"url\":\"https:\\\/\\\/teterete.com\\\/mx\\\/producto\\\/luminaria-naga-mesa\\\/\",\"name\":\"Luminaria Naga Mesa -\",\"isPartOf\":{\"@id\":\"https:\\\/\\\/teterete.com\\\/mx\\\/#website\"},\"primaryImageOfPage\":{\"@id\":\"https:\\\/\\\/teterete.com\\\/mx\\\/producto\\\/luminaria-naga-mesa\\\/#primaryimage\"},\"image\":{\"@id\":\"https:\\\/\\\/teterete.com\\\/mx\\\/producto\\\/luminaria-naga-mesa\\\/#primaryimage\"},\"thumbnailUrl\":\"https:\\\/\\\/teterete.com\\\/mx\\\/wp-content\\\/uploads\\\/2025\\\/06\\\/Naga-Mesa-Beige-2.jpg\",\"datePublished\":\"2025-06-08T14:39:35+00:00\",\"dateModified\":\"2025-06-16T23:57:48+00:00\",\"description\":\"Las luminarias de mesa Naga combinan m\u00e1rmol y acero en un dise\u00f1o escult\u00f3rico que juega con luz, sombra y equilibrio. Artesan\u00eda mexicana contempor\u00e1nea con car\u00e1cter y sutileza.\",\"breadcrumb\":{\"@id\":\"https:\\\/\\\/teterete.com\\\/mx\\\/producto\\\/luminaria-naga-mesa\\\/#breadcrumb\"},\"inLanguage\":\"es\",\"potentialAction\":[{\"@type\":\"ReadAction\",\"target\":[\"https:\\\/\\\/teterete.com\\\/mx\\\/producto\\\/luminaria-naga-mesa\\\/\"]}]},{\"@type\":\"ImageObject\",\"inLanguage\":\"es\",\"@id\":\"https:\\\/\\\/teterete.com\\\/mx\\\/producto\\\/luminaria-naga-mesa\\\/#primaryimage\",\"url\":\"https:\\\/\\\/teterete.com\\\/mx\\\/wp-content\\\/uploads\\\/2025\\\/06\\\/Naga-Mesa-Beige-2.jpg\",\"contentUrl\":\"https:\\\/\\\/teterete.com\\\/mx\\\/wp-content\\\/uploads\\\/2025\\\/06\\\/Naga-Mesa-Beige-2.jpg\",\"width\":800,\"height\":800,\"caption\":\"Luminaria Naga Beige\"},{\"@type\":\"BreadcrumbList\",\"@id\":\"https:\\\/\\\/teterete.com\\\/mx\\\/producto\\\/luminaria-naga-mesa\\\/#breadcrumb\",\"itemListElement\":[{\"@type\":\"ListItem\",\"position\":1,\"name\":\"Home\",\"item\":\"https:\\\/\\\/teterete.com\\\/mx\\\/\"},{\"@type\":\"ListItem\",\"position\":2,\"name\":\"Productos\",\"item\":\"https:\\\/\\\/teterete.com\\\/mx\\\/shop\\\/\"},{\"@type\":\"ListItem\",\"position\":3,\"name\":\"Luminaria Naga Mesa\"}]},{\"@type\":\"WebSite\",\"@id\":\"https:\\\/\\\/teterete.com\\\/mx\\\/#website\",\"url\":\"https:\\\/\\\/teterete.com\\\/mx\\\/\",\"name\":\"\",\"description\":\"Tienda en L\u00ednea de Fina Artesanias y Dise\u00f1o Mexicano. Bellas piezas elaboradas a mano por los mejores artesanos del pa\u00eds as\u00ed como piezas de dise\u00f1o y decoraci\u00f3n con inspiraci\u00f3n artesanal.\",\"potentialAction\":[{\"@type\":\"SearchAction\",\"target\":{\"@type\":\"EntryPoint\",\"urlTemplate\":\"https:\\\/\\\/teterete.com\\\/mx\\\/?s={search_term_string}\"},\"query-input\":{\"@type\":\"PropertyValueSpecification\",\"valueRequired\":true,\"valueName\":\"search_term_string\"}}],\"inLanguage\":\"es\"}]}<\/script>\n<!-- \/ Yoast SEO plugin. -->","yoast_head_json":{"title":"Luminaria Naga Mesa -","description":"Las luminarias de mesa Naga combinan m\u00e1rmol y acero en un dise\u00f1o escult\u00f3rico que juega con luz, sombra y equilibrio. Artesan\u00eda mexicana contempor\u00e1nea con car\u00e1cter y sutileza.","robots":{"index":"index","follow":"follow","max-snippet":"max-snippet:-1","max-image-preview":"max-image-preview:large","max-video-preview":"max-video-preview:-1"},"canonical":"https:\/\/teterete.com\/mx\/producto\/luminaria-naga-mesa\/","og_locale":"es_ES","og_type":"article","og_title":"Luminaria Naga Mesa -","og_description":"Las luminarias de mesa Naga combinan m\u00e1rmol y acero en un dise\u00f1o escult\u00f3rico que juega con luz, sombra y equilibrio. Artesan\u00eda mexicana contempor\u00e1nea con car\u00e1cter y sutileza.","og_url":"https:\/\/teterete.com\/mx\/producto\/luminaria-naga-mesa\/","article_publisher":"https:\/\/www.facebook.com\/TetereteHome\/","article_modified_time":"2025-06-16T23:57:48+00:00","og_image":[{"width":800,"height":800,"url":"https:\/\/teterete.com\/mx\/wp-content\/uploads\/2025\/06\/Naga-Mesa-Beige-2.jpg","type":"image\/jpeg"}],"twitter_card":"summary_large_image","twitter_site":"@Teterete_Home","twitter_misc":{"Tiempo de lectura":"1 minuto"},"schema":{"@context":"https:\/\/schema.org","@graph":[{"@type":"WebPage","@id":"https:\/\/teterete.com\/mx\/producto\/luminaria-naga-mesa\/","url":"https:\/\/teterete.com\/mx\/producto\/luminaria-naga-mesa\/","name":"Luminaria Naga Mesa -","isPartOf":{"@id":"https:\/\/teterete.com\/mx\/#website"},"primaryImageOfPage":{"@id":"https:\/\/teterete.com\/mx\/producto\/luminaria-naga-mesa\/#primaryimage"},"image":{"@id":"https:\/\/teterete.com\/mx\/producto\/luminaria-naga-mesa\/#primaryimage"},"thumbnailUrl":"https:\/\/teterete.com\/mx\/wp-content\/uploads\/2025\/06\/Naga-Mesa-Beige-2.jpg","datePublished":"2025-06-08T14:39:35+00:00","dateModified":"2025-06-16T23:57:48+00:00","description":"Las luminarias de mesa Naga combinan m\u00e1rmol y acero en un dise\u00f1o escult\u00f3rico que juega con luz, sombra y equilibrio. Artesan\u00eda mexicana contempor\u00e1nea con car\u00e1cter y sutileza.","breadcrumb":{"@id":"https:\/\/teterete.com\/mx\/producto\/luminaria-naga-mesa\/#breadcrumb"},"inLanguage":"es","potentialAction":[{"@type":"ReadAction","target":["https:\/\/teterete.com\/mx\/producto\/luminaria-naga-mesa\/"]}]},{"@type":"ImageObject","inLanguage":"es","@id":"https:\/\/teterete.com\/mx\/producto\/luminaria-naga-mesa\/#primaryimage","url":"https:\/\/teterete.com\/mx\/wp-content\/uploads\/2025\/06\/Naga-Mesa-Beige-2.jpg","contentUrl":"https:\/\/teterete.com\/mx\/wp-content\/uploads\/2025\/06\/Naga-Mesa-Beige-2.jpg","width":800,"height":800,"caption":"Luminaria Naga Beige"},{"@type":"BreadcrumbList","@id":"https:\/\/teterete.com\/mx\/producto\/luminaria-naga-mesa\/#breadcrumb","itemListElement":[{"@type":"ListItem","position":1,"name":"Home","item":"https:\/\/teterete.com\/mx\/"},{"@type":"ListItem","position":2,"name":"Productos","item":"https:\/\/teterete.com\/mx\/shop\/"},{"@type":"ListItem","position":3,"name":"Luminaria Naga Mesa"}]},{"@type":"WebSite","@id":"https:\/\/teterete.com\/mx\/#website","url":"https:\/\/teterete.com\/mx\/","name":"","description":"Tienda en L\u00ednea de Fina Artesanias y Dise\u00f1o Mexicano. Bellas piezas elaboradas a mano por los mejores artesanos del pa\u00eds as\u00ed como piezas de dise\u00f1o y decoraci\u00f3n con inspiraci\u00f3n artesanal.","potentialAction":[{"@type":"SearchAction","target":{"@type":"EntryPoint","urlTemplate":"https:\/\/teterete.com\/mx\/?s={search_term_string}"},"query-input":{"@type":"PropertyValueSpecification","valueRequired":true,"valueName":"search_term_string"}}],"inLanguage":"es"}]}},"_links":{"self":[{"href":"https:\/\/teterete.com\/mx\/wp-json\/wp\/v2\/product\/12317","targetHints":{"allow":["GET"]}}],"collection":[{"href":"https:\/\/teterete.com\/mx\/wp-json\/wp\/v2\/product"}],"about":[{"href":"https:\/\/teterete.com\/mx\/wp-json\/wp\/v2\/types\/product"}],"replies":[{"embeddable":true,"href":"https:\/\/teterete.com\/mx\/wp-json\/wp\/v2\/comments?post=12317"}],"wp:featuredmedia":[{"embeddable":true,"href":"https:\/\/teterete.com\/mx\/wp-json\/wp\/v2\/media\/12334"}],"wp:attachment":[{"href":"https:\/\/teterete.com\/mx\/wp-json\/wp\/v2\/media?parent=12317"}],"wp:term":[{"taxonomy":"product_brand","embeddable":true,"href":"https:\/\/teterete.com\/mx\/wp-json\/wp\/v2\/product_brand?post=12317"},{"taxonomy":"product_cat","embeddable":true,"href":"https:\/\/teterete.com\/mx\/wp-json\/wp\/v2\/product_cat?post=12317"},{"taxonomy":"product_tag","embeddable":true,"href":"https:\/\/teterete.com\/mx\/wp-json\/wp\/v2\/product_tag?post=12317"}],"curies":[{"name":"wp","href":"https:\/\/api.w.org\/{rel}","templated":true}]}}