{"id":12342,"date":"2025-06-09T22:34:20","date_gmt":"2025-06-09T22:34:20","guid":{"rendered":"https:\/\/teterete.com\/mx\/?post_type=product&#038;p=12342"},"modified":"2025-06-16T23:59:27","modified_gmt":"2025-06-16T23:59:27","slug":"naga-colgante","status":"publish","type":"product","link":"https:\/\/teterete.com\/mx\/producto\/naga-colgante\/","title":{"rendered":"Naga Colgante"},"content":{"rendered":"<p><i><b>NAGA<\/b><\/i><\/p>\n<p><b><i>Colgante<\/i><\/b><\/p>\n<p><i>Material difusor de vidrio, m\u00e1rmol y lat\u00f3n cepillado<\/i><\/p>\n<p><b>Medidas: <\/b><\/p>\n<p><b>NAGA<span class=\"Apple-converted-space\">\u00a0<\/span><\/b><b><\/b><\/p>\n<p><b>Colgante<span class=\"Apple-converted-space\">\u00a0<\/span><\/b><b><\/b><\/p>\n<p>Pendant<span class=\"Apple-converted-space\">\u00a0<\/span><\/p>\n<p><strong>MEDIDAS<\/strong><\/p>\n<p><b>Alto: 18.2 cm \/ <\/b>7,1\u201d<span class=\"Apple-converted-space\">\u00a0<\/span><\/p>\n<p><b>Ancho: 14.4 cm \/ <\/b>5,6\u201d<span class=\"Apple-converted-space\">\u00a0<\/span><\/p>\n<p><b>Peso: 1.5 kg<span class=\"Apple-converted-space\"> \/ <\/span><\/b><b><\/b>3,48 lb<span class=\"Apple-converted-space\">\u00a0<\/span><\/p>\n<p><b>IP20 &#8211; Interiores <\/b>IP20 Indoor Use Only<span class=\"Apple-converted-space\">\u00a0<\/span><\/p>\n<p>Incl. 5 W E27 LED 550 lm<span class=\"Apple-converted-space\">\u00a0<\/span><\/p>\n<p>120 V ~ 60 Hz 0.041 A<span class=\"Apple-converted-space\">\u00a0<\/span><\/p>\n<p>2700 K<span class=\"Apple-converted-space\">\u00a0<\/span><\/p>\n<p><b>Atenuable \/ Dimmable<span class=\"Apple-converted-space\">\u00a0<\/span><\/b><b><\/b><\/p>\n<p><b>Reemplazo de l\u00e1mpara sugerido:<span class=\"Apple-converted-space\">\u00a0<\/span><\/b><b><\/b><\/p>\n<p>5 &#8211; 7 W<span class=\"Apple-converted-space\">\u00a0<\/span><\/p>\n<p>450 &#8211; 630 lm<\/p>\n<p><b>Textil PVC 200 cm negro<span class=\"Apple-converted-space\">\u00a0<\/span><\/b><b><\/b><\/p>\n<p>Textile PVC 200 cm black<span class=\"Apple-converted-space\">\u00a0<\/span><\/p>\n<p>Bronze Powder Coated Steel<span class=\"Apple-converted-space\">\u00a0<\/span><\/p>\n<p><b>Aluminio Cepillado<span class=\"Apple-converted-space\">\u00a0<\/span><\/b><b><\/b><\/p>\n<p>Brushed Aluminum<span class=\"Apple-converted-space\">\u00a0<\/span><\/p>\n<p><b>Opciones de acabado: M\u00e1rmol Verde<span class=\"Apple-converted-space\"> , <\/span><\/b><b><\/b><b>M\u00e1rmol Negro, <\/b><b><\/b><b>Piedra Volc\u00e1nica Recinto<span class=\"Apple-converted-space\"> , Travertino Beige<\/span><\/b><b><\/b><\/p>\n<p>&nbsp;<\/p>\n","protected":false},"excerpt":{"rendered":"<p class=\"p1\">La colecci\u00f3n <i>Naga<\/i> se materializa en luminarias de mesa que encarnan la armon\u00eda entre contraste y forma. Elaboradas en m\u00e1rmol y acero cromado, estas piezas invitan a una experiencia \u00edntima donde la luz revela el peso y la poes\u00eda de la materia.<\/p>\n","protected":false},"featured_media":12349,"comment_status":"open","ping_status":"closed","template":"","meta":{"sfsi_plus_gutenberg_text_before_share":"","sfsi_plus_gutenberg_show_text_before_share":"","sfsi_plus_gutenberg_icon_type":"","sfsi_plus_gutenberg_icon_alignemt":"","sfsi_plus_gutenburg_max_per_row":""},"product_cat":[1200,2577,351],"product_tag":[2554,2553,2552,2550,1682],"acf":[],"yoast_head":"<!-- This site is optimized with the Yoast SEO plugin v23.5 - https:\/\/yoast.com\/wordpress\/plugins\/seo\/ -->\n<title>Naga Colgante -<\/title>\n<meta name=\"description\" content=\"Las luminarias colgantes Naga combinan m\u00e1rmol y acero en un dise\u00f1o escult\u00f3rico que juega con luz, sombra y equilibrio. Artesan\u00eda mexicana contempor\u00e1nea con car\u00e1cter y sutileza.\" \/>\n<meta name=\"robots\" content=\"index, follow, max-snippet:-1, max-image-preview:large, max-video-preview:-1\" \/>\n<link rel=\"canonical\" href=\"https:\/\/teterete.com\/mx\/producto\/naga-colgante\/\" \/>\n<meta property=\"og:locale\" content=\"es_ES\" \/>\n<meta property=\"og:type\" content=\"article\" \/>\n<meta property=\"og:title\" content=\"Naga Colgante -\" \/>\n<meta property=\"og:description\" content=\"Las luminarias colgantes Naga combinan m\u00e1rmol y acero en un dise\u00f1o escult\u00f3rico que juega con luz, sombra y equilibrio. Artesan\u00eda mexicana contempor\u00e1nea con car\u00e1cter y sutileza.\" \/>\n<meta property=\"og:url\" content=\"https:\/\/teterete.com\/mx\/producto\/naga-colgante\/\" \/>\n<meta property=\"article:publisher\" content=\"https:\/\/www.facebook.com\/TetereteHome\/\" \/>\n<meta property=\"article:modified_time\" content=\"2025-06-16T23:59:27+00:00\" \/>\n<meta property=\"og:image\" content=\"https:\/\/teterete.com\/mx\/wp-content\/uploads\/2025\/06\/Naga-Colgante-Negro-Marmol.jpg\" \/>\n\t<meta property=\"og:image:width\" content=\"626\" \/>\n\t<meta property=\"og:image:height\" content=\"626\" \/>\n\t<meta property=\"og:image:type\" content=\"image\/jpeg\" \/>\n<meta name=\"twitter:card\" content=\"summary_large_image\" \/>\n<meta name=\"twitter:site\" content=\"@Teterete_Home\" \/>\n<meta name=\"twitter:label1\" content=\"Tiempo de lectura\" \/>\n\t<meta name=\"twitter:data1\" content=\"1 minuto\" \/>\n<script type=\"application\/ld+json\" class=\"yoast-schema-graph\">{\"@context\":\"https:\/\/schema.org\",\"@graph\":[{\"@type\":\"WebPage\",\"@id\":\"https:\/\/teterete.com\/mx\/producto\/naga-colgante\/\",\"url\":\"https:\/\/teterete.com\/mx\/producto\/naga-colgante\/\",\"name\":\"Naga Colgante -\",\"isPartOf\":{\"@id\":\"https:\/\/teterete.com\/mx\/#website\"},\"primaryImageOfPage\":{\"@id\":\"https:\/\/teterete.com\/mx\/producto\/naga-colgante\/#primaryimage\"},\"image\":{\"@id\":\"https:\/\/teterete.com\/mx\/producto\/naga-colgante\/#primaryimage\"},\"thumbnailUrl\":\"https:\/\/teterete.com\/mx\/wp-content\/uploads\/2025\/06\/Naga-Colgante-Negro-Marmol.jpg\",\"datePublished\":\"2025-06-09T22:34:20+00:00\",\"dateModified\":\"2025-06-16T23:59:27+00:00\",\"description\":\"Las luminarias colgantes Naga combinan m\u00e1rmol y acero en un dise\u00f1o escult\u00f3rico que juega con luz, sombra y equilibrio. Artesan\u00eda mexicana contempor\u00e1nea con car\u00e1cter y sutileza.\",\"breadcrumb\":{\"@id\":\"https:\/\/teterete.com\/mx\/producto\/naga-colgante\/#breadcrumb\"},\"inLanguage\":\"es\",\"potentialAction\":[{\"@type\":\"ReadAction\",\"target\":[\"https:\/\/teterete.com\/mx\/producto\/naga-colgante\/\"]}]},{\"@type\":\"ImageObject\",\"inLanguage\":\"es\",\"@id\":\"https:\/\/teterete.com\/mx\/producto\/naga-colgante\/#primaryimage\",\"url\":\"https:\/\/teterete.com\/mx\/wp-content\/uploads\/2025\/06\/Naga-Colgante-Negro-Marmol.jpg\",\"contentUrl\":\"https:\/\/teterete.com\/mx\/wp-content\/uploads\/2025\/06\/Naga-Colgante-Negro-Marmol.jpg\",\"width\":626,\"height\":626,\"caption\":\"Luminaria Colgante Negro\"},{\"@type\":\"BreadcrumbList\",\"@id\":\"https:\/\/teterete.com\/mx\/producto\/naga-colgante\/#breadcrumb\",\"itemListElement\":[{\"@type\":\"ListItem\",\"position\":1,\"name\":\"Home\",\"item\":\"https:\/\/teterete.com\/mx\/\"},{\"@type\":\"ListItem\",\"position\":2,\"name\":\"Productos\",\"item\":\"https:\/\/teterete.com\/mx\/shop\/\"},{\"@type\":\"ListItem\",\"position\":3,\"name\":\"Naga Colgante\"}]},{\"@type\":\"WebSite\",\"@id\":\"https:\/\/teterete.com\/mx\/#website\",\"url\":\"https:\/\/teterete.com\/mx\/\",\"name\":\"\",\"description\":\"Tienda en L\u00ednea de Fina Artesanias y Dise\u00f1o Mexicano. Bellas piezas elaboradas a mano por los mejores artesanos del pa\u00eds as\u00ed como piezas de dise\u00f1o y decoraci\u00f3n con inspiraci\u00f3n artesanal.\",\"potentialAction\":[{\"@type\":\"SearchAction\",\"target\":{\"@type\":\"EntryPoint\",\"urlTemplate\":\"https:\/\/teterete.com\/mx\/?s={search_term_string}\"},\"query-input\":{\"@type\":\"PropertyValueSpecification\",\"valueRequired\":true,\"valueName\":\"search_term_string\"}}],\"inLanguage\":\"es\"}]}<\/script>\n<!-- \/ Yoast SEO plugin. -->","yoast_head_json":{"title":"Naga Colgante -","description":"Las luminarias colgantes Naga combinan m\u00e1rmol y acero en un dise\u00f1o escult\u00f3rico que juega con luz, sombra y equilibrio. Artesan\u00eda mexicana contempor\u00e1nea con car\u00e1cter y sutileza.","robots":{"index":"index","follow":"follow","max-snippet":"max-snippet:-1","max-image-preview":"max-image-preview:large","max-video-preview":"max-video-preview:-1"},"canonical":"https:\/\/teterete.com\/mx\/producto\/naga-colgante\/","og_locale":"es_ES","og_type":"article","og_title":"Naga Colgante -","og_description":"Las luminarias colgantes Naga combinan m\u00e1rmol y acero en un dise\u00f1o escult\u00f3rico que juega con luz, sombra y equilibrio. Artesan\u00eda mexicana contempor\u00e1nea con car\u00e1cter y sutileza.","og_url":"https:\/\/teterete.com\/mx\/producto\/naga-colgante\/","article_publisher":"https:\/\/www.facebook.com\/TetereteHome\/","article_modified_time":"2025-06-16T23:59:27+00:00","og_image":[{"width":626,"height":626,"url":"https:\/\/teterete.com\/mx\/wp-content\/uploads\/2025\/06\/Naga-Colgante-Negro-Marmol.jpg","type":"image\/jpeg"}],"twitter_card":"summary_large_image","twitter_site":"@Teterete_Home","twitter_misc":{"Tiempo de lectura":"1 minuto"},"schema":{"@context":"https:\/\/schema.org","@graph":[{"@type":"WebPage","@id":"https:\/\/teterete.com\/mx\/producto\/naga-colgante\/","url":"https:\/\/teterete.com\/mx\/producto\/naga-colgante\/","name":"Naga Colgante -","isPartOf":{"@id":"https:\/\/teterete.com\/mx\/#website"},"primaryImageOfPage":{"@id":"https:\/\/teterete.com\/mx\/producto\/naga-colgante\/#primaryimage"},"image":{"@id":"https:\/\/teterete.com\/mx\/producto\/naga-colgante\/#primaryimage"},"thumbnailUrl":"https:\/\/teterete.com\/mx\/wp-content\/uploads\/2025\/06\/Naga-Colgante-Negro-Marmol.jpg","datePublished":"2025-06-09T22:34:20+00:00","dateModified":"2025-06-16T23:59:27+00:00","description":"Las luminarias colgantes Naga combinan m\u00e1rmol y acero en un dise\u00f1o escult\u00f3rico que juega con luz, sombra y equilibrio. Artesan\u00eda mexicana contempor\u00e1nea con car\u00e1cter y sutileza.","breadcrumb":{"@id":"https:\/\/teterete.com\/mx\/producto\/naga-colgante\/#breadcrumb"},"inLanguage":"es","potentialAction":[{"@type":"ReadAction","target":["https:\/\/teterete.com\/mx\/producto\/naga-colgante\/"]}]},{"@type":"ImageObject","inLanguage":"es","@id":"https:\/\/teterete.com\/mx\/producto\/naga-colgante\/#primaryimage","url":"https:\/\/teterete.com\/mx\/wp-content\/uploads\/2025\/06\/Naga-Colgante-Negro-Marmol.jpg","contentUrl":"https:\/\/teterete.com\/mx\/wp-content\/uploads\/2025\/06\/Naga-Colgante-Negro-Marmol.jpg","width":626,"height":626,"caption":"Luminaria Colgante Negro"},{"@type":"BreadcrumbList","@id":"https:\/\/teterete.com\/mx\/producto\/naga-colgante\/#breadcrumb","itemListElement":[{"@type":"ListItem","position":1,"name":"Home","item":"https:\/\/teterete.com\/mx\/"},{"@type":"ListItem","position":2,"name":"Productos","item":"https:\/\/teterete.com\/mx\/shop\/"},{"@type":"ListItem","position":3,"name":"Naga Colgante"}]},{"@type":"WebSite","@id":"https:\/\/teterete.com\/mx\/#website","url":"https:\/\/teterete.com\/mx\/","name":"","description":"Tienda en L\u00ednea de Fina Artesanias y Dise\u00f1o Mexicano. Bellas piezas elaboradas a mano por los mejores artesanos del pa\u00eds as\u00ed como piezas de dise\u00f1o y decoraci\u00f3n con inspiraci\u00f3n artesanal.","potentialAction":[{"@type":"SearchAction","target":{"@type":"EntryPoint","urlTemplate":"https:\/\/teterete.com\/mx\/?s={search_term_string}"},"query-input":{"@type":"PropertyValueSpecification","valueRequired":true,"valueName":"search_term_string"}}],"inLanguage":"es"}]}},"_links":{"self":[{"href":"https:\/\/teterete.com\/mx\/wp-json\/wp\/v2\/product\/12342"}],"collection":[{"href":"https:\/\/teterete.com\/mx\/wp-json\/wp\/v2\/product"}],"about":[{"href":"https:\/\/teterete.com\/mx\/wp-json\/wp\/v2\/types\/product"}],"replies":[{"embeddable":true,"href":"https:\/\/teterete.com\/mx\/wp-json\/wp\/v2\/comments?post=12342"}],"wp:featuredmedia":[{"embeddable":true,"href":"https:\/\/teterete.com\/mx\/wp-json\/wp\/v2\/media\/12349"}],"wp:attachment":[{"href":"https:\/\/teterete.com\/mx\/wp-json\/wp\/v2\/media?parent=12342"}],"wp:term":[{"taxonomy":"product_cat","embeddable":true,"href":"https:\/\/teterete.com\/mx\/wp-json\/wp\/v2\/product_cat?post=12342"},{"taxonomy":"product_tag","embeddable":true,"href":"https:\/\/teterete.com\/mx\/wp-json\/wp\/v2\/product_tag?post=12342"}],"curies":[{"name":"wp","href":"https:\/\/api.w.org\/{rel}","templated":true}]}}