{"id":12419,"date":"2025-06-13T14:42:17","date_gmt":"2025-06-13T14:42:17","guid":{"rendered":"https:\/\/teterete.com\/mx\/?post_type=product&#038;p=12419"},"modified":"2025-06-15T17:30:25","modified_gmt":"2025-06-15T17:30:25","slug":"luminaria-colgante","status":"publish","type":"product","link":"https:\/\/teterete.com\/mx\/producto\/luminaria-colgante\/","title":{"rendered":"Luminaria Colgante \u00d3nix"},"content":{"rendered":"<p><i><strong>Material:<\/strong> pantalla de \u00d3nix acabado mate y lat\u00f3n cepillado<\/i><\/p>\n<p><i>1 foco x E27 LED 5 W 550 lm 2700K <strong>atenuable<\/strong><\/i><\/p>\n<p><i><strong>Medidas:<\/strong> \u00d8 16.5 cm x 20.8 cm<\/i><\/p>\n","protected":false},"excerpt":{"rendered":"<p class=\"p1\">La l\u00e1mpara colgante <span class=\"s1\"><b>DBH 02<\/b><\/span> fusiona la fuerza mineral del \u00f3nix con la suavidad difusa del vidrio opalino en una luminaria de car\u00e1cter escult\u00f3rico. Su dise\u00f1o artesanal, acentuado por un delicado detalle en lat\u00f3n, celebra la precisi\u00f3n de los oficios y la elegancia del dise\u00f1o mexicano contempor\u00e1neo. Puede instalarse de forma individual o en composiciones dentro de un canope para crear atm\u00f3sferas \u00fanicas y envolventes. Ideal para interiores que valoran la materia prima, la luz y la autenticidad.<\/p>\n","protected":false},"featured_media":12420,"comment_status":"open","ping_status":"closed","template":"","meta":{"_acf_changed":false,"sfsi_plus_gutenberg_text_before_share":"","sfsi_plus_gutenberg_show_text_before_share":"","sfsi_plus_gutenberg_icon_type":"","sfsi_plus_gutenberg_icon_alignemt":"","sfsi_plus_gutenburg_max_per_row":""},"product_brand":[],"product_cat":[1200,351,2577],"product_tag":[2570,2571,974,2416,2553],"class_list":{"0":"post-12419","1":"product","2":"type-product","3":"status-publish","4":"has-post-thumbnail","6":"product_cat-iluminacion","7":"product_cat-lamparas","8":"product_cat-coleccion-monocromatico","9":"product_tag-lampara-colgante-de-onix","10":"product_tag-lamparas-de-onix","11":"product_tag-lamparas-mexicanas","12":"product_tag-luminaria-artesanal","13":"product_tag-luminaria-colgante-artesanal","14":"product_shipping_class-standard","16":"first","17":"onbackorder","18":"taxable","19":"shipping-taxable","20":"purchasable","21":"product-type-simple"},"acf":[],"yoast_head":"<!-- This site is optimized with the Yoast SEO plugin v27.5 - https:\/\/yoast.com\/product\/yoast-seo-wordpress\/ -->\n<title>Luminaria Colgante \u00d3nix -<\/title>\n<meta name=\"description\" content=\"L\u00e1mpara colgante de \u00f3nix y vidrio opalino con acento en lat\u00f3n. Dise\u00f1o escult\u00f3rico y artesanal ideal para interiores sofisticados.\" \/>\n<meta name=\"robots\" content=\"index, follow, max-snippet:-1, max-image-preview:large, max-video-preview:-1\" \/>\n<link rel=\"canonical\" href=\"https:\/\/teterete.com\/mx\/producto\/luminaria-colgante\/\" \/>\n<meta property=\"og:locale\" content=\"es_ES\" \/>\n<meta property=\"og:type\" content=\"article\" \/>\n<meta property=\"og:title\" content=\"Luminaria Colgante \u00d3nix -\" \/>\n<meta property=\"og:description\" content=\"L\u00e1mpara colgante de \u00f3nix y vidrio opalino con acento en lat\u00f3n. Dise\u00f1o escult\u00f3rico y artesanal ideal para interiores sofisticados.\" \/>\n<meta property=\"og:url\" content=\"https:\/\/teterete.com\/mx\/producto\/luminaria-colgante\/\" \/>\n<meta property=\"article:publisher\" content=\"https:\/\/www.facebook.com\/TetereteHome\/\" \/>\n<meta property=\"article:modified_time\" content=\"2025-06-15T17:30:25+00:00\" \/>\n<meta property=\"og:image\" content=\"https:\/\/teterete.com\/mx\/wp-content\/uploads\/2025\/06\/DBH-02-colgante-Bandido.jpg\" \/>\n\t<meta property=\"og:image:width\" content=\"1080\" \/>\n\t<meta property=\"og:image:height\" content=\"1080\" \/>\n\t<meta property=\"og:image:type\" content=\"image\/jpeg\" \/>\n<meta name=\"twitter:card\" content=\"summary_large_image\" \/>\n<meta name=\"twitter:site\" content=\"@Teterete_Home\" \/>\n<meta name=\"twitter:label1\" content=\"Tiempo de lectura\" \/>\n\t<meta name=\"twitter:data1\" content=\"1 minuto\" \/>\n<script type=\"application\/ld+json\" class=\"yoast-schema-graph\">{\"@context\":\"https:\\\/\\\/schema.org\",\"@graph\":[{\"@type\":\"WebPage\",\"@id\":\"https:\\\/\\\/teterete.com\\\/mx\\\/producto\\\/luminaria-colgante\\\/\",\"url\":\"https:\\\/\\\/teterete.com\\\/mx\\\/producto\\\/luminaria-colgante\\\/\",\"name\":\"Luminaria Colgante \u00d3nix -\",\"isPartOf\":{\"@id\":\"https:\\\/\\\/teterete.com\\\/mx\\\/#website\"},\"primaryImageOfPage\":{\"@id\":\"https:\\\/\\\/teterete.com\\\/mx\\\/producto\\\/luminaria-colgante\\\/#primaryimage\"},\"image\":{\"@id\":\"https:\\\/\\\/teterete.com\\\/mx\\\/producto\\\/luminaria-colgante\\\/#primaryimage\"},\"thumbnailUrl\":\"https:\\\/\\\/teterete.com\\\/mx\\\/wp-content\\\/uploads\\\/2025\\\/06\\\/DBH-02-colgante-Bandido.jpg\",\"datePublished\":\"2025-06-13T14:42:17+00:00\",\"dateModified\":\"2025-06-15T17:30:25+00:00\",\"description\":\"L\u00e1mpara colgante de \u00f3nix y vidrio opalino con acento en lat\u00f3n. Dise\u00f1o escult\u00f3rico y artesanal ideal para interiores sofisticados.\",\"breadcrumb\":{\"@id\":\"https:\\\/\\\/teterete.com\\\/mx\\\/producto\\\/luminaria-colgante\\\/#breadcrumb\"},\"inLanguage\":\"es\",\"potentialAction\":[{\"@type\":\"ReadAction\",\"target\":[\"https:\\\/\\\/teterete.com\\\/mx\\\/producto\\\/luminaria-colgante\\\/\"]}]},{\"@type\":\"ImageObject\",\"inLanguage\":\"es\",\"@id\":\"https:\\\/\\\/teterete.com\\\/mx\\\/producto\\\/luminaria-colgante\\\/#primaryimage\",\"url\":\"https:\\\/\\\/teterete.com\\\/mx\\\/wp-content\\\/uploads\\\/2025\\\/06\\\/DBH-02-colgante-Bandido.jpg\",\"contentUrl\":\"https:\\\/\\\/teterete.com\\\/mx\\\/wp-content\\\/uploads\\\/2025\\\/06\\\/DBH-02-colgante-Bandido.jpg\",\"width\":1080,\"height\":1080,\"caption\":\"Luminaria Colgante \u00d3nix\"},{\"@type\":\"BreadcrumbList\",\"@id\":\"https:\\\/\\\/teterete.com\\\/mx\\\/producto\\\/luminaria-colgante\\\/#breadcrumb\",\"itemListElement\":[{\"@type\":\"ListItem\",\"position\":1,\"name\":\"Home\",\"item\":\"https:\\\/\\\/teterete.com\\\/mx\\\/\"},{\"@type\":\"ListItem\",\"position\":2,\"name\":\"Productos\",\"item\":\"https:\\\/\\\/teterete.com\\\/mx\\\/shop\\\/\"},{\"@type\":\"ListItem\",\"position\":3,\"name\":\"Luminaria Colgante \u00d3nix\"}]},{\"@type\":\"WebSite\",\"@id\":\"https:\\\/\\\/teterete.com\\\/mx\\\/#website\",\"url\":\"https:\\\/\\\/teterete.com\\\/mx\\\/\",\"name\":\"\",\"description\":\"Tienda en L\u00ednea de Fina Artesanias y Dise\u00f1o Mexicano. Bellas piezas elaboradas a mano por los mejores artesanos del pa\u00eds as\u00ed como piezas de dise\u00f1o y decoraci\u00f3n con inspiraci\u00f3n artesanal.\",\"potentialAction\":[{\"@type\":\"SearchAction\",\"target\":{\"@type\":\"EntryPoint\",\"urlTemplate\":\"https:\\\/\\\/teterete.com\\\/mx\\\/?s={search_term_string}\"},\"query-input\":{\"@type\":\"PropertyValueSpecification\",\"valueRequired\":true,\"valueName\":\"search_term_string\"}}],\"inLanguage\":\"es\"}]}<\/script>\n<!-- \/ Yoast SEO plugin. -->","yoast_head_json":{"title":"Luminaria Colgante \u00d3nix -","description":"L\u00e1mpara colgante de \u00f3nix y vidrio opalino con acento en lat\u00f3n. Dise\u00f1o escult\u00f3rico y artesanal ideal para interiores sofisticados.","robots":{"index":"index","follow":"follow","max-snippet":"max-snippet:-1","max-image-preview":"max-image-preview:large","max-video-preview":"max-video-preview:-1"},"canonical":"https:\/\/teterete.com\/mx\/producto\/luminaria-colgante\/","og_locale":"es_ES","og_type":"article","og_title":"Luminaria Colgante \u00d3nix -","og_description":"L\u00e1mpara colgante de \u00f3nix y vidrio opalino con acento en lat\u00f3n. Dise\u00f1o escult\u00f3rico y artesanal ideal para interiores sofisticados.","og_url":"https:\/\/teterete.com\/mx\/producto\/luminaria-colgante\/","article_publisher":"https:\/\/www.facebook.com\/TetereteHome\/","article_modified_time":"2025-06-15T17:30:25+00:00","og_image":[{"width":1080,"height":1080,"url":"https:\/\/teterete.com\/mx\/wp-content\/uploads\/2025\/06\/DBH-02-colgante-Bandido.jpg","type":"image\/jpeg"}],"twitter_card":"summary_large_image","twitter_site":"@Teterete_Home","twitter_misc":{"Tiempo de lectura":"1 minuto"},"schema":{"@context":"https:\/\/schema.org","@graph":[{"@type":"WebPage","@id":"https:\/\/teterete.com\/mx\/producto\/luminaria-colgante\/","url":"https:\/\/teterete.com\/mx\/producto\/luminaria-colgante\/","name":"Luminaria Colgante \u00d3nix -","isPartOf":{"@id":"https:\/\/teterete.com\/mx\/#website"},"primaryImageOfPage":{"@id":"https:\/\/teterete.com\/mx\/producto\/luminaria-colgante\/#primaryimage"},"image":{"@id":"https:\/\/teterete.com\/mx\/producto\/luminaria-colgante\/#primaryimage"},"thumbnailUrl":"https:\/\/teterete.com\/mx\/wp-content\/uploads\/2025\/06\/DBH-02-colgante-Bandido.jpg","datePublished":"2025-06-13T14:42:17+00:00","dateModified":"2025-06-15T17:30:25+00:00","description":"L\u00e1mpara colgante de \u00f3nix y vidrio opalino con acento en lat\u00f3n. Dise\u00f1o escult\u00f3rico y artesanal ideal para interiores sofisticados.","breadcrumb":{"@id":"https:\/\/teterete.com\/mx\/producto\/luminaria-colgante\/#breadcrumb"},"inLanguage":"es","potentialAction":[{"@type":"ReadAction","target":["https:\/\/teterete.com\/mx\/producto\/luminaria-colgante\/"]}]},{"@type":"ImageObject","inLanguage":"es","@id":"https:\/\/teterete.com\/mx\/producto\/luminaria-colgante\/#primaryimage","url":"https:\/\/teterete.com\/mx\/wp-content\/uploads\/2025\/06\/DBH-02-colgante-Bandido.jpg","contentUrl":"https:\/\/teterete.com\/mx\/wp-content\/uploads\/2025\/06\/DBH-02-colgante-Bandido.jpg","width":1080,"height":1080,"caption":"Luminaria Colgante \u00d3nix"},{"@type":"BreadcrumbList","@id":"https:\/\/teterete.com\/mx\/producto\/luminaria-colgante\/#breadcrumb","itemListElement":[{"@type":"ListItem","position":1,"name":"Home","item":"https:\/\/teterete.com\/mx\/"},{"@type":"ListItem","position":2,"name":"Productos","item":"https:\/\/teterete.com\/mx\/shop\/"},{"@type":"ListItem","position":3,"name":"Luminaria Colgante \u00d3nix"}]},{"@type":"WebSite","@id":"https:\/\/teterete.com\/mx\/#website","url":"https:\/\/teterete.com\/mx\/","name":"","description":"Tienda en L\u00ednea de Fina Artesanias y Dise\u00f1o Mexicano. Bellas piezas elaboradas a mano por los mejores artesanos del pa\u00eds as\u00ed como piezas de dise\u00f1o y decoraci\u00f3n con inspiraci\u00f3n artesanal.","potentialAction":[{"@type":"SearchAction","target":{"@type":"EntryPoint","urlTemplate":"https:\/\/teterete.com\/mx\/?s={search_term_string}"},"query-input":{"@type":"PropertyValueSpecification","valueRequired":true,"valueName":"search_term_string"}}],"inLanguage":"es"}]}},"_links":{"self":[{"href":"https:\/\/teterete.com\/mx\/wp-json\/wp\/v2\/product\/12419","targetHints":{"allow":["GET"]}}],"collection":[{"href":"https:\/\/teterete.com\/mx\/wp-json\/wp\/v2\/product"}],"about":[{"href":"https:\/\/teterete.com\/mx\/wp-json\/wp\/v2\/types\/product"}],"replies":[{"embeddable":true,"href":"https:\/\/teterete.com\/mx\/wp-json\/wp\/v2\/comments?post=12419"}],"wp:featuredmedia":[{"embeddable":true,"href":"https:\/\/teterete.com\/mx\/wp-json\/wp\/v2\/media\/12420"}],"wp:attachment":[{"href":"https:\/\/teterete.com\/mx\/wp-json\/wp\/v2\/media?parent=12419"}],"wp:term":[{"taxonomy":"product_brand","embeddable":true,"href":"https:\/\/teterete.com\/mx\/wp-json\/wp\/v2\/product_brand?post=12419"},{"taxonomy":"product_cat","embeddable":true,"href":"https:\/\/teterete.com\/mx\/wp-json\/wp\/v2\/product_cat?post=12419"},{"taxonomy":"product_tag","embeddable":true,"href":"https:\/\/teterete.com\/mx\/wp-json\/wp\/v2\/product_tag?post=12419"}],"curies":[{"name":"wp","href":"https:\/\/api.w.org\/{rel}","templated":true}]}}