{"id":12422,"date":"2025-06-13T15:06:30","date_gmt":"2025-06-13T15:06:30","guid":{"rendered":"https:\/\/teterete.com\/mx\/?post_type=product&#038;p=12422"},"modified":"2025-06-15T17:30:24","modified_gmt":"2025-06-15T17:30:24","slug":"lampara-de-mesa-aura","status":"publish","type":"product","link":"https:\/\/teterete.com\/mx\/producto\/lampara-de-mesa-aura\/","title":{"rendered":"L\u00e1mpara de Mesa Aura"},"content":{"rendered":"<p><i><strong>Material:<\/strong> acero porcelanizado y nogal americano<\/i><\/p>\n<p><i>1 foco x G9 LED 2.5 W 250 lm 2700K atenuable<\/i><\/p>\n<p><i><strong>Medidas:<\/strong> 34 cm x 37.6 cm x 22.5 cm<\/i><\/p>\n","protected":false},"excerpt":{"rendered":"<p class=\"p1\"><span class=\"s1\"><b>AURA<\/b><\/span> es una luminaria de mesa que equilibra materia, forma y luz. Su base cil\u00edndrica de <span class=\"s1\"><b>madera de nogal s\u00f3lido<\/b><\/span>sostiene un <span class=\"s1\"><b>difusor de vidrio opalino<\/b><\/span> que emite una luz suave y envolvente. Dos lunas de <span class=\"s1\"><b>acero porcelanizado<\/b><\/span>, dispuestas en diferentes di\u00e1metros, crean un juego de contrastes visuales que refuerzan su car\u00e1cter escult\u00f3rico.<\/p>\n<p class=\"p1\">Dise\u00f1ada para espacios que valoran la calidez de los materiales nobles y la elegancia del dise\u00f1o artesanal contempor\u00e1neo, <span class=\"s1\"><b>AURA<\/b><\/span> transforma cualquier rinc\u00f3n en una atm\u00f3sfera contemplativa y sofisticada.<\/p>\n","protected":false},"featured_media":12423,"comment_status":"open","ping_status":"closed","template":"","meta":{"sfsi_plus_gutenberg_text_before_share":"","sfsi_plus_gutenberg_show_text_before_share":"","sfsi_plus_gutenberg_icon_type":"","sfsi_plus_gutenberg_icon_alignemt":"","sfsi_plus_gutenburg_max_per_row":""},"product_cat":[1200,2577,351],"product_tag":[963,795,1211,1486,974,2572],"acf":[],"yoast_head":"<!-- This site is optimized with the Yoast SEO plugin v23.5 - https:\/\/yoast.com\/wordpress\/plugins\/seo\/ -->\n<title>L\u00e1mpara de Mesa Aura -<\/title>\n<meta name=\"description\" content=\"L\u00e1mpara de mesa AURA: nogal s\u00f3lido, vidrio opalino y lunas de acero porcelanizado. Luz c\u00e1lida con dise\u00f1o escult\u00f3rico y artesanal.\" \/>\n<meta name=\"robots\" content=\"index, follow, max-snippet:-1, max-image-preview:large, max-video-preview:-1\" \/>\n<link rel=\"canonical\" href=\"https:\/\/teterete.com\/mx\/producto\/lampara-de-mesa-aura\/\" \/>\n<meta property=\"og:locale\" content=\"es_ES\" \/>\n<meta property=\"og:type\" content=\"article\" \/>\n<meta property=\"og:title\" content=\"L\u00e1mpara de Mesa Aura -\" \/>\n<meta property=\"og:description\" content=\"L\u00e1mpara de mesa AURA: nogal s\u00f3lido, vidrio opalino y lunas de acero porcelanizado. Luz c\u00e1lida con dise\u00f1o escult\u00f3rico y artesanal.\" \/>\n<meta property=\"og:url\" content=\"https:\/\/teterete.com\/mx\/producto\/lampara-de-mesa-aura\/\" \/>\n<meta property=\"article:publisher\" content=\"https:\/\/www.facebook.com\/TetereteHome\/\" \/>\n<meta property=\"article:modified_time\" content=\"2025-06-15T17:30:24+00:00\" \/>\n<meta property=\"og:image\" content=\"https:\/\/teterete.com\/mx\/wp-content\/uploads\/2025\/06\/Aura-Mesa1.jpg\" \/>\n\t<meta property=\"og:image:width\" content=\"1080\" \/>\n\t<meta property=\"og:image:height\" content=\"1080\" \/>\n\t<meta property=\"og:image:type\" content=\"image\/jpeg\" \/>\n<meta name=\"twitter:card\" content=\"summary_large_image\" \/>\n<meta name=\"twitter:site\" content=\"@Teterete_Home\" \/>\n<meta name=\"twitter:label1\" content=\"Tiempo de lectura\" \/>\n\t<meta name=\"twitter:data1\" content=\"1 minuto\" \/>\n<script type=\"application\/ld+json\" class=\"yoast-schema-graph\">{\"@context\":\"https:\/\/schema.org\",\"@graph\":[{\"@type\":\"WebPage\",\"@id\":\"https:\/\/teterete.com\/mx\/producto\/lampara-de-mesa-aura\/\",\"url\":\"https:\/\/teterete.com\/mx\/producto\/lampara-de-mesa-aura\/\",\"name\":\"L\u00e1mpara de Mesa Aura -\",\"isPartOf\":{\"@id\":\"https:\/\/teterete.com\/mx\/#website\"},\"primaryImageOfPage\":{\"@id\":\"https:\/\/teterete.com\/mx\/producto\/lampara-de-mesa-aura\/#primaryimage\"},\"image\":{\"@id\":\"https:\/\/teterete.com\/mx\/producto\/lampara-de-mesa-aura\/#primaryimage\"},\"thumbnailUrl\":\"https:\/\/teterete.com\/mx\/wp-content\/uploads\/2025\/06\/Aura-Mesa1.jpg\",\"datePublished\":\"2025-06-13T15:06:30+00:00\",\"dateModified\":\"2025-06-15T17:30:24+00:00\",\"description\":\"L\u00e1mpara de mesa AURA: nogal s\u00f3lido, vidrio opalino y lunas de acero porcelanizado. Luz c\u00e1lida con dise\u00f1o escult\u00f3rico y artesanal.\",\"breadcrumb\":{\"@id\":\"https:\/\/teterete.com\/mx\/producto\/lampara-de-mesa-aura\/#breadcrumb\"},\"inLanguage\":\"es\",\"potentialAction\":[{\"@type\":\"ReadAction\",\"target\":[\"https:\/\/teterete.com\/mx\/producto\/lampara-de-mesa-aura\/\"]}]},{\"@type\":\"ImageObject\",\"inLanguage\":\"es\",\"@id\":\"https:\/\/teterete.com\/mx\/producto\/lampara-de-mesa-aura\/#primaryimage\",\"url\":\"https:\/\/teterete.com\/mx\/wp-content\/uploads\/2025\/06\/Aura-Mesa1.jpg\",\"contentUrl\":\"https:\/\/teterete.com\/mx\/wp-content\/uploads\/2025\/06\/Aura-Mesa1.jpg\",\"width\":1080,\"height\":1080,\"caption\":\"L\u00e1mpara Aura Mesa\"},{\"@type\":\"BreadcrumbList\",\"@id\":\"https:\/\/teterete.com\/mx\/producto\/lampara-de-mesa-aura\/#breadcrumb\",\"itemListElement\":[{\"@type\":\"ListItem\",\"position\":1,\"name\":\"Home\",\"item\":\"https:\/\/teterete.com\/mx\/\"},{\"@type\":\"ListItem\",\"position\":2,\"name\":\"Productos\",\"item\":\"https:\/\/teterete.com\/mx\/shop\/\"},{\"@type\":\"ListItem\",\"position\":3,\"name\":\"L\u00e1mpara de Mesa Aura\"}]},{\"@type\":\"WebSite\",\"@id\":\"https:\/\/teterete.com\/mx\/#website\",\"url\":\"https:\/\/teterete.com\/mx\/\",\"name\":\"\",\"description\":\"Tienda en L\u00ednea de Fina Artesanias y Dise\u00f1o Mexicano. Bellas piezas elaboradas a mano por los mejores artesanos del pa\u00eds as\u00ed como piezas de dise\u00f1o y decoraci\u00f3n con inspiraci\u00f3n artesanal.\",\"potentialAction\":[{\"@type\":\"SearchAction\",\"target\":{\"@type\":\"EntryPoint\",\"urlTemplate\":\"https:\/\/teterete.com\/mx\/?s={search_term_string}\"},\"query-input\":{\"@type\":\"PropertyValueSpecification\",\"valueRequired\":true,\"valueName\":\"search_term_string\"}}],\"inLanguage\":\"es\"}]}<\/script>\n<!-- \/ Yoast SEO plugin. -->","yoast_head_json":{"title":"L\u00e1mpara de Mesa Aura -","description":"L\u00e1mpara de mesa AURA: nogal s\u00f3lido, vidrio opalino y lunas de acero porcelanizado. Luz c\u00e1lida con dise\u00f1o escult\u00f3rico y artesanal.","robots":{"index":"index","follow":"follow","max-snippet":"max-snippet:-1","max-image-preview":"max-image-preview:large","max-video-preview":"max-video-preview:-1"},"canonical":"https:\/\/teterete.com\/mx\/producto\/lampara-de-mesa-aura\/","og_locale":"es_ES","og_type":"article","og_title":"L\u00e1mpara de Mesa Aura -","og_description":"L\u00e1mpara de mesa AURA: nogal s\u00f3lido, vidrio opalino y lunas de acero porcelanizado. Luz c\u00e1lida con dise\u00f1o escult\u00f3rico y artesanal.","og_url":"https:\/\/teterete.com\/mx\/producto\/lampara-de-mesa-aura\/","article_publisher":"https:\/\/www.facebook.com\/TetereteHome\/","article_modified_time":"2025-06-15T17:30:24+00:00","og_image":[{"width":1080,"height":1080,"url":"https:\/\/teterete.com\/mx\/wp-content\/uploads\/2025\/06\/Aura-Mesa1.jpg","type":"image\/jpeg"}],"twitter_card":"summary_large_image","twitter_site":"@Teterete_Home","twitter_misc":{"Tiempo de lectura":"1 minuto"},"schema":{"@context":"https:\/\/schema.org","@graph":[{"@type":"WebPage","@id":"https:\/\/teterete.com\/mx\/producto\/lampara-de-mesa-aura\/","url":"https:\/\/teterete.com\/mx\/producto\/lampara-de-mesa-aura\/","name":"L\u00e1mpara de Mesa Aura -","isPartOf":{"@id":"https:\/\/teterete.com\/mx\/#website"},"primaryImageOfPage":{"@id":"https:\/\/teterete.com\/mx\/producto\/lampara-de-mesa-aura\/#primaryimage"},"image":{"@id":"https:\/\/teterete.com\/mx\/producto\/lampara-de-mesa-aura\/#primaryimage"},"thumbnailUrl":"https:\/\/teterete.com\/mx\/wp-content\/uploads\/2025\/06\/Aura-Mesa1.jpg","datePublished":"2025-06-13T15:06:30+00:00","dateModified":"2025-06-15T17:30:24+00:00","description":"L\u00e1mpara de mesa AURA: nogal s\u00f3lido, vidrio opalino y lunas de acero porcelanizado. Luz c\u00e1lida con dise\u00f1o escult\u00f3rico y artesanal.","breadcrumb":{"@id":"https:\/\/teterete.com\/mx\/producto\/lampara-de-mesa-aura\/#breadcrumb"},"inLanguage":"es","potentialAction":[{"@type":"ReadAction","target":["https:\/\/teterete.com\/mx\/producto\/lampara-de-mesa-aura\/"]}]},{"@type":"ImageObject","inLanguage":"es","@id":"https:\/\/teterete.com\/mx\/producto\/lampara-de-mesa-aura\/#primaryimage","url":"https:\/\/teterete.com\/mx\/wp-content\/uploads\/2025\/06\/Aura-Mesa1.jpg","contentUrl":"https:\/\/teterete.com\/mx\/wp-content\/uploads\/2025\/06\/Aura-Mesa1.jpg","width":1080,"height":1080,"caption":"L\u00e1mpara Aura Mesa"},{"@type":"BreadcrumbList","@id":"https:\/\/teterete.com\/mx\/producto\/lampara-de-mesa-aura\/#breadcrumb","itemListElement":[{"@type":"ListItem","position":1,"name":"Home","item":"https:\/\/teterete.com\/mx\/"},{"@type":"ListItem","position":2,"name":"Productos","item":"https:\/\/teterete.com\/mx\/shop\/"},{"@type":"ListItem","position":3,"name":"L\u00e1mpara de Mesa Aura"}]},{"@type":"WebSite","@id":"https:\/\/teterete.com\/mx\/#website","url":"https:\/\/teterete.com\/mx\/","name":"","description":"Tienda en L\u00ednea de Fina Artesanias y Dise\u00f1o Mexicano. Bellas piezas elaboradas a mano por los mejores artesanos del pa\u00eds as\u00ed como piezas de dise\u00f1o y decoraci\u00f3n con inspiraci\u00f3n artesanal.","potentialAction":[{"@type":"SearchAction","target":{"@type":"EntryPoint","urlTemplate":"https:\/\/teterete.com\/mx\/?s={search_term_string}"},"query-input":{"@type":"PropertyValueSpecification","valueRequired":true,"valueName":"search_term_string"}}],"inLanguage":"es"}]}},"_links":{"self":[{"href":"https:\/\/teterete.com\/mx\/wp-json\/wp\/v2\/product\/12422"}],"collection":[{"href":"https:\/\/teterete.com\/mx\/wp-json\/wp\/v2\/product"}],"about":[{"href":"https:\/\/teterete.com\/mx\/wp-json\/wp\/v2\/types\/product"}],"replies":[{"embeddable":true,"href":"https:\/\/teterete.com\/mx\/wp-json\/wp\/v2\/comments?post=12422"}],"wp:featuredmedia":[{"embeddable":true,"href":"https:\/\/teterete.com\/mx\/wp-json\/wp\/v2\/media\/12423"}],"wp:attachment":[{"href":"https:\/\/teterete.com\/mx\/wp-json\/wp\/v2\/media?parent=12422"}],"wp:term":[{"taxonomy":"product_cat","embeddable":true,"href":"https:\/\/teterete.com\/mx\/wp-json\/wp\/v2\/product_cat?post=12422"},{"taxonomy":"product_tag","embeddable":true,"href":"https:\/\/teterete.com\/mx\/wp-json\/wp\/v2\/product_tag?post=12422"}],"curies":[{"name":"wp","href":"https:\/\/api.w.org\/{rel}","templated":true}]}}