{"id":12428,"date":"2025-06-14T14:53:02","date_gmt":"2025-06-14T14:53:02","guid":{"rendered":"https:\/\/teterete.com\/mx\/?post_type=product&#038;p=12428"},"modified":"2025-06-15T17:30:24","modified_gmt":"2025-06-15T17:30:24","slug":"lampara-colgante-aura","status":"publish","type":"product","link":"https:\/\/teterete.com\/mx\/producto\/lampara-colgante-aura\/","title":{"rendered":"L\u00e1mpara Colgante Aura"},"content":{"rendered":"<p><i><strong>Material<\/strong>: acero porcelanizado y nogal natural o encino <\/i><i>laqueado<\/i><\/p>\n<p><i>1 foco x G9 LED 6 W 620 lm 3000K atenuable<\/i><\/p>\n<p><i><strong>Medidas:<\/strong> \u00d8 12.9 cm x 31.5 cm<\/i><\/p>\n","protected":false},"excerpt":{"rendered":"<p class=\"p1\">Un encuentro entre la calidez de la madera de nogal y la precisi\u00f3n del acero porcelanizado. La l\u00e1mpara AURA se distingue por su silueta contempor\u00e1nea y artesanal, compuesta por un cuerpo cil\u00edndrico de nogal que corona una campana c\u00f3nica met\u00e1lica, la cual suaviza la luz a trav\u00e9s de un difusor transl\u00facido.<\/p>\n<p class=\"p1\">Ideal para interiores que buscan acentos de dise\u00f1o sobrio y sofisticado con car\u00e1cter mexicano. Perfecta para iluminar espacios de descanso, comedores o estudios con una atm\u00f3sfera serena y elegante.<\/p>\n<p class=\"p1\">Dise\u00f1ada para destacar sin estridencias, esta pieza es un di\u00e1logo sutil entre forma, textura y funci\u00f3n.<\/p>\n","protected":false},"featured_media":12429,"comment_status":"open","ping_status":"closed","template":"","meta":{"sfsi_plus_gutenberg_text_before_share":"","sfsi_plus_gutenberg_show_text_before_share":"","sfsi_plus_gutenberg_icon_type":"","sfsi_plus_gutenberg_icon_alignemt":"","sfsi_plus_gutenburg_max_per_row":""},"product_cat":[1200,2577,351],"product_tag":[232,963,795,2574,2573,1486,974,2231],"acf":[],"yoast_head":"<!-- This site is optimized with the Yoast SEO plugin v23.5 - https:\/\/yoast.com\/wordpress\/plugins\/seo\/ -->\n<title>L\u00e1mpara Colgante Aura -<\/title>\n<meta name=\"description\" content=\"L\u00e1mpara colgante de nogal y acero porcelanizado. Dise\u00f1o mexicano contempor\u00e1neo con luz c\u00e1lida y difusor sutil. Ideal para interiores elegantes.\" \/>\n<meta name=\"robots\" content=\"index, follow, max-snippet:-1, max-image-preview:large, max-video-preview:-1\" \/>\n<link rel=\"canonical\" href=\"https:\/\/teterete.com\/mx\/producto\/lampara-colgante-aura\/\" \/>\n<meta property=\"og:locale\" content=\"es_ES\" \/>\n<meta property=\"og:type\" content=\"article\" \/>\n<meta property=\"og:title\" content=\"L\u00e1mpara Colgante Aura -\" \/>\n<meta property=\"og:description\" content=\"L\u00e1mpara colgante de nogal y acero porcelanizado. Dise\u00f1o mexicano contempor\u00e1neo con luz c\u00e1lida y difusor sutil. Ideal para interiores elegantes.\" \/>\n<meta property=\"og:url\" content=\"https:\/\/teterete.com\/mx\/producto\/lampara-colgante-aura\/\" \/>\n<meta property=\"article:publisher\" content=\"https:\/\/www.facebook.com\/TetereteHome\/\" \/>\n<meta property=\"article:modified_time\" content=\"2025-06-15T17:30:24+00:00\" \/>\n<meta property=\"og:image\" content=\"https:\/\/teterete.com\/mx\/wp-content\/uploads\/2025\/06\/AURA-lampara-colgante-nogal-productos-Bandido.jpg\" \/>\n\t<meta property=\"og:image:width\" content=\"1080\" \/>\n\t<meta property=\"og:image:height\" content=\"1080\" \/>\n\t<meta property=\"og:image:type\" content=\"image\/jpeg\" \/>\n<meta name=\"twitter:card\" content=\"summary_large_image\" \/>\n<meta name=\"twitter:site\" content=\"@Teterete_Home\" \/>\n<meta name=\"twitter:label1\" content=\"Tiempo de lectura\" \/>\n\t<meta name=\"twitter:data1\" content=\"1 minuto\" \/>\n<script type=\"application\/ld+json\" class=\"yoast-schema-graph\">{\"@context\":\"https:\/\/schema.org\",\"@graph\":[{\"@type\":\"WebPage\",\"@id\":\"https:\/\/teterete.com\/mx\/producto\/lampara-colgante-aura\/\",\"url\":\"https:\/\/teterete.com\/mx\/producto\/lampara-colgante-aura\/\",\"name\":\"L\u00e1mpara Colgante Aura -\",\"isPartOf\":{\"@id\":\"https:\/\/teterete.com\/mx\/#website\"},\"primaryImageOfPage\":{\"@id\":\"https:\/\/teterete.com\/mx\/producto\/lampara-colgante-aura\/#primaryimage\"},\"image\":{\"@id\":\"https:\/\/teterete.com\/mx\/producto\/lampara-colgante-aura\/#primaryimage\"},\"thumbnailUrl\":\"https:\/\/teterete.com\/mx\/wp-content\/uploads\/2025\/06\/AURA-lampara-colgante-nogal-productos-Bandido.jpg\",\"datePublished\":\"2025-06-14T14:53:02+00:00\",\"dateModified\":\"2025-06-15T17:30:24+00:00\",\"description\":\"L\u00e1mpara colgante de nogal y acero porcelanizado. Dise\u00f1o mexicano contempor\u00e1neo con luz c\u00e1lida y difusor sutil. Ideal para interiores elegantes.\",\"breadcrumb\":{\"@id\":\"https:\/\/teterete.com\/mx\/producto\/lampara-colgante-aura\/#breadcrumb\"},\"inLanguage\":\"es\",\"potentialAction\":[{\"@type\":\"ReadAction\",\"target\":[\"https:\/\/teterete.com\/mx\/producto\/lampara-colgante-aura\/\"]}]},{\"@type\":\"ImageObject\",\"inLanguage\":\"es\",\"@id\":\"https:\/\/teterete.com\/mx\/producto\/lampara-colgante-aura\/#primaryimage\",\"url\":\"https:\/\/teterete.com\/mx\/wp-content\/uploads\/2025\/06\/AURA-lampara-colgante-nogal-productos-Bandido.jpg\",\"contentUrl\":\"https:\/\/teterete.com\/mx\/wp-content\/uploads\/2025\/06\/AURA-lampara-colgante-nogal-productos-Bandido.jpg\",\"width\":1080,\"height\":1080,\"caption\":\"L\u00e1mpara Colgante Aura\"},{\"@type\":\"BreadcrumbList\",\"@id\":\"https:\/\/teterete.com\/mx\/producto\/lampara-colgante-aura\/#breadcrumb\",\"itemListElement\":[{\"@type\":\"ListItem\",\"position\":1,\"name\":\"Home\",\"item\":\"https:\/\/teterete.com\/mx\/\"},{\"@type\":\"ListItem\",\"position\":2,\"name\":\"Productos\",\"item\":\"https:\/\/teterete.com\/mx\/shop\/\"},{\"@type\":\"ListItem\",\"position\":3,\"name\":\"L\u00e1mpara Colgante Aura\"}]},{\"@type\":\"WebSite\",\"@id\":\"https:\/\/teterete.com\/mx\/#website\",\"url\":\"https:\/\/teterete.com\/mx\/\",\"name\":\"\",\"description\":\"Tienda en L\u00ednea de Fina Artesanias y Dise\u00f1o Mexicano. Bellas piezas elaboradas a mano por los mejores artesanos del pa\u00eds as\u00ed como piezas de dise\u00f1o y decoraci\u00f3n con inspiraci\u00f3n artesanal.\",\"potentialAction\":[{\"@type\":\"SearchAction\",\"target\":{\"@type\":\"EntryPoint\",\"urlTemplate\":\"https:\/\/teterete.com\/mx\/?s={search_term_string}\"},\"query-input\":{\"@type\":\"PropertyValueSpecification\",\"valueRequired\":true,\"valueName\":\"search_term_string\"}}],\"inLanguage\":\"es\"}]}<\/script>\n<!-- \/ Yoast SEO plugin. -->","yoast_head_json":{"title":"L\u00e1mpara Colgante Aura -","description":"L\u00e1mpara colgante de nogal y acero porcelanizado. Dise\u00f1o mexicano contempor\u00e1neo con luz c\u00e1lida y difusor sutil. Ideal para interiores elegantes.","robots":{"index":"index","follow":"follow","max-snippet":"max-snippet:-1","max-image-preview":"max-image-preview:large","max-video-preview":"max-video-preview:-1"},"canonical":"https:\/\/teterete.com\/mx\/producto\/lampara-colgante-aura\/","og_locale":"es_ES","og_type":"article","og_title":"L\u00e1mpara Colgante Aura -","og_description":"L\u00e1mpara colgante de nogal y acero porcelanizado. Dise\u00f1o mexicano contempor\u00e1neo con luz c\u00e1lida y difusor sutil. Ideal para interiores elegantes.","og_url":"https:\/\/teterete.com\/mx\/producto\/lampara-colgante-aura\/","article_publisher":"https:\/\/www.facebook.com\/TetereteHome\/","article_modified_time":"2025-06-15T17:30:24+00:00","og_image":[{"width":1080,"height":1080,"url":"https:\/\/teterete.com\/mx\/wp-content\/uploads\/2025\/06\/AURA-lampara-colgante-nogal-productos-Bandido.jpg","type":"image\/jpeg"}],"twitter_card":"summary_large_image","twitter_site":"@Teterete_Home","twitter_misc":{"Tiempo de lectura":"1 minuto"},"schema":{"@context":"https:\/\/schema.org","@graph":[{"@type":"WebPage","@id":"https:\/\/teterete.com\/mx\/producto\/lampara-colgante-aura\/","url":"https:\/\/teterete.com\/mx\/producto\/lampara-colgante-aura\/","name":"L\u00e1mpara Colgante Aura -","isPartOf":{"@id":"https:\/\/teterete.com\/mx\/#website"},"primaryImageOfPage":{"@id":"https:\/\/teterete.com\/mx\/producto\/lampara-colgante-aura\/#primaryimage"},"image":{"@id":"https:\/\/teterete.com\/mx\/producto\/lampara-colgante-aura\/#primaryimage"},"thumbnailUrl":"https:\/\/teterete.com\/mx\/wp-content\/uploads\/2025\/06\/AURA-lampara-colgante-nogal-productos-Bandido.jpg","datePublished":"2025-06-14T14:53:02+00:00","dateModified":"2025-06-15T17:30:24+00:00","description":"L\u00e1mpara colgante de nogal y acero porcelanizado. Dise\u00f1o mexicano contempor\u00e1neo con luz c\u00e1lida y difusor sutil. Ideal para interiores elegantes.","breadcrumb":{"@id":"https:\/\/teterete.com\/mx\/producto\/lampara-colgante-aura\/#breadcrumb"},"inLanguage":"es","potentialAction":[{"@type":"ReadAction","target":["https:\/\/teterete.com\/mx\/producto\/lampara-colgante-aura\/"]}]},{"@type":"ImageObject","inLanguage":"es","@id":"https:\/\/teterete.com\/mx\/producto\/lampara-colgante-aura\/#primaryimage","url":"https:\/\/teterete.com\/mx\/wp-content\/uploads\/2025\/06\/AURA-lampara-colgante-nogal-productos-Bandido.jpg","contentUrl":"https:\/\/teterete.com\/mx\/wp-content\/uploads\/2025\/06\/AURA-lampara-colgante-nogal-productos-Bandido.jpg","width":1080,"height":1080,"caption":"L\u00e1mpara Colgante Aura"},{"@type":"BreadcrumbList","@id":"https:\/\/teterete.com\/mx\/producto\/lampara-colgante-aura\/#breadcrumb","itemListElement":[{"@type":"ListItem","position":1,"name":"Home","item":"https:\/\/teterete.com\/mx\/"},{"@type":"ListItem","position":2,"name":"Productos","item":"https:\/\/teterete.com\/mx\/shop\/"},{"@type":"ListItem","position":3,"name":"L\u00e1mpara Colgante Aura"}]},{"@type":"WebSite","@id":"https:\/\/teterete.com\/mx\/#website","url":"https:\/\/teterete.com\/mx\/","name":"","description":"Tienda en L\u00ednea de Fina Artesanias y Dise\u00f1o Mexicano. Bellas piezas elaboradas a mano por los mejores artesanos del pa\u00eds as\u00ed como piezas de dise\u00f1o y decoraci\u00f3n con inspiraci\u00f3n artesanal.","potentialAction":[{"@type":"SearchAction","target":{"@type":"EntryPoint","urlTemplate":"https:\/\/teterete.com\/mx\/?s={search_term_string}"},"query-input":{"@type":"PropertyValueSpecification","valueRequired":true,"valueName":"search_term_string"}}],"inLanguage":"es"}]}},"_links":{"self":[{"href":"https:\/\/teterete.com\/mx\/wp-json\/wp\/v2\/product\/12428"}],"collection":[{"href":"https:\/\/teterete.com\/mx\/wp-json\/wp\/v2\/product"}],"about":[{"href":"https:\/\/teterete.com\/mx\/wp-json\/wp\/v2\/types\/product"}],"replies":[{"embeddable":true,"href":"https:\/\/teterete.com\/mx\/wp-json\/wp\/v2\/comments?post=12428"}],"wp:featuredmedia":[{"embeddable":true,"href":"https:\/\/teterete.com\/mx\/wp-json\/wp\/v2\/media\/12429"}],"wp:attachment":[{"href":"https:\/\/teterete.com\/mx\/wp-json\/wp\/v2\/media?parent=12428"}],"wp:term":[{"taxonomy":"product_cat","embeddable":true,"href":"https:\/\/teterete.com\/mx\/wp-json\/wp\/v2\/product_cat?post=12428"},{"taxonomy":"product_tag","embeddable":true,"href":"https:\/\/teterete.com\/mx\/wp-json\/wp\/v2\/product_tag?post=12428"}],"curies":[{"name":"wp","href":"https:\/\/api.w.org\/{rel}","templated":true}]}}