{"id":12450,"date":"2025-06-16T17:50:44","date_gmt":"2025-06-16T17:50:44","guid":{"rendered":"https:\/\/teterete.com\/mx\/?post_type=product&#038;p=12450"},"modified":"2025-06-16T17:50:47","modified_gmt":"2025-06-16T17:50:47","slug":"arbotante-onix","status":"publish","type":"product","link":"https:\/\/teterete.com\/mx\/producto\/arbotante-onix\/","title":{"rendered":"Arbotante \u00d3nix DBH 02"},"content":{"rendered":"<p>VOLTAJE \/ VOLTAGE<br \/>\n120V<\/p>\n<p>CABLE<br \/>\n15 cm de pl\u00e1stico PVC para conexi\u00f3n a muro<\/p>\n<p>COLOR<br \/>\n\u00d3nix<\/p>\n<p>MEDIDAS<\/p>\n<p>13.5 cm x 26.6 cm x 12.9 cm<\/p>\n<p>MATERIALES \/ MATERIALS<br \/>\nDifusor de vidrio \/ \u00d3nix<\/p>\n<p>TIEMPO DE ENTREGA \/ DELIVERY TIME<br \/>\n5 \u2013 8 d\u00edas h\u00e1biles<\/p>\n<p>CERTIFICACI\u00d3N \/ CERTIFICATION<br \/>\nNOM<\/p>\n<p>HECHO EN M\u00c9XICO \/ MADE IN MEXICO<br \/>\nProducto hecho a mano, puede presentar variaciones de color, forma, textura y tama\u00f1o.<\/p>\n","protected":false},"excerpt":{"rendered":"<p class=\"p1\">La l\u00e1mpara arbotante <span class=\"s1\"><b>DBH 02 II<\/b><\/span> es una composici\u00f3n lum\u00ednica que combina la fuerza del \u00f3nix con la calidez del lat\u00f3n. Un cuerpo de piedra natural se fija al muro, conteniendo dos difusores esf\u00e9ricos que emiten una luz suave y envolvente. La pantalla interna de lat\u00f3n refleja este resplandor, amplificando la calidez y creando un juego de contrastes entre opacidad y transparencia. Una pieza de dise\u00f1o artesanal que transforma la pared en un punto focal de elegancia y serenidad.<\/p>\n","protected":false},"featured_media":12451,"comment_status":"open","ping_status":"closed","template":"","meta":{"sfsi_plus_gutenberg_text_before_share":"","sfsi_plus_gutenberg_show_text_before_share":"","sfsi_plus_gutenberg_icon_type":"","sfsi_plus_gutenberg_icon_alignemt":"","sfsi_plus_gutenburg_max_per_row":""},"product_cat":[1200,2577,351],"product_tag":[2546,2561,2580,2581,2231],"acf":[],"yoast_head":"<!-- This site is optimized with the Yoast SEO plugin v23.5 - https:\/\/yoast.com\/wordpress\/plugins\/seo\/ -->\n<title>Arbotante \u00d3nix DBH 02 -<\/title>\n<meta name=\"description\" content=\"Arbotante DBH 02 II de dise\u00f1o artesanal con \u00f3nix y lat\u00f3n. Luz c\u00e1lida y difusa reflejada por esferas y pantalla met\u00e1lica interior.\" \/>\n<meta name=\"robots\" content=\"index, follow, max-snippet:-1, max-image-preview:large, max-video-preview:-1\" \/>\n<link rel=\"canonical\" href=\"https:\/\/teterete.com\/mx\/producto\/arbotante-onix\/\" \/>\n<meta property=\"og:locale\" content=\"es_ES\" \/>\n<meta property=\"og:type\" content=\"article\" \/>\n<meta property=\"og:title\" content=\"Arbotante \u00d3nix DBH 02 -\" \/>\n<meta property=\"og:description\" content=\"Arbotante DBH 02 II de dise\u00f1o artesanal con \u00f3nix y lat\u00f3n. Luz c\u00e1lida y difusa reflejada por esferas y pantalla met\u00e1lica interior.\" \/>\n<meta property=\"og:url\" content=\"https:\/\/teterete.com\/mx\/producto\/arbotante-onix\/\" \/>\n<meta property=\"article:publisher\" content=\"https:\/\/www.facebook.com\/TetereteHome\/\" \/>\n<meta property=\"article:modified_time\" content=\"2025-06-16T17:50:47+00:00\" \/>\n<meta property=\"og:image\" content=\"https:\/\/teterete.com\/mx\/wp-content\/uploads\/2025\/06\/Arbotante-Artesanal-Onix.jpg\" \/>\n\t<meta property=\"og:image:width\" content=\"1080\" \/>\n\t<meta property=\"og:image:height\" content=\"1080\" \/>\n\t<meta property=\"og:image:type\" content=\"image\/jpeg\" \/>\n<meta name=\"twitter:card\" content=\"summary_large_image\" \/>\n<meta name=\"twitter:site\" content=\"@Teterete_Home\" \/>\n<meta name=\"twitter:label1\" content=\"Tiempo de lectura\" \/>\n\t<meta name=\"twitter:data1\" content=\"1 minuto\" \/>\n<script type=\"application\/ld+json\" class=\"yoast-schema-graph\">{\"@context\":\"https:\/\/schema.org\",\"@graph\":[{\"@type\":\"WebPage\",\"@id\":\"https:\/\/teterete.com\/mx\/producto\/arbotante-onix\/\",\"url\":\"https:\/\/teterete.com\/mx\/producto\/arbotante-onix\/\",\"name\":\"Arbotante \u00d3nix DBH 02 -\",\"isPartOf\":{\"@id\":\"https:\/\/teterete.com\/mx\/#website\"},\"primaryImageOfPage\":{\"@id\":\"https:\/\/teterete.com\/mx\/producto\/arbotante-onix\/#primaryimage\"},\"image\":{\"@id\":\"https:\/\/teterete.com\/mx\/producto\/arbotante-onix\/#primaryimage\"},\"thumbnailUrl\":\"https:\/\/teterete.com\/mx\/wp-content\/uploads\/2025\/06\/Arbotante-Artesanal-Onix.jpg\",\"datePublished\":\"2025-06-16T17:50:44+00:00\",\"dateModified\":\"2025-06-16T17:50:47+00:00\",\"description\":\"Arbotante DBH 02 II de dise\u00f1o artesanal con \u00f3nix y lat\u00f3n. Luz c\u00e1lida y difusa reflejada por esferas y pantalla met\u00e1lica interior.\",\"breadcrumb\":{\"@id\":\"https:\/\/teterete.com\/mx\/producto\/arbotante-onix\/#breadcrumb\"},\"inLanguage\":\"es\",\"potentialAction\":[{\"@type\":\"ReadAction\",\"target\":[\"https:\/\/teterete.com\/mx\/producto\/arbotante-onix\/\"]}]},{\"@type\":\"ImageObject\",\"inLanguage\":\"es\",\"@id\":\"https:\/\/teterete.com\/mx\/producto\/arbotante-onix\/#primaryimage\",\"url\":\"https:\/\/teterete.com\/mx\/wp-content\/uploads\/2025\/06\/Arbotante-Artesanal-Onix.jpg\",\"contentUrl\":\"https:\/\/teterete.com\/mx\/wp-content\/uploads\/2025\/06\/Arbotante-Artesanal-Onix.jpg\",\"width\":1080,\"height\":1080,\"caption\":\"Arbotante Artesanal \u00d3nix\"},{\"@type\":\"BreadcrumbList\",\"@id\":\"https:\/\/teterete.com\/mx\/producto\/arbotante-onix\/#breadcrumb\",\"itemListElement\":[{\"@type\":\"ListItem\",\"position\":1,\"name\":\"Home\",\"item\":\"https:\/\/teterete.com\/mx\/\"},{\"@type\":\"ListItem\",\"position\":2,\"name\":\"Productos\",\"item\":\"https:\/\/teterete.com\/mx\/shop\/\"},{\"@type\":\"ListItem\",\"position\":3,\"name\":\"Arbotante \u00d3nix DBH 02\"}]},{\"@type\":\"WebSite\",\"@id\":\"https:\/\/teterete.com\/mx\/#website\",\"url\":\"https:\/\/teterete.com\/mx\/\",\"name\":\"\",\"description\":\"Tienda en L\u00ednea de Fina Artesanias y Dise\u00f1o Mexicano. Bellas piezas elaboradas a mano por los mejores artesanos del pa\u00eds as\u00ed como piezas de dise\u00f1o y decoraci\u00f3n con inspiraci\u00f3n artesanal.\",\"potentialAction\":[{\"@type\":\"SearchAction\",\"target\":{\"@type\":\"EntryPoint\",\"urlTemplate\":\"https:\/\/teterete.com\/mx\/?s={search_term_string}\"},\"query-input\":{\"@type\":\"PropertyValueSpecification\",\"valueRequired\":true,\"valueName\":\"search_term_string\"}}],\"inLanguage\":\"es\"}]}<\/script>\n<!-- \/ Yoast SEO plugin. -->","yoast_head_json":{"title":"Arbotante \u00d3nix DBH 02 -","description":"Arbotante DBH 02 II de dise\u00f1o artesanal con \u00f3nix y lat\u00f3n. Luz c\u00e1lida y difusa reflejada por esferas y pantalla met\u00e1lica interior.","robots":{"index":"index","follow":"follow","max-snippet":"max-snippet:-1","max-image-preview":"max-image-preview:large","max-video-preview":"max-video-preview:-1"},"canonical":"https:\/\/teterete.com\/mx\/producto\/arbotante-onix\/","og_locale":"es_ES","og_type":"article","og_title":"Arbotante \u00d3nix DBH 02 -","og_description":"Arbotante DBH 02 II de dise\u00f1o artesanal con \u00f3nix y lat\u00f3n. Luz c\u00e1lida y difusa reflejada por esferas y pantalla met\u00e1lica interior.","og_url":"https:\/\/teterete.com\/mx\/producto\/arbotante-onix\/","article_publisher":"https:\/\/www.facebook.com\/TetereteHome\/","article_modified_time":"2025-06-16T17:50:47+00:00","og_image":[{"width":1080,"height":1080,"url":"https:\/\/teterete.com\/mx\/wp-content\/uploads\/2025\/06\/Arbotante-Artesanal-Onix.jpg","type":"image\/jpeg"}],"twitter_card":"summary_large_image","twitter_site":"@Teterete_Home","twitter_misc":{"Tiempo de lectura":"1 minuto"},"schema":{"@context":"https:\/\/schema.org","@graph":[{"@type":"WebPage","@id":"https:\/\/teterete.com\/mx\/producto\/arbotante-onix\/","url":"https:\/\/teterete.com\/mx\/producto\/arbotante-onix\/","name":"Arbotante \u00d3nix DBH 02 -","isPartOf":{"@id":"https:\/\/teterete.com\/mx\/#website"},"primaryImageOfPage":{"@id":"https:\/\/teterete.com\/mx\/producto\/arbotante-onix\/#primaryimage"},"image":{"@id":"https:\/\/teterete.com\/mx\/producto\/arbotante-onix\/#primaryimage"},"thumbnailUrl":"https:\/\/teterete.com\/mx\/wp-content\/uploads\/2025\/06\/Arbotante-Artesanal-Onix.jpg","datePublished":"2025-06-16T17:50:44+00:00","dateModified":"2025-06-16T17:50:47+00:00","description":"Arbotante DBH 02 II de dise\u00f1o artesanal con \u00f3nix y lat\u00f3n. Luz c\u00e1lida y difusa reflejada por esferas y pantalla met\u00e1lica interior.","breadcrumb":{"@id":"https:\/\/teterete.com\/mx\/producto\/arbotante-onix\/#breadcrumb"},"inLanguage":"es","potentialAction":[{"@type":"ReadAction","target":["https:\/\/teterete.com\/mx\/producto\/arbotante-onix\/"]}]},{"@type":"ImageObject","inLanguage":"es","@id":"https:\/\/teterete.com\/mx\/producto\/arbotante-onix\/#primaryimage","url":"https:\/\/teterete.com\/mx\/wp-content\/uploads\/2025\/06\/Arbotante-Artesanal-Onix.jpg","contentUrl":"https:\/\/teterete.com\/mx\/wp-content\/uploads\/2025\/06\/Arbotante-Artesanal-Onix.jpg","width":1080,"height":1080,"caption":"Arbotante Artesanal \u00d3nix"},{"@type":"BreadcrumbList","@id":"https:\/\/teterete.com\/mx\/producto\/arbotante-onix\/#breadcrumb","itemListElement":[{"@type":"ListItem","position":1,"name":"Home","item":"https:\/\/teterete.com\/mx\/"},{"@type":"ListItem","position":2,"name":"Productos","item":"https:\/\/teterete.com\/mx\/shop\/"},{"@type":"ListItem","position":3,"name":"Arbotante \u00d3nix DBH 02"}]},{"@type":"WebSite","@id":"https:\/\/teterete.com\/mx\/#website","url":"https:\/\/teterete.com\/mx\/","name":"","description":"Tienda en L\u00ednea de Fina Artesanias y Dise\u00f1o Mexicano. Bellas piezas elaboradas a mano por los mejores artesanos del pa\u00eds as\u00ed como piezas de dise\u00f1o y decoraci\u00f3n con inspiraci\u00f3n artesanal.","potentialAction":[{"@type":"SearchAction","target":{"@type":"EntryPoint","urlTemplate":"https:\/\/teterete.com\/mx\/?s={search_term_string}"},"query-input":{"@type":"PropertyValueSpecification","valueRequired":true,"valueName":"search_term_string"}}],"inLanguage":"es"}]}},"_links":{"self":[{"href":"https:\/\/teterete.com\/mx\/wp-json\/wp\/v2\/product\/12450"}],"collection":[{"href":"https:\/\/teterete.com\/mx\/wp-json\/wp\/v2\/product"}],"about":[{"href":"https:\/\/teterete.com\/mx\/wp-json\/wp\/v2\/types\/product"}],"replies":[{"embeddable":true,"href":"https:\/\/teterete.com\/mx\/wp-json\/wp\/v2\/comments?post=12450"}],"wp:featuredmedia":[{"embeddable":true,"href":"https:\/\/teterete.com\/mx\/wp-json\/wp\/v2\/media\/12451"}],"wp:attachment":[{"href":"https:\/\/teterete.com\/mx\/wp-json\/wp\/v2\/media?parent=12450"}],"wp:term":[{"taxonomy":"product_cat","embeddable":true,"href":"https:\/\/teterete.com\/mx\/wp-json\/wp\/v2\/product_cat?post=12450"},{"taxonomy":"product_tag","embeddable":true,"href":"https:\/\/teterete.com\/mx\/wp-json\/wp\/v2\/product_tag?post=12450"}],"curies":[{"name":"wp","href":"https:\/\/api.w.org\/{rel}","templated":true}]}}