{"id":12455,"date":"2025-06-16T18:09:46","date_gmt":"2025-06-16T18:09:46","guid":{"rendered":"https:\/\/teterete.com\/mx\/?post_type=product&#038;p=12455"},"modified":"2025-06-16T18:17:24","modified_gmt":"2025-06-16T18:17:24","slug":"arbotante-aura","status":"publish","type":"product","link":"https:\/\/teterete.com\/mx\/producto\/arbotante-aura\/","title":{"rendered":"L\u00e1mpara Arbotante Aura"},"content":{"rendered":"<p><strong><i>MATERIAL<\/i><\/strong><\/p>\n<p><i> acero porcelanizado y nogal americano<\/i><\/p>\n<p><i>1 foco x G9 LED 7 W 402 lm 2700K <strong>atenuable<\/strong><\/i><\/p>\n<p><strong><i>MEDIDAS<\/i><\/strong><\/p>\n<p><i>\u00d8 22 cm x 3.7 cm<\/i><\/p>\n","protected":false},"excerpt":{"rendered":"<p class=\"p1\">La l\u00e1mpara arbotante <span class=\"s1\"><b>AURA WALL 22<\/b><\/span> es una pieza de dise\u00f1o sutil y atemporal. Un c\u00edrculo de madera s\u00f3lida de nogal enmarca la estructura de acero porcelanizado, generando un contraste armonioso entre textura natural y superficie monocrom\u00e1tica. La luz c\u00e1lida se irradia de forma radial, delineando un suave halo entre los materiales. Un objeto escult\u00f3rico que transforma la iluminaci\u00f3n en una experiencia sensorial y espacial.<\/p>\n","protected":false},"featured_media":12456,"comment_status":"open","ping_status":"closed","template":"","meta":{"_acf_changed":false,"sfsi_plus_gutenberg_text_before_share":"","sfsi_plus_gutenberg_show_text_before_share":"","sfsi_plus_gutenberg_icon_type":"","sfsi_plus_gutenberg_icon_alignemt":"","sfsi_plus_gutenburg_max_per_row":""},"product_brand":[],"product_cat":[1200,351,2577],"product_tag":[2546,2582,232,963,795,1176,974,2231],"class_list":{"0":"post-12455","1":"product","2":"type-product","3":"status-publish","4":"has-post-thumbnail","6":"product_cat-iluminacion","7":"product_cat-lamparas","8":"product_cat-coleccion-monocromatico","9":"product_tag-arbotante-artesanal","10":"product_tag-arbotante-mexicano","11":"product_tag-decoracion-mexicana","12":"product_tag-diseno-mexicano","13":"product_tag-lampara-artesanal","14":"product_tag-lampara-decorativa","15":"product_tag-lamparas-mexicanas","16":"product_tag-luminarias-mexicanas","17":"product_shipping_class-standard","19":"first","20":"onbackorder","21":"taxable","22":"shipping-taxable","23":"purchasable","24":"product-type-simple"},"acf":[],"yoast_head":"<!-- This site is optimized with the Yoast SEO plugin v27.5 - https:\/\/yoast.com\/product\/yoast-seo-wordpress\/ -->\n<title>L\u00e1mpara Arbotante Aura -<\/title>\n<meta name=\"description\" content=\"Arbotante AURA WALL 22 con madera de nogal y acero porcelanizado. Luz c\u00e1lida y radial que crea un aura entre texturas y materiales.\" \/>\n<meta name=\"robots\" content=\"index, follow, max-snippet:-1, max-image-preview:large, max-video-preview:-1\" \/>\n<link rel=\"canonical\" href=\"https:\/\/teterete.com\/mx\/producto\/arbotante-aura\/\" \/>\n<meta property=\"og:locale\" content=\"es_ES\" \/>\n<meta property=\"og:type\" content=\"article\" \/>\n<meta property=\"og:title\" content=\"L\u00e1mpara Arbotante Aura -\" \/>\n<meta property=\"og:description\" content=\"Arbotante AURA WALL 22 con madera de nogal y acero porcelanizado. Luz c\u00e1lida y radial que crea un aura entre texturas y materiales.\" \/>\n<meta property=\"og:url\" content=\"https:\/\/teterete.com\/mx\/producto\/arbotante-aura\/\" \/>\n<meta property=\"article:publisher\" content=\"https:\/\/www.facebook.com\/TetereteHome\/\" \/>\n<meta property=\"article:modified_time\" content=\"2025-06-16T18:17:24+00:00\" \/>\n<meta property=\"og:image\" content=\"https:\/\/teterete.com\/mx\/wp-content\/uploads\/2025\/06\/Arbotante-Aura-Pared.jpg\" \/>\n\t<meta property=\"og:image:width\" content=\"1080\" \/>\n\t<meta property=\"og:image:height\" content=\"1080\" \/>\n\t<meta property=\"og:image:type\" content=\"image\/jpeg\" \/>\n<meta name=\"twitter:card\" content=\"summary_large_image\" \/>\n<meta name=\"twitter:site\" content=\"@Teterete_Home\" \/>\n<meta name=\"twitter:label1\" content=\"Tiempo de lectura\" \/>\n\t<meta name=\"twitter:data1\" content=\"1 minuto\" \/>\n<script type=\"application\/ld+json\" class=\"yoast-schema-graph\">{\"@context\":\"https:\\\/\\\/schema.org\",\"@graph\":[{\"@type\":\"WebPage\",\"@id\":\"https:\\\/\\\/teterete.com\\\/mx\\\/producto\\\/arbotante-aura\\\/\",\"url\":\"https:\\\/\\\/teterete.com\\\/mx\\\/producto\\\/arbotante-aura\\\/\",\"name\":\"L\u00e1mpara Arbotante Aura -\",\"isPartOf\":{\"@id\":\"https:\\\/\\\/teterete.com\\\/mx\\\/#website\"},\"primaryImageOfPage\":{\"@id\":\"https:\\\/\\\/teterete.com\\\/mx\\\/producto\\\/arbotante-aura\\\/#primaryimage\"},\"image\":{\"@id\":\"https:\\\/\\\/teterete.com\\\/mx\\\/producto\\\/arbotante-aura\\\/#primaryimage\"},\"thumbnailUrl\":\"https:\\\/\\\/teterete.com\\\/mx\\\/wp-content\\\/uploads\\\/2025\\\/06\\\/Arbotante-Aura-Pared.jpg\",\"datePublished\":\"2025-06-16T18:09:46+00:00\",\"dateModified\":\"2025-06-16T18:17:24+00:00\",\"description\":\"Arbotante AURA WALL 22 con madera de nogal y acero porcelanizado. Luz c\u00e1lida y radial que crea un aura entre texturas y materiales.\",\"breadcrumb\":{\"@id\":\"https:\\\/\\\/teterete.com\\\/mx\\\/producto\\\/arbotante-aura\\\/#breadcrumb\"},\"inLanguage\":\"es\",\"potentialAction\":[{\"@type\":\"ReadAction\",\"target\":[\"https:\\\/\\\/teterete.com\\\/mx\\\/producto\\\/arbotante-aura\\\/\"]}]},{\"@type\":\"ImageObject\",\"inLanguage\":\"es\",\"@id\":\"https:\\\/\\\/teterete.com\\\/mx\\\/producto\\\/arbotante-aura\\\/#primaryimage\",\"url\":\"https:\\\/\\\/teterete.com\\\/mx\\\/wp-content\\\/uploads\\\/2025\\\/06\\\/Arbotante-Aura-Pared.jpg\",\"contentUrl\":\"https:\\\/\\\/teterete.com\\\/mx\\\/wp-content\\\/uploads\\\/2025\\\/06\\\/Arbotante-Aura-Pared.jpg\",\"width\":1080,\"height\":1080,\"caption\":\"Arbotante Aura\"},{\"@type\":\"BreadcrumbList\",\"@id\":\"https:\\\/\\\/teterete.com\\\/mx\\\/producto\\\/arbotante-aura\\\/#breadcrumb\",\"itemListElement\":[{\"@type\":\"ListItem\",\"position\":1,\"name\":\"Home\",\"item\":\"https:\\\/\\\/teterete.com\\\/mx\\\/\"},{\"@type\":\"ListItem\",\"position\":2,\"name\":\"Productos\",\"item\":\"https:\\\/\\\/teterete.com\\\/mx\\\/shop\\\/\"},{\"@type\":\"ListItem\",\"position\":3,\"name\":\"L\u00e1mpara Arbotante Aura\"}]},{\"@type\":\"WebSite\",\"@id\":\"https:\\\/\\\/teterete.com\\\/mx\\\/#website\",\"url\":\"https:\\\/\\\/teterete.com\\\/mx\\\/\",\"name\":\"\",\"description\":\"Tienda en L\u00ednea de Fina Artesanias y Dise\u00f1o Mexicano. Bellas piezas elaboradas a mano por los mejores artesanos del pa\u00eds as\u00ed como piezas de dise\u00f1o y decoraci\u00f3n con inspiraci\u00f3n artesanal.\",\"potentialAction\":[{\"@type\":\"SearchAction\",\"target\":{\"@type\":\"EntryPoint\",\"urlTemplate\":\"https:\\\/\\\/teterete.com\\\/mx\\\/?s={search_term_string}\"},\"query-input\":{\"@type\":\"PropertyValueSpecification\",\"valueRequired\":true,\"valueName\":\"search_term_string\"}}],\"inLanguage\":\"es\"}]}<\/script>\n<!-- \/ Yoast SEO plugin. -->","yoast_head_json":{"title":"L\u00e1mpara Arbotante Aura -","description":"Arbotante AURA WALL 22 con madera de nogal y acero porcelanizado. Luz c\u00e1lida y radial que crea un aura entre texturas y materiales.","robots":{"index":"index","follow":"follow","max-snippet":"max-snippet:-1","max-image-preview":"max-image-preview:large","max-video-preview":"max-video-preview:-1"},"canonical":"https:\/\/teterete.com\/mx\/producto\/arbotante-aura\/","og_locale":"es_ES","og_type":"article","og_title":"L\u00e1mpara Arbotante Aura -","og_description":"Arbotante AURA WALL 22 con madera de nogal y acero porcelanizado. Luz c\u00e1lida y radial que crea un aura entre texturas y materiales.","og_url":"https:\/\/teterete.com\/mx\/producto\/arbotante-aura\/","article_publisher":"https:\/\/www.facebook.com\/TetereteHome\/","article_modified_time":"2025-06-16T18:17:24+00:00","og_image":[{"width":1080,"height":1080,"url":"https:\/\/teterete.com\/mx\/wp-content\/uploads\/2025\/06\/Arbotante-Aura-Pared.jpg","type":"image\/jpeg"}],"twitter_card":"summary_large_image","twitter_site":"@Teterete_Home","twitter_misc":{"Tiempo de lectura":"1 minuto"},"schema":{"@context":"https:\/\/schema.org","@graph":[{"@type":"WebPage","@id":"https:\/\/teterete.com\/mx\/producto\/arbotante-aura\/","url":"https:\/\/teterete.com\/mx\/producto\/arbotante-aura\/","name":"L\u00e1mpara Arbotante Aura -","isPartOf":{"@id":"https:\/\/teterete.com\/mx\/#website"},"primaryImageOfPage":{"@id":"https:\/\/teterete.com\/mx\/producto\/arbotante-aura\/#primaryimage"},"image":{"@id":"https:\/\/teterete.com\/mx\/producto\/arbotante-aura\/#primaryimage"},"thumbnailUrl":"https:\/\/teterete.com\/mx\/wp-content\/uploads\/2025\/06\/Arbotante-Aura-Pared.jpg","datePublished":"2025-06-16T18:09:46+00:00","dateModified":"2025-06-16T18:17:24+00:00","description":"Arbotante AURA WALL 22 con madera de nogal y acero porcelanizado. Luz c\u00e1lida y radial que crea un aura entre texturas y materiales.","breadcrumb":{"@id":"https:\/\/teterete.com\/mx\/producto\/arbotante-aura\/#breadcrumb"},"inLanguage":"es","potentialAction":[{"@type":"ReadAction","target":["https:\/\/teterete.com\/mx\/producto\/arbotante-aura\/"]}]},{"@type":"ImageObject","inLanguage":"es","@id":"https:\/\/teterete.com\/mx\/producto\/arbotante-aura\/#primaryimage","url":"https:\/\/teterete.com\/mx\/wp-content\/uploads\/2025\/06\/Arbotante-Aura-Pared.jpg","contentUrl":"https:\/\/teterete.com\/mx\/wp-content\/uploads\/2025\/06\/Arbotante-Aura-Pared.jpg","width":1080,"height":1080,"caption":"Arbotante Aura"},{"@type":"BreadcrumbList","@id":"https:\/\/teterete.com\/mx\/producto\/arbotante-aura\/#breadcrumb","itemListElement":[{"@type":"ListItem","position":1,"name":"Home","item":"https:\/\/teterete.com\/mx\/"},{"@type":"ListItem","position":2,"name":"Productos","item":"https:\/\/teterete.com\/mx\/shop\/"},{"@type":"ListItem","position":3,"name":"L\u00e1mpara Arbotante Aura"}]},{"@type":"WebSite","@id":"https:\/\/teterete.com\/mx\/#website","url":"https:\/\/teterete.com\/mx\/","name":"","description":"Tienda en L\u00ednea de Fina Artesanias y Dise\u00f1o Mexicano. Bellas piezas elaboradas a mano por los mejores artesanos del pa\u00eds as\u00ed como piezas de dise\u00f1o y decoraci\u00f3n con inspiraci\u00f3n artesanal.","potentialAction":[{"@type":"SearchAction","target":{"@type":"EntryPoint","urlTemplate":"https:\/\/teterete.com\/mx\/?s={search_term_string}"},"query-input":{"@type":"PropertyValueSpecification","valueRequired":true,"valueName":"search_term_string"}}],"inLanguage":"es"}]}},"_links":{"self":[{"href":"https:\/\/teterete.com\/mx\/wp-json\/wp\/v2\/product\/12455","targetHints":{"allow":["GET"]}}],"collection":[{"href":"https:\/\/teterete.com\/mx\/wp-json\/wp\/v2\/product"}],"about":[{"href":"https:\/\/teterete.com\/mx\/wp-json\/wp\/v2\/types\/product"}],"replies":[{"embeddable":true,"href":"https:\/\/teterete.com\/mx\/wp-json\/wp\/v2\/comments?post=12455"}],"wp:featuredmedia":[{"embeddable":true,"href":"https:\/\/teterete.com\/mx\/wp-json\/wp\/v2\/media\/12456"}],"wp:attachment":[{"href":"https:\/\/teterete.com\/mx\/wp-json\/wp\/v2\/media?parent=12455"}],"wp:term":[{"taxonomy":"product_brand","embeddable":true,"href":"https:\/\/teterete.com\/mx\/wp-json\/wp\/v2\/product_brand?post=12455"},{"taxonomy":"product_cat","embeddable":true,"href":"https:\/\/teterete.com\/mx\/wp-json\/wp\/v2\/product_cat?post=12455"},{"taxonomy":"product_tag","embeddable":true,"href":"https:\/\/teterete.com\/mx\/wp-json\/wp\/v2\/product_tag?post=12455"}],"curies":[{"name":"wp","href":"https:\/\/api.w.org\/{rel}","templated":true}]}}