{"id":12466,"date":"2025-06-17T23:37:00","date_gmt":"2025-06-17T23:37:00","guid":{"rendered":"https:\/\/teterete.com\/mx\/?post_type=product&#038;p=12466"},"modified":"2026-01-30T18:44:16","modified_gmt":"2026-01-30T18:44:16","slug":"baul-naranja-2","status":"publish","type":"product","link":"https:\/\/teterete.com\/mx\/producto\/baul-naranja-2\/","title":{"rendered":"Ba\u00fal Naranja"},"content":{"rendered":"<p>Medidas: 21 cms de largo x 13 cms de ancho y 7 cms de altura<\/p>\n<p>Color: Naranja<\/p>\n<p>Material: Madera de pino<\/p>\n","protected":false},"excerpt":{"rendered":"<p>Ba\u00fal artesanal de Olinal\u00e1: labrado y pintado a mano, un tesoro de arte mexicano que combina tradici\u00f3n y elegancia<\/p>\n","protected":false},"featured_media":12468,"comment_status":"open","ping_status":"closed","template":"","meta":{"_acf_changed":false,"sfsi_plus_gutenberg_text_before_share":"","sfsi_plus_gutenberg_show_text_before_share":"","sfsi_plus_gutenberg_icon_type":"","sfsi_plus_gutenberg_icon_alignemt":"","sfsi_plus_gutenburg_max_per_row":""},"product_brand":[],"product_cat":[539,2646,342,2057,2606],"product_tag":[1887,222,1161,2217,2218,272,1002],"class_list":{"0":"post-12466","1":"product","2":"type-product","3":"status-publish","4":"has-post-thumbnail","6":"product_cat-cajitas_de_madera","7":"product_cat-ciber-monday","8":"product_cat-guajes_y_cajitas","9":"product_cat-regalos-mama","10":"product_cat-venta-de-verano","11":"product_tag-artesania-de-olinala","12":"product_tag-artesania-mexicana","13":"product_tag-baul-de-olinala","14":"product_tag-baul-tostonero","15":"product_tag-cajita-de-madera","16":"product_tag-joyero","17":"product_tag-regalos-mexicanos","18":"product_shipping_class-fast-delivery","20":"first","21":"outofstock","22":"sale","23":"taxable","24":"shipping-taxable","25":"purchasable","26":"product-type-simple"},"acf":[],"yoast_head":"<!-- This site is optimized with the Yoast SEO plugin v27.5 - https:\/\/yoast.com\/product\/yoast-seo-wordpress\/ -->\n<title>Ba\u00fal Naranja -<\/title>\n<meta name=\"description\" content=\"Ba\u00fal artesanal de Olinal\u00e1: labrado y pintado a mano, un tesoro de arte mexicano que combina tradici\u00f3n y elegancia\" \/>\n<meta name=\"robots\" content=\"index, follow, max-snippet:-1, max-image-preview:large, max-video-preview:-1\" \/>\n<link rel=\"canonical\" href=\"https:\/\/teterete.com\/mx\/producto\/baul-naranja-2\/\" \/>\n<meta property=\"og:locale\" content=\"es_ES\" \/>\n<meta property=\"og:type\" content=\"article\" \/>\n<meta property=\"og:title\" content=\"Ba\u00fal Naranja -\" \/>\n<meta property=\"og:description\" content=\"Ba\u00fal artesanal de Olinal\u00e1: labrado y pintado a mano, un tesoro de arte mexicano que combina tradici\u00f3n y elegancia\" \/>\n<meta property=\"og:url\" content=\"https:\/\/teterete.com\/mx\/producto\/baul-naranja-2\/\" \/>\n<meta property=\"article:publisher\" content=\"https:\/\/www.facebook.com\/TetereteHome\/\" \/>\n<meta property=\"article:modified_time\" content=\"2026-01-30T18:44:16+00:00\" \/>\n<meta property=\"og:image\" content=\"https:\/\/teterete.com\/mx\/wp-content\/uploads\/2025\/06\/baul-artesanal-olinala.jpg\" \/>\n\t<meta property=\"og:image:width\" content=\"1080\" \/>\n\t<meta property=\"og:image:height\" content=\"1080\" \/>\n\t<meta property=\"og:image:type\" content=\"image\/jpeg\" \/>\n<meta name=\"twitter:card\" content=\"summary_large_image\" \/>\n<meta name=\"twitter:site\" content=\"@Teterete_Home\" \/>\n<meta name=\"twitter:label1\" content=\"Tiempo de lectura\" \/>\n\t<meta name=\"twitter:data1\" content=\"1 minuto\" \/>\n<script type=\"application\/ld+json\" class=\"yoast-schema-graph\">{\"@context\":\"https:\\\/\\\/schema.org\",\"@graph\":[{\"@type\":\"WebPage\",\"@id\":\"https:\\\/\\\/teterete.com\\\/mx\\\/producto\\\/baul-naranja-2\\\/\",\"url\":\"https:\\\/\\\/teterete.com\\\/mx\\\/producto\\\/baul-naranja-2\\\/\",\"name\":\"Ba\u00fal Naranja -\",\"isPartOf\":{\"@id\":\"https:\\\/\\\/teterete.com\\\/mx\\\/#website\"},\"primaryImageOfPage\":{\"@id\":\"https:\\\/\\\/teterete.com\\\/mx\\\/producto\\\/baul-naranja-2\\\/#primaryimage\"},\"image\":{\"@id\":\"https:\\\/\\\/teterete.com\\\/mx\\\/producto\\\/baul-naranja-2\\\/#primaryimage\"},\"thumbnailUrl\":\"https:\\\/\\\/teterete.com\\\/mx\\\/wp-content\\\/uploads\\\/2025\\\/06\\\/baul-artesanal-olinala.jpg\",\"datePublished\":\"2025-06-17T23:37:00+00:00\",\"dateModified\":\"2026-01-30T18:44:16+00:00\",\"description\":\"Ba\u00fal artesanal de Olinal\u00e1: labrado y pintado a mano, un tesoro de arte mexicano que combina tradici\u00f3n y elegancia\",\"breadcrumb\":{\"@id\":\"https:\\\/\\\/teterete.com\\\/mx\\\/producto\\\/baul-naranja-2\\\/#breadcrumb\"},\"inLanguage\":\"es\",\"potentialAction\":[{\"@type\":\"ReadAction\",\"target\":[\"https:\\\/\\\/teterete.com\\\/mx\\\/producto\\\/baul-naranja-2\\\/\"]}]},{\"@type\":\"ImageObject\",\"inLanguage\":\"es\",\"@id\":\"https:\\\/\\\/teterete.com\\\/mx\\\/producto\\\/baul-naranja-2\\\/#primaryimage\",\"url\":\"https:\\\/\\\/teterete.com\\\/mx\\\/wp-content\\\/uploads\\\/2025\\\/06\\\/baul-artesanal-olinala.jpg\",\"contentUrl\":\"https:\\\/\\\/teterete.com\\\/mx\\\/wp-content\\\/uploads\\\/2025\\\/06\\\/baul-artesanal-olinala.jpg\",\"width\":1080,\"height\":1080},{\"@type\":\"BreadcrumbList\",\"@id\":\"https:\\\/\\\/teterete.com\\\/mx\\\/producto\\\/baul-naranja-2\\\/#breadcrumb\",\"itemListElement\":[{\"@type\":\"ListItem\",\"position\":1,\"name\":\"Home\",\"item\":\"https:\\\/\\\/teterete.com\\\/mx\\\/\"},{\"@type\":\"ListItem\",\"position\":2,\"name\":\"Productos\",\"item\":\"https:\\\/\\\/teterete.com\\\/mx\\\/shop\\\/\"},{\"@type\":\"ListItem\",\"position\":3,\"name\":\"Ba\u00fal Naranja\"}]},{\"@type\":\"WebSite\",\"@id\":\"https:\\\/\\\/teterete.com\\\/mx\\\/#website\",\"url\":\"https:\\\/\\\/teterete.com\\\/mx\\\/\",\"name\":\"\",\"description\":\"Tienda en L\u00ednea de Fina Artesanias y Dise\u00f1o Mexicano. Bellas piezas elaboradas a mano por los mejores artesanos del pa\u00eds as\u00ed como piezas de dise\u00f1o y decoraci\u00f3n con inspiraci\u00f3n artesanal.\",\"potentialAction\":[{\"@type\":\"SearchAction\",\"target\":{\"@type\":\"EntryPoint\",\"urlTemplate\":\"https:\\\/\\\/teterete.com\\\/mx\\\/?s={search_term_string}\"},\"query-input\":{\"@type\":\"PropertyValueSpecification\",\"valueRequired\":true,\"valueName\":\"search_term_string\"}}],\"inLanguage\":\"es\"}]}<\/script>\n<!-- \/ Yoast SEO plugin. -->","yoast_head_json":{"title":"Ba\u00fal Naranja -","description":"Ba\u00fal artesanal de Olinal\u00e1: labrado y pintado a mano, un tesoro de arte mexicano que combina tradici\u00f3n y elegancia","robots":{"index":"index","follow":"follow","max-snippet":"max-snippet:-1","max-image-preview":"max-image-preview:large","max-video-preview":"max-video-preview:-1"},"canonical":"https:\/\/teterete.com\/mx\/producto\/baul-naranja-2\/","og_locale":"es_ES","og_type":"article","og_title":"Ba\u00fal Naranja -","og_description":"Ba\u00fal artesanal de Olinal\u00e1: labrado y pintado a mano, un tesoro de arte mexicano que combina tradici\u00f3n y elegancia","og_url":"https:\/\/teterete.com\/mx\/producto\/baul-naranja-2\/","article_publisher":"https:\/\/www.facebook.com\/TetereteHome\/","article_modified_time":"2026-01-30T18:44:16+00:00","og_image":[{"width":1080,"height":1080,"url":"https:\/\/teterete.com\/mx\/wp-content\/uploads\/2025\/06\/baul-artesanal-olinala.jpg","type":"image\/jpeg"}],"twitter_card":"summary_large_image","twitter_site":"@Teterete_Home","twitter_misc":{"Tiempo de lectura":"1 minuto"},"schema":{"@context":"https:\/\/schema.org","@graph":[{"@type":"WebPage","@id":"https:\/\/teterete.com\/mx\/producto\/baul-naranja-2\/","url":"https:\/\/teterete.com\/mx\/producto\/baul-naranja-2\/","name":"Ba\u00fal Naranja -","isPartOf":{"@id":"https:\/\/teterete.com\/mx\/#website"},"primaryImageOfPage":{"@id":"https:\/\/teterete.com\/mx\/producto\/baul-naranja-2\/#primaryimage"},"image":{"@id":"https:\/\/teterete.com\/mx\/producto\/baul-naranja-2\/#primaryimage"},"thumbnailUrl":"https:\/\/teterete.com\/mx\/wp-content\/uploads\/2025\/06\/baul-artesanal-olinala.jpg","datePublished":"2025-06-17T23:37:00+00:00","dateModified":"2026-01-30T18:44:16+00:00","description":"Ba\u00fal artesanal de Olinal\u00e1: labrado y pintado a mano, un tesoro de arte mexicano que combina tradici\u00f3n y elegancia","breadcrumb":{"@id":"https:\/\/teterete.com\/mx\/producto\/baul-naranja-2\/#breadcrumb"},"inLanguage":"es","potentialAction":[{"@type":"ReadAction","target":["https:\/\/teterete.com\/mx\/producto\/baul-naranja-2\/"]}]},{"@type":"ImageObject","inLanguage":"es","@id":"https:\/\/teterete.com\/mx\/producto\/baul-naranja-2\/#primaryimage","url":"https:\/\/teterete.com\/mx\/wp-content\/uploads\/2025\/06\/baul-artesanal-olinala.jpg","contentUrl":"https:\/\/teterete.com\/mx\/wp-content\/uploads\/2025\/06\/baul-artesanal-olinala.jpg","width":1080,"height":1080},{"@type":"BreadcrumbList","@id":"https:\/\/teterete.com\/mx\/producto\/baul-naranja-2\/#breadcrumb","itemListElement":[{"@type":"ListItem","position":1,"name":"Home","item":"https:\/\/teterete.com\/mx\/"},{"@type":"ListItem","position":2,"name":"Productos","item":"https:\/\/teterete.com\/mx\/shop\/"},{"@type":"ListItem","position":3,"name":"Ba\u00fal Naranja"}]},{"@type":"WebSite","@id":"https:\/\/teterete.com\/mx\/#website","url":"https:\/\/teterete.com\/mx\/","name":"","description":"Tienda en L\u00ednea de Fina Artesanias y Dise\u00f1o Mexicano. Bellas piezas elaboradas a mano por los mejores artesanos del pa\u00eds as\u00ed como piezas de dise\u00f1o y decoraci\u00f3n con inspiraci\u00f3n artesanal.","potentialAction":[{"@type":"SearchAction","target":{"@type":"EntryPoint","urlTemplate":"https:\/\/teterete.com\/mx\/?s={search_term_string}"},"query-input":{"@type":"PropertyValueSpecification","valueRequired":true,"valueName":"search_term_string"}}],"inLanguage":"es"}]}},"_links":{"self":[{"href":"https:\/\/teterete.com\/mx\/wp-json\/wp\/v2\/product\/12466","targetHints":{"allow":["GET"]}}],"collection":[{"href":"https:\/\/teterete.com\/mx\/wp-json\/wp\/v2\/product"}],"about":[{"href":"https:\/\/teterete.com\/mx\/wp-json\/wp\/v2\/types\/product"}],"replies":[{"embeddable":true,"href":"https:\/\/teterete.com\/mx\/wp-json\/wp\/v2\/comments?post=12466"}],"wp:featuredmedia":[{"embeddable":true,"href":"https:\/\/teterete.com\/mx\/wp-json\/wp\/v2\/media\/12468"}],"wp:attachment":[{"href":"https:\/\/teterete.com\/mx\/wp-json\/wp\/v2\/media?parent=12466"}],"wp:term":[{"taxonomy":"product_brand","embeddable":true,"href":"https:\/\/teterete.com\/mx\/wp-json\/wp\/v2\/product_brand?post=12466"},{"taxonomy":"product_cat","embeddable":true,"href":"https:\/\/teterete.com\/mx\/wp-json\/wp\/v2\/product_cat?post=12466"},{"taxonomy":"product_tag","embeddable":true,"href":"https:\/\/teterete.com\/mx\/wp-json\/wp\/v2\/product_tag?post=12466"}],"curies":[{"name":"wp","href":"https:\/\/api.w.org\/{rel}","templated":true}]}}