{"id":12482,"date":"2025-06-18T19:31:45","date_gmt":"2025-06-18T19:31:45","guid":{"rendered":"https:\/\/teterete.com\/mx\/?post_type=product&#038;p=12482"},"modified":"2026-04-14T18:55:31","modified_gmt":"2026-04-14T18:55:31","slug":"petate-de-palma","status":"publish","type":"product","link":"https:\/\/teterete.com\/mx\/producto\/petate-de-palma\/","title":{"rendered":"Petate de Palma para Enmarcar"},"content":{"rendered":"<p>Petate hecho en palma natural<\/p>\n<p>Medidas: 88L x 68 Ancho<\/p>\n<p>Tejido totalmente a mano.<\/p>\n<p>No incluye marco, se puede enmarcar con un costo adicional.<\/p>\n","protected":false},"excerpt":{"rendered":"<p class=\"p1\">Este espectacular textil es tejido y te\u00f1ido a mano con palma natural por artesanos de Guerrero. Tradicionalmente usado como petate, esta pieza trasciende su uso funcional para convertirse en una expresi\u00f3n visual vibrante y geom\u00e9trica que habla del dise\u00f1o ind\u00edgena contempor\u00e1neo. Los colores intensos y patrones intrincados generan dinamismo y profundidad, haci\u00e9ndola perfecta para ser montada como pieza de arte mural.<\/p>\n<p>**No incluye marco, se puede incluir con costo adicional.<\/p>\n","protected":false},"featured_media":12483,"comment_status":"open","ping_status":"closed","template":"","meta":{"_acf_changed":false,"sfsi_plus_gutenberg_text_before_share":"","sfsi_plus_gutenberg_show_text_before_share":"","sfsi_plus_gutenberg_icon_type":"","sfsi_plus_gutenberg_icon_alignemt":"","sfsi_plus_gutenburg_max_per_row":""},"product_brand":[],"product_cat":[2646,1515,341,683,658,682,2606],"product_tag":[2590,2587,2589,2605,2588],"class_list":{"0":"post-12482","1":"product","2":"type-product","3":"status-publish","4":"has-post-thumbnail","6":"product_cat-ciber-monday","7":"product_cat-decoracion-pared","8":"product_cat-pared","9":"product_cat-objetos_de_palma","10":"product_cat-rebajas","11":"product_cat-terraza","12":"product_cat-venta-de-verano","13":"product_tag-decoracion-en-palma","14":"product_tag-palma-natural-para-marco","15":"product_tag-palma-tejida-a-mano","16":"product_tag-petate-de-palma","17":"product_tag-textiles-fibra-natural","18":"product_shipping_class-fast-delivery","20":"first","21":"instock","22":"sale","23":"taxable","24":"shipping-taxable","25":"purchasable","26":"product-type-simple"},"acf":[],"yoast_head":"<!-- This site is optimized with the Yoast SEO plugin v27.5 - https:\/\/yoast.com\/product\/yoast-seo-wordpress\/ -->\n<title>Petate de Palma para Enmarcar -<\/title>\n<meta name=\"description\" content=\"Petate de palma natural tejido y te\u00f1ido a mano en Guerrero. Pieza artesanal ideal para enmarcar como arte mural en espacios contempor\u00e1neos.\" \/>\n<meta name=\"robots\" content=\"index, follow, max-snippet:-1, max-image-preview:large, max-video-preview:-1\" \/>\n<link rel=\"canonical\" href=\"https:\/\/teterete.com\/mx\/producto\/petate-de-palma\/\" \/>\n<meta property=\"og:locale\" content=\"es_ES\" \/>\n<meta property=\"og:type\" content=\"article\" \/>\n<meta property=\"og:title\" content=\"Petate de Palma para Enmarcar -\" \/>\n<meta property=\"og:description\" content=\"Petate de palma natural tejido y te\u00f1ido a mano en Guerrero. Pieza artesanal ideal para enmarcar como arte mural en espacios contempor\u00e1neos.\" \/>\n<meta property=\"og:url\" content=\"https:\/\/teterete.com\/mx\/producto\/petate-de-palma\/\" \/>\n<meta property=\"article:publisher\" content=\"https:\/\/www.facebook.com\/TetereteHome\/\" \/>\n<meta property=\"article:modified_time\" content=\"2026-04-14T18:55:31+00:00\" \/>\n<meta property=\"og:image\" content=\"https:\/\/teterete.com\/mx\/wp-content\/uploads\/2025\/06\/cuadro-palma-natural.jpeg\" \/>\n\t<meta property=\"og:image:width\" content=\"800\" \/>\n\t<meta property=\"og:image:height\" content=\"600\" \/>\n\t<meta property=\"og:image:type\" content=\"image\/jpeg\" \/>\n<meta name=\"twitter:card\" content=\"summary_large_image\" \/>\n<meta name=\"twitter:site\" content=\"@Teterete_Home\" \/>\n<meta name=\"twitter:label1\" content=\"Tiempo de lectura\" \/>\n\t<meta name=\"twitter:data1\" content=\"1 minuto\" \/>\n<script type=\"application\/ld+json\" class=\"yoast-schema-graph\">{\"@context\":\"https:\\\/\\\/schema.org\",\"@graph\":[{\"@type\":\"WebPage\",\"@id\":\"https:\\\/\\\/teterete.com\\\/mx\\\/producto\\\/petate-de-palma\\\/\",\"url\":\"https:\\\/\\\/teterete.com\\\/mx\\\/producto\\\/petate-de-palma\\\/\",\"name\":\"Petate de Palma para Enmarcar -\",\"isPartOf\":{\"@id\":\"https:\\\/\\\/teterete.com\\\/mx\\\/#website\"},\"primaryImageOfPage\":{\"@id\":\"https:\\\/\\\/teterete.com\\\/mx\\\/producto\\\/petate-de-palma\\\/#primaryimage\"},\"image\":{\"@id\":\"https:\\\/\\\/teterete.com\\\/mx\\\/producto\\\/petate-de-palma\\\/#primaryimage\"},\"thumbnailUrl\":\"https:\\\/\\\/teterete.com\\\/mx\\\/wp-content\\\/uploads\\\/2025\\\/06\\\/cuadro-palma-natural.jpeg\",\"datePublished\":\"2025-06-18T19:31:45+00:00\",\"dateModified\":\"2026-04-14T18:55:31+00:00\",\"description\":\"Petate de palma natural tejido y te\u00f1ido a mano en Guerrero. Pieza artesanal ideal para enmarcar como arte mural en espacios contempor\u00e1neos.\",\"breadcrumb\":{\"@id\":\"https:\\\/\\\/teterete.com\\\/mx\\\/producto\\\/petate-de-palma\\\/#breadcrumb\"},\"inLanguage\":\"es\",\"potentialAction\":[{\"@type\":\"ReadAction\",\"target\":[\"https:\\\/\\\/teterete.com\\\/mx\\\/producto\\\/petate-de-palma\\\/\"]}]},{\"@type\":\"ImageObject\",\"inLanguage\":\"es\",\"@id\":\"https:\\\/\\\/teterete.com\\\/mx\\\/producto\\\/petate-de-palma\\\/#primaryimage\",\"url\":\"https:\\\/\\\/teterete.com\\\/mx\\\/wp-content\\\/uploads\\\/2025\\\/06\\\/cuadro-palma-natural.jpeg\",\"contentUrl\":\"https:\\\/\\\/teterete.com\\\/mx\\\/wp-content\\\/uploads\\\/2025\\\/06\\\/cuadro-palma-natural.jpeg\",\"width\":800,\"height\":600,\"caption\":\"Cuadro Palma Natural\"},{\"@type\":\"BreadcrumbList\",\"@id\":\"https:\\\/\\\/teterete.com\\\/mx\\\/producto\\\/petate-de-palma\\\/#breadcrumb\",\"itemListElement\":[{\"@type\":\"ListItem\",\"position\":1,\"name\":\"Home\",\"item\":\"https:\\\/\\\/teterete.com\\\/mx\\\/\"},{\"@type\":\"ListItem\",\"position\":2,\"name\":\"Productos\",\"item\":\"https:\\\/\\\/teterete.com\\\/mx\\\/shop\\\/\"},{\"@type\":\"ListItem\",\"position\":3,\"name\":\"Petate de Palma para Enmarcar\"}]},{\"@type\":\"WebSite\",\"@id\":\"https:\\\/\\\/teterete.com\\\/mx\\\/#website\",\"url\":\"https:\\\/\\\/teterete.com\\\/mx\\\/\",\"name\":\"\",\"description\":\"Tienda en L\u00ednea de Fina Artesanias y Dise\u00f1o Mexicano. Bellas piezas elaboradas a mano por los mejores artesanos del pa\u00eds as\u00ed como piezas de dise\u00f1o y decoraci\u00f3n con inspiraci\u00f3n artesanal.\",\"potentialAction\":[{\"@type\":\"SearchAction\",\"target\":{\"@type\":\"EntryPoint\",\"urlTemplate\":\"https:\\\/\\\/teterete.com\\\/mx\\\/?s={search_term_string}\"},\"query-input\":{\"@type\":\"PropertyValueSpecification\",\"valueRequired\":true,\"valueName\":\"search_term_string\"}}],\"inLanguage\":\"es\"}]}<\/script>\n<!-- \/ Yoast SEO plugin. -->","yoast_head_json":{"title":"Petate de Palma para Enmarcar -","description":"Petate de palma natural tejido y te\u00f1ido a mano en Guerrero. Pieza artesanal ideal para enmarcar como arte mural en espacios contempor\u00e1neos.","robots":{"index":"index","follow":"follow","max-snippet":"max-snippet:-1","max-image-preview":"max-image-preview:large","max-video-preview":"max-video-preview:-1"},"canonical":"https:\/\/teterete.com\/mx\/producto\/petate-de-palma\/","og_locale":"es_ES","og_type":"article","og_title":"Petate de Palma para Enmarcar -","og_description":"Petate de palma natural tejido y te\u00f1ido a mano en Guerrero. Pieza artesanal ideal para enmarcar como arte mural en espacios contempor\u00e1neos.","og_url":"https:\/\/teterete.com\/mx\/producto\/petate-de-palma\/","article_publisher":"https:\/\/www.facebook.com\/TetereteHome\/","article_modified_time":"2026-04-14T18:55:31+00:00","og_image":[{"width":800,"height":600,"url":"https:\/\/teterete.com\/mx\/wp-content\/uploads\/2025\/06\/cuadro-palma-natural.jpeg","type":"image\/jpeg"}],"twitter_card":"summary_large_image","twitter_site":"@Teterete_Home","twitter_misc":{"Tiempo de lectura":"1 minuto"},"schema":{"@context":"https:\/\/schema.org","@graph":[{"@type":"WebPage","@id":"https:\/\/teterete.com\/mx\/producto\/petate-de-palma\/","url":"https:\/\/teterete.com\/mx\/producto\/petate-de-palma\/","name":"Petate de Palma para Enmarcar -","isPartOf":{"@id":"https:\/\/teterete.com\/mx\/#website"},"primaryImageOfPage":{"@id":"https:\/\/teterete.com\/mx\/producto\/petate-de-palma\/#primaryimage"},"image":{"@id":"https:\/\/teterete.com\/mx\/producto\/petate-de-palma\/#primaryimage"},"thumbnailUrl":"https:\/\/teterete.com\/mx\/wp-content\/uploads\/2025\/06\/cuadro-palma-natural.jpeg","datePublished":"2025-06-18T19:31:45+00:00","dateModified":"2026-04-14T18:55:31+00:00","description":"Petate de palma natural tejido y te\u00f1ido a mano en Guerrero. Pieza artesanal ideal para enmarcar como arte mural en espacios contempor\u00e1neos.","breadcrumb":{"@id":"https:\/\/teterete.com\/mx\/producto\/petate-de-palma\/#breadcrumb"},"inLanguage":"es","potentialAction":[{"@type":"ReadAction","target":["https:\/\/teterete.com\/mx\/producto\/petate-de-palma\/"]}]},{"@type":"ImageObject","inLanguage":"es","@id":"https:\/\/teterete.com\/mx\/producto\/petate-de-palma\/#primaryimage","url":"https:\/\/teterete.com\/mx\/wp-content\/uploads\/2025\/06\/cuadro-palma-natural.jpeg","contentUrl":"https:\/\/teterete.com\/mx\/wp-content\/uploads\/2025\/06\/cuadro-palma-natural.jpeg","width":800,"height":600,"caption":"Cuadro Palma Natural"},{"@type":"BreadcrumbList","@id":"https:\/\/teterete.com\/mx\/producto\/petate-de-palma\/#breadcrumb","itemListElement":[{"@type":"ListItem","position":1,"name":"Home","item":"https:\/\/teterete.com\/mx\/"},{"@type":"ListItem","position":2,"name":"Productos","item":"https:\/\/teterete.com\/mx\/shop\/"},{"@type":"ListItem","position":3,"name":"Petate de Palma para Enmarcar"}]},{"@type":"WebSite","@id":"https:\/\/teterete.com\/mx\/#website","url":"https:\/\/teterete.com\/mx\/","name":"","description":"Tienda en L\u00ednea de Fina Artesanias y Dise\u00f1o Mexicano. Bellas piezas elaboradas a mano por los mejores artesanos del pa\u00eds as\u00ed como piezas de dise\u00f1o y decoraci\u00f3n con inspiraci\u00f3n artesanal.","potentialAction":[{"@type":"SearchAction","target":{"@type":"EntryPoint","urlTemplate":"https:\/\/teterete.com\/mx\/?s={search_term_string}"},"query-input":{"@type":"PropertyValueSpecification","valueRequired":true,"valueName":"search_term_string"}}],"inLanguage":"es"}]}},"_links":{"self":[{"href":"https:\/\/teterete.com\/mx\/wp-json\/wp\/v2\/product\/12482","targetHints":{"allow":["GET"]}}],"collection":[{"href":"https:\/\/teterete.com\/mx\/wp-json\/wp\/v2\/product"}],"about":[{"href":"https:\/\/teterete.com\/mx\/wp-json\/wp\/v2\/types\/product"}],"replies":[{"embeddable":true,"href":"https:\/\/teterete.com\/mx\/wp-json\/wp\/v2\/comments?post=12482"}],"wp:featuredmedia":[{"embeddable":true,"href":"https:\/\/teterete.com\/mx\/wp-json\/wp\/v2\/media\/12483"}],"wp:attachment":[{"href":"https:\/\/teterete.com\/mx\/wp-json\/wp\/v2\/media?parent=12482"}],"wp:term":[{"taxonomy":"product_brand","embeddable":true,"href":"https:\/\/teterete.com\/mx\/wp-json\/wp\/v2\/product_brand?post=12482"},{"taxonomy":"product_cat","embeddable":true,"href":"https:\/\/teterete.com\/mx\/wp-json\/wp\/v2\/product_cat?post=12482"},{"taxonomy":"product_tag","embeddable":true,"href":"https:\/\/teterete.com\/mx\/wp-json\/wp\/v2\/product_tag?post=12482"}],"curies":[{"name":"wp","href":"https:\/\/api.w.org\/{rel}","templated":true}]}}