{"id":12501,"date":"2025-06-18T23:40:34","date_gmt":"2025-06-18T23:40:34","guid":{"rendered":"https:\/\/teterete.com\/mx\/?post_type=product&#038;p=12501"},"modified":"2026-03-24T22:10:57","modified_gmt":"2026-03-24T22:10:57","slug":"anfora-pintada-a-mano","status":"publish","type":"product","link":"https:\/\/teterete.com\/mx\/producto\/anfora-pintada-a-mano\/","title":{"rendered":"\u00c1nfora de Barro con Historia"},"content":{"rendered":"<p>Pieza pintada a mano por artesanos de San Agust\u00edn Oapan, Guerrero.<\/p>\n<p>Material: Barro moldeado y pintado a mano<\/p>\n<p>Medidas: 20 cms de L x 12 cms de ancho x 22 cms de alto<\/p>\n","protected":false},"excerpt":{"rendered":"<p>Arte que cuenta historias: \u00e1nfora o licorera de barro moldeada y pintada a mano en Guerrero, con paisajes y personajes que reflejan la vida del artesano. Una pieza \u00fanica, rica en detalles y tradici\u00f3n<\/p>\n","protected":false},"featured_media":12801,"comment_status":"open","ping_status":"closed","template":"","meta":{"_acf_changed":false,"sfsi_plus_gutenberg_text_before_share":"","sfsi_plus_gutenberg_show_text_before_share":"","sfsi_plus_gutenberg_icon_type":"","sfsi_plus_gutenberg_icon_alignemt":"","sfsi_plus_gutenburg_max_per_row":""},"product_brand":[],"product_cat":[1882,354,15,2646,342,658,2606],"product_tag":[2600,2599,2601,2598,2170],"class_list":{"0":"post-12501","1":"product","2":"type-product","3":"status-publish","4":"has-post-thumbnail","6":"product_cat-bar","7":"product_cat-barro-decorativo","8":"product_cat-ceramica","9":"product_cat-ciber-monday","10":"product_cat-guajes_y_cajitas","11":"product_cat-rebajas","12":"product_cat-venta-de-verano","13":"product_tag-anfora-artesanal","14":"product_tag-anfora-de-barro","15":"product_tag-anfora-pintada-a-mano","16":"product_tag-licorera-artesanal","17":"product_tag-licorera-de-barro","18":"product_shipping_class-fast-delivery","20":"first","21":"instock","22":"sale","23":"taxable","24":"shipping-taxable","25":"purchasable","26":"product-type-simple"},"acf":[],"yoast_head":"<!-- This site is optimized with the Yoast SEO plugin v27.6 - https:\/\/yoast.com\/product\/yoast-seo-wordpress\/ -->\n<title>\u00c1nfora de Barro con Historia -<\/title>\n<meta name=\"description\" content=\"\u00c1nfora de barro con historia pintada a mano en Guerrero, con paisajes y personajes que reflejan la vida del artesano. Una pieza \u00fanica, rica en detalles y tradici\u00f3n\" \/>\n<meta name=\"robots\" content=\"index, follow, max-snippet:-1, max-image-preview:large, max-video-preview:-1\" \/>\n<link rel=\"canonical\" href=\"https:\/\/teterete.com\/mx\/producto\/anfora-pintada-a-mano\/\" \/>\n<meta property=\"og:locale\" content=\"es_ES\" \/>\n<meta property=\"og:type\" content=\"article\" \/>\n<meta property=\"og:title\" content=\"\u00c1nfora de Barro con Historia -\" \/>\n<meta property=\"og:description\" content=\"\u00c1nfora de barro con historia pintada a mano en Guerrero, con paisajes y personajes que reflejan la vida del artesano. Una pieza \u00fanica, rica en detalles y tradici\u00f3n\" \/>\n<meta property=\"og:url\" content=\"https:\/\/teterete.com\/mx\/producto\/anfora-pintada-a-mano\/\" \/>\n<meta property=\"article:publisher\" content=\"https:\/\/www.facebook.com\/TetereteHome\/\" \/>\n<meta property=\"article:modified_time\" content=\"2026-03-24T22:10:57+00:00\" \/>\n<meta property=\"og:image\" content=\"https:\/\/teterete.com\/mx\/wp-content\/uploads\/2025\/06\/licorera-artesanal.jpg\" \/>\n\t<meta property=\"og:image:width\" content=\"1024\" \/>\n\t<meta property=\"og:image:height\" content=\"1024\" \/>\n\t<meta property=\"og:image:type\" content=\"image\/jpeg\" \/>\n<meta name=\"twitter:card\" content=\"summary_large_image\" \/>\n<meta name=\"twitter:site\" content=\"@Teterete_Home\" \/>\n<meta name=\"twitter:label1\" content=\"Tiempo de lectura\" \/>\n\t<meta name=\"twitter:data1\" content=\"1 minuto\" \/>\n<script type=\"application\/ld+json\" class=\"yoast-schema-graph\">{\"@context\":\"https:\\\/\\\/schema.org\",\"@graph\":[{\"@type\":\"WebPage\",\"@id\":\"https:\\\/\\\/teterete.com\\\/mx\\\/producto\\\/anfora-pintada-a-mano\\\/\",\"url\":\"https:\\\/\\\/teterete.com\\\/mx\\\/producto\\\/anfora-pintada-a-mano\\\/\",\"name\":\"\u00c1nfora de Barro con Historia -\",\"isPartOf\":{\"@id\":\"https:\\\/\\\/teterete.com\\\/mx\\\/#website\"},\"primaryImageOfPage\":{\"@id\":\"https:\\\/\\\/teterete.com\\\/mx\\\/producto\\\/anfora-pintada-a-mano\\\/#primaryimage\"},\"image\":{\"@id\":\"https:\\\/\\\/teterete.com\\\/mx\\\/producto\\\/anfora-pintada-a-mano\\\/#primaryimage\"},\"thumbnailUrl\":\"https:\\\/\\\/teterete.com\\\/mx\\\/wp-content\\\/uploads\\\/2025\\\/06\\\/licorera-artesanal.jpg\",\"datePublished\":\"2025-06-18T23:40:34+00:00\",\"dateModified\":\"2026-03-24T22:10:57+00:00\",\"description\":\"\u00c1nfora de barro con historia pintada a mano en Guerrero, con paisajes y personajes que reflejan la vida del artesano. Una pieza \u00fanica, rica en detalles y tradici\u00f3n\",\"breadcrumb\":{\"@id\":\"https:\\\/\\\/teterete.com\\\/mx\\\/producto\\\/anfora-pintada-a-mano\\\/#breadcrumb\"},\"inLanguage\":\"es\",\"potentialAction\":[{\"@type\":\"ReadAction\",\"target\":[\"https:\\\/\\\/teterete.com\\\/mx\\\/producto\\\/anfora-pintada-a-mano\\\/\"]}]},{\"@type\":\"ImageObject\",\"inLanguage\":\"es\",\"@id\":\"https:\\\/\\\/teterete.com\\\/mx\\\/producto\\\/anfora-pintada-a-mano\\\/#primaryimage\",\"url\":\"https:\\\/\\\/teterete.com\\\/mx\\\/wp-content\\\/uploads\\\/2025\\\/06\\\/licorera-artesanal.jpg\",\"contentUrl\":\"https:\\\/\\\/teterete.com\\\/mx\\\/wp-content\\\/uploads\\\/2025\\\/06\\\/licorera-artesanal.jpg\",\"width\":1024,\"height\":1024,\"caption\":\"Licorera Artesanal\"},{\"@type\":\"BreadcrumbList\",\"@id\":\"https:\\\/\\\/teterete.com\\\/mx\\\/producto\\\/anfora-pintada-a-mano\\\/#breadcrumb\",\"itemListElement\":[{\"@type\":\"ListItem\",\"position\":1,\"name\":\"Home\",\"item\":\"https:\\\/\\\/teterete.com\\\/mx\\\/\"},{\"@type\":\"ListItem\",\"position\":2,\"name\":\"Productos\",\"item\":\"https:\\\/\\\/teterete.com\\\/mx\\\/shop\\\/\"},{\"@type\":\"ListItem\",\"position\":3,\"name\":\"\u00c1nfora de Barro con Historia\"}]},{\"@type\":\"WebSite\",\"@id\":\"https:\\\/\\\/teterete.com\\\/mx\\\/#website\",\"url\":\"https:\\\/\\\/teterete.com\\\/mx\\\/\",\"name\":\"\",\"description\":\"Tienda en L\u00ednea de Fina Artesanias y Dise\u00f1o Mexicano. Bellas piezas elaboradas a mano por los mejores artesanos del pa\u00eds as\u00ed como piezas de dise\u00f1o y decoraci\u00f3n con inspiraci\u00f3n artesanal.\",\"potentialAction\":[{\"@type\":\"SearchAction\",\"target\":{\"@type\":\"EntryPoint\",\"urlTemplate\":\"https:\\\/\\\/teterete.com\\\/mx\\\/?s={search_term_string}\"},\"query-input\":{\"@type\":\"PropertyValueSpecification\",\"valueRequired\":true,\"valueName\":\"search_term_string\"}}],\"inLanguage\":\"es\"}]}<\/script>\n<!-- \/ Yoast SEO plugin. -->","yoast_head_json":{"title":"\u00c1nfora de Barro con Historia -","description":"\u00c1nfora de barro con historia pintada a mano en Guerrero, con paisajes y personajes que reflejan la vida del artesano. Una pieza \u00fanica, rica en detalles y tradici\u00f3n","robots":{"index":"index","follow":"follow","max-snippet":"max-snippet:-1","max-image-preview":"max-image-preview:large","max-video-preview":"max-video-preview:-1"},"canonical":"https:\/\/teterete.com\/mx\/producto\/anfora-pintada-a-mano\/","og_locale":"es_ES","og_type":"article","og_title":"\u00c1nfora de Barro con Historia -","og_description":"\u00c1nfora de barro con historia pintada a mano en Guerrero, con paisajes y personajes que reflejan la vida del artesano. Una pieza \u00fanica, rica en detalles y tradici\u00f3n","og_url":"https:\/\/teterete.com\/mx\/producto\/anfora-pintada-a-mano\/","article_publisher":"https:\/\/www.facebook.com\/TetereteHome\/","article_modified_time":"2026-03-24T22:10:57+00:00","og_image":[{"width":1024,"height":1024,"url":"https:\/\/teterete.com\/mx\/wp-content\/uploads\/2025\/06\/licorera-artesanal.jpg","type":"image\/jpeg"}],"twitter_card":"summary_large_image","twitter_site":"@Teterete_Home","twitter_misc":{"Tiempo de lectura":"1 minuto"},"schema":{"@context":"https:\/\/schema.org","@graph":[{"@type":"WebPage","@id":"https:\/\/teterete.com\/mx\/producto\/anfora-pintada-a-mano\/","url":"https:\/\/teterete.com\/mx\/producto\/anfora-pintada-a-mano\/","name":"\u00c1nfora de Barro con Historia -","isPartOf":{"@id":"https:\/\/teterete.com\/mx\/#website"},"primaryImageOfPage":{"@id":"https:\/\/teterete.com\/mx\/producto\/anfora-pintada-a-mano\/#primaryimage"},"image":{"@id":"https:\/\/teterete.com\/mx\/producto\/anfora-pintada-a-mano\/#primaryimage"},"thumbnailUrl":"https:\/\/teterete.com\/mx\/wp-content\/uploads\/2025\/06\/licorera-artesanal.jpg","datePublished":"2025-06-18T23:40:34+00:00","dateModified":"2026-03-24T22:10:57+00:00","description":"\u00c1nfora de barro con historia pintada a mano en Guerrero, con paisajes y personajes que reflejan la vida del artesano. Una pieza \u00fanica, rica en detalles y tradici\u00f3n","breadcrumb":{"@id":"https:\/\/teterete.com\/mx\/producto\/anfora-pintada-a-mano\/#breadcrumb"},"inLanguage":"es","potentialAction":[{"@type":"ReadAction","target":["https:\/\/teterete.com\/mx\/producto\/anfora-pintada-a-mano\/"]}]},{"@type":"ImageObject","inLanguage":"es","@id":"https:\/\/teterete.com\/mx\/producto\/anfora-pintada-a-mano\/#primaryimage","url":"https:\/\/teterete.com\/mx\/wp-content\/uploads\/2025\/06\/licorera-artesanal.jpg","contentUrl":"https:\/\/teterete.com\/mx\/wp-content\/uploads\/2025\/06\/licorera-artesanal.jpg","width":1024,"height":1024,"caption":"Licorera Artesanal"},{"@type":"BreadcrumbList","@id":"https:\/\/teterete.com\/mx\/producto\/anfora-pintada-a-mano\/#breadcrumb","itemListElement":[{"@type":"ListItem","position":1,"name":"Home","item":"https:\/\/teterete.com\/mx\/"},{"@type":"ListItem","position":2,"name":"Productos","item":"https:\/\/teterete.com\/mx\/shop\/"},{"@type":"ListItem","position":3,"name":"\u00c1nfora de Barro con Historia"}]},{"@type":"WebSite","@id":"https:\/\/teterete.com\/mx\/#website","url":"https:\/\/teterete.com\/mx\/","name":"","description":"Tienda en L\u00ednea de Fina Artesanias y Dise\u00f1o Mexicano. Bellas piezas elaboradas a mano por los mejores artesanos del pa\u00eds as\u00ed como piezas de dise\u00f1o y decoraci\u00f3n con inspiraci\u00f3n artesanal.","potentialAction":[{"@type":"SearchAction","target":{"@type":"EntryPoint","urlTemplate":"https:\/\/teterete.com\/mx\/?s={search_term_string}"},"query-input":{"@type":"PropertyValueSpecification","valueRequired":true,"valueName":"search_term_string"}}],"inLanguage":"es"}]}},"_links":{"self":[{"href":"https:\/\/teterete.com\/mx\/wp-json\/wp\/v2\/product\/12501","targetHints":{"allow":["GET"]}}],"collection":[{"href":"https:\/\/teterete.com\/mx\/wp-json\/wp\/v2\/product"}],"about":[{"href":"https:\/\/teterete.com\/mx\/wp-json\/wp\/v2\/types\/product"}],"replies":[{"embeddable":true,"href":"https:\/\/teterete.com\/mx\/wp-json\/wp\/v2\/comments?post=12501"}],"wp:featuredmedia":[{"embeddable":true,"href":"https:\/\/teterete.com\/mx\/wp-json\/wp\/v2\/media\/12801"}],"wp:attachment":[{"href":"https:\/\/teterete.com\/mx\/wp-json\/wp\/v2\/media?parent=12501"}],"wp:term":[{"taxonomy":"product_brand","embeddable":true,"href":"https:\/\/teterete.com\/mx\/wp-json\/wp\/v2\/product_brand?post=12501"},{"taxonomy":"product_cat","embeddable":true,"href":"https:\/\/teterete.com\/mx\/wp-json\/wp\/v2\/product_cat?post=12501"},{"taxonomy":"product_tag","embeddable":true,"href":"https:\/\/teterete.com\/mx\/wp-json\/wp\/v2\/product_tag?post=12501"}],"curies":[{"name":"wp","href":"https:\/\/api.w.org\/{rel}","templated":true}]}}