{"id":12517,"date":"2025-06-19T01:14:47","date_gmt":"2025-06-19T01:14:47","guid":{"rendered":"https:\/\/teterete.com\/mx\/?post_type=product&#038;p=12517"},"modified":"2026-03-24T22:10:56","modified_gmt":"2026-03-24T22:10:56","slug":"jarron-barro-negro","status":"publish","type":"product","link":"https:\/\/teterete.com\/mx\/producto\/jarron-barro-negro\/","title":{"rendered":"Jarr\u00f3n de Barro Negro \u2013 Elegancia artesanal de Oaxaca"},"content":{"rendered":"<p class=\"p1\"><b>Caracter\u00edsticas:<\/b><b><\/b><\/p>\n<ul>\n<li>\n<p class=\"p1\">Elaborado a mano en Oaxaca con barro negro<\/p>\n<\/li>\n<li>\n<p class=\"p1\">Pulido fino que aporta brillo natural<\/p>\n<\/li>\n<li>\n<p class=\"p1\">Dise\u00f1o sobrio, elegante y escult\u00f3rico<\/p>\n<\/li>\n<li>\n<p class=\"p1\">Pieza decorativa para interiores con car\u00e1cter<\/p>\n<\/li>\n<\/ul>\n<p>Medidas: 35 cms de alto x 27 de largo y 20 de ancho<\/p>\n","protected":false},"excerpt":{"rendered":"<p>Sutil, sobrio y absolutamente cautivador. Este jarr\u00f3n de barro negro es una obra maestra del dise\u00f1o artesanal oaxaque\u00f1o. Modelado a mano con t\u00e9cnicas ancestrales y terminado con un pulido fino que le otorga su brillo caracter\u00edstico sin esmaltes, esta pieza habla de equilibrio entre forma, tradici\u00f3n y modernidad.<\/p>\n<p>Cada jarr\u00f3n se elabora en San Bartolo Coyotepec, cuna del barro negro, donde el fuego, el humo y la tierra se transforman en piezas escult\u00f3ricas de gran presencia visual. Su dise\u00f1o atemporal lo convierte en un objeto decorativo perfecto para interiores contempor\u00e1neos, minimalistas o ecl\u00e9cticos que buscan autenticidad con sofisticaci\u00f3n.<\/p>\n","protected":false},"featured_media":12519,"comment_status":"open","ping_status":"closed","template":"","meta":{"_acf_changed":false,"sfsi_plus_gutenberg_text_before_share":"","sfsi_plus_gutenberg_show_text_before_share":"","sfsi_plus_gutenberg_icon_type":"","sfsi_plus_gutenberg_icon_alignemt":"","sfsi_plus_gutenburg_max_per_row":""},"product_brand":[],"product_cat":[354,15,2646,1842,658,2606],"product_tag":[355,1254,232,2542,2603,2604,1251],"class_list":{"0":"post-12517","1":"product","2":"type-product","3":"status-publish","4":"has-post-thumbnail","6":"product_cat-barro-decorativo","7":"product_cat-ceramica","8":"product_cat-ciber-monday","9":"product_cat-oaxaca","10":"product_cat-rebajas","11":"product_cat-venta-de-verano","12":"product_tag-barro-negro","13":"product_tag-decoracion-artesanal","14":"product_tag-decoracion-mexicana","15":"product_tag-jarron-artesanal","16":"product_tag-jarron-barro-negro","17":"product_tag-jarron-de-oaxaca","18":"product_tag-tienda-artesanal","19":"product_shipping_class-standard","21":"first","22":"instock","23":"sale","24":"taxable","25":"shipping-taxable","26":"purchasable","27":"product-type-simple"},"acf":[],"yoast_head":"<!-- This site is optimized with the Yoast SEO plugin v27.5 - https:\/\/yoast.com\/product\/yoast-seo-wordpress\/ -->\n<title>Jarr\u00f3n de Barro Negro \u2013 Elegancia artesanal de Oaxaca -<\/title>\n<meta name=\"description\" content=\"Jarr\u00f3n de barro negro oaxaque\u00f1o con terminado fino y brillo natural. Elegancia artesanal para espacios contempor\u00e1neos y amantes del dise\u00f1o mexicano aut\u00e9ntico.\" \/>\n<meta name=\"robots\" content=\"index, follow, max-snippet:-1, max-image-preview:large, max-video-preview:-1\" \/>\n<link rel=\"canonical\" href=\"https:\/\/teterete.com\/mx\/producto\/jarron-barro-negro\/\" \/>\n<meta property=\"og:locale\" content=\"es_ES\" \/>\n<meta property=\"og:type\" content=\"article\" \/>\n<meta property=\"og:title\" content=\"Jarr\u00f3n de Barro Negro \u2013 Elegancia artesanal de Oaxaca -\" \/>\n<meta property=\"og:description\" content=\"Jarr\u00f3n de barro negro oaxaque\u00f1o con terminado fino y brillo natural. Elegancia artesanal para espacios contempor\u00e1neos y amantes del dise\u00f1o mexicano aut\u00e9ntico.\" \/>\n<meta property=\"og:url\" content=\"https:\/\/teterete.com\/mx\/producto\/jarron-barro-negro\/\" \/>\n<meta property=\"article:publisher\" content=\"https:\/\/www.facebook.com\/TetereteHome\/\" \/>\n<meta property=\"article:modified_time\" content=\"2026-03-24T22:10:56+00:00\" \/>\n<meta property=\"og:image\" content=\"https:\/\/teterete.com\/mx\/wp-content\/uploads\/2025\/06\/jarron-labrado-a-mano.jpeg\" \/>\n\t<meta property=\"og:image:width\" content=\"1080\" \/>\n\t<meta property=\"og:image:height\" content=\"1080\" \/>\n\t<meta property=\"og:image:type\" content=\"image\/jpeg\" \/>\n<meta name=\"twitter:card\" content=\"summary_large_image\" \/>\n<meta name=\"twitter:site\" content=\"@Teterete_Home\" \/>\n<meta name=\"twitter:label1\" content=\"Tiempo de lectura\" \/>\n\t<meta name=\"twitter:data1\" content=\"1 minuto\" \/>\n<script type=\"application\/ld+json\" class=\"yoast-schema-graph\">{\"@context\":\"https:\\\/\\\/schema.org\",\"@graph\":[{\"@type\":\"WebPage\",\"@id\":\"https:\\\/\\\/teterete.com\\\/mx\\\/producto\\\/jarron-barro-negro\\\/\",\"url\":\"https:\\\/\\\/teterete.com\\\/mx\\\/producto\\\/jarron-barro-negro\\\/\",\"name\":\"Jarr\u00f3n de Barro Negro \u2013 Elegancia artesanal de Oaxaca -\",\"isPartOf\":{\"@id\":\"https:\\\/\\\/teterete.com\\\/mx\\\/#website\"},\"primaryImageOfPage\":{\"@id\":\"https:\\\/\\\/teterete.com\\\/mx\\\/producto\\\/jarron-barro-negro\\\/#primaryimage\"},\"image\":{\"@id\":\"https:\\\/\\\/teterete.com\\\/mx\\\/producto\\\/jarron-barro-negro\\\/#primaryimage\"},\"thumbnailUrl\":\"https:\\\/\\\/teterete.com\\\/mx\\\/wp-content\\\/uploads\\\/2025\\\/06\\\/jarron-labrado-a-mano.jpeg\",\"datePublished\":\"2025-06-19T01:14:47+00:00\",\"dateModified\":\"2026-03-24T22:10:56+00:00\",\"description\":\"Jarr\u00f3n de barro negro oaxaque\u00f1o con terminado fino y brillo natural. Elegancia artesanal para espacios contempor\u00e1neos y amantes del dise\u00f1o mexicano aut\u00e9ntico.\",\"breadcrumb\":{\"@id\":\"https:\\\/\\\/teterete.com\\\/mx\\\/producto\\\/jarron-barro-negro\\\/#breadcrumb\"},\"inLanguage\":\"es\",\"potentialAction\":[{\"@type\":\"ReadAction\",\"target\":[\"https:\\\/\\\/teterete.com\\\/mx\\\/producto\\\/jarron-barro-negro\\\/\"]}]},{\"@type\":\"ImageObject\",\"inLanguage\":\"es\",\"@id\":\"https:\\\/\\\/teterete.com\\\/mx\\\/producto\\\/jarron-barro-negro\\\/#primaryimage\",\"url\":\"https:\\\/\\\/teterete.com\\\/mx\\\/wp-content\\\/uploads\\\/2025\\\/06\\\/jarron-labrado-a-mano.jpeg\",\"contentUrl\":\"https:\\\/\\\/teterete.com\\\/mx\\\/wp-content\\\/uploads\\\/2025\\\/06\\\/jarron-labrado-a-mano.jpeg\",\"width\":1080,\"height\":1080,\"caption\":\"Jarr\u00f3n Labrado a Mano\"},{\"@type\":\"BreadcrumbList\",\"@id\":\"https:\\\/\\\/teterete.com\\\/mx\\\/producto\\\/jarron-barro-negro\\\/#breadcrumb\",\"itemListElement\":[{\"@type\":\"ListItem\",\"position\":1,\"name\":\"Home\",\"item\":\"https:\\\/\\\/teterete.com\\\/mx\\\/\"},{\"@type\":\"ListItem\",\"position\":2,\"name\":\"Productos\",\"item\":\"https:\\\/\\\/teterete.com\\\/mx\\\/shop\\\/\"},{\"@type\":\"ListItem\",\"position\":3,\"name\":\"Jarr\u00f3n de Barro Negro \u2013 Elegancia artesanal de Oaxaca\"}]},{\"@type\":\"WebSite\",\"@id\":\"https:\\\/\\\/teterete.com\\\/mx\\\/#website\",\"url\":\"https:\\\/\\\/teterete.com\\\/mx\\\/\",\"name\":\"\",\"description\":\"Tienda en L\u00ednea de Fina Artesanias y Dise\u00f1o Mexicano. Bellas piezas elaboradas a mano por los mejores artesanos del pa\u00eds as\u00ed como piezas de dise\u00f1o y decoraci\u00f3n con inspiraci\u00f3n artesanal.\",\"potentialAction\":[{\"@type\":\"SearchAction\",\"target\":{\"@type\":\"EntryPoint\",\"urlTemplate\":\"https:\\\/\\\/teterete.com\\\/mx\\\/?s={search_term_string}\"},\"query-input\":{\"@type\":\"PropertyValueSpecification\",\"valueRequired\":true,\"valueName\":\"search_term_string\"}}],\"inLanguage\":\"es\"}]}<\/script>\n<!-- \/ Yoast SEO plugin. -->","yoast_head_json":{"title":"Jarr\u00f3n de Barro Negro \u2013 Elegancia artesanal de Oaxaca -","description":"Jarr\u00f3n de barro negro oaxaque\u00f1o con terminado fino y brillo natural. Elegancia artesanal para espacios contempor\u00e1neos y amantes del dise\u00f1o mexicano aut\u00e9ntico.","robots":{"index":"index","follow":"follow","max-snippet":"max-snippet:-1","max-image-preview":"max-image-preview:large","max-video-preview":"max-video-preview:-1"},"canonical":"https:\/\/teterete.com\/mx\/producto\/jarron-barro-negro\/","og_locale":"es_ES","og_type":"article","og_title":"Jarr\u00f3n de Barro Negro \u2013 Elegancia artesanal de Oaxaca -","og_description":"Jarr\u00f3n de barro negro oaxaque\u00f1o con terminado fino y brillo natural. Elegancia artesanal para espacios contempor\u00e1neos y amantes del dise\u00f1o mexicano aut\u00e9ntico.","og_url":"https:\/\/teterete.com\/mx\/producto\/jarron-barro-negro\/","article_publisher":"https:\/\/www.facebook.com\/TetereteHome\/","article_modified_time":"2026-03-24T22:10:56+00:00","og_image":[{"width":1080,"height":1080,"url":"https:\/\/teterete.com\/mx\/wp-content\/uploads\/2025\/06\/jarron-labrado-a-mano.jpeg","type":"image\/jpeg"}],"twitter_card":"summary_large_image","twitter_site":"@Teterete_Home","twitter_misc":{"Tiempo de lectura":"1 minuto"},"schema":{"@context":"https:\/\/schema.org","@graph":[{"@type":"WebPage","@id":"https:\/\/teterete.com\/mx\/producto\/jarron-barro-negro\/","url":"https:\/\/teterete.com\/mx\/producto\/jarron-barro-negro\/","name":"Jarr\u00f3n de Barro Negro \u2013 Elegancia artesanal de Oaxaca -","isPartOf":{"@id":"https:\/\/teterete.com\/mx\/#website"},"primaryImageOfPage":{"@id":"https:\/\/teterete.com\/mx\/producto\/jarron-barro-negro\/#primaryimage"},"image":{"@id":"https:\/\/teterete.com\/mx\/producto\/jarron-barro-negro\/#primaryimage"},"thumbnailUrl":"https:\/\/teterete.com\/mx\/wp-content\/uploads\/2025\/06\/jarron-labrado-a-mano.jpeg","datePublished":"2025-06-19T01:14:47+00:00","dateModified":"2026-03-24T22:10:56+00:00","description":"Jarr\u00f3n de barro negro oaxaque\u00f1o con terminado fino y brillo natural. Elegancia artesanal para espacios contempor\u00e1neos y amantes del dise\u00f1o mexicano aut\u00e9ntico.","breadcrumb":{"@id":"https:\/\/teterete.com\/mx\/producto\/jarron-barro-negro\/#breadcrumb"},"inLanguage":"es","potentialAction":[{"@type":"ReadAction","target":["https:\/\/teterete.com\/mx\/producto\/jarron-barro-negro\/"]}]},{"@type":"ImageObject","inLanguage":"es","@id":"https:\/\/teterete.com\/mx\/producto\/jarron-barro-negro\/#primaryimage","url":"https:\/\/teterete.com\/mx\/wp-content\/uploads\/2025\/06\/jarron-labrado-a-mano.jpeg","contentUrl":"https:\/\/teterete.com\/mx\/wp-content\/uploads\/2025\/06\/jarron-labrado-a-mano.jpeg","width":1080,"height":1080,"caption":"Jarr\u00f3n Labrado a Mano"},{"@type":"BreadcrumbList","@id":"https:\/\/teterete.com\/mx\/producto\/jarron-barro-negro\/#breadcrumb","itemListElement":[{"@type":"ListItem","position":1,"name":"Home","item":"https:\/\/teterete.com\/mx\/"},{"@type":"ListItem","position":2,"name":"Productos","item":"https:\/\/teterete.com\/mx\/shop\/"},{"@type":"ListItem","position":3,"name":"Jarr\u00f3n de Barro Negro \u2013 Elegancia artesanal de Oaxaca"}]},{"@type":"WebSite","@id":"https:\/\/teterete.com\/mx\/#website","url":"https:\/\/teterete.com\/mx\/","name":"","description":"Tienda en L\u00ednea de Fina Artesanias y Dise\u00f1o Mexicano. Bellas piezas elaboradas a mano por los mejores artesanos del pa\u00eds as\u00ed como piezas de dise\u00f1o y decoraci\u00f3n con inspiraci\u00f3n artesanal.","potentialAction":[{"@type":"SearchAction","target":{"@type":"EntryPoint","urlTemplate":"https:\/\/teterete.com\/mx\/?s={search_term_string}"},"query-input":{"@type":"PropertyValueSpecification","valueRequired":true,"valueName":"search_term_string"}}],"inLanguage":"es"}]}},"_links":{"self":[{"href":"https:\/\/teterete.com\/mx\/wp-json\/wp\/v2\/product\/12517","targetHints":{"allow":["GET"]}}],"collection":[{"href":"https:\/\/teterete.com\/mx\/wp-json\/wp\/v2\/product"}],"about":[{"href":"https:\/\/teterete.com\/mx\/wp-json\/wp\/v2\/types\/product"}],"replies":[{"embeddable":true,"href":"https:\/\/teterete.com\/mx\/wp-json\/wp\/v2\/comments?post=12517"}],"wp:featuredmedia":[{"embeddable":true,"href":"https:\/\/teterete.com\/mx\/wp-json\/wp\/v2\/media\/12519"}],"wp:attachment":[{"href":"https:\/\/teterete.com\/mx\/wp-json\/wp\/v2\/media?parent=12517"}],"wp:term":[{"taxonomy":"product_brand","embeddable":true,"href":"https:\/\/teterete.com\/mx\/wp-json\/wp\/v2\/product_brand?post=12517"},{"taxonomy":"product_cat","embeddable":true,"href":"https:\/\/teterete.com\/mx\/wp-json\/wp\/v2\/product_cat?post=12517"},{"taxonomy":"product_tag","embeddable":true,"href":"https:\/\/teterete.com\/mx\/wp-json\/wp\/v2\/product_tag?post=12517"}],"curies":[{"name":"wp","href":"https:\/\/api.w.org\/{rel}","templated":true}]}}