{"id":12591,"date":"2025-10-19T20:08:21","date_gmt":"2025-10-19T20:08:21","guid":{"rendered":"https:\/\/teterete.com\/mx\/?post_type=product&#038;p=12591"},"modified":"2026-03-24T22:10:55","modified_gmt":"2026-03-24T22:10:55","slug":"set-de-vasos-y-jarra","status":"publish","type":"product","link":"https:\/\/teterete.com\/mx\/producto\/set-de-vasos-y-jarra\/","title":{"rendered":"Jarra de Vidrio Soplado y Set de 4 Vasos"},"content":{"rendered":"<p>La jarra fue elaborada en Oaxaca con t\u00e9cnica de vidrio soplado y un proceso sustentable ya que el vidrio es reciclado.<\/p>\n<p>1 Jarra con capacidad de 750 ml.<\/p>\n<p>4 vasos (varios colores)<\/p>\n<p>***Se pueden ordenar sobre pedido para mas piezas y colores.<\/p>\n","protected":false},"excerpt":{"rendered":"<p>Juego de Jarra y vasos que son 95% vidrio reciclado y horneado a 1300\u00baC \u00a0para reutilizarlo con t\u00e9cnicas de vidrio soplado dando como resultado estas piezas con dise\u00f1o \u00fanico.<\/p>\n<p>&nbsp;<\/p>\n","protected":false},"featured_media":12593,"comment_status":"open","ping_status":"closed","template":"","meta":{"_acf_changed":false,"sfsi_plus_gutenberg_text_before_share":"","sfsi_plus_gutenberg_show_text_before_share":"","sfsi_plus_gutenberg_icon_type":"","sfsi_plus_gutenberg_icon_alignemt":"","sfsi_plus_gutenburg_max_per_row":""},"product_brand":[],"product_cat":[1882,2646,1584,1842,538,658,346,682],"product_tag":[720,718,2196,2195,717],"class_list":{"0":"post-12591","1":"product","2":"type-product","3":"status-publish","4":"has-post-thumbnail","6":"product_cat-bar","7":"product_cat-ciber-monday","8":"product_cat-mesa-mexicana","9":"product_cat-oaxaca","10":"product_cat-para_el","11":"product_cat-rebajas","12":"product_cat-servicio-de-mesa","13":"product_cat-terraza","14":"product_tag-jarra-de-vidrio-artesanal","15":"product_tag-juego-de-jarra-y-vasos","16":"product_tag-set-de-jarra-y-vasos-mexicanos","17":"product_tag-vasos-de-vidrio-soplado","18":"product_tag-vidrio-soplado","19":"product_shipping_class-big-size","21":"first","22":"instock","23":"sale","24":"taxable","25":"shipping-taxable","26":"purchasable","27":"product-type-simple"},"acf":[],"yoast_head":"<!-- This site is optimized with the Yoast SEO plugin v27.5 - https:\/\/yoast.com\/product\/yoast-seo-wordpress\/ -->\n<title>Jarra de Vidrio Soplado y Set de 4 Vasos -<\/title>\n<meta name=\"description\" content=\"Set de vasos naranja de vidrio soplado y jarra transparente artesanal\" \/>\n<meta name=\"robots\" content=\"index, follow, max-snippet:-1, max-image-preview:large, max-video-preview:-1\" \/>\n<link rel=\"canonical\" href=\"https:\/\/teterete.com\/mx\/producto\/set-de-vasos-y-jarra\/\" \/>\n<meta property=\"og:locale\" content=\"es_ES\" \/>\n<meta property=\"og:type\" content=\"article\" \/>\n<meta property=\"og:title\" content=\"Jarra de Vidrio Soplado y Set de 4 Vasos -\" \/>\n<meta property=\"og:description\" content=\"Set de vasos naranja de vidrio soplado y jarra transparente artesanal\" \/>\n<meta property=\"og:url\" content=\"https:\/\/teterete.com\/mx\/producto\/set-de-vasos-y-jarra\/\" \/>\n<meta property=\"article:publisher\" content=\"https:\/\/www.facebook.com\/TetereteHome\/\" \/>\n<meta property=\"article:modified_time\" content=\"2026-03-24T22:10:55+00:00\" \/>\n<meta property=\"og:image\" content=\"https:\/\/teterete.com\/mx\/wp-content\/uploads\/2025\/10\/vaso-naranja-vidrio-soplado.jpg\" \/>\n\t<meta property=\"og:image:width\" content=\"1024\" \/>\n\t<meta property=\"og:image:height\" content=\"1024\" \/>\n\t<meta property=\"og:image:type\" content=\"image\/jpeg\" \/>\n<meta name=\"twitter:card\" content=\"summary_large_image\" \/>\n<meta name=\"twitter:site\" content=\"@Teterete_Home\" \/>\n<meta name=\"twitter:label1\" content=\"Tiempo de lectura\" \/>\n\t<meta name=\"twitter:data1\" content=\"1 minuto\" \/>\n<script type=\"application\/ld+json\" class=\"yoast-schema-graph\">{\"@context\":\"https:\\\/\\\/schema.org\",\"@graph\":[{\"@type\":\"WebPage\",\"@id\":\"https:\\\/\\\/teterete.com\\\/mx\\\/producto\\\/set-de-vasos-y-jarra\\\/\",\"url\":\"https:\\\/\\\/teterete.com\\\/mx\\\/producto\\\/set-de-vasos-y-jarra\\\/\",\"name\":\"Jarra de Vidrio Soplado y Set de 4 Vasos -\",\"isPartOf\":{\"@id\":\"https:\\\/\\\/teterete.com\\\/mx\\\/#website\"},\"primaryImageOfPage\":{\"@id\":\"https:\\\/\\\/teterete.com\\\/mx\\\/producto\\\/set-de-vasos-y-jarra\\\/#primaryimage\"},\"image\":{\"@id\":\"https:\\\/\\\/teterete.com\\\/mx\\\/producto\\\/set-de-vasos-y-jarra\\\/#primaryimage\"},\"thumbnailUrl\":\"https:\\\/\\\/teterete.com\\\/mx\\\/wp-content\\\/uploads\\\/2025\\\/10\\\/vaso-naranja-vidrio-soplado.jpg\",\"datePublished\":\"2025-10-19T20:08:21+00:00\",\"dateModified\":\"2026-03-24T22:10:55+00:00\",\"description\":\"Set de vasos naranja de vidrio soplado y jarra transparente artesanal\",\"breadcrumb\":{\"@id\":\"https:\\\/\\\/teterete.com\\\/mx\\\/producto\\\/set-de-vasos-y-jarra\\\/#breadcrumb\"},\"inLanguage\":\"es\",\"potentialAction\":[{\"@type\":\"ReadAction\",\"target\":[\"https:\\\/\\\/teterete.com\\\/mx\\\/producto\\\/set-de-vasos-y-jarra\\\/\"]}]},{\"@type\":\"ImageObject\",\"inLanguage\":\"es\",\"@id\":\"https:\\\/\\\/teterete.com\\\/mx\\\/producto\\\/set-de-vasos-y-jarra\\\/#primaryimage\",\"url\":\"https:\\\/\\\/teterete.com\\\/mx\\\/wp-content\\\/uploads\\\/2025\\\/10\\\/vaso-naranja-vidrio-soplado.jpg\",\"contentUrl\":\"https:\\\/\\\/teterete.com\\\/mx\\\/wp-content\\\/uploads\\\/2025\\\/10\\\/vaso-naranja-vidrio-soplado.jpg\",\"width\":1024,\"height\":1024,\"caption\":\"Set de Jarra y Vasos\"},{\"@type\":\"BreadcrumbList\",\"@id\":\"https:\\\/\\\/teterete.com\\\/mx\\\/producto\\\/set-de-vasos-y-jarra\\\/#breadcrumb\",\"itemListElement\":[{\"@type\":\"ListItem\",\"position\":1,\"name\":\"Home\",\"item\":\"https:\\\/\\\/teterete.com\\\/mx\\\/\"},{\"@type\":\"ListItem\",\"position\":2,\"name\":\"Productos\",\"item\":\"https:\\\/\\\/teterete.com\\\/mx\\\/shop\\\/\"},{\"@type\":\"ListItem\",\"position\":3,\"name\":\"Jarra de Vidrio Soplado y Set de 4 Vasos\"}]},{\"@type\":\"WebSite\",\"@id\":\"https:\\\/\\\/teterete.com\\\/mx\\\/#website\",\"url\":\"https:\\\/\\\/teterete.com\\\/mx\\\/\",\"name\":\"\",\"description\":\"Tienda en L\u00ednea de Fina Artesanias y Dise\u00f1o Mexicano. Bellas piezas elaboradas a mano por los mejores artesanos del pa\u00eds as\u00ed como piezas de dise\u00f1o y decoraci\u00f3n con inspiraci\u00f3n artesanal.\",\"potentialAction\":[{\"@type\":\"SearchAction\",\"target\":{\"@type\":\"EntryPoint\",\"urlTemplate\":\"https:\\\/\\\/teterete.com\\\/mx\\\/?s={search_term_string}\"},\"query-input\":{\"@type\":\"PropertyValueSpecification\",\"valueRequired\":true,\"valueName\":\"search_term_string\"}}],\"inLanguage\":\"es\"}]}<\/script>\n<!-- \/ Yoast SEO plugin. -->","yoast_head_json":{"title":"Jarra de Vidrio Soplado y Set de 4 Vasos -","description":"Set de vasos naranja de vidrio soplado y jarra transparente artesanal","robots":{"index":"index","follow":"follow","max-snippet":"max-snippet:-1","max-image-preview":"max-image-preview:large","max-video-preview":"max-video-preview:-1"},"canonical":"https:\/\/teterete.com\/mx\/producto\/set-de-vasos-y-jarra\/","og_locale":"es_ES","og_type":"article","og_title":"Jarra de Vidrio Soplado y Set de 4 Vasos -","og_description":"Set de vasos naranja de vidrio soplado y jarra transparente artesanal","og_url":"https:\/\/teterete.com\/mx\/producto\/set-de-vasos-y-jarra\/","article_publisher":"https:\/\/www.facebook.com\/TetereteHome\/","article_modified_time":"2026-03-24T22:10:55+00:00","og_image":[{"width":1024,"height":1024,"url":"https:\/\/teterete.com\/mx\/wp-content\/uploads\/2025\/10\/vaso-naranja-vidrio-soplado.jpg","type":"image\/jpeg"}],"twitter_card":"summary_large_image","twitter_site":"@Teterete_Home","twitter_misc":{"Tiempo de lectura":"1 minuto"},"schema":{"@context":"https:\/\/schema.org","@graph":[{"@type":"WebPage","@id":"https:\/\/teterete.com\/mx\/producto\/set-de-vasos-y-jarra\/","url":"https:\/\/teterete.com\/mx\/producto\/set-de-vasos-y-jarra\/","name":"Jarra de Vidrio Soplado y Set de 4 Vasos -","isPartOf":{"@id":"https:\/\/teterete.com\/mx\/#website"},"primaryImageOfPage":{"@id":"https:\/\/teterete.com\/mx\/producto\/set-de-vasos-y-jarra\/#primaryimage"},"image":{"@id":"https:\/\/teterete.com\/mx\/producto\/set-de-vasos-y-jarra\/#primaryimage"},"thumbnailUrl":"https:\/\/teterete.com\/mx\/wp-content\/uploads\/2025\/10\/vaso-naranja-vidrio-soplado.jpg","datePublished":"2025-10-19T20:08:21+00:00","dateModified":"2026-03-24T22:10:55+00:00","description":"Set de vasos naranja de vidrio soplado y jarra transparente artesanal","breadcrumb":{"@id":"https:\/\/teterete.com\/mx\/producto\/set-de-vasos-y-jarra\/#breadcrumb"},"inLanguage":"es","potentialAction":[{"@type":"ReadAction","target":["https:\/\/teterete.com\/mx\/producto\/set-de-vasos-y-jarra\/"]}]},{"@type":"ImageObject","inLanguage":"es","@id":"https:\/\/teterete.com\/mx\/producto\/set-de-vasos-y-jarra\/#primaryimage","url":"https:\/\/teterete.com\/mx\/wp-content\/uploads\/2025\/10\/vaso-naranja-vidrio-soplado.jpg","contentUrl":"https:\/\/teterete.com\/mx\/wp-content\/uploads\/2025\/10\/vaso-naranja-vidrio-soplado.jpg","width":1024,"height":1024,"caption":"Set de Jarra y Vasos"},{"@type":"BreadcrumbList","@id":"https:\/\/teterete.com\/mx\/producto\/set-de-vasos-y-jarra\/#breadcrumb","itemListElement":[{"@type":"ListItem","position":1,"name":"Home","item":"https:\/\/teterete.com\/mx\/"},{"@type":"ListItem","position":2,"name":"Productos","item":"https:\/\/teterete.com\/mx\/shop\/"},{"@type":"ListItem","position":3,"name":"Jarra de Vidrio Soplado y Set de 4 Vasos"}]},{"@type":"WebSite","@id":"https:\/\/teterete.com\/mx\/#website","url":"https:\/\/teterete.com\/mx\/","name":"","description":"Tienda en L\u00ednea de Fina Artesanias y Dise\u00f1o Mexicano. Bellas piezas elaboradas a mano por los mejores artesanos del pa\u00eds as\u00ed como piezas de dise\u00f1o y decoraci\u00f3n con inspiraci\u00f3n artesanal.","potentialAction":[{"@type":"SearchAction","target":{"@type":"EntryPoint","urlTemplate":"https:\/\/teterete.com\/mx\/?s={search_term_string}"},"query-input":{"@type":"PropertyValueSpecification","valueRequired":true,"valueName":"search_term_string"}}],"inLanguage":"es"}]}},"_links":{"self":[{"href":"https:\/\/teterete.com\/mx\/wp-json\/wp\/v2\/product\/12591","targetHints":{"allow":["GET"]}}],"collection":[{"href":"https:\/\/teterete.com\/mx\/wp-json\/wp\/v2\/product"}],"about":[{"href":"https:\/\/teterete.com\/mx\/wp-json\/wp\/v2\/types\/product"}],"replies":[{"embeddable":true,"href":"https:\/\/teterete.com\/mx\/wp-json\/wp\/v2\/comments?post=12591"}],"wp:featuredmedia":[{"embeddable":true,"href":"https:\/\/teterete.com\/mx\/wp-json\/wp\/v2\/media\/12593"}],"wp:attachment":[{"href":"https:\/\/teterete.com\/mx\/wp-json\/wp\/v2\/media?parent=12591"}],"wp:term":[{"taxonomy":"product_brand","embeddable":true,"href":"https:\/\/teterete.com\/mx\/wp-json\/wp\/v2\/product_brand?post=12591"},{"taxonomy":"product_cat","embeddable":true,"href":"https:\/\/teterete.com\/mx\/wp-json\/wp\/v2\/product_cat?post=12591"},{"taxonomy":"product_tag","embeddable":true,"href":"https:\/\/teterete.com\/mx\/wp-json\/wp\/v2\/product_tag?post=12591"}],"curies":[{"name":"wp","href":"https:\/\/api.w.org\/{rel}","templated":true}]}}