{"id":12646,"date":"2025-11-06T16:45:32","date_gmt":"2025-11-06T16:45:32","guid":{"rendered":"https:\/\/teterete.com\/mx\/?post_type=product&#038;p=12646"},"modified":"2025-11-06T16:51:21","modified_gmt":"2025-11-06T16:51:21","slug":"plato-de-talavera-con-dulce-mexicano","status":"publish","type":"product","link":"https:\/\/teterete.com\/mx\/producto\/plato-de-talavera-con-dulce-mexicano\/","title":{"rendered":"Plato de Talavera con Dulce Mexicano"},"content":{"rendered":"<p>El paquete incluye:<\/p>\n<p>Plato de Talavera 25 cms (si requiere otra medida se puede modificar)<\/p>\n<p>400 gr de dulce tradicional mexicano o chocolate premium<\/p>\n<p>Empaque Navide\u00f1o<\/p>\n<p>**Estas piezas son sobre pedido, solicitar informaci\u00f3n para confirmar tiempo de entrega.<\/p>\n","protected":false},"excerpt":{"rendered":"<p>Celebra la riqueza cultural de M\u00e9xico con nuestro exclusivo plato de Talavera, una obra maestra de artesan\u00eda poblana, convertido en el regalo navide\u00f1o ideal. Cada plato, meticulosamente pintado a mano, es una pieza \u00fanica que irradia la tradici\u00f3n y el colorido de nuestro pa\u00eds. Incluye una exquisita selecci\u00f3n de dulces tradicionales poblanos, esta opci\u00f3n de regalo no solo deleita el paladar, sino que tambi\u00e9n ofrece una experiencia aut\u00e9ntica y memorable.<\/p>\n","protected":false},"featured_media":12647,"comment_status":"open","ping_status":"closed","template":"","meta":{"_acf_changed":false,"sfsi_plus_gutenberg_text_before_share":"","sfsi_plus_gutenberg_show_text_before_share":"","sfsi_plus_gutenberg_icon_type":"","sfsi_plus_gutenberg_icon_alignemt":"","sfsi_plus_gutenburg_max_per_row":""},"product_brand":[],"product_cat":[2322],"product_tag":[2617,2619,2618,1010,1002,2329],"class_list":{"0":"post-12646","1":"product","2":"type-product","3":"status-publish","4":"has-post-thumbnail","6":"product_cat-kist-artesanales","7":"product_tag-platon-de-talavera","8":"product_tag-platon-de-talavera-con-chocolates","9":"product_tag-platon-de-talavera-con-dulces","10":"product_tag-regalos-corporativos","11":"product_tag-regalos-mexicanos","12":"product_tag-regalos-navidenos","13":"product_shipping_class-standard","15":"first","16":"onbackorder","17":"taxable","18":"shipping-taxable","19":"purchasable","20":"product-type-simple"},"acf":[],"yoast_head":"<!-- This site is optimized with the Yoast SEO plugin v27.5 - https:\/\/yoast.com\/product\/yoast-seo-wordpress\/ -->\n<title>Plato de Talavera con Dulce Mexicano -<\/title>\n<meta name=\"description\" content=\"Descubre la elegancia artesanal mexicana. Plato talavera con dulces tradicionales, el regalo perfecto que celebra nuestra rica cultura. \u00a1Env\u00edo nacional!\" \/>\n<meta name=\"robots\" content=\"index, follow, max-snippet:-1, max-image-preview:large, max-video-preview:-1\" \/>\n<link rel=\"canonical\" href=\"https:\/\/teterete.com\/mx\/producto\/plato-de-talavera-con-dulce-mexicano\/\" \/>\n<meta property=\"og:locale\" content=\"es_ES\" \/>\n<meta property=\"og:type\" content=\"article\" \/>\n<meta property=\"og:title\" content=\"Plato de Talavera con Dulce Mexicano -\" \/>\n<meta property=\"og:description\" content=\"Descubre la elegancia artesanal mexicana. Plato talavera con dulces tradicionales, el regalo perfecto que celebra nuestra rica cultura. \u00a1Env\u00edo nacional!\" \/>\n<meta property=\"og:url\" content=\"https:\/\/teterete.com\/mx\/producto\/plato-de-talavera-con-dulce-mexicano\/\" \/>\n<meta property=\"article:publisher\" content=\"https:\/\/www.facebook.com\/TetereteHome\/\" \/>\n<meta property=\"article:modified_time\" content=\"2025-11-06T16:51:21+00:00\" \/>\n<meta property=\"og:image\" content=\"https:\/\/teterete.com\/mx\/wp-content\/uploads\/2025\/11\/Plato-Talaver-y-Dulce-Mexicano.jpg\" \/>\n\t<meta property=\"og:image:width\" content=\"1080\" \/>\n\t<meta property=\"og:image:height\" content=\"1080\" \/>\n\t<meta property=\"og:image:type\" content=\"image\/jpeg\" \/>\n<meta name=\"twitter:card\" content=\"summary_large_image\" \/>\n<meta name=\"twitter:site\" content=\"@Teterete_Home\" \/>\n<meta name=\"twitter:label1\" content=\"Tiempo de lectura\" \/>\n\t<meta name=\"twitter:data1\" content=\"1 minuto\" \/>\n<script type=\"application\/ld+json\" class=\"yoast-schema-graph\">{\"@context\":\"https:\\\/\\\/schema.org\",\"@graph\":[{\"@type\":\"WebPage\",\"@id\":\"https:\\\/\\\/teterete.com\\\/mx\\\/producto\\\/plato-de-talavera-con-dulce-mexicano\\\/\",\"url\":\"https:\\\/\\\/teterete.com\\\/mx\\\/producto\\\/plato-de-talavera-con-dulce-mexicano\\\/\",\"name\":\"Plato de Talavera con Dulce Mexicano -\",\"isPartOf\":{\"@id\":\"https:\\\/\\\/teterete.com\\\/mx\\\/#website\"},\"primaryImageOfPage\":{\"@id\":\"https:\\\/\\\/teterete.com\\\/mx\\\/producto\\\/plato-de-talavera-con-dulce-mexicano\\\/#primaryimage\"},\"image\":{\"@id\":\"https:\\\/\\\/teterete.com\\\/mx\\\/producto\\\/plato-de-talavera-con-dulce-mexicano\\\/#primaryimage\"},\"thumbnailUrl\":\"https:\\\/\\\/teterete.com\\\/mx\\\/wp-content\\\/uploads\\\/2025\\\/11\\\/Plato-Talaver-y-Dulce-Mexicano.jpg\",\"datePublished\":\"2025-11-06T16:45:32+00:00\",\"dateModified\":\"2025-11-06T16:51:21+00:00\",\"description\":\"Descubre la elegancia artesanal mexicana. Plato talavera con dulces tradicionales, el regalo perfecto que celebra nuestra rica cultura. \u00a1Env\u00edo nacional!\",\"breadcrumb\":{\"@id\":\"https:\\\/\\\/teterete.com\\\/mx\\\/producto\\\/plato-de-talavera-con-dulce-mexicano\\\/#breadcrumb\"},\"inLanguage\":\"es\",\"potentialAction\":[{\"@type\":\"ReadAction\",\"target\":[\"https:\\\/\\\/teterete.com\\\/mx\\\/producto\\\/plato-de-talavera-con-dulce-mexicano\\\/\"]}]},{\"@type\":\"ImageObject\",\"inLanguage\":\"es\",\"@id\":\"https:\\\/\\\/teterete.com\\\/mx\\\/producto\\\/plato-de-talavera-con-dulce-mexicano\\\/#primaryimage\",\"url\":\"https:\\\/\\\/teterete.com\\\/mx\\\/wp-content\\\/uploads\\\/2025\\\/11\\\/Plato-Talaver-y-Dulce-Mexicano.jpg\",\"contentUrl\":\"https:\\\/\\\/teterete.com\\\/mx\\\/wp-content\\\/uploads\\\/2025\\\/11\\\/Plato-Talaver-y-Dulce-Mexicano.jpg\",\"width\":1080,\"height\":1080,\"caption\":\"Plata Talavera y Dulces Mexicanos\"},{\"@type\":\"BreadcrumbList\",\"@id\":\"https:\\\/\\\/teterete.com\\\/mx\\\/producto\\\/plato-de-talavera-con-dulce-mexicano\\\/#breadcrumb\",\"itemListElement\":[{\"@type\":\"ListItem\",\"position\":1,\"name\":\"Home\",\"item\":\"https:\\\/\\\/teterete.com\\\/mx\\\/\"},{\"@type\":\"ListItem\",\"position\":2,\"name\":\"Productos\",\"item\":\"https:\\\/\\\/teterete.com\\\/mx\\\/shop\\\/\"},{\"@type\":\"ListItem\",\"position\":3,\"name\":\"Plato de Talavera con Dulce Mexicano\"}]},{\"@type\":\"WebSite\",\"@id\":\"https:\\\/\\\/teterete.com\\\/mx\\\/#website\",\"url\":\"https:\\\/\\\/teterete.com\\\/mx\\\/\",\"name\":\"\",\"description\":\"Tienda en L\u00ednea de Fina Artesanias y Dise\u00f1o Mexicano. Bellas piezas elaboradas a mano por los mejores artesanos del pa\u00eds as\u00ed como piezas de dise\u00f1o y decoraci\u00f3n con inspiraci\u00f3n artesanal.\",\"potentialAction\":[{\"@type\":\"SearchAction\",\"target\":{\"@type\":\"EntryPoint\",\"urlTemplate\":\"https:\\\/\\\/teterete.com\\\/mx\\\/?s={search_term_string}\"},\"query-input\":{\"@type\":\"PropertyValueSpecification\",\"valueRequired\":true,\"valueName\":\"search_term_string\"}}],\"inLanguage\":\"es\"}]}<\/script>\n<!-- \/ Yoast SEO plugin. -->","yoast_head_json":{"title":"Plato de Talavera con Dulce Mexicano -","description":"Descubre la elegancia artesanal mexicana. Plato talavera con dulces tradicionales, el regalo perfecto que celebra nuestra rica cultura. \u00a1Env\u00edo nacional!","robots":{"index":"index","follow":"follow","max-snippet":"max-snippet:-1","max-image-preview":"max-image-preview:large","max-video-preview":"max-video-preview:-1"},"canonical":"https:\/\/teterete.com\/mx\/producto\/plato-de-talavera-con-dulce-mexicano\/","og_locale":"es_ES","og_type":"article","og_title":"Plato de Talavera con Dulce Mexicano -","og_description":"Descubre la elegancia artesanal mexicana. Plato talavera con dulces tradicionales, el regalo perfecto que celebra nuestra rica cultura. \u00a1Env\u00edo nacional!","og_url":"https:\/\/teterete.com\/mx\/producto\/plato-de-talavera-con-dulce-mexicano\/","article_publisher":"https:\/\/www.facebook.com\/TetereteHome\/","article_modified_time":"2025-11-06T16:51:21+00:00","og_image":[{"width":1080,"height":1080,"url":"https:\/\/teterete.com\/mx\/wp-content\/uploads\/2025\/11\/Plato-Talaver-y-Dulce-Mexicano.jpg","type":"image\/jpeg"}],"twitter_card":"summary_large_image","twitter_site":"@Teterete_Home","twitter_misc":{"Tiempo de lectura":"1 minuto"},"schema":{"@context":"https:\/\/schema.org","@graph":[{"@type":"WebPage","@id":"https:\/\/teterete.com\/mx\/producto\/plato-de-talavera-con-dulce-mexicano\/","url":"https:\/\/teterete.com\/mx\/producto\/plato-de-talavera-con-dulce-mexicano\/","name":"Plato de Talavera con Dulce Mexicano -","isPartOf":{"@id":"https:\/\/teterete.com\/mx\/#website"},"primaryImageOfPage":{"@id":"https:\/\/teterete.com\/mx\/producto\/plato-de-talavera-con-dulce-mexicano\/#primaryimage"},"image":{"@id":"https:\/\/teterete.com\/mx\/producto\/plato-de-talavera-con-dulce-mexicano\/#primaryimage"},"thumbnailUrl":"https:\/\/teterete.com\/mx\/wp-content\/uploads\/2025\/11\/Plato-Talaver-y-Dulce-Mexicano.jpg","datePublished":"2025-11-06T16:45:32+00:00","dateModified":"2025-11-06T16:51:21+00:00","description":"Descubre la elegancia artesanal mexicana. Plato talavera con dulces tradicionales, el regalo perfecto que celebra nuestra rica cultura. \u00a1Env\u00edo nacional!","breadcrumb":{"@id":"https:\/\/teterete.com\/mx\/producto\/plato-de-talavera-con-dulce-mexicano\/#breadcrumb"},"inLanguage":"es","potentialAction":[{"@type":"ReadAction","target":["https:\/\/teterete.com\/mx\/producto\/plato-de-talavera-con-dulce-mexicano\/"]}]},{"@type":"ImageObject","inLanguage":"es","@id":"https:\/\/teterete.com\/mx\/producto\/plato-de-talavera-con-dulce-mexicano\/#primaryimage","url":"https:\/\/teterete.com\/mx\/wp-content\/uploads\/2025\/11\/Plato-Talaver-y-Dulce-Mexicano.jpg","contentUrl":"https:\/\/teterete.com\/mx\/wp-content\/uploads\/2025\/11\/Plato-Talaver-y-Dulce-Mexicano.jpg","width":1080,"height":1080,"caption":"Plata Talavera y Dulces Mexicanos"},{"@type":"BreadcrumbList","@id":"https:\/\/teterete.com\/mx\/producto\/plato-de-talavera-con-dulce-mexicano\/#breadcrumb","itemListElement":[{"@type":"ListItem","position":1,"name":"Home","item":"https:\/\/teterete.com\/mx\/"},{"@type":"ListItem","position":2,"name":"Productos","item":"https:\/\/teterete.com\/mx\/shop\/"},{"@type":"ListItem","position":3,"name":"Plato de Talavera con Dulce Mexicano"}]},{"@type":"WebSite","@id":"https:\/\/teterete.com\/mx\/#website","url":"https:\/\/teterete.com\/mx\/","name":"","description":"Tienda en L\u00ednea de Fina Artesanias y Dise\u00f1o Mexicano. Bellas piezas elaboradas a mano por los mejores artesanos del pa\u00eds as\u00ed como piezas de dise\u00f1o y decoraci\u00f3n con inspiraci\u00f3n artesanal.","potentialAction":[{"@type":"SearchAction","target":{"@type":"EntryPoint","urlTemplate":"https:\/\/teterete.com\/mx\/?s={search_term_string}"},"query-input":{"@type":"PropertyValueSpecification","valueRequired":true,"valueName":"search_term_string"}}],"inLanguage":"es"}]}},"_links":{"self":[{"href":"https:\/\/teterete.com\/mx\/wp-json\/wp\/v2\/product\/12646","targetHints":{"allow":["GET"]}}],"collection":[{"href":"https:\/\/teterete.com\/mx\/wp-json\/wp\/v2\/product"}],"about":[{"href":"https:\/\/teterete.com\/mx\/wp-json\/wp\/v2\/types\/product"}],"replies":[{"embeddable":true,"href":"https:\/\/teterete.com\/mx\/wp-json\/wp\/v2\/comments?post=12646"}],"wp:featuredmedia":[{"embeddable":true,"href":"https:\/\/teterete.com\/mx\/wp-json\/wp\/v2\/media\/12647"}],"wp:attachment":[{"href":"https:\/\/teterete.com\/mx\/wp-json\/wp\/v2\/media?parent=12646"}],"wp:term":[{"taxonomy":"product_brand","embeddable":true,"href":"https:\/\/teterete.com\/mx\/wp-json\/wp\/v2\/product_brand?post=12646"},{"taxonomy":"product_cat","embeddable":true,"href":"https:\/\/teterete.com\/mx\/wp-json\/wp\/v2\/product_cat?post=12646"},{"taxonomy":"product_tag","embeddable":true,"href":"https:\/\/teterete.com\/mx\/wp-json\/wp\/v2\/product_tag?post=12646"}],"curies":[{"name":"wp","href":"https:\/\/api.w.org\/{rel}","templated":true}]}}