{"id":12653,"date":"2025-11-06T17:01:55","date_gmt":"2025-11-06T17:01:55","guid":{"rendered":"https:\/\/teterete.com\/mx\/?post_type=product&#038;p=12653"},"modified":"2025-11-06T17:14:03","modified_gmt":"2025-11-06T17:14:03","slug":"platon-de-barro-capulineado","status":"publish","type":"product","link":"https:\/\/teterete.com\/mx\/producto\/platon-de-barro-capulineado\/","title":{"rendered":"Plat\u00f3n de Barro Capulineado"},"content":{"rendered":"<p>El paquete incluye:<\/p>\n<p>Plat\u00f3n de Barro pintando a mano 41 cms (si requiere otra medida se puede modificar)<\/p>\n<p>Empaque Navide\u00f1o<\/p>\n<p>**Estas piezas son sobre pedido, solicitar informaci\u00f3n para confirmar tiempo de entrega.<\/p>\n","protected":false},"excerpt":{"rendered":"<p>Celebra la riqueza cultural de M\u00e9xico con nuestro exclusivo plato de Talavera, una obra maestra de artesan\u00eda poblana, convertido en el regalo navide\u00f1o ideal. Cada plato, meticulosamente pintado a mano, es una pieza \u00fanica que irradia la tradici\u00f3n y el colorido de nuestro pa\u00eds. Incluye una exquisita selecci\u00f3n de dulces tradicionales poblanos, esta opci\u00f3n de regalo no solo deleita el paladar, sino que tambi\u00e9n ofrece una experiencia aut\u00e9ntica y memorable.<\/p>\n","protected":false},"featured_media":12655,"comment_status":"open","ping_status":"closed","template":"","meta":{"_acf_changed":false,"sfsi_plus_gutenberg_text_before_share":"","sfsi_plus_gutenberg_show_text_before_share":"","sfsi_plus_gutenberg_icon_type":"","sfsi_plus_gutenberg_icon_alignemt":"","sfsi_plus_gutenburg_max_per_row":""},"product_brand":[],"product_cat":[2322],"product_tag":[2622,2620,2621,1010,1002],"class_list":{"0":"post-12653","1":"product","2":"type-product","3":"status-publish","4":"has-post-thumbnail","6":"product_cat-kist-artesanales","7":"product_tag-platon-artesanal","8":"product_tag-platon-olinala","9":"product_tag-regalo-navideno","10":"product_tag-regalos-corporativos","11":"product_tag-regalos-mexicanos","12":"product_shipping_class-standard","14":"first","15":"onbackorder","16":"taxable","17":"shipping-taxable","18":"purchasable","19":"product-type-simple"},"acf":[],"yoast_head":"<!-- This site is optimized with the Yoast SEO plugin v27.5 - https:\/\/yoast.com\/product\/yoast-seo-wordpress\/ -->\n<title>Plat\u00f3n de Barro Capulineado -<\/title>\n<meta name=\"description\" content=\"Descubre la elegancia artesanal mexicana. Plato de Olinal\u00e1, el regalo perfecto que celebra nuestra rica cultura. \u00a1Env\u00edo nacional!\" \/>\n<meta name=\"robots\" content=\"index, follow, max-snippet:-1, max-image-preview:large, max-video-preview:-1\" \/>\n<link rel=\"canonical\" href=\"https:\/\/teterete.com\/mx\/producto\/platon-de-barro-capulineado\/\" \/>\n<meta property=\"og:locale\" content=\"es_ES\" \/>\n<meta property=\"og:type\" content=\"article\" \/>\n<meta property=\"og:title\" content=\"Plat\u00f3n de Barro Capulineado -\" \/>\n<meta property=\"og:description\" content=\"Descubre la elegancia artesanal mexicana. Plato de Olinal\u00e1, el regalo perfecto que celebra nuestra rica cultura. \u00a1Env\u00edo nacional!\" \/>\n<meta property=\"og:url\" content=\"https:\/\/teterete.com\/mx\/producto\/platon-de-barro-capulineado\/\" \/>\n<meta property=\"article:publisher\" content=\"https:\/\/www.facebook.com\/TetereteHome\/\" \/>\n<meta property=\"article:modified_time\" content=\"2025-11-06T17:14:03+00:00\" \/>\n<meta property=\"og:image\" content=\"https:\/\/teterete.com\/mx\/wp-content\/uploads\/2025\/11\/platon-de-barro-navideno.jpg\" \/>\n\t<meta property=\"og:image:width\" content=\"1024\" \/>\n\t<meta property=\"og:image:height\" content=\"1024\" \/>\n\t<meta property=\"og:image:type\" content=\"image\/jpeg\" \/>\n<meta name=\"twitter:card\" content=\"summary_large_image\" \/>\n<meta name=\"twitter:site\" content=\"@Teterete_Home\" \/>\n<meta name=\"twitter:label1\" content=\"Tiempo de lectura\" \/>\n\t<meta name=\"twitter:data1\" content=\"1 minuto\" \/>\n<script type=\"application\/ld+json\" class=\"yoast-schema-graph\">{\"@context\":\"https:\\\/\\\/schema.org\",\"@graph\":[{\"@type\":\"WebPage\",\"@id\":\"https:\\\/\\\/teterete.com\\\/mx\\\/producto\\\/platon-de-barro-capulineado\\\/\",\"url\":\"https:\\\/\\\/teterete.com\\\/mx\\\/producto\\\/platon-de-barro-capulineado\\\/\",\"name\":\"Plat\u00f3n de Barro Capulineado -\",\"isPartOf\":{\"@id\":\"https:\\\/\\\/teterete.com\\\/mx\\\/#website\"},\"primaryImageOfPage\":{\"@id\":\"https:\\\/\\\/teterete.com\\\/mx\\\/producto\\\/platon-de-barro-capulineado\\\/#primaryimage\"},\"image\":{\"@id\":\"https:\\\/\\\/teterete.com\\\/mx\\\/producto\\\/platon-de-barro-capulineado\\\/#primaryimage\"},\"thumbnailUrl\":\"https:\\\/\\\/teterete.com\\\/mx\\\/wp-content\\\/uploads\\\/2025\\\/11\\\/platon-de-barro-navideno.jpg\",\"datePublished\":\"2025-11-06T17:01:55+00:00\",\"dateModified\":\"2025-11-06T17:14:03+00:00\",\"description\":\"Descubre la elegancia artesanal mexicana. Plato de Olinal\u00e1, el regalo perfecto que celebra nuestra rica cultura. \u00a1Env\u00edo nacional!\",\"breadcrumb\":{\"@id\":\"https:\\\/\\\/teterete.com\\\/mx\\\/producto\\\/platon-de-barro-capulineado\\\/#breadcrumb\"},\"inLanguage\":\"es\",\"potentialAction\":[{\"@type\":\"ReadAction\",\"target\":[\"https:\\\/\\\/teterete.com\\\/mx\\\/producto\\\/platon-de-barro-capulineado\\\/\"]}]},{\"@type\":\"ImageObject\",\"inLanguage\":\"es\",\"@id\":\"https:\\\/\\\/teterete.com\\\/mx\\\/producto\\\/platon-de-barro-capulineado\\\/#primaryimage\",\"url\":\"https:\\\/\\\/teterete.com\\\/mx\\\/wp-content\\\/uploads\\\/2025\\\/11\\\/platon-de-barro-navideno.jpg\",\"contentUrl\":\"https:\\\/\\\/teterete.com\\\/mx\\\/wp-content\\\/uploads\\\/2025\\\/11\\\/platon-de-barro-navideno.jpg\",\"width\":1024,\"height\":1024,\"caption\":\"Plat\u00f3n de Barro Navide\u00f1o\"},{\"@type\":\"BreadcrumbList\",\"@id\":\"https:\\\/\\\/teterete.com\\\/mx\\\/producto\\\/platon-de-barro-capulineado\\\/#breadcrumb\",\"itemListElement\":[{\"@type\":\"ListItem\",\"position\":1,\"name\":\"Home\",\"item\":\"https:\\\/\\\/teterete.com\\\/mx\\\/\"},{\"@type\":\"ListItem\",\"position\":2,\"name\":\"Productos\",\"item\":\"https:\\\/\\\/teterete.com\\\/mx\\\/shop\\\/\"},{\"@type\":\"ListItem\",\"position\":3,\"name\":\"Plat\u00f3n de Barro Capulineado\"}]},{\"@type\":\"WebSite\",\"@id\":\"https:\\\/\\\/teterete.com\\\/mx\\\/#website\",\"url\":\"https:\\\/\\\/teterete.com\\\/mx\\\/\",\"name\":\"\",\"description\":\"Tienda en L\u00ednea de Fina Artesanias y Dise\u00f1o Mexicano. Bellas piezas elaboradas a mano por los mejores artesanos del pa\u00eds as\u00ed como piezas de dise\u00f1o y decoraci\u00f3n con inspiraci\u00f3n artesanal.\",\"potentialAction\":[{\"@type\":\"SearchAction\",\"target\":{\"@type\":\"EntryPoint\",\"urlTemplate\":\"https:\\\/\\\/teterete.com\\\/mx\\\/?s={search_term_string}\"},\"query-input\":{\"@type\":\"PropertyValueSpecification\",\"valueRequired\":true,\"valueName\":\"search_term_string\"}}],\"inLanguage\":\"es\"}]}<\/script>\n<!-- \/ Yoast SEO plugin. -->","yoast_head_json":{"title":"Plat\u00f3n de Barro Capulineado -","description":"Descubre la elegancia artesanal mexicana. Plato de Olinal\u00e1, el regalo perfecto que celebra nuestra rica cultura. \u00a1Env\u00edo nacional!","robots":{"index":"index","follow":"follow","max-snippet":"max-snippet:-1","max-image-preview":"max-image-preview:large","max-video-preview":"max-video-preview:-1"},"canonical":"https:\/\/teterete.com\/mx\/producto\/platon-de-barro-capulineado\/","og_locale":"es_ES","og_type":"article","og_title":"Plat\u00f3n de Barro Capulineado -","og_description":"Descubre la elegancia artesanal mexicana. Plato de Olinal\u00e1, el regalo perfecto que celebra nuestra rica cultura. \u00a1Env\u00edo nacional!","og_url":"https:\/\/teterete.com\/mx\/producto\/platon-de-barro-capulineado\/","article_publisher":"https:\/\/www.facebook.com\/TetereteHome\/","article_modified_time":"2025-11-06T17:14:03+00:00","og_image":[{"width":1024,"height":1024,"url":"https:\/\/teterete.com\/mx\/wp-content\/uploads\/2025\/11\/platon-de-barro-navideno.jpg","type":"image\/jpeg"}],"twitter_card":"summary_large_image","twitter_site":"@Teterete_Home","twitter_misc":{"Tiempo de lectura":"1 minuto"},"schema":{"@context":"https:\/\/schema.org","@graph":[{"@type":"WebPage","@id":"https:\/\/teterete.com\/mx\/producto\/platon-de-barro-capulineado\/","url":"https:\/\/teterete.com\/mx\/producto\/platon-de-barro-capulineado\/","name":"Plat\u00f3n de Barro Capulineado -","isPartOf":{"@id":"https:\/\/teterete.com\/mx\/#website"},"primaryImageOfPage":{"@id":"https:\/\/teterete.com\/mx\/producto\/platon-de-barro-capulineado\/#primaryimage"},"image":{"@id":"https:\/\/teterete.com\/mx\/producto\/platon-de-barro-capulineado\/#primaryimage"},"thumbnailUrl":"https:\/\/teterete.com\/mx\/wp-content\/uploads\/2025\/11\/platon-de-barro-navideno.jpg","datePublished":"2025-11-06T17:01:55+00:00","dateModified":"2025-11-06T17:14:03+00:00","description":"Descubre la elegancia artesanal mexicana. Plato de Olinal\u00e1, el regalo perfecto que celebra nuestra rica cultura. \u00a1Env\u00edo nacional!","breadcrumb":{"@id":"https:\/\/teterete.com\/mx\/producto\/platon-de-barro-capulineado\/#breadcrumb"},"inLanguage":"es","potentialAction":[{"@type":"ReadAction","target":["https:\/\/teterete.com\/mx\/producto\/platon-de-barro-capulineado\/"]}]},{"@type":"ImageObject","inLanguage":"es","@id":"https:\/\/teterete.com\/mx\/producto\/platon-de-barro-capulineado\/#primaryimage","url":"https:\/\/teterete.com\/mx\/wp-content\/uploads\/2025\/11\/platon-de-barro-navideno.jpg","contentUrl":"https:\/\/teterete.com\/mx\/wp-content\/uploads\/2025\/11\/platon-de-barro-navideno.jpg","width":1024,"height":1024,"caption":"Plat\u00f3n de Barro Navide\u00f1o"},{"@type":"BreadcrumbList","@id":"https:\/\/teterete.com\/mx\/producto\/platon-de-barro-capulineado\/#breadcrumb","itemListElement":[{"@type":"ListItem","position":1,"name":"Home","item":"https:\/\/teterete.com\/mx\/"},{"@type":"ListItem","position":2,"name":"Productos","item":"https:\/\/teterete.com\/mx\/shop\/"},{"@type":"ListItem","position":3,"name":"Plat\u00f3n de Barro Capulineado"}]},{"@type":"WebSite","@id":"https:\/\/teterete.com\/mx\/#website","url":"https:\/\/teterete.com\/mx\/","name":"","description":"Tienda en L\u00ednea de Fina Artesanias y Dise\u00f1o Mexicano. Bellas piezas elaboradas a mano por los mejores artesanos del pa\u00eds as\u00ed como piezas de dise\u00f1o y decoraci\u00f3n con inspiraci\u00f3n artesanal.","potentialAction":[{"@type":"SearchAction","target":{"@type":"EntryPoint","urlTemplate":"https:\/\/teterete.com\/mx\/?s={search_term_string}"},"query-input":{"@type":"PropertyValueSpecification","valueRequired":true,"valueName":"search_term_string"}}],"inLanguage":"es"}]}},"_links":{"self":[{"href":"https:\/\/teterete.com\/mx\/wp-json\/wp\/v2\/product\/12653","targetHints":{"allow":["GET"]}}],"collection":[{"href":"https:\/\/teterete.com\/mx\/wp-json\/wp\/v2\/product"}],"about":[{"href":"https:\/\/teterete.com\/mx\/wp-json\/wp\/v2\/types\/product"}],"replies":[{"embeddable":true,"href":"https:\/\/teterete.com\/mx\/wp-json\/wp\/v2\/comments?post=12653"}],"wp:featuredmedia":[{"embeddable":true,"href":"https:\/\/teterete.com\/mx\/wp-json\/wp\/v2\/media\/12655"}],"wp:attachment":[{"href":"https:\/\/teterete.com\/mx\/wp-json\/wp\/v2\/media?parent=12653"}],"wp:term":[{"taxonomy":"product_brand","embeddable":true,"href":"https:\/\/teterete.com\/mx\/wp-json\/wp\/v2\/product_brand?post=12653"},{"taxonomy":"product_cat","embeddable":true,"href":"https:\/\/teterete.com\/mx\/wp-json\/wp\/v2\/product_cat?post=12653"},{"taxonomy":"product_tag","embeddable":true,"href":"https:\/\/teterete.com\/mx\/wp-json\/wp\/v2\/product_tag?post=12653"}],"curies":[{"name":"wp","href":"https:\/\/api.w.org\/{rel}","templated":true}]}}